{"id":118,"date":"2014-08-23T10:24:36","date_gmt":"2014-08-23T08:24:36","guid":{"rendered":"http:\/\/www.slclub.hu\/?page_id=118"},"modified":"2016-01-12T16:05:21","modified_gmt":"2016-01-12T15:05:21","slug":"2015-2","status":"publish","type":"page","link":"https:\/\/www.slclub.hu\/?page_id=118","title":{"rendered":"2015"},"content":{"rendered":"<p><strong>2015.01.10.\u00c9rdi Minitali <\/strong><br \/>\n15:00-17:00 Deichmann Parkol\u00f3j\u00e1ban.<br \/>\n<a href=\"http:\/\/www.slclub.hu\/wp-content\/uploads\/2014\/08\/DSC01991-47.jpg\"><img loading=\"lazy\" decoding=\"async\" src=\"http:\/\/www.slclub.hu\/wp-content\/uploads\/2014\/08\/DSC01991-47-150x150.jpg\" alt=\"DSC01991 47\" width=\"150\" height=\"150\" class=\"alignnone size-thumbnail wp-image-241\" \/><\/a><br \/>\n<strong><br \/>\n2015.02.22. Sz\u00fclinapi Tal\u00e1lkoz\u00f3<\/strong><br \/>\n11:00-15:00-ig<br \/>\n<a href=\"http:\/\/www.slclub.hu\/wp-content\/uploads\/2014\/08\/2\u00e9ves-torta2.jpg\"><img loading=\"lazy\" decoding=\"async\" src=\"http:\/\/www.slclub.hu\/wp-content\/uploads\/2014\/08\/2\u00e9ves-torta2-150x150.jpg\" alt=\"2\u00e9ves torta2\" width=\"150\" height=\"150\" class=\"alignnone size-thumbnail wp-image-1125\" \/><\/a><a href=\"http:\/\/www.slclub.hu\/wp-content\/uploads\/2014\/08\/1970_n.jpg\"><img loading=\"lazy\" decoding=\"async\" src=\"http:\/\/www.slclub.hu\/wp-content\/uploads\/2014\/08\/1970_n-150x150.jpg\" alt=\"1970_n\" width=\"150\" height=\"150\" class=\"alignnone size-thumbnail wp-image-1199\" srcset=\"https:\/\/www.slclub.hu\/wp-content\/uploads\/2014\/08\/1970_n-150x150.jpg 150w, https:\/\/www.slclub.hu\/wp-content\/uploads\/2014\/08\/1970_n-300x300.jpg 300w, https:\/\/www.slclub.hu\/wp-content\/uploads\/2014\/08\/1970_n.jpg 917w\" sizes=\"auto, (max-width: 150px) 100vw, 150px\" \/><\/a><a href=\"http:\/\/www.slclub.hu\/wp-content\/uploads\/2014\/08\/10223_o.jpg\"><img loading=\"lazy\" decoding=\"async\" src=\"http:\/\/www.slclub.hu\/wp-content\/uploads\/2014\/08\/10223_o-150x150.jpg\" alt=\"10223_o\" width=\"150\" height=\"150\" class=\"alignnone size-thumbnail wp-image-1200\" \/><\/a><\/p>\n<p>Tal\u00e1lkoz\u00e1s 10:45-11:00 k\u00f6z\u00f6tt az \u00c9rdi Tescon\u00e1l<br \/>\nKorl\u00e1tlan \u00c9telfogyaszt\u00e1s 1250.Ft<br \/>\nTekep\u00e1lya 1.600.- Ft\/\u00f3ra\/p\u00e1lya<br \/>\n<a href=\"http:\/\/www.klubsiraly.hu\/index.php\" target=\"_blank\">www.klubsiraly.hu<\/a><\/p>\n<p><strong>Suzuki Gy\u00e1rl\u00e1togat\u00e1s (65F\u0151) 2015.03.20.<\/strong><br \/>\nAz \u00e9rdekl\u0151d\u0151 csoportok maxim\u00e1lis l\u00e9tsz\u00e1ma 5*13 f\u0151 lehet, e f\u00f6l\u00f6tt k\u00e9t csoportnak tekintj\u00fck a jelentkez\u0151ket. 14 \u00e9ven aluliak a szerel\u0151 \u00fczemet n\u00e9zhetik meg, a t\u00fara id\u0151tartama ebben az esetben 45 perc, 14 \u00e9ven fel\u00fcliek a pr\u00e9s-, hegeszt\u0151- \u00e9s szerel\u0151\u00fczemet j\u00e1rj\u00e1k be, aminek az id\u0151tartama 1,5 \u00f3ra.<br \/>\nA gy\u00e1rl\u00e1togat\u00e1sra \u00e9rkez\u0151knek \u2013 az id\u0151j\u00e1r\u00e1si viszonyokt\u00f3l f\u00fcggetlen\u00fcl \u2013 az al\u00e1bbi \u00f6lt\u00f6zetet kell viselni\u00fck: z\u00e1rt cip\u0151, hossz\u00fanadr\u00e1g, hossz\u00fa ujj\u00fa fels\u0151. A mell\u00e9kelt Bel\u00e9p\u0151lap kit\u00f6lt\u00e9se \u00e9s \u00e9rkez\u00e9skori lead\u00e1sa a szem\u00e9lyport\u00e1n k\u00f6telez\u0151.<\/p>\n<p>A gy\u00e1rl\u00e1togat\u00e1snak d\u00edja nincs.<\/p>\n<p><a href=\"http:\/\/www.slclub.hu\/wp-content\/uploads\/2014\/08\/gy\u00e1r.jpg\"><img loading=\"lazy\" decoding=\"async\" src=\"http:\/\/www.slclub.hu\/wp-content\/uploads\/2014\/08\/gy\u00e1r-150x150.jpg\" alt=\"gy\u00e1r\" width=\"150\" height=\"150\" class=\"alignnone size-thumbnail wp-image-575\" \/><\/a><\/p>\n<p><strong>N\u00e1dasdy kast\u00e9ly &#8211; Sz\u00e9kesfeh\u00e9rv\u00e1ri Minitali 2015.05.16.<\/strong><br \/>\nTal\u00e1lkoz\u00e1s 10:00-kor a Tesc\u00f3n\u00e1l.<\/p>\n<p>T\u00e1rlatvezet\u00e9s 11:00 \u00f3rakor. <\/p>\n<p>a h\u00e9tv\u00e9g\u00e9ken z\u00e1rtk\u00f6r\u0171 rendezv\u00e9nyeknek ad helyet a kast\u00e9ly, ilyenkor a l\u00e1togat\u00e1si id\u0151 m\u00f3dosul. ( ellen\u0151rizze a PROGRAMNAPT\u00c1RT)<br \/>\nA park eg\u00e9sz \u00e9vben ingyen l\u00e1togathat\u00f3.<br \/>\nCsoportokat el\u0151jegyz\u00e9s alapj\u00e1n fogadunk<br \/>\nJEGY\u00c1RAK:<br \/>\nKlubtags\u00e1gival: 500 FT\/ F\u0150<br \/>\nBel\u00e9p\u0151d\u00edj :\u200b 700 FT \/ F\u0150 \u200b\u200b<br \/>\n\u200b\u200bCsoportjegy  :\u200b 600 FT \/ F\u0150<br \/>\nDi\u00e1kjegy ( di\u00e1k igazolv\u00e1ny ) : \u200b500 FT \/ F\u0150<br \/>\nNyugd\u00edjas jegy ( OEP ig) : 500 FT\/ F\u0150<br \/>\nCsal\u00e1di jegy\u00e1r ( min. 2 feln\u0151tt 1 gyerek ) :1600 FT\/ CSAL\u00c1D<br \/>\n<a href=\"http:\/\/nadasdykastely.wix.com\/nadasdladany#!about_us\/c1ztv\" target=\"_blank\">http:\/\/nadasdykastely.wix.com<\/a><br \/>\n<a href=\"http:\/\/www.slclub.hu\/wp-content\/uploads\/2014\/08\/V._N\u00e1dady_kast\u00e9ly_3730._sz\u00e1m\u00fa_m\u0171eml\u00e9k_3.jpg\"><img loading=\"lazy\" decoding=\"async\" src=\"http:\/\/www.slclub.hu\/wp-content\/uploads\/2014\/08\/V._N\u00e1dady_kast\u00e9ly_3730._sz\u00e1m\u00fa_m\u0171eml\u00e9k_3-150x150.jpg\" alt=\"SONY DSC\" width=\"150\" height=\"150\" class=\"alignnone size-thumbnail wp-image-671\" \/><\/a><\/p>\n<p><strong>4. Suzuki T\u00e1bor \u00e9s Tal\u00e1lkoz\u00f3 2015.06.10-14.<\/strong><\/p>\n<p>3 \u00e9jszaka  9.000\/F\u0151+IFA<br \/>\n4 \u00e9jszaka 12.000\/F\u0151+IFA<br \/>\n5 \u00e9jszaka 15.000\/F\u0151+IFA<br \/>\n10% Kezd\u0151 r\u00e9szletet \u00e1prilis 15-ig, a t\u00f6bbit M\u00e1jus 31-ig kell rendezni.<br \/>\n0-3 ingyenes, 3-10 50%, 11-14 25% kedvezm\u00e9ny a gyerekekre.<\/p>\n<p>IDEGENFORGALMI AD\u00d3: 360.-Ft\/f\u0151\/\u00e9j ill. 400.-Ft\/f\u0151\/\u00e9j a 18 \u00e9s 70 \u00e9v k\u00f6z\u00f6tti vend\u00e9gek sz\u00e1m\u00e1ra, szezont\u00f3l f\u00fcgg\u0151en.<br \/>\nK\u00e1rtyaelfogad\u00e1s: SZ\u00c9P k\u00e1rtya OTP, K&#038;H, MKB <\/p>\n<p>Sz\u00e1ll\u00e1s:<br \/>\n<a href=\"http:\/\/www.balatonguest.hu\/index.php?pg=balatonakali-szallas\" target=\"_blank\">balatonakali-ifjusagi-tabor.php<\/a><\/p>\n<p><a href=\"http:\/\/www.slclub.hu\/wp-content\/uploads\/2014\/08\/akali1.jpg\"><img loading=\"lazy\" decoding=\"async\" src=\"http:\/\/www.slclub.hu\/wp-content\/uploads\/2014\/08\/akali1-150x150.jpg\" alt=\"akali1\" width=\"150\" height=\"150\" class=\"alignnone size-thumbnail wp-image-577\" \/><\/a><a href=\"http:\/\/www.slclub.hu\/wp-content\/uploads\/2014\/08\/bl_o1.jpg\"><img loading=\"lazy\" decoding=\"async\" src=\"http:\/\/www.slclub.hu\/wp-content\/uploads\/2014\/08\/bl_o1-150x150.jpg\" alt=\"bl_o1\" width=\"150\" height=\"150\" class=\"alignnone size-thumbnail wp-image-1204\" \/><\/a><a href=\"http:\/\/www.slclub.hu\/wp-content\/uploads\/2014\/08\/bl_o2.jpg\"><img loading=\"lazy\" decoding=\"async\" src=\"http:\/\/www.slclub.hu\/wp-content\/uploads\/2014\/08\/bl_o2-150x150.jpg\" alt=\"bl_o2\" width=\"150\" height=\"150\" class=\"alignnone size-thumbnail wp-image-1205\" \/><\/a><\/p>\n<p><a href=\"http:\/\/www.slclub.hu\/wp-content\/uploads\/2014\/08\/akali3.jpg\"><img loading=\"lazy\" decoding=\"async\" src=\"http:\/\/www.slclub.hu\/wp-content\/uploads\/2014\/08\/akali3-150x150.jpg\" alt=\"akali3\" width=\"150\" height=\"150\" class=\"alignnone size-thumbnail wp-image-579\" \/><\/a><a href=\"http:\/\/www.slclub.hu\/wp-content\/uploads\/2014\/08\/bl_o3.jpg\"><img loading=\"lazy\" decoding=\"async\" src=\"http:\/\/www.slclub.hu\/wp-content\/uploads\/2014\/08\/bl_o3-150x150.jpg\" alt=\"bl_o3\" width=\"150\" height=\"150\" class=\"alignnone size-thumbnail wp-image-1206\" \/><\/a><\/p>\n<p>11.-\u00e9n kir\u00e1ndul\u00e1s:<strong>Kinizsi V\u00e1r Nagyv\u00e1zsony<\/strong><br \/>\n<a href=\"http:\/\/www.kinizsivar.hu\/?page=content&#038;content_id=1\" target=\"_blank\">www.kinizsivar.hu<\/a><br \/>\n<a href=\"http:\/\/www.slclub.hu\/wp-content\/uploads\/2014\/08\/00kinizsi-var1.jpg\"><img loading=\"lazy\" decoding=\"async\" src=\"http:\/\/www.slclub.hu\/wp-content\/uploads\/2014\/08\/00kinizsi-var1-150x150.jpg\" alt=\"00kinizsi-var1\" width=\"150\" height=\"150\" class=\"alignnone size-thumbnail wp-image-581\" \/><\/a><\/p>\n<p>12.-\u00e9n kir\u00e1ndul\u00e1s:<strong>Badacsonyba Szegedy-R\u00f3za h\u00e1zba \u00e9s a F\u00e9szek Boroz\u00f3ba<\/strong><\/p>\n<p><a href=\"http:\/\/www.slclub.hu\/wp-content\/uploads\/2014\/08\/F\u00e9szek2.png\"><img loading=\"lazy\" decoding=\"async\" src=\"http:\/\/www.slclub.hu\/wp-content\/uploads\/2014\/08\/F\u00e9szek2-150x150.png\" alt=\"F\u00e9szek2\" width=\"150\" height=\"150\" class=\"alignnone size-thumbnail wp-image-1521\" \/><\/a><a href=\"http:\/\/www.slclub.hu\/wp-content\/uploads\/2014\/08\/r\u00f3za.jpg\"><img loading=\"lazy\" decoding=\"async\" src=\"http:\/\/www.slclub.hu\/wp-content\/uploads\/2014\/08\/r\u00f3za-150x150.jpg\" alt=\"r\u00f3za\" width=\"150\" height=\"150\" class=\"alignnone size-thumbnail wp-image-1522\" \/><\/a><\/p>\n<p><strong> I. R\u00e1k\u00f3czifalvai Aut\u00f3s Tal\u00e1lkoz\u00f3 2015.08.15.<\/strong><\/p>\n<p>Programok:<\/p>\n<p>10:00 Kapunyit\u00e1s Polg\u00e1rmesteri Megnyit\u00f3 Besz\u00e9d<br \/>\n11:00 Gumi F\u00fcst\u00f6l\u00e9s<br \/>\n(Gege Gerg\u0151 Csala)<br \/>\n12:00 1 perces Hangzavar<br \/>\n(minden egyszerre z\u00fag, b\u00fag ,d\u00fcb\u00f6g, \u00fcv\u00f6lt, s\u00edkit, kiab\u00e1l)<br \/>\n12:10-t\u00f3l Zenei \u00e9s Kipufog\u00f3 Hangnyom\u00e1s m\u00e9r\u00e9s<br \/>\n13:00 Limb\u00f3<br \/>\n14:00 Gumihaj\u00edt\u00e1s<br \/>\n15:00 Felni kitart\u00e1s<br \/>\n16:00 S\u00f6riv\u00f3 verseny<br \/>\n17:00 Rc aut\u00f3 Bemutat\u00f3<br \/>\n18:00 Erdem\u00e9nyh\u00edrdet\u00e9s<br \/>\n19:00 Tombola<br \/>\n21:00 Barhx &#038; TSK Koncert<br \/>\n22:00 Szabadt\u00e9ri Buli Dj Delay<br \/>\n<a href=\"http:\/\/www.slclub.hu\/wp-content\/uploads\/2014\/08\/slc-plak\u00e1t.jpg\"><img loading=\"lazy\" decoding=\"async\" src=\"http:\/\/www.slclub.hu\/wp-content\/uploads\/2014\/08\/slc-plak\u00e1t-212x300.jpg\" alt=\"slc plak\u00e1t\" width=\"212\" height=\"300\" class=\"aligncenter size-medium wp-image-1541\" srcset=\"https:\/\/www.slclub.hu\/wp-content\/uploads\/2014\/08\/slc-plak\u00e1t-212x300.jpg 212w, https:\/\/www.slclub.hu\/wp-content\/uploads\/2014\/08\/slc-plak\u00e1t.jpg 678w\" sizes=\"auto, (max-width: 212px) 100vw, 212px\" \/><\/a><\/p>\n<p><strong>Kisb\u00e9ri Minitali 2015.09.19.<\/strong><\/p>\n<p>17:00  Western Farm Henryx (2858 Cs\u00e1sz\u00e1r, Kossuth Lajos utca 1.)<br \/>\n<a href=\"http:\/\/www.slclub.hu\/wp-content\/uploads\/2014\/08\/henryx.jpg\"><img loading=\"lazy\" decoding=\"async\" src=\"http:\/\/www.slclub.hu\/wp-content\/uploads\/2014\/08\/henryx-300x200.jpg\" alt=\"henryx\" width=\"300\" height=\"200\" class=\"aligncenter size-medium wp-image-1657\" srcset=\"https:\/\/www.slclub.hu\/wp-content\/uploads\/2014\/08\/henryx-300x200.jpg 300w, https:\/\/www.slclub.hu\/wp-content\/uploads\/2014\/08\/henryx-1024x683.jpg 1024w\" sizes=\"auto, (max-width: 300px) 100vw, 300px\" \/><\/a><\/p>\n<p><strong>2015.10.18. Tatab\u00e1nyai Tal\u00e1lkoz\u00f3<\/strong><br \/>\nTal\u00e1lkoz\u00e1s 14:00 kor a Tatab\u00e1nya, Hat\u00e1r utcai Burger parkol\u00f3ban.<\/p>\n<p><strong>5. Suzuki \u00e9s M\u00e1rkaf\u00fcggetlen aut\u00f3s Tal\u00e1lkoz\u00f3 2015.10.24.<\/strong><br \/>\n10:00 Campona parkol\u00f3<br \/>\n<a href=\"http:\/\/www.slclub.hu\/wp-content\/uploads\/2014\/08\/11411844_10205537775737584_35485662784778710_o.jpg\"><img loading=\"lazy\" decoding=\"async\" src=\"http:\/\/www.slclub.hu\/wp-content\/uploads\/2014\/08\/11411844_10205537775737584_35485662784778710_o-300x168.jpg\" alt=\"11411844_10205537775737584_35485662784778710_o\" width=\"300\" height=\"168\" class=\"aligncenter size-medium wp-image-1677\" srcset=\"https:\/\/www.slclub.hu\/wp-content\/uploads\/2014\/08\/11411844_10205537775737584_35485662784778710_o-300x168.jpg 300w, https:\/\/www.slclub.hu\/wp-content\/uploads\/2014\/08\/11411844_10205537775737584_35485662784778710_o-1024x575.jpg 1024w, https:\/\/www.slclub.hu\/wp-content\/uploads\/2014\/08\/11411844_10205537775737584_35485662784778710_o.jpg 2048w\" sizes=\"auto, (max-width: 300px) 100vw, 300px\" \/><\/a><\/p>\n","protected":false},"excerpt":{"rendered":"<p>2015.01.10.\u00c9rdi Minitali 15:00-17:00 Deichmann Parkol\u00f3j\u00e1ban. 2015.02.22. Sz\u00fclinapi Tal\u00e1lkoz\u00f3 11:00-15:00-ig Tal\u00e1lkoz\u00e1s 10:45-11:00 k\u00f6z\u00f6tt az \u00c9rdi Tescon\u00e1l Korl\u00e1tlan \u00c9telfogyaszt\u00e1s 1250.Ft Tekep\u00e1lya 1.600.- Ft\/\u00f3ra\/p\u00e1lya www.klubsiraly.hu Suzuki Gy\u00e1rl\u00e1togat\u00e1s (65F\u0151) 2015.03.20. Az \u00e9rdekl\u0151d\u0151 csoportok maxim\u00e1lis l\u00e9tsz\u00e1ma 5*13 f\u0151 lehet, e f\u00f6l\u00f6tt k\u00e9t csoportnak tekintj\u00fck a jelentkez\u0151ket. 14 \u00e9ven aluliak a szerel\u0151 \u00fczemet n\u00e9zhetik meg, a t\u00fara id\u0151tartama ebben az esetben &hellip; <a href=\"https:\/\/www.slclub.hu\/?page_id=118\" class=\"more-link\"><span class=\"screen-reader-text\">2015<\/span> b\u0151vebben&#8230; <span class=\"meta-nav\">&rarr;<\/span><\/a><\/p>\n","protected":false},"author":1,"featured_media":0,"parent":0,"menu_order":0,"comment_status":"open","ping_status":"open","template":"","meta":{"footnotes":""},"class_list":["post-118","page","type-page","status-publish","hentry"],"_links":{"self":[{"href":"https:\/\/www.slclub.hu\/index.php?rest_route=\/wp\/v2\/pages\/118","targetHints":{"allow":["GET"]}}],"collection":[{"href":"https:\/\/www.slclub.hu\/index.php?rest_route=\/wp\/v2\/pages"}],"about":[{"href":"https:\/\/www.slclub.hu\/index.php?rest_route=\/wp\/v2\/types\/page"}],"author":[{"embeddable":true,"href":"https:\/\/www.slclub.hu\/index.php?rest_route=\/wp\/v2\/users\/1"}],"replies":[{"embeddable":true,"href":"https:\/\/www.slclub.hu\/index.php?rest_route=%2Fwp%2Fv2%2Fcomments&post=118"}],"version-history":[{"count":71,"href":"https:\/\/www.slclub.hu\/index.php?rest_route=\/wp\/v2\/pages\/118\/revisions"}],"predecessor-version":[{"id":1747,"href":"https:\/\/www.slclub.hu\/index.php?rest_route=\/wp\/v2\/pages\/118\/revisions\/1747"}],"wp:attachment":[{"href":"https:\/\/www.slclub.hu\/index.php?rest_route=%2Fwp%2Fv2%2Fmedia&parent=118"}],"curies":[{"name":"wp","href":"https:\/\/api.w.org\/{rel}","templated":true}]}}