{"id":123,"date":"2014-08-23T10:29:27","date_gmt":"2014-08-23T08:29:27","guid":{"rendered":"http:\/\/www.slclub.hu\/?page_id=123"},"modified":"2014-08-24T15:04:18","modified_gmt":"2014-08-24T13:04:18","slug":"2014-04-12-csokako-varlatogatas","status":"publish","type":"page","link":"https:\/\/www.slclub.hu\/?page_id=123","title":{"rendered":"2014.04.12.Cs\u00f3kak\u0151 V\u00e1rl\u00e1togat\u00e1s"},"content":{"rendered":"<p><a href=\"http:\/\/www.slclub.hu\/wp-content\/uploads\/2014\/08\/DSC02019-02.jpg\"><img loading=\"lazy\" decoding=\"async\" src=\"http:\/\/www.slclub.hu\/wp-content\/uploads\/2014\/08\/DSC02019-02-300x225.jpg\" alt=\"OLYMPUS DIGITAL CAMERA\" width=\"300\" height=\"225\" class=\"alignnone size-medium wp-image-254\" srcset=\"https:\/\/www.slclub.hu\/wp-content\/uploads\/2014\/08\/DSC02019-02-300x225.jpg 300w, https:\/\/www.slclub.hu\/wp-content\/uploads\/2014\/08\/DSC02019-02-1024x768.jpg 1024w, https:\/\/www.slclub.hu\/wp-content\/uploads\/2014\/08\/DSC02019-02.jpg 1600w\" sizes=\"auto, (max-width: 300px) 100vw, 300px\" \/><\/a><\/p>\n<p><a href=\"http:\/\/www.slclub.hu\/wp-content\/uploads\/2014\/08\/DSC02019-05.jpg\"><img loading=\"lazy\" decoding=\"async\" src=\"http:\/\/www.slclub.hu\/wp-content\/uploads\/2014\/08\/DSC02019-05-300x225.jpg\" alt=\"DSC02019 05\" width=\"300\" height=\"225\" class=\"alignnone size-medium wp-image-255\" srcset=\"https:\/\/www.slclub.hu\/wp-content\/uploads\/2014\/08\/DSC02019-05-300x225.jpg 300w, https:\/\/www.slclub.hu\/wp-content\/uploads\/2014\/08\/DSC02019-05-1024x768.jpg 1024w, https:\/\/www.slclub.hu\/wp-content\/uploads\/2014\/08\/DSC02019-05.jpg 2048w\" sizes=\"auto, (max-width: 300px) 100vw, 300px\" \/><\/a><\/p>\n<p><a href=\"http:\/\/www.slclub.hu\/wp-content\/uploads\/2014\/08\/DSC02019-44.jpg\"><img loading=\"lazy\" decoding=\"async\" src=\"http:\/\/www.slclub.hu\/wp-content\/uploads\/2014\/08\/DSC02019-44-300x225.jpg\" alt=\"Digital Camera\" width=\"300\" height=\"225\" class=\"alignnone size-medium wp-image-256\" srcset=\"https:\/\/www.slclub.hu\/wp-content\/uploads\/2014\/08\/DSC02019-44-300x225.jpg 300w, https:\/\/www.slclub.hu\/wp-content\/uploads\/2014\/08\/DSC02019-44-1024x768.jpg 1024w\" sizes=\"auto, (max-width: 300px) 100vw, 300px\" \/><\/a><\/p>\n<p><a href=\"http:\/\/www.slclub.hu\/wp-content\/uploads\/2014\/08\/DSC02019-46.jpg\"><img loading=\"lazy\" decoding=\"async\" src=\"http:\/\/www.slclub.hu\/wp-content\/uploads\/2014\/08\/DSC02019-46-300x225.jpg\" alt=\"Digital Camera\" width=\"300\" height=\"225\" class=\"alignnone size-medium wp-image-257\" srcset=\"https:\/\/www.slclub.hu\/wp-content\/uploads\/2014\/08\/DSC02019-46-300x225.jpg 300w, https:\/\/www.slclub.hu\/wp-content\/uploads\/2014\/08\/DSC02019-46-1024x768.jpg 1024w\" sizes=\"auto, (max-width: 300px) 100vw, 300px\" \/><\/a><\/p>\n<p><a href=\"http:\/\/www.slclub.hu\/wp-content\/uploads\/2014\/08\/DSC02019-47.jpg\"><img loading=\"lazy\" decoding=\"async\" src=\"http:\/\/www.slclub.hu\/wp-content\/uploads\/2014\/08\/DSC02019-47-300x225.jpg\" alt=\"DSC02019 47\" width=\"300\" height=\"225\" class=\"alignnone size-medium wp-image-258\" srcset=\"https:\/\/www.slclub.hu\/wp-content\/uploads\/2014\/08\/DSC02019-47-300x225.jpg 300w, https:\/\/www.slclub.hu\/wp-content\/uploads\/2014\/08\/DSC02019-47.jpg 960w\" sizes=\"auto, (max-width: 300px) 100vw, 300px\" \/><\/a><\/p>\n<p><a href=\"http:\/\/www.slclub.hu\/wp-content\/uploads\/2014\/08\/DSC02019-55.jpg\"><img loading=\"lazy\" decoding=\"async\" src=\"http:\/\/www.slclub.hu\/wp-content\/uploads\/2014\/08\/DSC02019-55-225x300.jpg\" alt=\"DSC02019 55\" width=\"225\" height=\"300\" class=\"alignnone size-medium wp-image-259\" srcset=\"https:\/\/www.slclub.hu\/wp-content\/uploads\/2014\/08\/DSC02019-55-225x300.jpg 225w, https:\/\/www.slclub.hu\/wp-content\/uploads\/2014\/08\/DSC02019-55-768x1024.jpg 768w, https:\/\/www.slclub.hu\/wp-content\/uploads\/2014\/08\/DSC02019-55.jpg 1536w\" sizes=\"auto, (max-width: 225px) 100vw, 225px\" \/><\/a><\/p>\n<p><a href=\"http:\/\/www.slclub.hu\/wp-content\/uploads\/2014\/08\/DSC02019-80.jpg\"><img loading=\"lazy\" decoding=\"async\" src=\"http:\/\/www.slclub.hu\/wp-content\/uploads\/2014\/08\/DSC02019-80-300x225.jpg\" alt=\"OLYMPUS DIGITAL CAMERA\" width=\"300\" height=\"225\" class=\"alignnone size-medium wp-image-260\" srcset=\"https:\/\/www.slclub.hu\/wp-content\/uploads\/2014\/08\/DSC02019-80-300x225.jpg 300w, https:\/\/www.slclub.hu\/wp-content\/uploads\/2014\/08\/DSC02019-80-1024x768.jpg 1024w, https:\/\/www.slclub.hu\/wp-content\/uploads\/2014\/08\/DSC02019-80.jpg 1600w\" sizes=\"auto, (max-width: 300px) 100vw, 300px\" \/><\/a><\/p>\n<p><a href=\"http:\/\/www.slclub.hu\/wp-content\/uploads\/2014\/08\/DSC02019-84.jpg\"><img loading=\"lazy\" decoding=\"async\" src=\"http:\/\/www.slclub.hu\/wp-content\/uploads\/2014\/08\/DSC02019-84-300x225.jpg\" alt=\"OLYMPUS DIGITAL CAMERA\" width=\"300\" height=\"225\" class=\"alignnone size-medium wp-image-261\" srcset=\"https:\/\/www.slclub.hu\/wp-content\/uploads\/2014\/08\/DSC02019-84-300x225.jpg 300w, https:\/\/www.slclub.hu\/wp-content\/uploads\/2014\/08\/DSC02019-84-1024x768.jpg 1024w, https:\/\/www.slclub.hu\/wp-content\/uploads\/2014\/08\/DSC02019-84.jpg 1600w\" sizes=\"auto, (max-width: 300px) 100vw, 300px\" \/><\/a><\/p>\n<p><a href=\"http:\/\/www.slclub.hu\/wp-content\/uploads\/2014\/08\/DSC02019-90.jpg\"><img loading=\"lazy\" decoding=\"async\" src=\"http:\/\/www.slclub.hu\/wp-content\/uploads\/2014\/08\/DSC02019-90-300x225.jpg\" alt=\"OLYMPUS DIGITAL CAMERA\" width=\"300\" height=\"225\" class=\"alignnone size-medium wp-image-262\" srcset=\"https:\/\/www.slclub.hu\/wp-content\/uploads\/2014\/08\/DSC02019-90-300x225.jpg 300w, https:\/\/www.slclub.hu\/wp-content\/uploads\/2014\/08\/DSC02019-90-1024x768.jpg 1024w, https:\/\/www.slclub.hu\/wp-content\/uploads\/2014\/08\/DSC02019-90.jpg 1600w\" sizes=\"auto, (max-width: 300px) 100vw, 300px\" \/><\/a><\/p>\n<p><a href=\"http:\/\/www.slclub.hu\/wp-content\/uploads\/2014\/08\/DSC02019-105.jpg\"><img loading=\"lazy\" decoding=\"async\" src=\"http:\/\/www.slclub.hu\/wp-content\/uploads\/2014\/08\/DSC02019-105-300x225.jpg\" alt=\"Digital Camera\" width=\"300\" height=\"225\" class=\"alignnone size-medium wp-image-263\" srcset=\"https:\/\/www.slclub.hu\/wp-content\/uploads\/2014\/08\/DSC02019-105-300x225.jpg 300w, https:\/\/www.slclub.hu\/wp-content\/uploads\/2014\/08\/DSC02019-105-1024x768.jpg 1024w\" sizes=\"auto, (max-width: 300px) 100vw, 300px\" \/><\/a><\/p>\n<p><a href=\"http:\/\/www.slclub.hu\/wp-content\/uploads\/2014\/08\/DSC02019-111.jpg\"><img loading=\"lazy\" decoding=\"async\" src=\"http:\/\/www.slclub.hu\/wp-content\/uploads\/2014\/08\/DSC02019-111-225x300.jpg\" alt=\"DSC02019 111\" width=\"225\" height=\"300\" class=\"alignnone size-medium wp-image-264\" srcset=\"https:\/\/www.slclub.hu\/wp-content\/uploads\/2014\/08\/DSC02019-111-225x300.jpg 225w, https:\/\/www.slclub.hu\/wp-content\/uploads\/2014\/08\/DSC02019-111-768x1024.jpg 768w, https:\/\/www.slclub.hu\/wp-content\/uploads\/2014\/08\/DSC02019-111.jpg 1536w\" sizes=\"auto, (max-width: 225px) 100vw, 225px\" \/><\/a><\/p>\n<p><a href=\"http:\/\/www.slclub.hu\/wp-content\/uploads\/2014\/08\/DSC02019-126.jpg\"><img loading=\"lazy\" decoding=\"async\" src=\"http:\/\/www.slclub.hu\/wp-content\/uploads\/2014\/08\/DSC02019-126-300x225.jpg\" alt=\"OLYMPUS DIGITAL CAMERA\" width=\"300\" height=\"225\" class=\"alignnone size-medium wp-image-265\" srcset=\"https:\/\/www.slclub.hu\/wp-content\/uploads\/2014\/08\/DSC02019-126-300x225.jpg 300w, https:\/\/www.slclub.hu\/wp-content\/uploads\/2014\/08\/DSC02019-126-1024x768.jpg 1024w, https:\/\/www.slclub.hu\/wp-content\/uploads\/2014\/08\/DSC02019-126.jpg 1600w\" sizes=\"auto, (max-width: 300px) 100vw, 300px\" \/><\/a><\/p>\n<p><a href=\"http:\/\/www.slclub.hu\/wp-content\/uploads\/2014\/08\/DSC02019-131.jpg\"><img loading=\"lazy\" decoding=\"async\" src=\"http:\/\/www.slclub.hu\/wp-content\/uploads\/2014\/08\/DSC02019-131-300x225.jpg\" alt=\"DSC02019 131\" width=\"300\" height=\"225\" class=\"alignnone size-medium wp-image-266\" srcset=\"https:\/\/www.slclub.hu\/wp-content\/uploads\/2014\/08\/DSC02019-131-300x225.jpg 300w, https:\/\/www.slclub.hu\/wp-content\/uploads\/2014\/08\/DSC02019-131-1024x768.jpg 1024w, https:\/\/www.slclub.hu\/wp-content\/uploads\/2014\/08\/DSC02019-131.jpg 2048w\" sizes=\"auto, (max-width: 300px) 100vw, 300px\" \/><\/a><\/p>\n<p><a href=\"http:\/\/www.slclub.hu\/wp-content\/uploads\/2014\/08\/DSC02019-136.jpg\"><img loading=\"lazy\" decoding=\"async\" src=\"http:\/\/www.slclub.hu\/wp-content\/uploads\/2014\/08\/DSC02019-136-225x300.jpg\" alt=\"DSC02019 136\" width=\"225\" height=\"300\" class=\"alignnone size-medium wp-image-267\" srcset=\"https:\/\/www.slclub.hu\/wp-content\/uploads\/2014\/08\/DSC02019-136-225x300.jpg 225w, https:\/\/www.slclub.hu\/wp-content\/uploads\/2014\/08\/DSC02019-136-768x1024.jpg 768w, https:\/\/www.slclub.hu\/wp-content\/uploads\/2014\/08\/DSC02019-136.jpg 1536w\" sizes=\"auto, (max-width: 225px) 100vw, 225px\" \/><\/a><\/p>\n<p><a href=\"http:\/\/www.slclub.hu\/wp-content\/uploads\/2014\/08\/DSC02019-147.jpg\"><img loading=\"lazy\" decoding=\"async\" src=\"http:\/\/www.slclub.hu\/wp-content\/uploads\/2014\/08\/DSC02019-147-225x300.jpg\" alt=\"OLYMPUS DIGITAL CAMERA\" width=\"225\" height=\"300\" class=\"alignnone size-medium wp-image-268\" srcset=\"https:\/\/www.slclub.hu\/wp-content\/uploads\/2014\/08\/DSC02019-147-225x300.jpg 225w, https:\/\/www.slclub.hu\/wp-content\/uploads\/2014\/08\/DSC02019-147-768x1024.jpg 768w, https:\/\/www.slclub.hu\/wp-content\/uploads\/2014\/08\/DSC02019-147.jpg 1200w\" sizes=\"auto, (max-width: 225px) 100vw, 225px\" \/><\/a><\/p>\n<p><a href=\"http:\/\/www.slclub.hu\/wp-content\/uploads\/2014\/08\/DSC02019-153.jpg\"><img loading=\"lazy\" decoding=\"async\" src=\"http:\/\/www.slclub.hu\/wp-content\/uploads\/2014\/08\/DSC02019-153-300x225.jpg\" alt=\"OLYMPUS DIGITAL CAMERA\" width=\"300\" height=\"225\" class=\"alignnone size-medium wp-image-269\" srcset=\"https:\/\/www.slclub.hu\/wp-content\/uploads\/2014\/08\/DSC02019-153-300x225.jpg 300w, https:\/\/www.slclub.hu\/wp-content\/uploads\/2014\/08\/DSC02019-153-1024x768.jpg 1024w, https:\/\/www.slclub.hu\/wp-content\/uploads\/2014\/08\/DSC02019-153.jpg 1600w\" sizes=\"auto, (max-width: 300px) 100vw, 300px\" \/><\/a><\/p>\n<p><a href=\"http:\/\/www.slclub.hu\/wp-content\/uploads\/2014\/08\/DSC02019-160.jpg\"><img loading=\"lazy\" decoding=\"async\" src=\"http:\/\/www.slclub.hu\/wp-content\/uploads\/2014\/08\/DSC02019-160-300x225.jpg\" alt=\"Digital Camera\" width=\"300\" height=\"225\" class=\"alignnone size-medium wp-image-270\" srcset=\"https:\/\/www.slclub.hu\/wp-content\/uploads\/2014\/08\/DSC02019-160-300x225.jpg 300w, https:\/\/www.slclub.hu\/wp-content\/uploads\/2014\/08\/DSC02019-160-1024x768.jpg 1024w\" sizes=\"auto, (max-width: 300px) 100vw, 300px\" \/><\/a><\/p>\n<p><a href=\"http:\/\/www.slclub.hu\/wp-content\/uploads\/2014\/08\/DSC02019-165.jpg\"><img loading=\"lazy\" decoding=\"async\" src=\"http:\/\/www.slclub.hu\/wp-content\/uploads\/2014\/08\/DSC02019-165-225x300.jpg\" alt=\"Digital Camera\" width=\"225\" height=\"300\" class=\"alignnone size-medium wp-image-271\" srcset=\"https:\/\/www.slclub.hu\/wp-content\/uploads\/2014\/08\/DSC02019-165-225x300.jpg 225w, https:\/\/www.slclub.hu\/wp-content\/uploads\/2014\/08\/DSC02019-165-768x1024.jpg 768w\" sizes=\"auto, (max-width: 225px) 100vw, 225px\" \/><\/a><\/p>\n<p><a href=\"http:\/\/www.slclub.hu\/wp-content\/uploads\/2014\/08\/DSC02019-244.jpg\"><img loading=\"lazy\" decoding=\"async\" src=\"http:\/\/www.slclub.hu\/wp-content\/uploads\/2014\/08\/DSC02019-244-225x300.jpg\" alt=\"DSC02019 244\" width=\"225\" height=\"300\" class=\"alignnone size-medium wp-image-272\" srcset=\"https:\/\/www.slclub.hu\/wp-content\/uploads\/2014\/08\/DSC02019-244-225x300.jpg 225w, https:\/\/www.slclub.hu\/wp-content\/uploads\/2014\/08\/DSC02019-244-768x1024.jpg 768w\" sizes=\"auto, (max-width: 225px) 100vw, 225px\" \/><\/a><\/p>\n<p><a href=\"http:\/\/www.slclub.hu\/wp-content\/uploads\/2014\/08\/DSC02019-246.jpg\"><img loading=\"lazy\" decoding=\"async\" src=\"http:\/\/www.slclub.hu\/wp-content\/uploads\/2014\/08\/DSC02019-246-225x300.jpg\" alt=\"DSC02019 246\" width=\"225\" height=\"300\" class=\"alignnone size-medium wp-image-273\" srcset=\"https:\/\/www.slclub.hu\/wp-content\/uploads\/2014\/08\/DSC02019-246-225x300.jpg 225w, https:\/\/www.slclub.hu\/wp-content\/uploads\/2014\/08\/DSC02019-246-768x1024.jpg 768w\" sizes=\"auto, (max-width: 225px) 100vw, 225px\" \/><\/a><\/p>\n<p><a href=\"http:\/\/www.slclub.hu\/wp-content\/uploads\/2014\/08\/DSC02019-250.jpg\"><img loading=\"lazy\" decoding=\"async\" src=\"http:\/\/www.slclub.hu\/wp-content\/uploads\/2014\/08\/DSC02019-250-300x225.jpg\" alt=\"DSC02019 250\" width=\"300\" height=\"225\" class=\"alignnone size-medium wp-image-274\" srcset=\"https:\/\/www.slclub.hu\/wp-content\/uploads\/2014\/08\/DSC02019-250-300x225.jpg 300w, https:\/\/www.slclub.hu\/wp-content\/uploads\/2014\/08\/DSC02019-250-1024x768.jpg 1024w, https:\/\/www.slclub.hu\/wp-content\/uploads\/2014\/08\/DSC02019-250.jpg 2048w\" sizes=\"auto, (max-width: 300px) 100vw, 300px\" \/><\/a><\/p>\n<p><a href=\"http:\/\/www.slclub.hu\/wp-content\/uploads\/2014\/08\/DSC02019-259.jpg\"><img loading=\"lazy\" decoding=\"async\" src=\"http:\/\/www.slclub.hu\/wp-content\/uploads\/2014\/08\/DSC02019-259-225x300.jpg\" alt=\"DSC02019 259\" width=\"225\" height=\"300\" class=\"alignnone size-medium wp-image-275\" srcset=\"https:\/\/www.slclub.hu\/wp-content\/uploads\/2014\/08\/DSC02019-259-225x300.jpg 225w, https:\/\/www.slclub.hu\/wp-content\/uploads\/2014\/08\/DSC02019-259.jpg 720w\" sizes=\"auto, (max-width: 225px) 100vw, 225px\" \/><\/a><\/p>\n<p><a href=\"http:\/\/www.slclub.hu\/wp-content\/uploads\/2014\/08\/DSC02019-267.jpg\"><img loading=\"lazy\" decoding=\"async\" src=\"http:\/\/www.slclub.hu\/wp-content\/uploads\/2014\/08\/DSC02019-267-225x300.jpg\" alt=\"Digital Camera\" width=\"225\" height=\"300\" class=\"alignnone size-medium wp-image-276\" srcset=\"https:\/\/www.slclub.hu\/wp-content\/uploads\/2014\/08\/DSC02019-267-225x300.jpg 225w, https:\/\/www.slclub.hu\/wp-content\/uploads\/2014\/08\/DSC02019-267-768x1024.jpg 768w\" sizes=\"auto, (max-width: 225px) 100vw, 225px\" \/><\/a><\/p>\n<p><a href=\"http:\/\/www.slclub.hu\/wp-content\/uploads\/2014\/08\/DSC02019-281.jpg\"><img loading=\"lazy\" decoding=\"async\" src=\"http:\/\/www.slclub.hu\/wp-content\/uploads\/2014\/08\/DSC02019-281-300x225.jpg\" alt=\"Digital Camera\" width=\"300\" height=\"225\" class=\"alignnone size-medium wp-image-277\" srcset=\"https:\/\/www.slclub.hu\/wp-content\/uploads\/2014\/08\/DSC02019-281-300x225.jpg 300w, https:\/\/www.slclub.hu\/wp-content\/uploads\/2014\/08\/DSC02019-281-1024x768.jpg 1024w\" sizes=\"auto, (max-width: 300px) 100vw, 300px\" \/><\/a><\/p>\n<p><a href=\"http:\/\/www.slclub.hu\/wp-content\/uploads\/2014\/08\/DSC02019-283.jpg\"><img loading=\"lazy\" decoding=\"async\" src=\"http:\/\/www.slclub.hu\/wp-content\/uploads\/2014\/08\/DSC02019-283-300x225.jpg\" alt=\"Digital Camera\" width=\"300\" height=\"225\" class=\"alignnone size-medium wp-image-278\" srcset=\"https:\/\/www.slclub.hu\/wp-content\/uploads\/2014\/08\/DSC02019-283-300x225.jpg 300w, https:\/\/www.slclub.hu\/wp-content\/uploads\/2014\/08\/DSC02019-283-1024x768.jpg 1024w\" sizes=\"auto, (max-width: 300px) 100vw, 300px\" \/><\/a><\/p>\n<p><a href=\"http:\/\/www.slclub.hu\/wp-content\/uploads\/2014\/08\/DSC02019-289.jpg\"><img loading=\"lazy\" decoding=\"async\" src=\"http:\/\/www.slclub.hu\/wp-content\/uploads\/2014\/08\/DSC02019-289-300x225.jpg\" alt=\"DSC02019 289\" width=\"300\" height=\"225\" class=\"alignnone size-medium wp-image-279\" srcset=\"https:\/\/www.slclub.hu\/wp-content\/uploads\/2014\/08\/DSC02019-289-300x225.jpg 300w, https:\/\/www.slclub.hu\/wp-content\/uploads\/2014\/08\/DSC02019-289.jpg 960w\" sizes=\"auto, (max-width: 300px) 100vw, 300px\" \/><\/a><\/p>\n","protected":false},"excerpt":{"rendered":"","protected":false},"author":1,"featured_media":0,"parent":0,"menu_order":0,"comment_status":"open","ping_status":"open","template":"","meta":{"footnotes":""},"class_list":["post-123","page","type-page","status-publish","hentry"],"_links":{"self":[{"href":"https:\/\/www.slclub.hu\/index.php?rest_route=\/wp\/v2\/pages\/123","targetHints":{"allow":["GET"]}}],"collection":[{"href":"https:\/\/www.slclub.hu\/index.php?rest_route=\/wp\/v2\/pages"}],"about":[{"href":"https:\/\/www.slclub.hu\/index.php?rest_route=\/wp\/v2\/types\/page"}],"author":[{"embeddable":true,"href":"https:\/\/www.slclub.hu\/index.php?rest_route=\/wp\/v2\/users\/1"}],"replies":[{"embeddable":true,"href":"https:\/\/www.slclub.hu\/index.php?rest_route=%2Fwp%2Fv2%2Fcomments&post=123"}],"version-history":[{"count":2,"href":"https:\/\/www.slclub.hu\/index.php?rest_route=\/wp\/v2\/pages\/123\/revisions"}],"predecessor-version":[{"id":280,"href":"https:\/\/www.slclub.hu\/index.php?rest_route=\/wp\/v2\/pages\/123\/revisions\/280"}],"wp:attachment":[{"href":"https:\/\/www.slclub.hu\/index.php?rest_route=%2Fwp%2Fv2%2Fmedia&parent=123"}],"curies":[{"name":"wp","href":"https:\/\/api.w.org\/{rel}","templated":true}]}}