{"id":1427,"date":"2015-04-01T07:38:44","date_gmt":"2015-04-01T05:38:44","guid":{"rendered":"http:\/\/www.slclub.hu\/?page_id=1427"},"modified":"2024-01-03T14:05:00","modified_gmt":"2024-01-03T13:05:00","slug":"elerhetosegeink","status":"publish","type":"page","link":"https:\/\/www.slclub.hu\/?page_id=1427","title":{"rendered":"El\u00e9rhet\u0151s\u00e9geink:"},"content":{"rendered":"<p>Moln\u00e1r S\u00e1ndor (Alex1974)<br \/>\neln\u00f6k<br \/>\n+36-20-3199-174<br \/>\nMolnar.Sandor3@slclub.hu<\/p>\n<p>Berger No\u00e9mi<br \/>\ntitk\u00e1r<br \/>\nberger.noemi@slclub.hu<\/p>\n<p>Ad\u00f3sz\u00e1m: 18652327-1-07<br \/>\nC\u00e9gsz\u00e1m: 13-02-0006821<\/p>\n<p>Suzuki Lover Club Egyes\u00fclet<br \/>\nBanksz\u00e1mlasz\u00e1m : 57700012-10179316-00000000<\/p>\n<p>E-mail: slckapcsolat@gmail.com<\/p>\n<p>Lev\u00e9lc\u00edm:2051 Biatorb\u00e1gy, M\u00e9sz\u00e1ros d\u0171l\u0151 51.<\/p>\n<p>Sz\u00e9khely: 2451 Ercsi, Budai Nagy Antal utca 32.<\/p>\n","protected":false},"excerpt":{"rendered":"<p>Moln\u00e1r S\u00e1ndor (Alex1974) eln\u00f6k +36-20-3199-174 Molnar.Sandor3@slclub.hu Berger No\u00e9mi titk\u00e1r berger.noemi@slclub.hu Ad\u00f3sz\u00e1m: 18652327-1-07 C\u00e9gsz\u00e1m: 13-02-0006821 Suzuki Lover Club Egyes\u00fclet Banksz\u00e1mlasz\u00e1m : 57700012-10179316-00000000 E-mail: slckapcsolat@gmail.com Lev\u00e9lc\u00edm:2051 Biatorb\u00e1gy, M\u00e9sz\u00e1ros d\u0171l\u0151 51. Sz\u00e9khely: 2451 Ercsi, Budai Nagy Antal utca 32.<\/p>\n","protected":false},"author":1,"featured_media":0,"parent":0,"menu_order":0,"comment_status":"open","ping_status":"open","template":"","meta":{"footnotes":""},"class_list":["post-1427","page","type-page","status-publish","hentry"],"_links":{"self":[{"href":"https:\/\/www.slclub.hu\/index.php?rest_route=\/wp\/v2\/pages\/1427","targetHints":{"allow":["GET"]}}],"collection":[{"href":"https:\/\/www.slclub.hu\/index.php?rest_route=\/wp\/v2\/pages"}],"about":[{"href":"https:\/\/www.slclub.hu\/index.php?rest_route=\/wp\/v2\/types\/page"}],"author":[{"embeddable":true,"href":"https:\/\/www.slclub.hu\/index.php?rest_route=\/wp\/v2\/users\/1"}],"replies":[{"embeddable":true,"href":"https:\/\/www.slclub.hu\/index.php?rest_route=%2Fwp%2Fv2%2Fcomments&post=1427"}],"version-history":[{"count":20,"href":"https:\/\/www.slclub.hu\/index.php?rest_route=\/wp\/v2\/pages\/1427\/revisions"}],"predecessor-version":[{"id":5065,"href":"https:\/\/www.slclub.hu\/index.php?rest_route=\/wp\/v2\/pages\/1427\/revisions\/5065"}],"wp:attachment":[{"href":"https:\/\/www.slclub.hu\/index.php?rest_route=%2Fwp%2Fv2%2Fmedia&parent=1427"}],"curies":[{"name":"wp","href":"https:\/\/api.w.org\/{rel}","templated":true}]}}