{"id":153,"date":"2014-08-23T17:09:11","date_gmt":"2014-08-23T15:09:11","guid":{"rendered":"http:\/\/www.slclub.hu\/?page_id=153"},"modified":"2015-02-23T20:57:19","modified_gmt":"2015-02-23T19:57:19","slug":"2014-08-16-dunakeszi-nyarbucsuztato-talalkozo","status":"publish","type":"page","link":"https:\/\/www.slclub.hu\/?page_id=153","title":{"rendered":"2014.08.16. Dunakeszi Ny\u00e1rb\u00facs\u00faztat\u00f3 Tal\u00e1lkoz\u00f3"},"content":{"rendered":"<p><a href=\"http:\/\/www.slclub.hu\/wp-content\/uploads\/2014\/08\/DSC02629-02.jpg\"><img loading=\"lazy\" decoding=\"async\" src=\"http:\/\/www.slclub.hu\/wp-content\/uploads\/2014\/08\/DSC02629-02-300x225.jpg\" alt=\"Digital Camera\" width=\"300\" height=\"225\" class=\"alignnone size-medium wp-image-449\" srcset=\"https:\/\/www.slclub.hu\/wp-content\/uploads\/2014\/08\/DSC02629-02-300x225.jpg 300w, https:\/\/www.slclub.hu\/wp-content\/uploads\/2014\/08\/DSC02629-02-1024x768.jpg 1024w\" sizes=\"auto, (max-width: 300px) 100vw, 300px\" \/><\/a><\/p>\n<p><a href=\"http:\/\/www.slclub.hu\/wp-content\/uploads\/2014\/08\/DSC02629-04.jpg\"><img loading=\"lazy\" decoding=\"async\" src=\"http:\/\/www.slclub.hu\/wp-content\/uploads\/2014\/08\/DSC02629-04-300x225.jpg\" alt=\"Digital Camera\" width=\"300\" height=\"225\" class=\"alignnone size-medium wp-image-450\" srcset=\"https:\/\/www.slclub.hu\/wp-content\/uploads\/2014\/08\/DSC02629-04-300x225.jpg 300w, https:\/\/www.slclub.hu\/wp-content\/uploads\/2014\/08\/DSC02629-04-1024x768.jpg 1024w\" sizes=\"auto, (max-width: 300px) 100vw, 300px\" \/><\/a><\/p>\n<p><a href=\"http:\/\/www.slclub.hu\/wp-content\/uploads\/2014\/08\/DSC02629-06.jpg\"><img loading=\"lazy\" decoding=\"async\" src=\"http:\/\/www.slclub.hu\/wp-content\/uploads\/2014\/08\/DSC02629-06-300x225.jpg\" alt=\"Digital Camera\" width=\"300\" height=\"225\" class=\"alignnone size-medium wp-image-451\" srcset=\"https:\/\/www.slclub.hu\/wp-content\/uploads\/2014\/08\/DSC02629-06-300x225.jpg 300w, https:\/\/www.slclub.hu\/wp-content\/uploads\/2014\/08\/DSC02629-06-1024x768.jpg 1024w\" sizes=\"auto, (max-width: 300px) 100vw, 300px\" \/><\/a><\/p>\n<p><a href=\"http:\/\/www.slclub.hu\/wp-content\/uploads\/2014\/08\/DSC02629-09.jpg\"><img loading=\"lazy\" decoding=\"async\" src=\"http:\/\/www.slclub.hu\/wp-content\/uploads\/2014\/08\/DSC02629-09-300x225.jpg\" alt=\"Digital Camera\" width=\"300\" height=\"225\" class=\"alignnone size-medium wp-image-452\" srcset=\"https:\/\/www.slclub.hu\/wp-content\/uploads\/2014\/08\/DSC02629-09-300x225.jpg 300w, https:\/\/www.slclub.hu\/wp-content\/uploads\/2014\/08\/DSC02629-09-1024x768.jpg 1024w\" sizes=\"auto, (max-width: 300px) 100vw, 300px\" \/><\/a><\/p>\n<p><a href=\"http:\/\/www.slclub.hu\/wp-content\/uploads\/2014\/08\/DSC02637.jpg\"><img loading=\"lazy\" decoding=\"async\" src=\"http:\/\/www.slclub.hu\/wp-content\/uploads\/2014\/08\/DSC02637-300x225.jpg\" alt=\"DSC02637\" width=\"300\" height=\"225\" class=\"alignnone size-medium wp-image-453\" srcset=\"https:\/\/www.slclub.hu\/wp-content\/uploads\/2014\/08\/DSC02637-300x225.jpg 300w, https:\/\/www.slclub.hu\/wp-content\/uploads\/2014\/08\/DSC02637-1024x768.jpg 1024w\" sizes=\"auto, (max-width: 300px) 100vw, 300px\" \/><\/a><\/p>\n<p><a href=\"http:\/\/www.slclub.hu\/wp-content\/uploads\/2014\/08\/DSC02640-03.jpg\"><img loading=\"lazy\" decoding=\"async\" src=\"http:\/\/www.slclub.hu\/wp-content\/uploads\/2014\/08\/DSC02640-03-225x300.jpg\" alt=\"DSC02640 03\" width=\"225\" height=\"300\" class=\"alignnone size-medium wp-image-454\" srcset=\"https:\/\/www.slclub.hu\/wp-content\/uploads\/2014\/08\/DSC02640-03-225x300.jpg 225w, https:\/\/www.slclub.hu\/wp-content\/uploads\/2014\/08\/DSC02640-03.jpg 720w\" sizes=\"auto, (max-width: 225px) 100vw, 225px\" \/><\/a><\/p>\n<p><a href=\"http:\/\/www.slclub.hu\/wp-content\/uploads\/2014\/08\/DSC02640-04.jpg\"><img loading=\"lazy\" decoding=\"async\" src=\"http:\/\/www.slclub.hu\/wp-content\/uploads\/2014\/08\/DSC02640-04-300x225.jpg\" alt=\"DSC02640 04\" width=\"300\" height=\"225\" class=\"alignnone size-medium wp-image-455\" srcset=\"https:\/\/www.slclub.hu\/wp-content\/uploads\/2014\/08\/DSC02640-04-300x225.jpg 300w, https:\/\/www.slclub.hu\/wp-content\/uploads\/2014\/08\/DSC02640-04.jpg 960w\" sizes=\"auto, (max-width: 300px) 100vw, 300px\" \/><\/a><\/p>\n<p><a href=\"http:\/\/www.slclub.hu\/wp-content\/uploads\/2014\/08\/DSC02641-03.jpg\"><img loading=\"lazy\" decoding=\"async\" src=\"http:\/\/www.slclub.hu\/wp-content\/uploads\/2014\/08\/DSC02641-03-300x225.jpg\" alt=\"Digital Camera\" width=\"300\" height=\"225\" class=\"alignnone size-medium wp-image-456\" srcset=\"https:\/\/www.slclub.hu\/wp-content\/uploads\/2014\/08\/DSC02641-03-300x225.jpg 300w, https:\/\/www.slclub.hu\/wp-content\/uploads\/2014\/08\/DSC02641-03-1024x768.jpg 1024w\" sizes=\"auto, (max-width: 300px) 100vw, 300px\" \/><\/a><\/p>\n<p><a href=\"http:\/\/www.slclub.hu\/wp-content\/uploads\/2014\/08\/DSC02641-07.jpg\"><img loading=\"lazy\" decoding=\"async\" src=\"http:\/\/www.slclub.hu\/wp-content\/uploads\/2014\/08\/DSC02641-07-300x225.jpg\" alt=\"Digital Camera\" width=\"300\" height=\"225\" class=\"alignnone size-medium wp-image-457\" srcset=\"https:\/\/www.slclub.hu\/wp-content\/uploads\/2014\/08\/DSC02641-07-300x225.jpg 300w, https:\/\/www.slclub.hu\/wp-content\/uploads\/2014\/08\/DSC02641-07-1024x768.jpg 1024w\" sizes=\"auto, (max-width: 300px) 100vw, 300px\" \/><\/a><\/p>\n<p><a href=\"http:\/\/www.slclub.hu\/wp-content\/uploads\/2014\/08\/DSC02641-10.jpg\"><img loading=\"lazy\" decoding=\"async\" src=\"http:\/\/www.slclub.hu\/wp-content\/uploads\/2014\/08\/DSC02641-10-300x225.jpg\" alt=\"Digital Camera\" width=\"300\" height=\"225\" class=\"alignnone size-medium wp-image-458\" srcset=\"https:\/\/www.slclub.hu\/wp-content\/uploads\/2014\/08\/DSC02641-10-300x225.jpg 300w, https:\/\/www.slclub.hu\/wp-content\/uploads\/2014\/08\/DSC02641-10-1024x768.jpg 1024w\" sizes=\"auto, (max-width: 300px) 100vw, 300px\" \/><\/a><\/p>\n<p><a href=\"http:\/\/www.slclub.hu\/wp-content\/uploads\/2014\/08\/DSC02643.jpg\"><img loading=\"lazy\" decoding=\"async\" src=\"http:\/\/www.slclub.hu\/wp-content\/uploads\/2014\/08\/DSC02643-300x225.jpg\" alt=\"DSC02643\" width=\"300\" height=\"225\" class=\"alignnone size-medium wp-image-459\" srcset=\"https:\/\/www.slclub.hu\/wp-content\/uploads\/2014\/08\/DSC02643-300x225.jpg 300w, https:\/\/www.slclub.hu\/wp-content\/uploads\/2014\/08\/DSC02643-1024x768.jpg 1024w\" sizes=\"auto, (max-width: 300px) 100vw, 300px\" \/><\/a><\/p>\n<p><a href=\"http:\/\/www.slclub.hu\/wp-content\/uploads\/2014\/08\/DSC02648.jpg\"><img loading=\"lazy\" decoding=\"async\" src=\"http:\/\/www.slclub.hu\/wp-content\/uploads\/2014\/08\/DSC02648-300x225.jpg\" alt=\"DSC02648\" width=\"300\" height=\"225\" class=\"alignnone size-medium wp-image-460\" srcset=\"https:\/\/www.slclub.hu\/wp-content\/uploads\/2014\/08\/DSC02648-300x225.jpg 300w, https:\/\/www.slclub.hu\/wp-content\/uploads\/2014\/08\/DSC02648-1024x768.jpg 1024w\" sizes=\"auto, (max-width: 300px) 100vw, 300px\" \/><\/a><\/p>\n<p><a href=\"http:\/\/www.slclub.hu\/wp-content\/uploads\/2014\/08\/DSC02650.jpg\"><img loading=\"lazy\" decoding=\"async\" src=\"http:\/\/www.slclub.hu\/wp-content\/uploads\/2014\/08\/DSC02650-300x225.jpg\" alt=\"DSC02650\" width=\"300\" height=\"225\" class=\"alignnone size-medium wp-image-461\" srcset=\"https:\/\/www.slclub.hu\/wp-content\/uploads\/2014\/08\/DSC02650-300x225.jpg 300w, https:\/\/www.slclub.hu\/wp-content\/uploads\/2014\/08\/DSC02650-1024x768.jpg 1024w\" sizes=\"auto, (max-width: 300px) 100vw, 300px\" \/><\/a><\/p>\n<p><a href=\"http:\/\/www.slclub.hu\/wp-content\/uploads\/2014\/08\/DSC02655.jpg\"><img loading=\"lazy\" decoding=\"async\" src=\"http:\/\/www.slclub.hu\/wp-content\/uploads\/2014\/08\/DSC02655-300x225.jpg\" alt=\"DSC02655\" width=\"300\" height=\"225\" class=\"alignnone size-medium wp-image-462\" srcset=\"https:\/\/www.slclub.hu\/wp-content\/uploads\/2014\/08\/DSC02655-300x225.jpg 300w, https:\/\/www.slclub.hu\/wp-content\/uploads\/2014\/08\/DSC02655-1024x768.jpg 1024w\" sizes=\"auto, (max-width: 300px) 100vw, 300px\" \/><\/a><\/p>\n<p><a href=\"http:\/\/www.slclub.hu\/wp-content\/uploads\/2014\/08\/DSC02656.jpg\"><img loading=\"lazy\" decoding=\"async\" src=\"http:\/\/www.slclub.hu\/wp-content\/uploads\/2014\/08\/DSC02656-300x225.jpg\" alt=\"DSC02656\" width=\"300\" height=\"225\" class=\"alignnone size-medium wp-image-463\" srcset=\"https:\/\/www.slclub.hu\/wp-content\/uploads\/2014\/08\/DSC02656-300x225.jpg 300w, https:\/\/www.slclub.hu\/wp-content\/uploads\/2014\/08\/DSC02656-1024x768.jpg 1024w\" sizes=\"auto, (max-width: 300px) 100vw, 300px\" \/><\/a><\/p>\n<p><a href=\"http:\/\/www.slclub.hu\/wp-content\/uploads\/2014\/08\/DSC02658.jpg\"><img loading=\"lazy\" decoding=\"async\" src=\"http:\/\/www.slclub.hu\/wp-content\/uploads\/2014\/08\/DSC02658-300x225.jpg\" alt=\"DSC02658\" width=\"300\" height=\"225\" class=\"alignnone size-medium wp-image-464\" srcset=\"https:\/\/www.slclub.hu\/wp-content\/uploads\/2014\/08\/DSC02658-300x225.jpg 300w, https:\/\/www.slclub.hu\/wp-content\/uploads\/2014\/08\/DSC02658-1024x768.jpg 1024w\" sizes=\"auto, (max-width: 300px) 100vw, 300px\" \/><\/a><\/p>\n<p><a href=\"http:\/\/www.slclub.hu\/wp-content\/uploads\/2014\/08\/DSC02662-02.jpg\"><img loading=\"lazy\" decoding=\"async\" src=\"http:\/\/www.slclub.hu\/wp-content\/uploads\/2014\/08\/DSC02662-02-300x225.jpg\" alt=\"Digital Camera\" width=\"300\" height=\"225\" class=\"alignnone size-medium wp-image-465\" srcset=\"https:\/\/www.slclub.hu\/wp-content\/uploads\/2014\/08\/DSC02662-02-300x225.jpg 300w, https:\/\/www.slclub.hu\/wp-content\/uploads\/2014\/08\/DSC02662-02-1024x768.jpg 1024w\" sizes=\"auto, (max-width: 300px) 100vw, 300px\" \/><\/a><\/p>\n<p><a href=\"http:\/\/www.slclub.hu\/wp-content\/uploads\/2014\/08\/DSC02662-04.jpg\"><img loading=\"lazy\" decoding=\"async\" src=\"http:\/\/www.slclub.hu\/wp-content\/uploads\/2014\/08\/DSC02662-04-300x225.jpg\" alt=\"Digital Camera\" width=\"300\" height=\"225\" class=\"alignnone size-medium wp-image-466\" srcset=\"https:\/\/www.slclub.hu\/wp-content\/uploads\/2014\/08\/DSC02662-04-300x225.jpg 300w, https:\/\/www.slclub.hu\/wp-content\/uploads\/2014\/08\/DSC02662-04-1024x768.jpg 1024w\" sizes=\"auto, (max-width: 300px) 100vw, 300px\" \/><\/a><\/p>\n<p><a href=\"http:\/\/www.slclub.hu\/wp-content\/uploads\/2014\/08\/DSC02662-06.jpg\"><img loading=\"lazy\" decoding=\"async\" src=\"http:\/\/www.slclub.hu\/wp-content\/uploads\/2014\/08\/DSC02662-06-300x225.jpg\" alt=\"Digital Camera\" width=\"300\" height=\"225\" class=\"alignnone size-medium wp-image-467\" srcset=\"https:\/\/www.slclub.hu\/wp-content\/uploads\/2014\/08\/DSC02662-06-300x225.jpg 300w, https:\/\/www.slclub.hu\/wp-content\/uploads\/2014\/08\/DSC02662-06-1024x768.jpg 1024w\" sizes=\"auto, (max-width: 300px) 100vw, 300px\" \/><\/a><\/p>\n<p><a href=\"http:\/\/www.slclub.hu\/wp-content\/uploads\/2014\/08\/DSC02666.jpg\"><img loading=\"lazy\" decoding=\"async\" src=\"http:\/\/www.slclub.hu\/wp-content\/uploads\/2014\/08\/DSC02666-300x225.jpg\" alt=\"DSC02666\" width=\"300\" height=\"225\" class=\"alignnone size-medium wp-image-468\" srcset=\"https:\/\/www.slclub.hu\/wp-content\/uploads\/2014\/08\/DSC02666-300x225.jpg 300w, https:\/\/www.slclub.hu\/wp-content\/uploads\/2014\/08\/DSC02666-1024x768.jpg 1024w\" sizes=\"auto, (max-width: 300px) 100vw, 300px\" \/><\/a><\/p>\n<p><a href=\"http:\/\/www.slclub.hu\/wp-content\/uploads\/2014\/08\/DSC02668.jpg\"><img loading=\"lazy\" decoding=\"async\" src=\"http:\/\/www.slclub.hu\/wp-content\/uploads\/2014\/08\/DSC02668-300x225.jpg\" alt=\"DSC02668\" width=\"300\" height=\"225\" class=\"alignnone size-medium wp-image-469\" srcset=\"https:\/\/www.slclub.hu\/wp-content\/uploads\/2014\/08\/DSC02668-300x225.jpg 300w, https:\/\/www.slclub.hu\/wp-content\/uploads\/2014\/08\/DSC02668-1024x768.jpg 1024w\" sizes=\"auto, (max-width: 300px) 100vw, 300px\" \/><\/a><\/p>\n<p><a href=\"http:\/\/www.slclub.hu\/wp-content\/uploads\/2014\/08\/DSC02670-02.jpg\"><img loading=\"lazy\" decoding=\"async\" src=\"http:\/\/www.slclub.hu\/wp-content\/uploads\/2014\/08\/DSC02670-02-300x225.jpg\" alt=\"Digital Camera\" width=\"300\" height=\"225\" class=\"alignnone size-medium wp-image-470\" srcset=\"https:\/\/www.slclub.hu\/wp-content\/uploads\/2014\/08\/DSC02670-02-300x225.jpg 300w, https:\/\/www.slclub.hu\/wp-content\/uploads\/2014\/08\/DSC02670-02-1024x768.jpg 1024w\" sizes=\"auto, (max-width: 300px) 100vw, 300px\" \/><\/a><\/p>\n<p><a href=\"http:\/\/www.slclub.hu\/wp-content\/uploads\/2014\/08\/DSC02670-03.jpg\"><img loading=\"lazy\" decoding=\"async\" src=\"http:\/\/www.slclub.hu\/wp-content\/uploads\/2014\/08\/DSC02670-03-300x225.jpg\" alt=\"Digital Camera\" width=\"300\" height=\"225\" class=\"alignnone size-medium wp-image-471\" srcset=\"https:\/\/www.slclub.hu\/wp-content\/uploads\/2014\/08\/DSC02670-03-300x225.jpg 300w, https:\/\/www.slclub.hu\/wp-content\/uploads\/2014\/08\/DSC02670-03-1024x768.jpg 1024w\" sizes=\"auto, (max-width: 300px) 100vw, 300px\" \/><\/a><\/p>\n<p><a href=\"http:\/\/www.slclub.hu\/wp-content\/uploads\/2014\/08\/DSC02670-05.jpg\"><img loading=\"lazy\" decoding=\"async\" src=\"http:\/\/www.slclub.hu\/wp-content\/uploads\/2014\/08\/DSC02670-05-300x225.jpg\" alt=\"Digital Camera\" width=\"300\" height=\"225\" class=\"alignnone size-medium wp-image-472\" srcset=\"https:\/\/www.slclub.hu\/wp-content\/uploads\/2014\/08\/DSC02670-05-300x225.jpg 300w, https:\/\/www.slclub.hu\/wp-content\/uploads\/2014\/08\/DSC02670-05-1024x768.jpg 1024w\" sizes=\"auto, (max-width: 300px) 100vw, 300px\" \/><\/a><\/p>\n<p><a href=\"http:\/\/www.slclub.hu\/wp-content\/uploads\/2014\/08\/DSC02670-13.jpg\"><img loading=\"lazy\" decoding=\"async\" src=\"http:\/\/www.slclub.hu\/wp-content\/uploads\/2014\/08\/DSC02670-13-300x225.jpg\" alt=\"Digital Camera\" width=\"300\" height=\"225\" class=\"alignnone size-medium wp-image-473\" srcset=\"https:\/\/www.slclub.hu\/wp-content\/uploads\/2014\/08\/DSC02670-13-300x225.jpg 300w, https:\/\/www.slclub.hu\/wp-content\/uploads\/2014\/08\/DSC02670-13-1024x768.jpg 1024w\" sizes=\"auto, (max-width: 300px) 100vw, 300px\" \/><\/a><\/p>\n<p><a href=\"http:\/\/www.slclub.hu\/wp-content\/uploads\/2014\/08\/DSC02670-17.jpg\"><img loading=\"lazy\" decoding=\"async\" src=\"http:\/\/www.slclub.hu\/wp-content\/uploads\/2014\/08\/DSC02670-17-300x225.jpg\" alt=\"Digital Camera\" width=\"300\" height=\"225\" class=\"alignnone size-medium wp-image-474\" srcset=\"https:\/\/www.slclub.hu\/wp-content\/uploads\/2014\/08\/DSC02670-17-300x225.jpg 300w, https:\/\/www.slclub.hu\/wp-content\/uploads\/2014\/08\/DSC02670-17-1024x768.jpg 1024w\" sizes=\"auto, (max-width: 300px) 100vw, 300px\" \/><\/a><\/p>\n<p><a href=\"http:\/\/www.slclub.hu\/wp-content\/uploads\/2014\/08\/DSC02670-19.jpg\"><img loading=\"lazy\" decoding=\"async\" src=\"http:\/\/www.slclub.hu\/wp-content\/uploads\/2014\/08\/DSC02670-19-300x225.jpg\" alt=\"Digital Camera\" width=\"300\" height=\"225\" class=\"alignnone size-medium wp-image-475\" srcset=\"https:\/\/www.slclub.hu\/wp-content\/uploads\/2014\/08\/DSC02670-19-300x225.jpg 300w, https:\/\/www.slclub.hu\/wp-content\/uploads\/2014\/08\/DSC02670-19-1024x768.jpg 1024w\" sizes=\"auto, (max-width: 300px) 100vw, 300px\" \/><\/a><\/p>\n<p><a href=\"http:\/\/www.slclub.hu\/wp-content\/uploads\/2014\/08\/DSC02671.jpg\"><img loading=\"lazy\" decoding=\"async\" src=\"http:\/\/www.slclub.hu\/wp-content\/uploads\/2014\/08\/DSC02671-300x225.jpg\" alt=\"DSC02671\" width=\"300\" height=\"225\" class=\"alignnone size-medium wp-image-476\" srcset=\"https:\/\/www.slclub.hu\/wp-content\/uploads\/2014\/08\/DSC02671-300x225.jpg 300w, https:\/\/www.slclub.hu\/wp-content\/uploads\/2014\/08\/DSC02671-1024x768.jpg 1024w\" sizes=\"auto, (max-width: 300px) 100vw, 300px\" \/><\/a><\/p>\n<p><a href=\"http:\/\/www.slclub.hu\/wp-content\/uploads\/2014\/08\/DSC02676.jpg\"><img loading=\"lazy\" decoding=\"async\" src=\"http:\/\/www.slclub.hu\/wp-content\/uploads\/2014\/08\/DSC02676-300x225.jpg\" alt=\"DSC02676\" width=\"300\" height=\"225\" class=\"alignnone size-medium wp-image-477\" srcset=\"https:\/\/www.slclub.hu\/wp-content\/uploads\/2014\/08\/DSC02676-300x225.jpg 300w, https:\/\/www.slclub.hu\/wp-content\/uploads\/2014\/08\/DSC02676-1024x768.jpg 1024w\" sizes=\"auto, (max-width: 300px) 100vw, 300px\" \/><\/a><\/p>\n<p><a href=\"http:\/\/www.slclub.hu\/wp-content\/uploads\/2014\/08\/DSC02680.jpg\"><img loading=\"lazy\" decoding=\"async\" src=\"http:\/\/www.slclub.hu\/wp-content\/uploads\/2014\/08\/DSC02680-300x225.jpg\" alt=\"DSC02680\" width=\"300\" height=\"225\" class=\"alignnone size-medium wp-image-478\" srcset=\"https:\/\/www.slclub.hu\/wp-content\/uploads\/2014\/08\/DSC02680-300x225.jpg 300w, https:\/\/www.slclub.hu\/wp-content\/uploads\/2014\/08\/DSC02680-1024x768.jpg 1024w\" sizes=\"auto, (max-width: 300px) 100vw, 300px\" \/><\/a><\/p>\n<p><a href=\"http:\/\/www.slclub.hu\/wp-content\/uploads\/2014\/08\/DSC02682.jpg\"><img loading=\"lazy\" decoding=\"async\" src=\"http:\/\/www.slclub.hu\/wp-content\/uploads\/2014\/08\/DSC02682-300x225.jpg\" alt=\"DSC02682\" width=\"300\" height=\"225\" class=\"alignnone size-medium wp-image-479\" srcset=\"https:\/\/www.slclub.hu\/wp-content\/uploads\/2014\/08\/DSC02682-300x225.jpg 300w, https:\/\/www.slclub.hu\/wp-content\/uploads\/2014\/08\/DSC02682-1024x768.jpg 1024w\" sizes=\"auto, (max-width: 300px) 100vw, 300px\" \/><\/a><\/p>\n<p><a href=\"http:\/\/www.slclub.hu\/wp-content\/uploads\/2014\/08\/DSC02684-01.jpg\"><img loading=\"lazy\" decoding=\"async\" src=\"http:\/\/www.slclub.hu\/wp-content\/uploads\/2014\/08\/DSC02684-01-300x225.jpg\" alt=\"DSC02684 01\" width=\"300\" height=\"225\" class=\"alignnone size-medium wp-image-480\" srcset=\"https:\/\/www.slclub.hu\/wp-content\/uploads\/2014\/08\/DSC02684-01-300x225.jpg 300w, https:\/\/www.slclub.hu\/wp-content\/uploads\/2014\/08\/DSC02684-01-1024x768.jpg 1024w\" sizes=\"auto, (max-width: 300px) 100vw, 300px\" \/><\/a><\/p>\n<p><a href=\"http:\/\/www.slclub.hu\/wp-content\/uploads\/2014\/08\/DSC02684-04.jpg\"><img loading=\"lazy\" decoding=\"async\" src=\"http:\/\/www.slclub.hu\/wp-content\/uploads\/2014\/08\/DSC02684-04-300x225.jpg\" alt=\"Digital Camera\" width=\"300\" height=\"225\" class=\"alignnone size-medium wp-image-481\" srcset=\"https:\/\/www.slclub.hu\/wp-content\/uploads\/2014\/08\/DSC02684-04-300x225.jpg 300w, https:\/\/www.slclub.hu\/wp-content\/uploads\/2014\/08\/DSC02684-04-1024x768.jpg 1024w\" sizes=\"auto, (max-width: 300px) 100vw, 300px\" \/><\/a><\/p>\n<p><a href=\"http:\/\/www.slclub.hu\/wp-content\/uploads\/2014\/08\/DSC02684-05.jpg\"><img loading=\"lazy\" decoding=\"async\" src=\"http:\/\/www.slclub.hu\/wp-content\/uploads\/2014\/08\/DSC02684-05-300x225.jpg\" alt=\"Digital Camera\" width=\"300\" height=\"225\" class=\"alignnone size-medium wp-image-482\" srcset=\"https:\/\/www.slclub.hu\/wp-content\/uploads\/2014\/08\/DSC02684-05-300x225.jpg 300w, https:\/\/www.slclub.hu\/wp-content\/uploads\/2014\/08\/DSC02684-05-1024x768.jpg 1024w\" sizes=\"auto, (max-width: 300px) 100vw, 300px\" \/><\/a><\/p>\n<p><a href=\"http:\/\/www.slclub.hu\/wp-content\/uploads\/2014\/08\/DSC02687-01.jpg\"><img loading=\"lazy\" decoding=\"async\" src=\"http:\/\/www.slclub.hu\/wp-content\/uploads\/2014\/08\/DSC02687-01-300x225.jpg\" alt=\"DSC02687 01\" width=\"300\" height=\"225\" class=\"alignnone size-medium wp-image-483\" srcset=\"https:\/\/www.slclub.hu\/wp-content\/uploads\/2014\/08\/DSC02687-01-300x225.jpg 300w, https:\/\/www.slclub.hu\/wp-content\/uploads\/2014\/08\/DSC02687-01-1024x768.jpg 1024w\" sizes=\"auto, (max-width: 300px) 100vw, 300px\" \/><\/a><\/p>\n<p><a href=\"http:\/\/www.slclub.hu\/wp-content\/uploads\/2014\/08\/DSC02687-02.jpg\"><img loading=\"lazy\" decoding=\"async\" src=\"http:\/\/www.slclub.hu\/wp-content\/uploads\/2014\/08\/DSC02687-02-300x225.jpg\" alt=\"DSC02687 02\" width=\"300\" height=\"225\" class=\"alignnone size-medium wp-image-484\" srcset=\"https:\/\/www.slclub.hu\/wp-content\/uploads\/2014\/08\/DSC02687-02-300x225.jpg 300w, https:\/\/www.slclub.hu\/wp-content\/uploads\/2014\/08\/DSC02687-02-1024x768.jpg 1024w, https:\/\/www.slclub.hu\/wp-content\/uploads\/2014\/08\/DSC02687-02.jpg 2048w\" sizes=\"auto, (max-width: 300px) 100vw, 300px\" \/><\/a><\/p>\n<p><a href=\"http:\/\/www.slclub.hu\/wp-content\/uploads\/2014\/08\/DSC02687-03.jpg\"><img loading=\"lazy\" decoding=\"async\" src=\"http:\/\/www.slclub.hu\/wp-content\/uploads\/2014\/08\/DSC02687-03-225x300.jpg\" alt=\"DSC02687 03\" width=\"225\" height=\"300\" class=\"alignnone size-medium wp-image-485\" srcset=\"https:\/\/www.slclub.hu\/wp-content\/uploads\/2014\/08\/DSC02687-03-225x300.jpg 225w, https:\/\/www.slclub.hu\/wp-content\/uploads\/2014\/08\/DSC02687-03.jpg 720w\" sizes=\"auto, (max-width: 225px) 100vw, 225px\" \/><\/a><\/p>\n<p><a href=\"http:\/\/www.slclub.hu\/wp-content\/uploads\/2014\/08\/DSC02687-04.jpg\"><img loading=\"lazy\" decoding=\"async\" src=\"http:\/\/www.slclub.hu\/wp-content\/uploads\/2014\/08\/DSC02687-04-300x225.jpg\" alt=\"DSC02687 04\" width=\"300\" height=\"225\" class=\"alignnone size-medium wp-image-486\" srcset=\"https:\/\/www.slclub.hu\/wp-content\/uploads\/2014\/08\/DSC02687-04-300x225.jpg 300w, https:\/\/www.slclub.hu\/wp-content\/uploads\/2014\/08\/DSC02687-04.jpg 852w\" sizes=\"auto, (max-width: 300px) 100vw, 300px\" \/><\/a><\/p>\n","protected":false},"excerpt":{"rendered":"","protected":false},"author":1,"featured_media":0,"parent":0,"menu_order":0,"comment_status":"open","ping_status":"open","template":"","meta":{"footnotes":""},"class_list":["post-153","page","type-page","status-publish","hentry"],"_links":{"self":[{"href":"https:\/\/www.slclub.hu\/index.php?rest_route=\/wp\/v2\/pages\/153","targetHints":{"allow":["GET"]}}],"collection":[{"href":"https:\/\/www.slclub.hu\/index.php?rest_route=\/wp\/v2\/pages"}],"about":[{"href":"https:\/\/www.slclub.hu\/index.php?rest_route=\/wp\/v2\/types\/page"}],"author":[{"embeddable":true,"href":"https:\/\/www.slclub.hu\/index.php?rest_route=\/wp\/v2\/users\/1"}],"replies":[{"embeddable":true,"href":"https:\/\/www.slclub.hu\/index.php?rest_route=%2Fwp%2Fv2%2Fcomments&post=153"}],"version-history":[{"count":4,"href":"https:\/\/www.slclub.hu\/index.php?rest_route=\/wp\/v2\/pages\/153\/revisions"}],"predecessor-version":[{"id":1274,"href":"https:\/\/www.slclub.hu\/index.php?rest_route=\/wp\/v2\/pages\/153\/revisions\/1274"}],"wp:attachment":[{"href":"https:\/\/www.slclub.hu\/index.php?rest_route=%2Fwp%2Fv2%2Fmedia&parent=153"}],"curies":[{"name":"wp","href":"https:\/\/api.w.org\/{rel}","templated":true}]}}