{"id":1659,"date":"2015-09-16T14:11:46","date_gmt":"2015-09-16T12:11:46","guid":{"rendered":"http:\/\/www.slclub.hu\/?page_id=1659"},"modified":"2016-10-16T16:44:02","modified_gmt":"2016-10-16T14:44:02","slug":"2016-2","status":"publish","type":"page","link":"https:\/\/www.slclub.hu\/?page_id=1659","title":{"rendered":"2016"},"content":{"rendered":"<p><strong>2016.01.10. SLC \u00faj\u00e9vi tal\u00e1lkoz\u00f3ja.<\/strong><br \/>\n11:00 Sz\u00e9kesfeh\u00e9rv\u00e1r &#8211; Tesco<\/p>\n<p><strong>2016.02.21. Sz\u00fclinapi Tal\u00e1lkoz\u00f3<\/strong><br \/>\n11:00-15:00-ig<br \/>\nTal\u00e1lkoz\u00e1s 10:45-11:00 k\u00f6z\u00f6tt az \u00c9rdi Tescon\u00e1l<br \/>\nKorl\u00e1tlan \u00c9telfogyaszt\u00e1s 1250.Ft<br \/>\nTekep\u00e1lya 1.600.- Ft\/\u00f3ra\/p\u00e1lya<br \/>\n<a href=\"http:\/\/www.klubsiraly.hu\" target=\"_blank\">www.klubsiraly.hu<\/a><\/p>\n<p><strong>2016.03.25. Suzuki Gy\u00e1rl\u00e1togat\u00e1s + 14:00 Esztergom Tali<\/strong><br \/>\nAz \u00e9rdekl\u0151d\u0151 csoportok maxim\u00e1lis l\u00e9tsz\u00e1ma 52 f\u0151 (4x13F\u0151) lehet, e f\u00f6l\u00f6tt k\u00e9t csoportnak tekintj\u00fck a jelentkez\u0151ket. 14 \u00e9ven aluliak a szerel\u0151 \u00fczemet n\u00e9zhetik meg, a t\u00fara id\u0151tartama ebben az esetben 45 perc, 14 \u00e9ven fel\u00fcliek a pr\u00e9s-, hegeszt\u0151- \u00e9s szerel\u0151\u00fczemet j\u00e1rj\u00e1k be, aminek az id\u0151tartama 1,5 \u00f3ra.<br \/>\nA gy\u00e1rl\u00e1togat\u00e1sra \u00e9rkez\u0151knek \u2013 az id\u0151j\u00e1r\u00e1si viszonyokt\u00f3l f\u00fcggetlen\u00fcl \u2013 az al\u00e1bbi \u00f6lt\u00f6zetet kell viselni\u00fck: z\u00e1rt cip\u0151, hossz\u00fanadr\u00e1g, hossz\u00fa ujj\u00fa fels\u0151. A mell\u00e9kelt Bel\u00e9p\u0151lap kit\u00f6lt\u00e9se \u00e9s \u00e9rkez\u00e9skori lead\u00e1sa a szem\u00e9lyport\u00e1n k\u00f6telez\u0151.<\/p>\n<p>A gy\u00e1rl\u00e1togat\u00e1snak d\u00edja nincs.<\/p>\n<p><strong>2016.06.25.T\u00fcrje I. Zalai Suzuki Tal\u00e1lkoz\u00f3<\/strong><br \/>\n9:00 kapunyit\u00e1s<br \/>\n10:30 \u00fcnnep\u00e9nyes megnyit\u00f3<br \/>\n11:00 Felni tart\u00f3 verseny<br \/>\n12:00 R\u00e9sztvev\u00f6knek eb\u00e9d<br \/>\n13:00 Vakon parkol\u00e1s<br \/>\n14:00 Kipufog\u00f3 hangnyom\u00e1s verseny<br \/>\n15:00 Autosz\u00e9ps\u00e9g verseny 5 kategori\u00e1ba<br \/>\n16:30 kwiz j\u00e1t\u00e9k<br \/>\n17:30 suzuki lover club jelentkez\u00e9s<br \/>\n18:00 eredm\u00e9ny hirdet\u00e9s<br \/>\n18:30 z\u00e1r\u00f3party<\/p>\n<p>R\u00e9szv\u00e9teli dij 1000 ft\\ aut\u00f3 \u00d6szes programra<br \/>\nHelysz\u00edn Zalamegye T\u00fcrje sport p\u00e1lya<\/p>\n<p><strong>2016.07.23. I.ERCSI AUT\u00d3S &#8211; MOTOROS TAL\u00c1LKOZ\u00d3!<\/strong><\/p>\n<p>11:45 \u00f3ra Gy\u0151ri M\u00e1t\u00e9 Polg\u00e1rmesteri megnyit\u00f3!<br \/>\n12:10 \u00f3ra Nevez\u00e9s a programokra<br \/>\n12:30 \u00f3ra Aut\u00f3s sz\u00e9ps\u00e9gverseny:<br \/>\n&#8211;\tUtcai<br \/>\n&#8211;\tTuring<br \/>\n&#8211;\tLegfiatalabb<br \/>\n&#8211;\tLegid\u0151sebb<br \/>\n12:20 \u00f3ra Zenei \u00e9s Kipufog\u00f3 Hangnyom\u00e1s m\u00e9r\u00e9s<br \/>\n13:00 Aut\u00f3s \u00fcgyess\u00e9gi verseny akad\u00e1ly p\u00e1ly\u00e1n<br \/>\n14:00 Felni kitart\u00f3 verseny<br \/>\n15:00 Aut\u00f3s limb\u00f3<br \/>\n17:00 \u00f3ra Eredm\u00e9nyhirdet\u00e9s<br \/>\n18:00 Akusztikus koncertek:<br \/>\n&#8211;\tPiszkos Fred<br \/>\n&#8211;\tRomantikus Er\u0151szak<\/p>\n<p>Eg\u00e9sz napos:<\/p>\n<p>Ugr\u00e1l\u00f3v\u00e1r, L\u00e9gv\u00e1r, Arcfest\u00e9s kicsiknek<br \/>\nErcsi Hagyom\u00e1ny\u0151rz\u0151k<\/p>\n<p><strong>2016.07.30.II. Suzuki Tal\u00e1lkoz\u00f3 P\u00e9cs<\/strong><br \/>\n18:00 P\u00e9cs Pl\u00e1za<br \/>\n<strong><br \/>\n2016.08.27.Buda\u00f6rsi MiniTali<\/strong><br \/>\n15:00 Tesco<\/p>\n<p><strong>2016.09.11.Mosonmagyar\u00f3v\u00e1ri Minitali<\/strong><br \/>\n15:00 Mosonmagyar\u00f3v\u00e1r<\/p>\n<p><strong>2016.09.24. Gy\u0151rii MiniTali<\/strong><br \/>\n16:00 Gy\u0151ri Eto park<\/p>\n<p><strong>2016.10.09. Moh\u00e1csi Ny\u00e1rb\u00facs\u00faztat\u00f3 MiniTali<\/strong><br \/>\n15:00 Moh\u00e1csi Tesco<\/p>\n<p><strong>2016.10.15.Suzuki \u00e9s M\u00e1rkaf\u00fcggetlen Tal\u00e1lkoz\u00f3 Campona<\/strong><br \/>\n10:00-17:00 \u00f3r\u00e1ig tart<br \/>\n-sz\u00e9ps\u00e9gverseny<br \/>\n-kv\u00edz k\u00e9rd\u00e9sek<br \/>\n-15:00 Konvoj a Lurdyba<\/p>\n<p><strong>2016.11.05.Cs\u00e1sz\u00e1ri Suzuki Tal\u00e1lkoz\u00f3( Western Farm)<\/strong><br \/>\n15:00 Henryx City Cs\u00e1sz\u00e1r<\/p>\n<p><strong>2016.11.13. Szegedi MiniTali<\/strong><br \/>\n14:00Szeged Pl\u00e1za Parkol\u00f3, M\u00e9lygar\u00e1zsban<\/p>\n<p><strong>2016.12.04. Mikul\u00e1sv\u00e1r\u00f3 MiniTali<\/strong><br \/>\n14:00 Moh\u00e1csi Tesco<\/p>\n<p><strong>2016.12.10. J\u00f3t\u00e9konys\u00e1gi aut\u00f3s tal\u00e1lkoz\u00f3 (m\u00e1rkaf\u00fcggetlen)<\/strong><br \/>\n10:00 Gy\u0151r Family Center<\/p>\n","protected":false},"excerpt":{"rendered":"<p>2016.01.10. SLC \u00faj\u00e9vi tal\u00e1lkoz\u00f3ja. 11:00 Sz\u00e9kesfeh\u00e9rv\u00e1r &#8211; Tesco 2016.02.21. Sz\u00fclinapi Tal\u00e1lkoz\u00f3 11:00-15:00-ig Tal\u00e1lkoz\u00e1s 10:45-11:00 k\u00f6z\u00f6tt az \u00c9rdi Tescon\u00e1l Korl\u00e1tlan \u00c9telfogyaszt\u00e1s 1250.Ft Tekep\u00e1lya 1.600.- Ft\/\u00f3ra\/p\u00e1lya www.klubsiraly.hu 2016.03.25. Suzuki Gy\u00e1rl\u00e1togat\u00e1s + 14:00 Esztergom Tali Az \u00e9rdekl\u0151d\u0151 csoportok maxim\u00e1lis l\u00e9tsz\u00e1ma 52 f\u0151 (4x13F\u0151) lehet, e f\u00f6l\u00f6tt k\u00e9t csoportnak tekintj\u00fck a jelentkez\u0151ket. 14 \u00e9ven aluliak a szerel\u0151 \u00fczemet n\u00e9zhetik &hellip; <a href=\"https:\/\/www.slclub.hu\/?page_id=1659\" class=\"more-link\"><span class=\"screen-reader-text\">2016<\/span> b\u0151vebben&#8230; <span class=\"meta-nav\">&rarr;<\/span><\/a><\/p>\n","protected":false},"author":1,"featured_media":0,"parent":0,"menu_order":0,"comment_status":"closed","ping_status":"closed","template":"","meta":{"footnotes":""},"class_list":["post-1659","page","type-page","status-publish","hentry"],"_links":{"self":[{"href":"https:\/\/www.slclub.hu\/index.php?rest_route=\/wp\/v2\/pages\/1659","targetHints":{"allow":["GET"]}}],"collection":[{"href":"https:\/\/www.slclub.hu\/index.php?rest_route=\/wp\/v2\/pages"}],"about":[{"href":"https:\/\/www.slclub.hu\/index.php?rest_route=\/wp\/v2\/types\/page"}],"author":[{"embeddable":true,"href":"https:\/\/www.slclub.hu\/index.php?rest_route=\/wp\/v2\/users\/1"}],"replies":[{"embeddable":true,"href":"https:\/\/www.slclub.hu\/index.php?rest_route=%2Fwp%2Fv2%2Fcomments&post=1659"}],"version-history":[{"count":33,"href":"https:\/\/www.slclub.hu\/index.php?rest_route=\/wp\/v2\/pages\/1659\/revisions"}],"predecessor-version":[{"id":2218,"href":"https:\/\/www.slclub.hu\/index.php?rest_route=\/wp\/v2\/pages\/1659\/revisions\/2218"}],"wp:attachment":[{"href":"https:\/\/www.slclub.hu\/index.php?rest_route=%2Fwp%2Fv2%2Fmedia&parent=1659"}],"curies":[{"name":"wp","href":"https:\/\/api.w.org\/{rel}","templated":true}]}}