{"id":1922,"date":"2016-03-26T09:29:52","date_gmt":"2016-03-26T08:29:52","guid":{"rendered":"http:\/\/www.slclub.hu\/?page_id=1922"},"modified":"2016-03-26T21:12:12","modified_gmt":"2016-03-26T20:12:12","slug":"2016-02-21-szulinapi-talalkozo","status":"publish","type":"page","link":"https:\/\/www.slclub.hu\/?page_id=1922","title":{"rendered":"2016.02.21. Sz\u00fclinapi Tal\u00e1lkoz\u00f3"},"content":{"rendered":"<figure id=\"attachment_2045\" aria-describedby=\"caption-attachment-2045\" style=\"width: 300px\" class=\"wp-caption aligncenter\"><a href=\"http:\/\/www.slclub.hu\/wp-content\/uploads\/2016\/03\/PIC_0687.jpg\" rel=\"attachment wp-att-2045\"><img loading=\"lazy\" decoding=\"async\" src=\"http:\/\/www.slclub.hu\/wp-content\/uploads\/2016\/03\/PIC_0687-300x225.jpg\" alt=\"\u0088\" width=\"300\" height=\"225\" class=\"size-medium wp-image-2045\" srcset=\"https:\/\/www.slclub.hu\/wp-content\/uploads\/2016\/03\/PIC_0687-300x225.jpg 300w, https:\/\/www.slclub.hu\/wp-content\/uploads\/2016\/03\/PIC_0687-768x576.jpg 768w, https:\/\/www.slclub.hu\/wp-content\/uploads\/2016\/03\/PIC_0687-1024x768.jpg 1024w\" sizes=\"auto, (max-width: 300px) 100vw, 300px\" \/><\/a><figcaption id=\"caption-attachment-2045\" class=\"wp-caption-text\">\u0088<\/figcaption><\/figure>\n<figure id=\"attachment_2046\" aria-describedby=\"caption-attachment-2046\" style=\"width: 300px\" class=\"wp-caption aligncenter\"><a href=\"http:\/\/www.slclub.hu\/wp-content\/uploads\/2016\/03\/PIC_0692.jpg\" rel=\"attachment wp-att-2046\"><img loading=\"lazy\" decoding=\"async\" src=\"http:\/\/www.slclub.hu\/wp-content\/uploads\/2016\/03\/PIC_0692-300x225.jpg\" alt=\"\u0088\" width=\"300\" height=\"225\" class=\"size-medium wp-image-2046\" srcset=\"https:\/\/www.slclub.hu\/wp-content\/uploads\/2016\/03\/PIC_0692-300x225.jpg 300w, https:\/\/www.slclub.hu\/wp-content\/uploads\/2016\/03\/PIC_0692-768x576.jpg 768w, https:\/\/www.slclub.hu\/wp-content\/uploads\/2016\/03\/PIC_0692-1024x768.jpg 1024w\" sizes=\"auto, (max-width: 300px) 100vw, 300px\" \/><\/a><figcaption id=\"caption-attachment-2046\" class=\"wp-caption-text\">\u0088<\/figcaption><\/figure>\n<p><a href=\"http:\/\/www.slclub.hu\/wp-content\/uploads\/2016\/03\/PIC_0693-00.jpg\" rel=\"attachment wp-att-2047\"><img loading=\"lazy\" decoding=\"async\" src=\"http:\/\/www.slclub.hu\/wp-content\/uploads\/2016\/03\/PIC_0693-00-300x225.jpg\" alt=\"PIC_0693 00\" width=\"300\" height=\"225\" class=\"aligncenter size-medium wp-image-2047\" srcset=\"https:\/\/www.slclub.hu\/wp-content\/uploads\/2016\/03\/PIC_0693-00-300x225.jpg 300w, https:\/\/www.slclub.hu\/wp-content\/uploads\/2016\/03\/PIC_0693-00-768x576.jpg 768w, https:\/\/www.slclub.hu\/wp-content\/uploads\/2016\/03\/PIC_0693-00.jpg 960w\" sizes=\"auto, (max-width: 300px) 100vw, 300px\" \/><\/a><\/p>\n<p><a href=\"http:\/\/www.slclub.hu\/wp-content\/uploads\/2016\/03\/PIC_0693-02.jpg\" rel=\"attachment wp-att-2048\"><img loading=\"lazy\" decoding=\"async\" src=\"http:\/\/www.slclub.hu\/wp-content\/uploads\/2016\/03\/PIC_0693-02-300x225.jpg\" alt=\"PIC_0693 02\" width=\"300\" height=\"225\" class=\"aligncenter size-medium wp-image-2048\" srcset=\"https:\/\/www.slclub.hu\/wp-content\/uploads\/2016\/03\/PIC_0693-02-300x225.jpg 300w, https:\/\/www.slclub.hu\/wp-content\/uploads\/2016\/03\/PIC_0693-02-768x576.jpg 768w, https:\/\/www.slclub.hu\/wp-content\/uploads\/2016\/03\/PIC_0693-02.jpg 960w\" sizes=\"auto, (max-width: 300px) 100vw, 300px\" \/><\/a><\/p>\n<p><a href=\"http:\/\/www.slclub.hu\/wp-content\/uploads\/2016\/03\/PIC_0694-01.jpg\" rel=\"attachment wp-att-2049\"><img loading=\"lazy\" decoding=\"async\" src=\"http:\/\/www.slclub.hu\/wp-content\/uploads\/2016\/03\/PIC_0694-01-225x300.jpg\" alt=\"PIC_0694 01\" width=\"225\" height=\"300\" class=\"aligncenter size-medium wp-image-2049\" srcset=\"https:\/\/www.slclub.hu\/wp-content\/uploads\/2016\/03\/PIC_0694-01-225x300.jpg 225w, https:\/\/www.slclub.hu\/wp-content\/uploads\/2016\/03\/PIC_0694-01.jpg 720w\" sizes=\"auto, (max-width: 225px) 100vw, 225px\" \/><\/a><\/p>\n<p><a href=\"http:\/\/www.slclub.hu\/wp-content\/uploads\/2016\/03\/PIC_0694-05.jpg\" rel=\"attachment wp-att-2050\"><img loading=\"lazy\" decoding=\"async\" src=\"http:\/\/www.slclub.hu\/wp-content\/uploads\/2016\/03\/PIC_0694-05-300x225.jpg\" alt=\"PIC_0694 05\" width=\"300\" height=\"225\" class=\"aligncenter size-medium wp-image-2050\" srcset=\"https:\/\/www.slclub.hu\/wp-content\/uploads\/2016\/03\/PIC_0694-05-300x225.jpg 300w, https:\/\/www.slclub.hu\/wp-content\/uploads\/2016\/03\/PIC_0694-05-768x576.jpg 768w, https:\/\/www.slclub.hu\/wp-content\/uploads\/2016\/03\/PIC_0694-05.jpg 960w\" sizes=\"auto, (max-width: 300px) 100vw, 300px\" \/><\/a><\/p>\n<figure id=\"attachment_2051\" aria-describedby=\"caption-attachment-2051\" style=\"width: 300px\" class=\"wp-caption aligncenter\"><a href=\"http:\/\/www.slclub.hu\/wp-content\/uploads\/2016\/03\/PIC_0695.jpg\" rel=\"attachment wp-att-2051\"><img loading=\"lazy\" decoding=\"async\" src=\"http:\/\/www.slclub.hu\/wp-content\/uploads\/2016\/03\/PIC_0695-300x225.jpg\" alt=\"\u0088\" width=\"300\" height=\"225\" class=\"size-medium wp-image-2051\" srcset=\"https:\/\/www.slclub.hu\/wp-content\/uploads\/2016\/03\/PIC_0695-300x225.jpg 300w, https:\/\/www.slclub.hu\/wp-content\/uploads\/2016\/03\/PIC_0695-768x576.jpg 768w, https:\/\/www.slclub.hu\/wp-content\/uploads\/2016\/03\/PIC_0695-1024x768.jpg 1024w\" sizes=\"auto, (max-width: 300px) 100vw, 300px\" \/><\/a><figcaption id=\"caption-attachment-2051\" class=\"wp-caption-text\">\u0088<\/figcaption><\/figure>\n<figure id=\"attachment_2052\" aria-describedby=\"caption-attachment-2052\" style=\"width: 300px\" class=\"wp-caption aligncenter\"><a href=\"http:\/\/www.slclub.hu\/wp-content\/uploads\/2016\/03\/PIC_0697.jpg\" rel=\"attachment wp-att-2052\"><img loading=\"lazy\" decoding=\"async\" src=\"http:\/\/www.slclub.hu\/wp-content\/uploads\/2016\/03\/PIC_0697-300x225.jpg\" alt=\"\u0088\" width=\"300\" height=\"225\" class=\"size-medium wp-image-2052\" srcset=\"https:\/\/www.slclub.hu\/wp-content\/uploads\/2016\/03\/PIC_0697-300x225.jpg 300w, https:\/\/www.slclub.hu\/wp-content\/uploads\/2016\/03\/PIC_0697-768x576.jpg 768w, https:\/\/www.slclub.hu\/wp-content\/uploads\/2016\/03\/PIC_0697-1024x768.jpg 1024w\" sizes=\"auto, (max-width: 300px) 100vw, 300px\" \/><\/a><figcaption id=\"caption-attachment-2052\" class=\"wp-caption-text\">\u0088<\/figcaption><\/figure>\n<p><a href=\"http:\/\/www.slclub.hu\/wp-content\/uploads\/2016\/03\/PIC_0699-01.jpg\" rel=\"attachment wp-att-2053\"><img loading=\"lazy\" decoding=\"async\" src=\"http:\/\/www.slclub.hu\/wp-content\/uploads\/2016\/03\/PIC_0699-01-300x225.jpg\" alt=\"PIC_0699 01\" width=\"300\" height=\"225\" class=\"aligncenter size-medium wp-image-2053\" srcset=\"https:\/\/www.slclub.hu\/wp-content\/uploads\/2016\/03\/PIC_0699-01-300x225.jpg 300w, https:\/\/www.slclub.hu\/wp-content\/uploads\/2016\/03\/PIC_0699-01-768x576.jpg 768w, https:\/\/www.slclub.hu\/wp-content\/uploads\/2016\/03\/PIC_0699-01.jpg 960w\" sizes=\"auto, (max-width: 300px) 100vw, 300px\" \/><\/a><\/p>\n<figure id=\"attachment_2054\" aria-describedby=\"caption-attachment-2054\" style=\"width: 225px\" class=\"wp-caption aligncenter\"><a href=\"http:\/\/www.slclub.hu\/wp-content\/uploads\/2016\/03\/PIC_0699.jpg\" rel=\"attachment wp-att-2054\"><img loading=\"lazy\" decoding=\"async\" src=\"http:\/\/www.slclub.hu\/wp-content\/uploads\/2016\/03\/PIC_0699-225x300.jpg\" alt=\"Digital Camera\" width=\"225\" height=\"300\" class=\"size-medium wp-image-2054\" srcset=\"https:\/\/www.slclub.hu\/wp-content\/uploads\/2016\/03\/PIC_0699-225x300.jpg 225w, https:\/\/www.slclub.hu\/wp-content\/uploads\/2016\/03\/PIC_0699-768x1024.jpg 768w\" sizes=\"auto, (max-width: 225px) 100vw, 225px\" \/><\/a><figcaption id=\"caption-attachment-2054\" class=\"wp-caption-text\">Digital Camera<\/figcaption><\/figure>\n<figure id=\"attachment_2055\" aria-describedby=\"caption-attachment-2055\" style=\"width: 300px\" class=\"wp-caption aligncenter\"><a href=\"http:\/\/www.slclub.hu\/wp-content\/uploads\/2016\/03\/PIC_0701.jpg\" rel=\"attachment wp-att-2055\"><img loading=\"lazy\" decoding=\"async\" src=\"http:\/\/www.slclub.hu\/wp-content\/uploads\/2016\/03\/PIC_0701-300x225.jpg\" alt=\"\u0088\" width=\"300\" height=\"225\" class=\"size-medium wp-image-2055\" srcset=\"https:\/\/www.slclub.hu\/wp-content\/uploads\/2016\/03\/PIC_0701-300x225.jpg 300w, https:\/\/www.slclub.hu\/wp-content\/uploads\/2016\/03\/PIC_0701-768x576.jpg 768w, https:\/\/www.slclub.hu\/wp-content\/uploads\/2016\/03\/PIC_0701-1024x768.jpg 1024w\" sizes=\"auto, (max-width: 300px) 100vw, 300px\" \/><\/a><figcaption id=\"caption-attachment-2055\" class=\"wp-caption-text\">\u0088<\/figcaption><\/figure>\n<figure id=\"attachment_2056\" aria-describedby=\"caption-attachment-2056\" style=\"width: 300px\" class=\"wp-caption aligncenter\"><a href=\"http:\/\/www.slclub.hu\/wp-content\/uploads\/2016\/03\/PIC_0702.jpg\" rel=\"attachment wp-att-2056\"><img loading=\"lazy\" decoding=\"async\" src=\"http:\/\/www.slclub.hu\/wp-content\/uploads\/2016\/03\/PIC_0702-300x225.jpg\" alt=\"\u0088\" width=\"300\" height=\"225\" class=\"size-medium wp-image-2056\" srcset=\"https:\/\/www.slclub.hu\/wp-content\/uploads\/2016\/03\/PIC_0702-300x225.jpg 300w, https:\/\/www.slclub.hu\/wp-content\/uploads\/2016\/03\/PIC_0702-768x576.jpg 768w, https:\/\/www.slclub.hu\/wp-content\/uploads\/2016\/03\/PIC_0702-1024x768.jpg 1024w\" sizes=\"auto, (max-width: 300px) 100vw, 300px\" \/><\/a><figcaption id=\"caption-attachment-2056\" class=\"wp-caption-text\">\u0088<\/figcaption><\/figure>\n<figure id=\"attachment_2057\" aria-describedby=\"caption-attachment-2057\" style=\"width: 300px\" class=\"wp-caption aligncenter\"><a href=\"http:\/\/www.slclub.hu\/wp-content\/uploads\/2016\/03\/PIC_0704.jpg\" rel=\"attachment wp-att-2057\"><img loading=\"lazy\" decoding=\"async\" src=\"http:\/\/www.slclub.hu\/wp-content\/uploads\/2016\/03\/PIC_0704-300x225.jpg\" alt=\"\u0088\" width=\"300\" height=\"225\" class=\"size-medium wp-image-2057\" srcset=\"https:\/\/www.slclub.hu\/wp-content\/uploads\/2016\/03\/PIC_0704-300x225.jpg 300w, https:\/\/www.slclub.hu\/wp-content\/uploads\/2016\/03\/PIC_0704-768x576.jpg 768w, https:\/\/www.slclub.hu\/wp-content\/uploads\/2016\/03\/PIC_0704-1024x768.jpg 1024w\" sizes=\"auto, (max-width: 300px) 100vw, 300px\" \/><\/a><figcaption id=\"caption-attachment-2057\" class=\"wp-caption-text\">\u0088<\/figcaption><\/figure>\n<figure id=\"attachment_2058\" aria-describedby=\"caption-attachment-2058\" style=\"width: 300px\" class=\"wp-caption aligncenter\"><a href=\"http:\/\/www.slclub.hu\/wp-content\/uploads\/2016\/03\/PIC_0706.jpg\" rel=\"attachment wp-att-2058\"><img loading=\"lazy\" decoding=\"async\" src=\"http:\/\/www.slclub.hu\/wp-content\/uploads\/2016\/03\/PIC_0706-300x225.jpg\" alt=\"\u0088\" width=\"300\" height=\"225\" class=\"size-medium wp-image-2058\" srcset=\"https:\/\/www.slclub.hu\/wp-content\/uploads\/2016\/03\/PIC_0706-300x225.jpg 300w, https:\/\/www.slclub.hu\/wp-content\/uploads\/2016\/03\/PIC_0706-768x576.jpg 768w, https:\/\/www.slclub.hu\/wp-content\/uploads\/2016\/03\/PIC_0706-1024x768.jpg 1024w\" sizes=\"auto, (max-width: 300px) 100vw, 300px\" \/><\/a><figcaption id=\"caption-attachment-2058\" class=\"wp-caption-text\">\u0088<\/figcaption><\/figure>\n<figure id=\"attachment_2059\" aria-describedby=\"caption-attachment-2059\" style=\"width: 300px\" class=\"wp-caption aligncenter\"><a href=\"http:\/\/www.slclub.hu\/wp-content\/uploads\/2016\/03\/PIC_0708.jpg\" rel=\"attachment wp-att-2059\"><img loading=\"lazy\" decoding=\"async\" src=\"http:\/\/www.slclub.hu\/wp-content\/uploads\/2016\/03\/PIC_0708-300x225.jpg\" alt=\"\u0088\" width=\"300\" height=\"225\" class=\"size-medium wp-image-2059\" srcset=\"https:\/\/www.slclub.hu\/wp-content\/uploads\/2016\/03\/PIC_0708-300x225.jpg 300w, https:\/\/www.slclub.hu\/wp-content\/uploads\/2016\/03\/PIC_0708-768x576.jpg 768w, https:\/\/www.slclub.hu\/wp-content\/uploads\/2016\/03\/PIC_0708-1024x768.jpg 1024w\" sizes=\"auto, (max-width: 300px) 100vw, 300px\" \/><\/a><figcaption id=\"caption-attachment-2059\" class=\"wp-caption-text\">\u0088<\/figcaption><\/figure>\n<figure id=\"attachment_2060\" aria-describedby=\"caption-attachment-2060\" style=\"width: 300px\" class=\"wp-caption aligncenter\"><a href=\"http:\/\/www.slclub.hu\/wp-content\/uploads\/2016\/03\/PIC_0709.jpg\" rel=\"attachment wp-att-2060\"><img loading=\"lazy\" decoding=\"async\" src=\"http:\/\/www.slclub.hu\/wp-content\/uploads\/2016\/03\/PIC_0709-300x225.jpg\" alt=\"\u0088\" width=\"300\" height=\"225\" class=\"size-medium wp-image-2060\" srcset=\"https:\/\/www.slclub.hu\/wp-content\/uploads\/2016\/03\/PIC_0709-300x225.jpg 300w, https:\/\/www.slclub.hu\/wp-content\/uploads\/2016\/03\/PIC_0709-768x576.jpg 768w, https:\/\/www.slclub.hu\/wp-content\/uploads\/2016\/03\/PIC_0709-1024x768.jpg 1024w\" sizes=\"auto, (max-width: 300px) 100vw, 300px\" \/><\/a><figcaption id=\"caption-attachment-2060\" class=\"wp-caption-text\">\u0088<\/figcaption><\/figure>\n<figure id=\"attachment_2061\" aria-describedby=\"caption-attachment-2061\" style=\"width: 300px\" class=\"wp-caption aligncenter\"><a href=\"http:\/\/www.slclub.hu\/wp-content\/uploads\/2016\/03\/PIC_0711.jpg\" rel=\"attachment wp-att-2061\"><img loading=\"lazy\" decoding=\"async\" src=\"http:\/\/www.slclub.hu\/wp-content\/uploads\/2016\/03\/PIC_0711-300x225.jpg\" alt=\"\u0088\" width=\"300\" height=\"225\" class=\"size-medium wp-image-2061\" srcset=\"https:\/\/www.slclub.hu\/wp-content\/uploads\/2016\/03\/PIC_0711-300x225.jpg 300w, https:\/\/www.slclub.hu\/wp-content\/uploads\/2016\/03\/PIC_0711-768x576.jpg 768w, https:\/\/www.slclub.hu\/wp-content\/uploads\/2016\/03\/PIC_0711-1024x768.jpg 1024w\" sizes=\"auto, (max-width: 300px) 100vw, 300px\" \/><\/a><figcaption id=\"caption-attachment-2061\" class=\"wp-caption-text\">\u0088<\/figcaption><\/figure>\n<figure id=\"attachment_2062\" aria-describedby=\"caption-attachment-2062\" style=\"width: 300px\" class=\"wp-caption aligncenter\"><a href=\"http:\/\/www.slclub.hu\/wp-content\/uploads\/2016\/03\/PIC_0716.jpg\" rel=\"attachment wp-att-2062\"><img loading=\"lazy\" decoding=\"async\" src=\"http:\/\/www.slclub.hu\/wp-content\/uploads\/2016\/03\/PIC_0716-300x225.jpg\" alt=\"\u0088\" width=\"300\" height=\"225\" class=\"size-medium wp-image-2062\" srcset=\"https:\/\/www.slclub.hu\/wp-content\/uploads\/2016\/03\/PIC_0716-300x225.jpg 300w, https:\/\/www.slclub.hu\/wp-content\/uploads\/2016\/03\/PIC_0716-768x576.jpg 768w, https:\/\/www.slclub.hu\/wp-content\/uploads\/2016\/03\/PIC_0716-1024x768.jpg 1024w\" sizes=\"auto, (max-width: 300px) 100vw, 300px\" \/><\/a><figcaption id=\"caption-attachment-2062\" class=\"wp-caption-text\">\u0088<\/figcaption><\/figure>\n<figure id=\"attachment_2063\" aria-describedby=\"caption-attachment-2063\" style=\"width: 300px\" class=\"wp-caption aligncenter\"><a href=\"http:\/\/www.slclub.hu\/wp-content\/uploads\/2016\/03\/PIC_0717.jpg\" rel=\"attachment wp-att-2063\"><img loading=\"lazy\" decoding=\"async\" src=\"http:\/\/www.slclub.hu\/wp-content\/uploads\/2016\/03\/PIC_0717-300x225.jpg\" alt=\"\u0088\" width=\"300\" height=\"225\" class=\"size-medium wp-image-2063\" srcset=\"https:\/\/www.slclub.hu\/wp-content\/uploads\/2016\/03\/PIC_0717-300x225.jpg 300w, https:\/\/www.slclub.hu\/wp-content\/uploads\/2016\/03\/PIC_0717-768x576.jpg 768w, https:\/\/www.slclub.hu\/wp-content\/uploads\/2016\/03\/PIC_0717-1024x768.jpg 1024w\" sizes=\"auto, (max-width: 300px) 100vw, 300px\" \/><\/a><figcaption id=\"caption-attachment-2063\" class=\"wp-caption-text\">\u0088<\/figcaption><\/figure>\n<figure id=\"attachment_2064\" aria-describedby=\"caption-attachment-2064\" style=\"width: 300px\" class=\"wp-caption aligncenter\"><a href=\"http:\/\/www.slclub.hu\/wp-content\/uploads\/2016\/03\/PIC_0720.jpg\" rel=\"attachment wp-att-2064\"><img loading=\"lazy\" decoding=\"async\" src=\"http:\/\/www.slclub.hu\/wp-content\/uploads\/2016\/03\/PIC_0720-300x225.jpg\" alt=\"\u0088\" width=\"300\" height=\"225\" class=\"size-medium wp-image-2064\" srcset=\"https:\/\/www.slclub.hu\/wp-content\/uploads\/2016\/03\/PIC_0720-300x225.jpg 300w, https:\/\/www.slclub.hu\/wp-content\/uploads\/2016\/03\/PIC_0720-768x576.jpg 768w, https:\/\/www.slclub.hu\/wp-content\/uploads\/2016\/03\/PIC_0720-1024x768.jpg 1024w\" sizes=\"auto, (max-width: 300px) 100vw, 300px\" \/><\/a><figcaption id=\"caption-attachment-2064\" class=\"wp-caption-text\">\u0088<\/figcaption><\/figure>\n<figure id=\"attachment_2065\" aria-describedby=\"caption-attachment-2065\" style=\"width: 300px\" class=\"wp-caption aligncenter\"><a href=\"http:\/\/www.slclub.hu\/wp-content\/uploads\/2016\/03\/PIC_0721.jpg\" rel=\"attachment wp-att-2065\"><img loading=\"lazy\" decoding=\"async\" src=\"http:\/\/www.slclub.hu\/wp-content\/uploads\/2016\/03\/PIC_0721-300x225.jpg\" alt=\"\u0088\" width=\"300\" height=\"225\" class=\"size-medium wp-image-2065\" srcset=\"https:\/\/www.slclub.hu\/wp-content\/uploads\/2016\/03\/PIC_0721-300x225.jpg 300w, https:\/\/www.slclub.hu\/wp-content\/uploads\/2016\/03\/PIC_0721-768x576.jpg 768w, https:\/\/www.slclub.hu\/wp-content\/uploads\/2016\/03\/PIC_0721-1024x768.jpg 1024w\" sizes=\"auto, (max-width: 300px) 100vw, 300px\" \/><\/a><figcaption id=\"caption-attachment-2065\" class=\"wp-caption-text\">\u0088<\/figcaption><\/figure>\n<p><a href=\"http:\/\/www.slclub.hu\/wp-content\/uploads\/2016\/03\/PIC_0722-2.jpg\" rel=\"attachment wp-att-2066\"><img loading=\"lazy\" decoding=\"async\" src=\"http:\/\/www.slclub.hu\/wp-content\/uploads\/2016\/03\/PIC_0722-2-300x169.jpg\" alt=\"PIC_0722 2\" width=\"300\" height=\"169\" class=\"aligncenter size-medium wp-image-2066\" srcset=\"https:\/\/www.slclub.hu\/wp-content\/uploads\/2016\/03\/PIC_0722-2-300x169.jpg 300w, https:\/\/www.slclub.hu\/wp-content\/uploads\/2016\/03\/PIC_0722-2-768x432.jpg 768w, https:\/\/www.slclub.hu\/wp-content\/uploads\/2016\/03\/PIC_0722-2.jpg 960w\" sizes=\"auto, (max-width: 300px) 100vw, 300px\" \/><\/a><\/p>\n<figure id=\"attachment_2067\" aria-describedby=\"caption-attachment-2067\" style=\"width: 300px\" class=\"wp-caption aligncenter\"><a href=\"http:\/\/www.slclub.hu\/wp-content\/uploads\/2016\/03\/PIC_0723.jpg\" rel=\"attachment wp-att-2067\"><img loading=\"lazy\" decoding=\"async\" src=\"http:\/\/www.slclub.hu\/wp-content\/uploads\/2016\/03\/PIC_0723-300x225.jpg\" alt=\"\u0088\" width=\"300\" height=\"225\" class=\"size-medium wp-image-2067\" srcset=\"https:\/\/www.slclub.hu\/wp-content\/uploads\/2016\/03\/PIC_0723-300x225.jpg 300w, https:\/\/www.slclub.hu\/wp-content\/uploads\/2016\/03\/PIC_0723-768x576.jpg 768w, https:\/\/www.slclub.hu\/wp-content\/uploads\/2016\/03\/PIC_0723-1024x768.jpg 1024w\" sizes=\"auto, (max-width: 300px) 100vw, 300px\" \/><\/a><figcaption id=\"caption-attachment-2067\" class=\"wp-caption-text\">\u0088<\/figcaption><\/figure>\n<figure id=\"attachment_2068\" aria-describedby=\"caption-attachment-2068\" style=\"width: 300px\" class=\"wp-caption aligncenter\"><a href=\"http:\/\/www.slclub.hu\/wp-content\/uploads\/2016\/03\/PIC_0724.jpg\" rel=\"attachment wp-att-2068\"><img loading=\"lazy\" decoding=\"async\" src=\"http:\/\/www.slclub.hu\/wp-content\/uploads\/2016\/03\/PIC_0724-300x225.jpg\" alt=\"\u0088\" width=\"300\" height=\"225\" class=\"size-medium wp-image-2068\" srcset=\"https:\/\/www.slclub.hu\/wp-content\/uploads\/2016\/03\/PIC_0724-300x225.jpg 300w, https:\/\/www.slclub.hu\/wp-content\/uploads\/2016\/03\/PIC_0724-768x576.jpg 768w, https:\/\/www.slclub.hu\/wp-content\/uploads\/2016\/03\/PIC_0724-1024x768.jpg 1024w\" sizes=\"auto, (max-width: 300px) 100vw, 300px\" \/><\/a><figcaption id=\"caption-attachment-2068\" class=\"wp-caption-text\">\u0088<\/figcaption><\/figure>\n<figure id=\"attachment_2069\" aria-describedby=\"caption-attachment-2069\" style=\"width: 300px\" class=\"wp-caption aligncenter\"><a href=\"http:\/\/www.slclub.hu\/wp-content\/uploads\/2016\/03\/PIC_0725.jpg\" rel=\"attachment wp-att-2069\"><img loading=\"lazy\" decoding=\"async\" src=\"http:\/\/www.slclub.hu\/wp-content\/uploads\/2016\/03\/PIC_0725-300x225.jpg\" alt=\"\u0088\" width=\"300\" height=\"225\" class=\"size-medium wp-image-2069\" srcset=\"https:\/\/www.slclub.hu\/wp-content\/uploads\/2016\/03\/PIC_0725-300x225.jpg 300w, https:\/\/www.slclub.hu\/wp-content\/uploads\/2016\/03\/PIC_0725-768x576.jpg 768w, https:\/\/www.slclub.hu\/wp-content\/uploads\/2016\/03\/PIC_0725-1024x768.jpg 1024w\" sizes=\"auto, (max-width: 300px) 100vw, 300px\" \/><\/a><figcaption id=\"caption-attachment-2069\" class=\"wp-caption-text\">\u0088<\/figcaption><\/figure>\n<figure id=\"attachment_2070\" aria-describedby=\"caption-attachment-2070\" style=\"width: 300px\" class=\"wp-caption aligncenter\"><a href=\"http:\/\/www.slclub.hu\/wp-content\/uploads\/2016\/03\/PIC_0727.jpg\" rel=\"attachment wp-att-2070\"><img loading=\"lazy\" decoding=\"async\" src=\"http:\/\/www.slclub.hu\/wp-content\/uploads\/2016\/03\/PIC_0727-300x225.jpg\" alt=\"\u0088\" width=\"300\" height=\"225\" class=\"size-medium wp-image-2070\" srcset=\"https:\/\/www.slclub.hu\/wp-content\/uploads\/2016\/03\/PIC_0727-300x225.jpg 300w, https:\/\/www.slclub.hu\/wp-content\/uploads\/2016\/03\/PIC_0727-768x576.jpg 768w, https:\/\/www.slclub.hu\/wp-content\/uploads\/2016\/03\/PIC_0727-1024x768.jpg 1024w\" sizes=\"auto, (max-width: 300px) 100vw, 300px\" \/><\/a><figcaption id=\"caption-attachment-2070\" class=\"wp-caption-text\">\u0088<\/figcaption><\/figure>\n<figure id=\"attachment_2071\" aria-describedby=\"caption-attachment-2071\" style=\"width: 300px\" class=\"wp-caption aligncenter\"><a href=\"http:\/\/www.slclub.hu\/wp-content\/uploads\/2016\/03\/PIC_0731.jpg\" rel=\"attachment wp-att-2071\"><img loading=\"lazy\" decoding=\"async\" src=\"http:\/\/www.slclub.hu\/wp-content\/uploads\/2016\/03\/PIC_0731-300x225.jpg\" alt=\"\u0088\" width=\"300\" height=\"225\" class=\"size-medium wp-image-2071\" srcset=\"https:\/\/www.slclub.hu\/wp-content\/uploads\/2016\/03\/PIC_0731-300x225.jpg 300w, https:\/\/www.slclub.hu\/wp-content\/uploads\/2016\/03\/PIC_0731-768x576.jpg 768w, https:\/\/www.slclub.hu\/wp-content\/uploads\/2016\/03\/PIC_0731-1024x768.jpg 1024w\" sizes=\"auto, (max-width: 300px) 100vw, 300px\" \/><\/a><figcaption id=\"caption-attachment-2071\" class=\"wp-caption-text\">\u0088<\/figcaption><\/figure>\n<figure id=\"attachment_2072\" aria-describedby=\"caption-attachment-2072\" style=\"width: 300px\" class=\"wp-caption aligncenter\"><a href=\"http:\/\/www.slclub.hu\/wp-content\/uploads\/2016\/03\/PIC_0732.jpg\" rel=\"attachment wp-att-2072\"><img loading=\"lazy\" decoding=\"async\" src=\"http:\/\/www.slclub.hu\/wp-content\/uploads\/2016\/03\/PIC_0732-300x225.jpg\" alt=\"\u0088\" width=\"300\" height=\"225\" class=\"size-medium wp-image-2072\" srcset=\"https:\/\/www.slclub.hu\/wp-content\/uploads\/2016\/03\/PIC_0732-300x225.jpg 300w, https:\/\/www.slclub.hu\/wp-content\/uploads\/2016\/03\/PIC_0732-768x576.jpg 768w, https:\/\/www.slclub.hu\/wp-content\/uploads\/2016\/03\/PIC_0732-1024x768.jpg 1024w\" sizes=\"auto, (max-width: 300px) 100vw, 300px\" \/><\/a><figcaption id=\"caption-attachment-2072\" class=\"wp-caption-text\">\u0088<\/figcaption><\/figure>\n<figure id=\"attachment_2073\" aria-describedby=\"caption-attachment-2073\" style=\"width: 300px\" class=\"wp-caption aligncenter\"><a href=\"http:\/\/www.slclub.hu\/wp-content\/uploads\/2016\/03\/PIC_0733.jpg\" rel=\"attachment wp-att-2073\"><img loading=\"lazy\" decoding=\"async\" src=\"http:\/\/www.slclub.hu\/wp-content\/uploads\/2016\/03\/PIC_0733-300x225.jpg\" alt=\"\u0088\" width=\"300\" height=\"225\" class=\"size-medium wp-image-2073\" srcset=\"https:\/\/www.slclub.hu\/wp-content\/uploads\/2016\/03\/PIC_0733-300x225.jpg 300w, https:\/\/www.slclub.hu\/wp-content\/uploads\/2016\/03\/PIC_0733-768x576.jpg 768w, https:\/\/www.slclub.hu\/wp-content\/uploads\/2016\/03\/PIC_0733-1024x768.jpg 1024w\" sizes=\"auto, (max-width: 300px) 100vw, 300px\" \/><\/a><figcaption id=\"caption-attachment-2073\" class=\"wp-caption-text\">\u0088<\/figcaption><\/figure>\n<figure id=\"attachment_2074\" aria-describedby=\"caption-attachment-2074\" style=\"width: 300px\" class=\"wp-caption aligncenter\"><a href=\"http:\/\/www.slclub.hu\/wp-content\/uploads\/2016\/03\/PIC_0736.jpg\" rel=\"attachment wp-att-2074\"><img loading=\"lazy\" decoding=\"async\" src=\"http:\/\/www.slclub.hu\/wp-content\/uploads\/2016\/03\/PIC_0736-300x225.jpg\" alt=\"\u0088\" width=\"300\" height=\"225\" class=\"size-medium wp-image-2074\" srcset=\"https:\/\/www.slclub.hu\/wp-content\/uploads\/2016\/03\/PIC_0736-300x225.jpg 300w, https:\/\/www.slclub.hu\/wp-content\/uploads\/2016\/03\/PIC_0736-768x576.jpg 768w, https:\/\/www.slclub.hu\/wp-content\/uploads\/2016\/03\/PIC_0736-1024x768.jpg 1024w\" sizes=\"auto, (max-width: 300px) 100vw, 300px\" \/><\/a><figcaption id=\"caption-attachment-2074\" class=\"wp-caption-text\">\u0088<\/figcaption><\/figure>\n<figure id=\"attachment_2075\" aria-describedby=\"caption-attachment-2075\" style=\"width: 225px\" class=\"wp-caption aligncenter\"><a href=\"http:\/\/www.slclub.hu\/wp-content\/uploads\/2016\/03\/PIC_0739.jpg\" rel=\"attachment wp-att-2075\"><img loading=\"lazy\" decoding=\"async\" src=\"http:\/\/www.slclub.hu\/wp-content\/uploads\/2016\/03\/PIC_0739-225x300.jpg\" alt=\"Digital Camera\" width=\"225\" height=\"300\" class=\"size-medium wp-image-2075\" srcset=\"https:\/\/www.slclub.hu\/wp-content\/uploads\/2016\/03\/PIC_0739-225x300.jpg 225w, https:\/\/www.slclub.hu\/wp-content\/uploads\/2016\/03\/PIC_0739-768x1024.jpg 768w\" sizes=\"auto, (max-width: 225px) 100vw, 225px\" \/><\/a><figcaption id=\"caption-attachment-2075\" class=\"wp-caption-text\">Digital Camera<\/figcaption><\/figure>\n<p><a href=\"http:\/\/www.slclub.hu\/wp-content\/uploads\/2016\/03\/PIC_0744.jpg\" rel=\"attachment wp-att-2076\"><img loading=\"lazy\" decoding=\"async\" src=\"http:\/\/www.slclub.hu\/wp-content\/uploads\/2016\/03\/PIC_0744-300x225.jpg\" alt=\"PIC_0744\" width=\"300\" height=\"225\" class=\"aligncenter size-medium wp-image-2076\" srcset=\"https:\/\/www.slclub.hu\/wp-content\/uploads\/2016\/03\/PIC_0744-300x225.jpg 300w, https:\/\/www.slclub.hu\/wp-content\/uploads\/2016\/03\/PIC_0744-768x576.jpg 768w, https:\/\/www.slclub.hu\/wp-content\/uploads\/2016\/03\/PIC_0744-1024x768.jpg 1024w, https:\/\/www.slclub.hu\/wp-content\/uploads\/2016\/03\/PIC_0744.jpg 2048w\" sizes=\"auto, (max-width: 300px) 100vw, 300px\" \/><\/a><\/p>\n","protected":false},"excerpt":{"rendered":"","protected":false},"author":1,"featured_media":0,"parent":0,"menu_order":0,"comment_status":"closed","ping_status":"closed","template":"","meta":{"footnotes":""},"class_list":["post-1922","page","type-page","status-publish","hentry"],"_links":{"self":[{"href":"https:\/\/www.slclub.hu\/index.php?rest_route=\/wp\/v2\/pages\/1922","targetHints":{"allow":["GET"]}}],"collection":[{"href":"https:\/\/www.slclub.hu\/index.php?rest_route=\/wp\/v2\/pages"}],"about":[{"href":"https:\/\/www.slclub.hu\/index.php?rest_route=\/wp\/v2\/types\/page"}],"author":[{"embeddable":true,"href":"https:\/\/www.slclub.hu\/index.php?rest_route=\/wp\/v2\/users\/1"}],"replies":[{"embeddable":true,"href":"https:\/\/www.slclub.hu\/index.php?rest_route=%2Fwp%2Fv2%2Fcomments&post=1922"}],"version-history":[{"count":2,"href":"https:\/\/www.slclub.hu\/index.php?rest_route=\/wp\/v2\/pages\/1922\/revisions"}],"predecessor-version":[{"id":2077,"href":"https:\/\/www.slclub.hu\/index.php?rest_route=\/wp\/v2\/pages\/1922\/revisions\/2077"}],"wp:attachment":[{"href":"https:\/\/www.slclub.hu\/index.php?rest_route=%2Fwp%2Fv2%2Fmedia&parent=1922"}],"curies":[{"name":"wp","href":"https:\/\/api.w.org\/{rel}","templated":true}]}}