{"id":1925,"date":"2016-03-26T09:31:41","date_gmt":"2016-03-26T08:31:41","guid":{"rendered":"http:\/\/www.slclub.hu\/?page_id=1925"},"modified":"2016-03-26T21:08:15","modified_gmt":"2016-03-26T20:08:15","slug":"2016-03-12-oroszlanyi-talalkozo","status":"publish","type":"page","link":"https:\/\/www.slclub.hu\/?page_id=1925","title":{"rendered":"2016.03.12. Oroszl\u00e1nyi Tal\u00e1lkoz\u00f3"},"content":{"rendered":"<p><a href=\"http:\/\/www.slclub.hu\/wp-content\/uploads\/2016\/03\/01.jpg\" rel=\"attachment wp-att-2033\"><img loading=\"lazy\" decoding=\"async\" src=\"http:\/\/www.slclub.hu\/wp-content\/uploads\/2016\/03\/01-300x169.jpg\" alt=\"01\" width=\"300\" height=\"169\" class=\"aligncenter size-medium wp-image-2033\" srcset=\"https:\/\/www.slclub.hu\/wp-content\/uploads\/2016\/03\/01-300x169.jpg 300w, https:\/\/www.slclub.hu\/wp-content\/uploads\/2016\/03\/01-768x432.jpg 768w, https:\/\/www.slclub.hu\/wp-content\/uploads\/2016\/03\/01-1024x576.jpg 1024w, https:\/\/www.slclub.hu\/wp-content\/uploads\/2016\/03\/01.jpg 2048w\" sizes=\"auto, (max-width: 300px) 100vw, 300px\" \/><\/a><\/p>\n<p><a href=\"http:\/\/www.slclub.hu\/wp-content\/uploads\/2016\/03\/02.jpg\" rel=\"attachment wp-att-2034\"><img loading=\"lazy\" decoding=\"async\" src=\"http:\/\/www.slclub.hu\/wp-content\/uploads\/2016\/03\/02-300x169.jpg\" alt=\"02\" width=\"300\" height=\"169\" class=\"aligncenter size-medium wp-image-2034\" srcset=\"https:\/\/www.slclub.hu\/wp-content\/uploads\/2016\/03\/02-300x169.jpg 300w, https:\/\/www.slclub.hu\/wp-content\/uploads\/2016\/03\/02-768x432.jpg 768w, https:\/\/www.slclub.hu\/wp-content\/uploads\/2016\/03\/02-1024x576.jpg 1024w, https:\/\/www.slclub.hu\/wp-content\/uploads\/2016\/03\/02.jpg 2048w\" sizes=\"auto, (max-width: 300px) 100vw, 300px\" \/><\/a><\/p>\n<p><a href=\"http:\/\/www.slclub.hu\/wp-content\/uploads\/2016\/03\/03.jpg\" rel=\"attachment wp-att-2035\"><img loading=\"lazy\" decoding=\"async\" src=\"http:\/\/www.slclub.hu\/wp-content\/uploads\/2016\/03\/03-300x169.jpg\" alt=\"03\" width=\"300\" height=\"169\" class=\"aligncenter size-medium wp-image-2035\" srcset=\"https:\/\/www.slclub.hu\/wp-content\/uploads\/2016\/03\/03-300x169.jpg 300w, https:\/\/www.slclub.hu\/wp-content\/uploads\/2016\/03\/03-768x432.jpg 768w, https:\/\/www.slclub.hu\/wp-content\/uploads\/2016\/03\/03-1024x576.jpg 1024w, https:\/\/www.slclub.hu\/wp-content\/uploads\/2016\/03\/03.jpg 2048w\" sizes=\"auto, (max-width: 300px) 100vw, 300px\" \/><\/a><\/p>\n<p><a href=\"http:\/\/www.slclub.hu\/wp-content\/uploads\/2016\/03\/04.jpg\" rel=\"attachment wp-att-2036\"><img loading=\"lazy\" decoding=\"async\" src=\"http:\/\/www.slclub.hu\/wp-content\/uploads\/2016\/03\/04-300x169.jpg\" alt=\"04\" width=\"300\" height=\"169\" class=\"aligncenter size-medium wp-image-2036\" srcset=\"https:\/\/www.slclub.hu\/wp-content\/uploads\/2016\/03\/04-300x169.jpg 300w, https:\/\/www.slclub.hu\/wp-content\/uploads\/2016\/03\/04-768x432.jpg 768w, https:\/\/www.slclub.hu\/wp-content\/uploads\/2016\/03\/04-1024x576.jpg 1024w, https:\/\/www.slclub.hu\/wp-content\/uploads\/2016\/03\/04.jpg 2048w\" sizes=\"auto, (max-width: 300px) 100vw, 300px\" \/><\/a><\/p>\n<p><a href=\"http:\/\/www.slclub.hu\/wp-content\/uploads\/2016\/03\/05.jpg\" rel=\"attachment wp-att-2037\"><img loading=\"lazy\" decoding=\"async\" src=\"http:\/\/www.slclub.hu\/wp-content\/uploads\/2016\/03\/05-300x169.jpg\" alt=\"05\" width=\"300\" height=\"169\" class=\"aligncenter size-medium wp-image-2037\" srcset=\"https:\/\/www.slclub.hu\/wp-content\/uploads\/2016\/03\/05-300x169.jpg 300w, https:\/\/www.slclub.hu\/wp-content\/uploads\/2016\/03\/05-768x432.jpg 768w, https:\/\/www.slclub.hu\/wp-content\/uploads\/2016\/03\/05-1024x576.jpg 1024w, https:\/\/www.slclub.hu\/wp-content\/uploads\/2016\/03\/05.jpg 2048w\" sizes=\"auto, (max-width: 300px) 100vw, 300px\" \/><\/a><\/p>\n<p><a href=\"http:\/\/www.slclub.hu\/wp-content\/uploads\/2016\/03\/06.jpg\" rel=\"attachment wp-att-2038\"><img loading=\"lazy\" decoding=\"async\" src=\"http:\/\/www.slclub.hu\/wp-content\/uploads\/2016\/03\/06-300x225.jpg\" alt=\"06\" width=\"300\" height=\"225\" class=\"aligncenter size-medium wp-image-2038\" srcset=\"https:\/\/www.slclub.hu\/wp-content\/uploads\/2016\/03\/06-300x225.jpg 300w, https:\/\/www.slclub.hu\/wp-content\/uploads\/2016\/03\/06-768x576.jpg 768w, https:\/\/www.slclub.hu\/wp-content\/uploads\/2016\/03\/06-1024x768.jpg 1024w, https:\/\/www.slclub.hu\/wp-content\/uploads\/2016\/03\/06.jpg 2048w\" sizes=\"auto, (max-width: 300px) 100vw, 300px\" \/><\/a><\/p>\n<p><a href=\"http:\/\/www.slclub.hu\/wp-content\/uploads\/2016\/03\/07.jpg\" rel=\"attachment wp-att-2039\"><img loading=\"lazy\" decoding=\"async\" src=\"http:\/\/www.slclub.hu\/wp-content\/uploads\/2016\/03\/07-300x225.jpg\" alt=\"07\" width=\"300\" height=\"225\" class=\"aligncenter size-medium wp-image-2039\" srcset=\"https:\/\/www.slclub.hu\/wp-content\/uploads\/2016\/03\/07-300x225.jpg 300w, https:\/\/www.slclub.hu\/wp-content\/uploads\/2016\/03\/07-768x576.jpg 768w, https:\/\/www.slclub.hu\/wp-content\/uploads\/2016\/03\/07-1024x768.jpg 1024w, https:\/\/www.slclub.hu\/wp-content\/uploads\/2016\/03\/07.jpg 2048w\" sizes=\"auto, (max-width: 300px) 100vw, 300px\" \/><\/a><\/p>\n<p><a href=\"http:\/\/www.slclub.hu\/wp-content\/uploads\/2016\/03\/08.jpg\" rel=\"attachment wp-att-2040\"><img loading=\"lazy\" decoding=\"async\" src=\"http:\/\/www.slclub.hu\/wp-content\/uploads\/2016\/03\/08-300x225.jpg\" alt=\"08\" width=\"300\" height=\"225\" class=\"aligncenter size-medium wp-image-2040\" srcset=\"https:\/\/www.slclub.hu\/wp-content\/uploads\/2016\/03\/08-300x225.jpg 300w, https:\/\/www.slclub.hu\/wp-content\/uploads\/2016\/03\/08-768x576.jpg 768w, https:\/\/www.slclub.hu\/wp-content\/uploads\/2016\/03\/08-1024x768.jpg 1024w, https:\/\/www.slclub.hu\/wp-content\/uploads\/2016\/03\/08.jpg 2048w\" sizes=\"auto, (max-width: 300px) 100vw, 300px\" \/><\/a><\/p>\n<p><a href=\"http:\/\/www.slclub.hu\/wp-content\/uploads\/2016\/03\/09.jpg\" rel=\"attachment wp-att-2041\"><img loading=\"lazy\" decoding=\"async\" src=\"http:\/\/www.slclub.hu\/wp-content\/uploads\/2016\/03\/09-300x225.jpg\" alt=\"09\" width=\"300\" height=\"225\" class=\"aligncenter size-medium wp-image-2041\" srcset=\"https:\/\/www.slclub.hu\/wp-content\/uploads\/2016\/03\/09-300x225.jpg 300w, https:\/\/www.slclub.hu\/wp-content\/uploads\/2016\/03\/09-768x576.jpg 768w, https:\/\/www.slclub.hu\/wp-content\/uploads\/2016\/03\/09-1024x768.jpg 1024w, https:\/\/www.slclub.hu\/wp-content\/uploads\/2016\/03\/09.jpg 2048w\" sizes=\"auto, (max-width: 300px) 100vw, 300px\" \/><\/a><\/p>\n<p><a href=\"http:\/\/www.slclub.hu\/wp-content\/uploads\/2016\/03\/10.jpg\" rel=\"attachment wp-att-2042\"><img loading=\"lazy\" decoding=\"async\" src=\"http:\/\/www.slclub.hu\/wp-content\/uploads\/2016\/03\/10-300x225.jpg\" alt=\"10\" width=\"300\" height=\"225\" class=\"aligncenter size-medium wp-image-2042\" srcset=\"https:\/\/www.slclub.hu\/wp-content\/uploads\/2016\/03\/10-300x225.jpg 300w, https:\/\/www.slclub.hu\/wp-content\/uploads\/2016\/03\/10-768x576.jpg 768w, https:\/\/www.slclub.hu\/wp-content\/uploads\/2016\/03\/10-1024x768.jpg 1024w, https:\/\/www.slclub.hu\/wp-content\/uploads\/2016\/03\/10.jpg 2048w\" sizes=\"auto, (max-width: 300px) 100vw, 300px\" \/><\/a><\/p>\n<p><a href=\"http:\/\/www.slclub.hu\/wp-content\/uploads\/2016\/03\/11.jpg\" rel=\"attachment wp-att-2043\"><img loading=\"lazy\" decoding=\"async\" src=\"http:\/\/www.slclub.hu\/wp-content\/uploads\/2016\/03\/11-300x169.jpg\" alt=\"11\" width=\"300\" height=\"169\" class=\"aligncenter size-medium wp-image-2043\" srcset=\"https:\/\/www.slclub.hu\/wp-content\/uploads\/2016\/03\/11-300x169.jpg 300w, https:\/\/www.slclub.hu\/wp-content\/uploads\/2016\/03\/11-768x432.jpg 768w, https:\/\/www.slclub.hu\/wp-content\/uploads\/2016\/03\/11.jpg 960w\" sizes=\"auto, (max-width: 300px) 100vw, 300px\" \/><\/a><\/p>\n","protected":false},"excerpt":{"rendered":"","protected":false},"author":1,"featured_media":0,"parent":0,"menu_order":0,"comment_status":"closed","ping_status":"closed","template":"","meta":{"footnotes":""},"class_list":["post-1925","page","type-page","status-publish","hentry"],"_links":{"self":[{"href":"https:\/\/www.slclub.hu\/index.php?rest_route=\/wp\/v2\/pages\/1925","targetHints":{"allow":["GET"]}}],"collection":[{"href":"https:\/\/www.slclub.hu\/index.php?rest_route=\/wp\/v2\/pages"}],"about":[{"href":"https:\/\/www.slclub.hu\/index.php?rest_route=\/wp\/v2\/types\/page"}],"author":[{"embeddable":true,"href":"https:\/\/www.slclub.hu\/index.php?rest_route=\/wp\/v2\/users\/1"}],"replies":[{"embeddable":true,"href":"https:\/\/www.slclub.hu\/index.php?rest_route=%2Fwp%2Fv2%2Fcomments&post=1925"}],"version-history":[{"count":4,"href":"https:\/\/www.slclub.hu\/index.php?rest_route=\/wp\/v2\/pages\/1925\/revisions"}],"predecessor-version":[{"id":2044,"href":"https:\/\/www.slclub.hu\/index.php?rest_route=\/wp\/v2\/pages\/1925\/revisions\/2044"}],"wp:attachment":[{"href":"https:\/\/www.slclub.hu\/index.php?rest_route=%2Fwp%2Fv2%2Fmedia&parent=1925"}],"curies":[{"name":"wp","href":"https:\/\/api.w.org\/{rel}","templated":true}]}}