{"id":1928,"date":"2016-03-26T10:11:36","date_gmt":"2016-03-26T09:11:36","guid":{"rendered":"http:\/\/www.slclub.hu\/?page_id=1928"},"modified":"2016-03-26T10:28:17","modified_gmt":"2016-03-26T09:28:17","slug":"2016-03-25-suzuki-gyarlatogatas-es-mini-tali","status":"publish","type":"page","link":"https:\/\/www.slclub.hu\/?page_id=1928","title":{"rendered":"2016.03.25.Suzuki Gy\u00e1rl\u00e1togat\u00e1s \u00e9s Mini Tali"},"content":{"rendered":"<figure id=\"attachment_1963\" aria-describedby=\"caption-attachment-1963\" style=\"width: 150px\" class=\"wp-caption aligncenter\"><a href=\"http:\/\/www.slclub.hu\/wp-content\/uploads\/2016\/03\/P3250005.jpg\" rel=\"attachment wp-att-1963\"><img loading=\"lazy\" decoding=\"async\" src=\"http:\/\/www.slclub.hu\/wp-content\/uploads\/2016\/03\/P3250005-150x150.jpg\" alt=\"OLYMPUS DIGITAL CAMERA\" width=\"150\" height=\"150\" class=\"size-thumbnail wp-image-1963\" \/><\/a><figcaption id=\"caption-attachment-1963\" class=\"wp-caption-text\">OLYMPUS DIGITAL CAMERA<\/figcaption><\/figure>\n<figure id=\"attachment_1964\" aria-describedby=\"caption-attachment-1964\" style=\"width: 150px\" class=\"wp-caption aligncenter\"><a href=\"http:\/\/www.slclub.hu\/wp-content\/uploads\/2016\/03\/P3250009.jpg\" rel=\"attachment wp-att-1964\"><img loading=\"lazy\" decoding=\"async\" src=\"http:\/\/www.slclub.hu\/wp-content\/uploads\/2016\/03\/P3250009-150x150.jpg\" alt=\"OLYMPUS DIGITAL CAMERA\" width=\"150\" height=\"150\" class=\"size-thumbnail wp-image-1964\" \/><\/a><figcaption id=\"caption-attachment-1964\" class=\"wp-caption-text\">OLYMPUS DIGITAL CAMERA<\/figcaption><\/figure>\n<figure id=\"attachment_1965\" aria-describedby=\"caption-attachment-1965\" style=\"width: 150px\" class=\"wp-caption aligncenter\"><a href=\"http:\/\/www.slclub.hu\/wp-content\/uploads\/2016\/03\/P3250010.jpg\" rel=\"attachment wp-att-1965\"><img loading=\"lazy\" decoding=\"async\" src=\"http:\/\/www.slclub.hu\/wp-content\/uploads\/2016\/03\/P3250010-150x150.jpg\" alt=\"OLYMPUS DIGITAL CAMERA\" width=\"150\" height=\"150\" class=\"size-thumbnail wp-image-1965\" \/><\/a><figcaption id=\"caption-attachment-1965\" class=\"wp-caption-text\">OLYMPUS DIGITAL CAMERA<\/figcaption><\/figure>\n<figure id=\"attachment_1966\" aria-describedby=\"caption-attachment-1966\" style=\"width: 150px\" class=\"wp-caption aligncenter\"><a href=\"http:\/\/www.slclub.hu\/wp-content\/uploads\/2016\/03\/P3250011.jpg\" rel=\"attachment wp-att-1966\"><img loading=\"lazy\" decoding=\"async\" src=\"http:\/\/www.slclub.hu\/wp-content\/uploads\/2016\/03\/P3250011-150x150.jpg\" alt=\"OLYMPUS DIGITAL CAMERA\" width=\"150\" height=\"150\" class=\"size-thumbnail wp-image-1966\" \/><\/a><figcaption id=\"caption-attachment-1966\" class=\"wp-caption-text\">OLYMPUS DIGITAL CAMERA<\/figcaption><\/figure>\n<figure id=\"attachment_1967\" aria-describedby=\"caption-attachment-1967\" style=\"width: 150px\" class=\"wp-caption aligncenter\"><a href=\"http:\/\/www.slclub.hu\/wp-content\/uploads\/2016\/03\/P3250012.jpg\" rel=\"attachment wp-att-1967\"><img loading=\"lazy\" decoding=\"async\" src=\"http:\/\/www.slclub.hu\/wp-content\/uploads\/2016\/03\/P3250012-150x150.jpg\" alt=\"OLYMPUS DIGITAL CAMERA\" width=\"150\" height=\"150\" class=\"size-thumbnail wp-image-1967\" \/><\/a><figcaption id=\"caption-attachment-1967\" class=\"wp-caption-text\">OLYMPUS DIGITAL CAMERA<\/figcaption><\/figure>\n<figure id=\"attachment_1968\" aria-describedby=\"caption-attachment-1968\" style=\"width: 150px\" class=\"wp-caption aligncenter\"><a href=\"http:\/\/www.slclub.hu\/wp-content\/uploads\/2016\/03\/P3250015.jpg\" rel=\"attachment wp-att-1968\"><img loading=\"lazy\" decoding=\"async\" src=\"http:\/\/www.slclub.hu\/wp-content\/uploads\/2016\/03\/P3250015-150x150.jpg\" alt=\"OLYMPUS DIGITAL CAMERA\" width=\"150\" height=\"150\" class=\"size-thumbnail wp-image-1968\" \/><\/a><figcaption id=\"caption-attachment-1968\" class=\"wp-caption-text\">OLYMPUS DIGITAL CAMERA<\/figcaption><\/figure>\n<figure id=\"attachment_1969\" aria-describedby=\"caption-attachment-1969\" style=\"width: 150px\" class=\"wp-caption aligncenter\"><a href=\"http:\/\/www.slclub.hu\/wp-content\/uploads\/2016\/03\/P3250017.jpg\" rel=\"attachment wp-att-1969\"><img loading=\"lazy\" decoding=\"async\" src=\"http:\/\/www.slclub.hu\/wp-content\/uploads\/2016\/03\/P3250017-150x150.jpg\" alt=\"OLYMPUS DIGITAL CAMERA\" width=\"150\" height=\"150\" class=\"size-thumbnail wp-image-1969\" \/><\/a><figcaption id=\"caption-attachment-1969\" class=\"wp-caption-text\">OLYMPUS DIGITAL CAMERA<\/figcaption><\/figure>\n<figure id=\"attachment_1970\" aria-describedby=\"caption-attachment-1970\" style=\"width: 150px\" class=\"wp-caption aligncenter\"><a href=\"http:\/\/www.slclub.hu\/wp-content\/uploads\/2016\/03\/P3250018.jpg\" rel=\"attachment wp-att-1970\"><img loading=\"lazy\" decoding=\"async\" src=\"http:\/\/www.slclub.hu\/wp-content\/uploads\/2016\/03\/P3250018-150x150.jpg\" alt=\"OLYMPUS DIGITAL CAMERA\" width=\"150\" height=\"150\" class=\"size-thumbnail wp-image-1970\" \/><\/a><figcaption id=\"caption-attachment-1970\" class=\"wp-caption-text\">OLYMPUS DIGITAL CAMERA<\/figcaption><\/figure>\n<figure id=\"attachment_1971\" aria-describedby=\"caption-attachment-1971\" style=\"width: 150px\" class=\"wp-caption aligncenter\"><a href=\"http:\/\/www.slclub.hu\/wp-content\/uploads\/2016\/03\/P3250020.jpg\" rel=\"attachment wp-att-1971\"><img loading=\"lazy\" decoding=\"async\" src=\"http:\/\/www.slclub.hu\/wp-content\/uploads\/2016\/03\/P3250020-150x150.jpg\" alt=\"OLYMPUS DIGITAL CAMERA\" width=\"150\" height=\"150\" class=\"size-thumbnail wp-image-1971\" \/><\/a><figcaption id=\"caption-attachment-1971\" class=\"wp-caption-text\">OLYMPUS DIGITAL CAMERA<\/figcaption><\/figure>\n<figure id=\"attachment_1972\" aria-describedby=\"caption-attachment-1972\" style=\"width: 150px\" class=\"wp-caption aligncenter\"><a href=\"http:\/\/www.slclub.hu\/wp-content\/uploads\/2016\/03\/P3250024.jpg\" rel=\"attachment wp-att-1972\"><img loading=\"lazy\" decoding=\"async\" src=\"http:\/\/www.slclub.hu\/wp-content\/uploads\/2016\/03\/P3250024-150x150.jpg\" alt=\"OLYMPUS DIGITAL CAMERA\" width=\"150\" height=\"150\" class=\"size-thumbnail wp-image-1972\" \/><\/a><figcaption id=\"caption-attachment-1972\" class=\"wp-caption-text\">OLYMPUS DIGITAL CAMERA<\/figcaption><\/figure>\n<figure id=\"attachment_1973\" aria-describedby=\"caption-attachment-1973\" style=\"width: 150px\" class=\"wp-caption aligncenter\"><a href=\"http:\/\/www.slclub.hu\/wp-content\/uploads\/2016\/03\/P3250026.jpg\" rel=\"attachment wp-att-1973\"><img loading=\"lazy\" decoding=\"async\" src=\"http:\/\/www.slclub.hu\/wp-content\/uploads\/2016\/03\/P3250026-150x150.jpg\" alt=\"OLYMPUS DIGITAL CAMERA\" width=\"150\" height=\"150\" class=\"size-thumbnail wp-image-1973\" \/><\/a><figcaption id=\"caption-attachment-1973\" class=\"wp-caption-text\">OLYMPUS DIGITAL CAMERA<\/figcaption><\/figure>\n<figure id=\"attachment_1974\" aria-describedby=\"caption-attachment-1974\" style=\"width: 150px\" class=\"wp-caption aligncenter\"><a href=\"http:\/\/www.slclub.hu\/wp-content\/uploads\/2016\/03\/P3250027.jpg\" rel=\"attachment wp-att-1974\"><img loading=\"lazy\" decoding=\"async\" src=\"http:\/\/www.slclub.hu\/wp-content\/uploads\/2016\/03\/P3250027-150x150.jpg\" alt=\"OLYMPUS DIGITAL CAMERA\" width=\"150\" height=\"150\" class=\"size-thumbnail wp-image-1974\" \/><\/a><figcaption id=\"caption-attachment-1974\" class=\"wp-caption-text\">OLYMPUS DIGITAL CAMERA<\/figcaption><\/figure>\n<figure id=\"attachment_1975\" aria-describedby=\"caption-attachment-1975\" style=\"width: 150px\" class=\"wp-caption aligncenter\"><a href=\"http:\/\/www.slclub.hu\/wp-content\/uploads\/2016\/03\/P3250029.jpg\" rel=\"attachment wp-att-1975\"><img loading=\"lazy\" decoding=\"async\" src=\"http:\/\/www.slclub.hu\/wp-content\/uploads\/2016\/03\/P3250029-150x150.jpg\" alt=\"OLYMPUS DIGITAL CAMERA\" width=\"150\" height=\"150\" class=\"size-thumbnail wp-image-1975\" \/><\/a><figcaption id=\"caption-attachment-1975\" class=\"wp-caption-text\">OLYMPUS DIGITAL CAMERA<\/figcaption><\/figure>\n<figure id=\"attachment_1976\" aria-describedby=\"caption-attachment-1976\" style=\"width: 150px\" class=\"wp-caption aligncenter\"><a href=\"http:\/\/www.slclub.hu\/wp-content\/uploads\/2016\/03\/P3250031.jpg\" rel=\"attachment wp-att-1976\"><img loading=\"lazy\" decoding=\"async\" src=\"http:\/\/www.slclub.hu\/wp-content\/uploads\/2016\/03\/P3250031-150x150.jpg\" alt=\"OLYMPUS DIGITAL CAMERA\" width=\"150\" height=\"150\" class=\"size-thumbnail wp-image-1976\" \/><\/a><figcaption id=\"caption-attachment-1976\" class=\"wp-caption-text\">OLYMPUS DIGITAL CAMERA<\/figcaption><\/figure>\n<figure id=\"attachment_1977\" aria-describedby=\"caption-attachment-1977\" style=\"width: 150px\" class=\"wp-caption aligncenter\"><a href=\"http:\/\/www.slclub.hu\/wp-content\/uploads\/2016\/03\/P3250036.jpg\" rel=\"attachment wp-att-1977\"><img loading=\"lazy\" decoding=\"async\" src=\"http:\/\/www.slclub.hu\/wp-content\/uploads\/2016\/03\/P3250036-150x150.jpg\" alt=\"OLYMPUS DIGITAL CAMERA\" width=\"150\" height=\"150\" class=\"size-thumbnail wp-image-1977\" \/><\/a><figcaption id=\"caption-attachment-1977\" class=\"wp-caption-text\">OLYMPUS DIGITAL CAMERA<\/figcaption><\/figure>\n<figure id=\"attachment_1978\" aria-describedby=\"caption-attachment-1978\" style=\"width: 150px\" class=\"wp-caption aligncenter\"><a href=\"http:\/\/www.slclub.hu\/wp-content\/uploads\/2016\/03\/P3250039.jpg\" rel=\"attachment wp-att-1978\"><img loading=\"lazy\" decoding=\"async\" src=\"http:\/\/www.slclub.hu\/wp-content\/uploads\/2016\/03\/P3250039-150x150.jpg\" alt=\"OLYMPUS DIGITAL CAMERA\" width=\"150\" height=\"150\" class=\"size-thumbnail wp-image-1978\" \/><\/a><figcaption id=\"caption-attachment-1978\" class=\"wp-caption-text\">OLYMPUS DIGITAL CAMERA<\/figcaption><\/figure>\n<figure id=\"attachment_1979\" aria-describedby=\"caption-attachment-1979\" style=\"width: 150px\" class=\"wp-caption aligncenter\"><a href=\"http:\/\/www.slclub.hu\/wp-content\/uploads\/2016\/03\/P3250041.jpg\" rel=\"attachment wp-att-1979\"><img loading=\"lazy\" decoding=\"async\" src=\"http:\/\/www.slclub.hu\/wp-content\/uploads\/2016\/03\/P3250041-150x150.jpg\" alt=\"OLYMPUS DIGITAL CAMERA\" width=\"150\" height=\"150\" class=\"size-thumbnail wp-image-1979\" \/><\/a><figcaption id=\"caption-attachment-1979\" class=\"wp-caption-text\">OLYMPUS DIGITAL CAMERA<\/figcaption><\/figure>\n<figure id=\"attachment_1980\" aria-describedby=\"caption-attachment-1980\" style=\"width: 150px\" class=\"wp-caption aligncenter\"><a href=\"http:\/\/www.slclub.hu\/wp-content\/uploads\/2016\/03\/P3250043.jpg\" rel=\"attachment wp-att-1980\"><img loading=\"lazy\" decoding=\"async\" src=\"http:\/\/www.slclub.hu\/wp-content\/uploads\/2016\/03\/P3250043-150x150.jpg\" alt=\"OLYMPUS DIGITAL CAMERA\" width=\"150\" height=\"150\" class=\"size-thumbnail wp-image-1980\" \/><\/a><figcaption id=\"caption-attachment-1980\" class=\"wp-caption-text\">OLYMPUS DIGITAL CAMERA<\/figcaption><\/figure>\n<figure id=\"attachment_1981\" aria-describedby=\"caption-attachment-1981\" style=\"width: 150px\" class=\"wp-caption aligncenter\"><a href=\"http:\/\/www.slclub.hu\/wp-content\/uploads\/2016\/03\/P3250044.jpg\" rel=\"attachment wp-att-1981\"><img loading=\"lazy\" decoding=\"async\" src=\"http:\/\/www.slclub.hu\/wp-content\/uploads\/2016\/03\/P3250044-150x150.jpg\" alt=\"OLYMPUS DIGITAL CAMERA\" width=\"150\" height=\"150\" class=\"size-thumbnail wp-image-1981\" \/><\/a><figcaption id=\"caption-attachment-1981\" class=\"wp-caption-text\">OLYMPUS DIGITAL CAMERA<\/figcaption><\/figure>\n<figure id=\"attachment_1982\" aria-describedby=\"caption-attachment-1982\" style=\"width: 150px\" class=\"wp-caption aligncenter\"><a href=\"http:\/\/www.slclub.hu\/wp-content\/uploads\/2016\/03\/P3250048.jpg\" rel=\"attachment wp-att-1982\"><img loading=\"lazy\" decoding=\"async\" src=\"http:\/\/www.slclub.hu\/wp-content\/uploads\/2016\/03\/P3250048-150x150.jpg\" alt=\"OLYMPUS DIGITAL CAMERA\" width=\"150\" height=\"150\" class=\"size-thumbnail wp-image-1982\" \/><\/a><figcaption id=\"caption-attachment-1982\" class=\"wp-caption-text\">OLYMPUS DIGITAL CAMERA<\/figcaption><\/figure>\n<p><a href=\"http:\/\/www.slclub.hu\/wp-content\/uploads\/2016\/03\/P3250049.jpg\" rel=\"attachment wp-att-1983\"><img loading=\"lazy\" decoding=\"async\" src=\"http:\/\/www.slclub.hu\/wp-content\/uploads\/2016\/03\/P3250049-150x150.jpg\" alt=\"P3250049\" width=\"150\" height=\"150\" class=\"aligncenter size-thumbnail wp-image-1983\" \/><\/a><\/p>\n<p><a href=\"http:\/\/www.slclub.hu\/wp-content\/uploads\/2016\/03\/P3250050.jpg\" rel=\"attachment wp-att-1984\"><img loading=\"lazy\" decoding=\"async\" src=\"http:\/\/www.slclub.hu\/wp-content\/uploads\/2016\/03\/P3250050-150x150.jpg\" alt=\"P3250050\" width=\"150\" height=\"150\" class=\"aligncenter size-thumbnail wp-image-1984\" \/><\/a><\/p>\n<p><a href=\"http:\/\/www.slclub.hu\/wp-content\/uploads\/2016\/03\/P3250051.jpg\" rel=\"attachment wp-att-1985\"><img loading=\"lazy\" decoding=\"async\" src=\"http:\/\/www.slclub.hu\/wp-content\/uploads\/2016\/03\/P3250051-150x150.jpg\" alt=\"P3250051\" width=\"150\" height=\"150\" class=\"aligncenter size-thumbnail wp-image-1985\" \/><\/a><\/p>\n<p><a href=\"http:\/\/www.slclub.hu\/wp-content\/uploads\/2016\/03\/P3250052.jpg\" rel=\"attachment wp-att-1986\"><img loading=\"lazy\" decoding=\"async\" src=\"http:\/\/www.slclub.hu\/wp-content\/uploads\/2016\/03\/P3250052-150x150.jpg\" alt=\"P3250052\" width=\"150\" height=\"150\" class=\"aligncenter size-thumbnail wp-image-1986\" \/><\/a><\/p>\n<p><a href=\"http:\/\/www.slclub.hu\/wp-content\/uploads\/2016\/03\/P3250053.jpg\" rel=\"attachment wp-att-1987\"><img loading=\"lazy\" decoding=\"async\" src=\"http:\/\/www.slclub.hu\/wp-content\/uploads\/2016\/03\/P3250053-150x150.jpg\" alt=\"P3250053\" width=\"150\" height=\"150\" class=\"aligncenter size-thumbnail wp-image-1987\" \/><\/a><\/p>\n<p><a href=\"http:\/\/www.slclub.hu\/wp-content\/uploads\/2016\/03\/P3250054.jpg\" rel=\"attachment wp-att-1988\"><img loading=\"lazy\" decoding=\"async\" src=\"http:\/\/www.slclub.hu\/wp-content\/uploads\/2016\/03\/P3250054-150x150.jpg\" alt=\"P3250054\" width=\"150\" height=\"150\" class=\"aligncenter size-thumbnail wp-image-1988\" \/><\/a><\/p>\n<p><a href=\"http:\/\/www.slclub.hu\/wp-content\/uploads\/2016\/03\/P3250055.jpg\" rel=\"attachment wp-att-1989\"><img loading=\"lazy\" decoding=\"async\" src=\"http:\/\/www.slclub.hu\/wp-content\/uploads\/2016\/03\/P3250055-150x150.jpg\" alt=\"P3250055\" width=\"150\" height=\"150\" class=\"aligncenter size-thumbnail wp-image-1989\" \/><\/a><\/p>\n<p><a href=\"http:\/\/www.slclub.hu\/wp-content\/uploads\/2016\/03\/P3250056.jpg\" rel=\"attachment wp-att-1990\"><img loading=\"lazy\" decoding=\"async\" src=\"http:\/\/www.slclub.hu\/wp-content\/uploads\/2016\/03\/P3250056-150x150.jpg\" alt=\"P3250056\" width=\"150\" height=\"150\" class=\"aligncenter size-thumbnail wp-image-1990\" \/><\/a><\/p>\n<p><a href=\"http:\/\/www.slclub.hu\/wp-content\/uploads\/2016\/03\/P3250057.jpg\" rel=\"attachment wp-att-1991\"><img loading=\"lazy\" decoding=\"async\" src=\"http:\/\/www.slclub.hu\/wp-content\/uploads\/2016\/03\/P3250057-150x150.jpg\" alt=\"P3250057\" width=\"150\" height=\"150\" class=\"aligncenter size-thumbnail wp-image-1991\" \/><\/a><\/p>\n","protected":false},"excerpt":{"rendered":"","protected":false},"author":1,"featured_media":0,"parent":0,"menu_order":0,"comment_status":"closed","ping_status":"closed","template":"","meta":{"footnotes":""},"class_list":["post-1928","page","type-page","status-publish","hentry"],"_links":{"self":[{"href":"https:\/\/www.slclub.hu\/index.php?rest_route=\/wp\/v2\/pages\/1928","targetHints":{"allow":["GET"]}}],"collection":[{"href":"https:\/\/www.slclub.hu\/index.php?rest_route=\/wp\/v2\/pages"}],"about":[{"href":"https:\/\/www.slclub.hu\/index.php?rest_route=\/wp\/v2\/types\/page"}],"author":[{"embeddable":true,"href":"https:\/\/www.slclub.hu\/index.php?rest_route=\/wp\/v2\/users\/1"}],"replies":[{"embeddable":true,"href":"https:\/\/www.slclub.hu\/index.php?rest_route=%2Fwp%2Fv2%2Fcomments&post=1928"}],"version-history":[{"count":6,"href":"https:\/\/www.slclub.hu\/index.php?rest_route=\/wp\/v2\/pages\/1928\/revisions"}],"predecessor-version":[{"id":1992,"href":"https:\/\/www.slclub.hu\/index.php?rest_route=\/wp\/v2\/pages\/1928\/revisions\/1992"}],"wp:attachment":[{"href":"https:\/\/www.slclub.hu\/index.php?rest_route=%2Fwp%2Fv2%2Fmedia&parent=1928"}],"curies":[{"name":"wp","href":"https:\/\/api.w.org\/{rel}","templated":true}]}}