{"id":1995,"date":"2016-03-26T20:59:51","date_gmt":"2016-03-26T19:59:51","guid":{"rendered":"http:\/\/www.slclub.hu\/?page_id=1995"},"modified":"2016-03-26T21:04:09","modified_gmt":"2016-03-26T20:04:09","slug":"2016-01-10-szekesfehervari-talalkozo","status":"publish","type":"page","link":"https:\/\/www.slclub.hu\/?page_id=1995","title":{"rendered":"2016.01.10. Sz\u00e9kesfeh\u00e9rv\u00e1ri Tal\u00e1lkoz\u00f3"},"content":{"rendered":"<figure id=\"attachment_1998\" aria-describedby=\"caption-attachment-1998\" style=\"width: 150px\" class=\"wp-caption aligncenter\"><a href=\"http:\/\/www.slclub.hu\/wp-content\/uploads\/2016\/03\/PIC_0630.jpg\" rel=\"attachment wp-att-1998\"><img loading=\"lazy\" decoding=\"async\" src=\"http:\/\/www.slclub.hu\/wp-content\/uploads\/2016\/03\/PIC_0630-150x150.jpg\" alt=\"\u0088\" width=\"150\" height=\"150\" class=\"size-thumbnail wp-image-1998\" \/><\/a><figcaption id=\"caption-attachment-1998\" class=\"wp-caption-text\">\u0088<\/figcaption><\/figure>\n<figure id=\"attachment_1999\" aria-describedby=\"caption-attachment-1999\" style=\"width: 300px\" class=\"wp-caption aligncenter\"><a href=\"http:\/\/www.slclub.hu\/wp-content\/uploads\/2016\/03\/PIC_0633.jpg\" rel=\"attachment wp-att-1999\"><img loading=\"lazy\" decoding=\"async\" src=\"http:\/\/www.slclub.hu\/wp-content\/uploads\/2016\/03\/PIC_0633-300x225.jpg\" alt=\"\u0088\" width=\"300\" height=\"225\" class=\"size-medium wp-image-1999\" srcset=\"https:\/\/www.slclub.hu\/wp-content\/uploads\/2016\/03\/PIC_0633-300x225.jpg 300w, https:\/\/www.slclub.hu\/wp-content\/uploads\/2016\/03\/PIC_0633-768x576.jpg 768w, https:\/\/www.slclub.hu\/wp-content\/uploads\/2016\/03\/PIC_0633-1024x768.jpg 1024w\" sizes=\"auto, (max-width: 300px) 100vw, 300px\" \/><\/a><figcaption id=\"caption-attachment-1999\" class=\"wp-caption-text\">\u0088<\/figcaption><\/figure>\n<figure id=\"attachment_2000\" aria-describedby=\"caption-attachment-2000\" style=\"width: 300px\" class=\"wp-caption aligncenter\"><a href=\"http:\/\/www.slclub.hu\/wp-content\/uploads\/2016\/03\/PIC_0637-01.jpg\" rel=\"attachment wp-att-2000\"><img loading=\"lazy\" decoding=\"async\" src=\"http:\/\/www.slclub.hu\/wp-content\/uploads\/2016\/03\/PIC_0637-01-300x225.jpg\" alt=\"\u0088\" width=\"300\" height=\"225\" class=\"size-medium wp-image-2000\" srcset=\"https:\/\/www.slclub.hu\/wp-content\/uploads\/2016\/03\/PIC_0637-01-300x225.jpg 300w, https:\/\/www.slclub.hu\/wp-content\/uploads\/2016\/03\/PIC_0637-01-768x576.jpg 768w, https:\/\/www.slclub.hu\/wp-content\/uploads\/2016\/03\/PIC_0637-01-1024x768.jpg 1024w\" sizes=\"auto, (max-width: 300px) 100vw, 300px\" \/><\/a><figcaption id=\"caption-attachment-2000\" class=\"wp-caption-text\">\u0088<\/figcaption><\/figure>\n<figure id=\"attachment_2001\" aria-describedby=\"caption-attachment-2001\" style=\"width: 300px\" class=\"wp-caption aligncenter\"><a href=\"http:\/\/www.slclub.hu\/wp-content\/uploads\/2016\/03\/PIC_0640.jpg\" rel=\"attachment wp-att-2001\"><img loading=\"lazy\" decoding=\"async\" src=\"http:\/\/www.slclub.hu\/wp-content\/uploads\/2016\/03\/PIC_0640-300x225.jpg\" alt=\"\u0088\" width=\"300\" height=\"225\" class=\"size-medium wp-image-2001\" srcset=\"https:\/\/www.slclub.hu\/wp-content\/uploads\/2016\/03\/PIC_0640-300x225.jpg 300w, https:\/\/www.slclub.hu\/wp-content\/uploads\/2016\/03\/PIC_0640-768x576.jpg 768w, https:\/\/www.slclub.hu\/wp-content\/uploads\/2016\/03\/PIC_0640-1024x768.jpg 1024w\" sizes=\"auto, (max-width: 300px) 100vw, 300px\" \/><\/a><figcaption id=\"caption-attachment-2001\" class=\"wp-caption-text\">\u0088<\/figcaption><\/figure>\n<figure id=\"attachment_2002\" aria-describedby=\"caption-attachment-2002\" style=\"width: 300px\" class=\"wp-caption aligncenter\"><a href=\"http:\/\/www.slclub.hu\/wp-content\/uploads\/2016\/03\/PIC_0641.jpg\" rel=\"attachment wp-att-2002\"><img loading=\"lazy\" decoding=\"async\" src=\"http:\/\/www.slclub.hu\/wp-content\/uploads\/2016\/03\/PIC_0641-300x225.jpg\" alt=\"\u0088\" width=\"300\" height=\"225\" class=\"size-medium wp-image-2002\" srcset=\"https:\/\/www.slclub.hu\/wp-content\/uploads\/2016\/03\/PIC_0641-300x225.jpg 300w, https:\/\/www.slclub.hu\/wp-content\/uploads\/2016\/03\/PIC_0641-768x576.jpg 768w, https:\/\/www.slclub.hu\/wp-content\/uploads\/2016\/03\/PIC_0641-1024x768.jpg 1024w\" sizes=\"auto, (max-width: 300px) 100vw, 300px\" \/><\/a><figcaption id=\"caption-attachment-2002\" class=\"wp-caption-text\">\u0088<\/figcaption><\/figure>\n<p><a href=\"http:\/\/www.slclub.hu\/wp-content\/uploads\/2016\/03\/PIC_0643-04.jpg\" rel=\"attachment wp-att-2003\"><img loading=\"lazy\" decoding=\"async\" src=\"http:\/\/www.slclub.hu\/wp-content\/uploads\/2016\/03\/PIC_0643-04-300x225.jpg\" alt=\"PIC_0643 04\" width=\"300\" height=\"225\" class=\"aligncenter size-medium wp-image-2003\" srcset=\"https:\/\/www.slclub.hu\/wp-content\/uploads\/2016\/03\/PIC_0643-04-300x225.jpg 300w, https:\/\/www.slclub.hu\/wp-content\/uploads\/2016\/03\/PIC_0643-04-768x576.jpg 768w, https:\/\/www.slclub.hu\/wp-content\/uploads\/2016\/03\/PIC_0643-04-1024x768.jpg 1024w, https:\/\/www.slclub.hu\/wp-content\/uploads\/2016\/03\/PIC_0643-04.jpg 2048w\" sizes=\"auto, (max-width: 300px) 100vw, 300px\" \/><\/a><\/p>\n<figure id=\"attachment_2004\" aria-describedby=\"caption-attachment-2004\" style=\"width: 300px\" class=\"wp-caption aligncenter\"><a href=\"http:\/\/www.slclub.hu\/wp-content\/uploads\/2016\/03\/PIC_0647.jpg\" rel=\"attachment wp-att-2004\"><img loading=\"lazy\" decoding=\"async\" src=\"http:\/\/www.slclub.hu\/wp-content\/uploads\/2016\/03\/PIC_0647-300x225.jpg\" alt=\"\u0088\" width=\"300\" height=\"225\" class=\"size-medium wp-image-2004\" srcset=\"https:\/\/www.slclub.hu\/wp-content\/uploads\/2016\/03\/PIC_0647-300x225.jpg 300w, https:\/\/www.slclub.hu\/wp-content\/uploads\/2016\/03\/PIC_0647-768x576.jpg 768w, https:\/\/www.slclub.hu\/wp-content\/uploads\/2016\/03\/PIC_0647-1024x768.jpg 1024w\" sizes=\"auto, (max-width: 300px) 100vw, 300px\" \/><\/a><figcaption id=\"caption-attachment-2004\" class=\"wp-caption-text\">\u0088<\/figcaption><\/figure>\n<figure id=\"attachment_2005\" aria-describedby=\"caption-attachment-2005\" style=\"width: 300px\" class=\"wp-caption aligncenter\"><a href=\"http:\/\/www.slclub.hu\/wp-content\/uploads\/2016\/03\/PIC_0648.jpg\" rel=\"attachment wp-att-2005\"><img loading=\"lazy\" decoding=\"async\" src=\"http:\/\/www.slclub.hu\/wp-content\/uploads\/2016\/03\/PIC_0648-300x225.jpg\" alt=\"\u0088\" width=\"300\" height=\"225\" class=\"size-medium wp-image-2005\" srcset=\"https:\/\/www.slclub.hu\/wp-content\/uploads\/2016\/03\/PIC_0648-300x225.jpg 300w, https:\/\/www.slclub.hu\/wp-content\/uploads\/2016\/03\/PIC_0648-768x576.jpg 768w, https:\/\/www.slclub.hu\/wp-content\/uploads\/2016\/03\/PIC_0648-1024x768.jpg 1024w\" sizes=\"auto, (max-width: 300px) 100vw, 300px\" \/><\/a><figcaption id=\"caption-attachment-2005\" class=\"wp-caption-text\">\u0088<\/figcaption><\/figure>\n<p><a href=\"http:\/\/www.slclub.hu\/wp-content\/uploads\/2016\/03\/PIC_0649-02.jpg\" rel=\"attachment wp-att-2006\"><img loading=\"lazy\" decoding=\"async\" src=\"http:\/\/www.slclub.hu\/wp-content\/uploads\/2016\/03\/PIC_0649-02-300x169.jpg\" alt=\"PIC_0649 02\" width=\"300\" height=\"169\" class=\"aligncenter size-medium wp-image-2006\" srcset=\"https:\/\/www.slclub.hu\/wp-content\/uploads\/2016\/03\/PIC_0649-02-300x169.jpg 300w, https:\/\/www.slclub.hu\/wp-content\/uploads\/2016\/03\/PIC_0649-02-768x432.jpg 768w, https:\/\/www.slclub.hu\/wp-content\/uploads\/2016\/03\/PIC_0649-02.jpg 960w\" sizes=\"auto, (max-width: 300px) 100vw, 300px\" \/><\/a><\/p>\n<figure id=\"attachment_2007\" aria-describedby=\"caption-attachment-2007\" style=\"width: 300px\" class=\"wp-caption aligncenter\"><a href=\"http:\/\/www.slclub.hu\/wp-content\/uploads\/2016\/03\/PIC_0652.jpg\" rel=\"attachment wp-att-2007\"><img loading=\"lazy\" decoding=\"async\" src=\"http:\/\/www.slclub.hu\/wp-content\/uploads\/2016\/03\/PIC_0652-300x225.jpg\" alt=\"\u0088\" width=\"300\" height=\"225\" class=\"size-medium wp-image-2007\" srcset=\"https:\/\/www.slclub.hu\/wp-content\/uploads\/2016\/03\/PIC_0652-300x225.jpg 300w, https:\/\/www.slclub.hu\/wp-content\/uploads\/2016\/03\/PIC_0652-768x576.jpg 768w, https:\/\/www.slclub.hu\/wp-content\/uploads\/2016\/03\/PIC_0652-1024x768.jpg 1024w\" sizes=\"auto, (max-width: 300px) 100vw, 300px\" \/><\/a><figcaption id=\"caption-attachment-2007\" class=\"wp-caption-text\">\u0088<\/figcaption><\/figure>\n<figure id=\"attachment_2008\" aria-describedby=\"caption-attachment-2008\" style=\"width: 300px\" class=\"wp-caption aligncenter\"><a href=\"http:\/\/www.slclub.hu\/wp-content\/uploads\/2016\/03\/PIC_0653.jpg\" rel=\"attachment wp-att-2008\"><img loading=\"lazy\" decoding=\"async\" src=\"http:\/\/www.slclub.hu\/wp-content\/uploads\/2016\/03\/PIC_0653-300x225.jpg\" alt=\"\u0088\" width=\"300\" height=\"225\" class=\"size-medium wp-image-2008\" srcset=\"https:\/\/www.slclub.hu\/wp-content\/uploads\/2016\/03\/PIC_0653-300x225.jpg 300w, https:\/\/www.slclub.hu\/wp-content\/uploads\/2016\/03\/PIC_0653-768x576.jpg 768w, https:\/\/www.slclub.hu\/wp-content\/uploads\/2016\/03\/PIC_0653-1024x768.jpg 1024w\" sizes=\"auto, (max-width: 300px) 100vw, 300px\" \/><\/a><figcaption id=\"caption-attachment-2008\" class=\"wp-caption-text\">\u0088<\/figcaption><\/figure>\n<p><a href=\"http:\/\/www.slclub.hu\/wp-content\/uploads\/2016\/03\/PIC_0654-03.jpg\" rel=\"attachment wp-att-2009\"><img loading=\"lazy\" decoding=\"async\" src=\"http:\/\/www.slclub.hu\/wp-content\/uploads\/2016\/03\/PIC_0654-03-300x225.jpg\" alt=\"PIC_0654 03\" width=\"300\" height=\"225\" class=\"aligncenter size-medium wp-image-2009\" srcset=\"https:\/\/www.slclub.hu\/wp-content\/uploads\/2016\/03\/PIC_0654-03-300x225.jpg 300w, https:\/\/www.slclub.hu\/wp-content\/uploads\/2016\/03\/PIC_0654-03-768x576.jpg 768w, https:\/\/www.slclub.hu\/wp-content\/uploads\/2016\/03\/PIC_0654-03.jpg 960w\" sizes=\"auto, (max-width: 300px) 100vw, 300px\" \/><\/a><\/p>\n<figure id=\"attachment_2010\" aria-describedby=\"caption-attachment-2010\" style=\"width: 300px\" class=\"wp-caption aligncenter\"><a href=\"http:\/\/www.slclub.hu\/wp-content\/uploads\/2016\/03\/PIC_0658.jpg\" rel=\"attachment wp-att-2010\"><img loading=\"lazy\" decoding=\"async\" src=\"http:\/\/www.slclub.hu\/wp-content\/uploads\/2016\/03\/PIC_0658-300x225.jpg\" alt=\"\u0088\" width=\"300\" height=\"225\" class=\"size-medium wp-image-2010\" srcset=\"https:\/\/www.slclub.hu\/wp-content\/uploads\/2016\/03\/PIC_0658-300x225.jpg 300w, https:\/\/www.slclub.hu\/wp-content\/uploads\/2016\/03\/PIC_0658-768x576.jpg 768w, https:\/\/www.slclub.hu\/wp-content\/uploads\/2016\/03\/PIC_0658-1024x768.jpg 1024w\" sizes=\"auto, (max-width: 300px) 100vw, 300px\" \/><\/a><figcaption id=\"caption-attachment-2010\" class=\"wp-caption-text\">\u0088<\/figcaption><\/figure>\n<figure id=\"attachment_2011\" aria-describedby=\"caption-attachment-2011\" style=\"width: 300px\" class=\"wp-caption aligncenter\"><a href=\"http:\/\/www.slclub.hu\/wp-content\/uploads\/2016\/03\/PIC_0661-01.jpg\" rel=\"attachment wp-att-2011\"><img loading=\"lazy\" decoding=\"async\" src=\"http:\/\/www.slclub.hu\/wp-content\/uploads\/2016\/03\/PIC_0661-01-300x225.jpg\" alt=\"\u0088\" width=\"300\" height=\"225\" class=\"size-medium wp-image-2011\" srcset=\"https:\/\/www.slclub.hu\/wp-content\/uploads\/2016\/03\/PIC_0661-01-300x225.jpg 300w, https:\/\/www.slclub.hu\/wp-content\/uploads\/2016\/03\/PIC_0661-01-768x576.jpg 768w, https:\/\/www.slclub.hu\/wp-content\/uploads\/2016\/03\/PIC_0661-01-1024x768.jpg 1024w\" sizes=\"auto, (max-width: 300px) 100vw, 300px\" \/><\/a><figcaption id=\"caption-attachment-2011\" class=\"wp-caption-text\">\u0088<\/figcaption><\/figure>\n<figure id=\"attachment_2012\" aria-describedby=\"caption-attachment-2012\" style=\"width: 300px\" class=\"wp-caption aligncenter\"><a href=\"http:\/\/www.slclub.hu\/wp-content\/uploads\/2016\/03\/PIC_0664-01.jpg\" rel=\"attachment wp-att-2012\"><img loading=\"lazy\" decoding=\"async\" src=\"http:\/\/www.slclub.hu\/wp-content\/uploads\/2016\/03\/PIC_0664-01-300x225.jpg\" alt=\"\u0088\" width=\"300\" height=\"225\" class=\"size-medium wp-image-2012\" srcset=\"https:\/\/www.slclub.hu\/wp-content\/uploads\/2016\/03\/PIC_0664-01-300x225.jpg 300w, https:\/\/www.slclub.hu\/wp-content\/uploads\/2016\/03\/PIC_0664-01-768x576.jpg 768w, https:\/\/www.slclub.hu\/wp-content\/uploads\/2016\/03\/PIC_0664-01-1024x768.jpg 1024w\" sizes=\"auto, (max-width: 300px) 100vw, 300px\" \/><\/a><figcaption id=\"caption-attachment-2012\" class=\"wp-caption-text\">\u0088<\/figcaption><\/figure>\n<p><a href=\"http:\/\/www.slclub.hu\/wp-content\/uploads\/2016\/03\/PIC_0664-02.jpg\" rel=\"attachment wp-att-2013\"><img loading=\"lazy\" decoding=\"async\" src=\"http:\/\/www.slclub.hu\/wp-content\/uploads\/2016\/03\/PIC_0664-02-300x169.jpg\" alt=\"PIC_0664 02\" width=\"300\" height=\"169\" class=\"aligncenter size-medium wp-image-2013\" srcset=\"https:\/\/www.slclub.hu\/wp-content\/uploads\/2016\/03\/PIC_0664-02-300x169.jpg 300w, https:\/\/www.slclub.hu\/wp-content\/uploads\/2016\/03\/PIC_0664-02-768x432.jpg 768w, https:\/\/www.slclub.hu\/wp-content\/uploads\/2016\/03\/PIC_0664-02.jpg 960w\" sizes=\"auto, (max-width: 300px) 100vw, 300px\" \/><\/a><\/p>\n<figure id=\"attachment_2014\" aria-describedby=\"caption-attachment-2014\" style=\"width: 300px\" class=\"wp-caption aligncenter\"><a href=\"http:\/\/www.slclub.hu\/wp-content\/uploads\/2016\/03\/PIC_0666.jpg\" rel=\"attachment wp-att-2014\"><img loading=\"lazy\" decoding=\"async\" src=\"http:\/\/www.slclub.hu\/wp-content\/uploads\/2016\/03\/PIC_0666-300x225.jpg\" alt=\"\u0088\" width=\"300\" height=\"225\" class=\"size-medium wp-image-2014\" srcset=\"https:\/\/www.slclub.hu\/wp-content\/uploads\/2016\/03\/PIC_0666-300x225.jpg 300w, https:\/\/www.slclub.hu\/wp-content\/uploads\/2016\/03\/PIC_0666-768x576.jpg 768w, https:\/\/www.slclub.hu\/wp-content\/uploads\/2016\/03\/PIC_0666-1024x768.jpg 1024w\" sizes=\"auto, (max-width: 300px) 100vw, 300px\" \/><\/a><figcaption id=\"caption-attachment-2014\" class=\"wp-caption-text\">\u0088<\/figcaption><\/figure>\n<figure id=\"attachment_2015\" aria-describedby=\"caption-attachment-2015\" style=\"width: 300px\" class=\"wp-caption aligncenter\"><a href=\"http:\/\/www.slclub.hu\/wp-content\/uploads\/2016\/03\/PIC_0667.jpg\" rel=\"attachment wp-att-2015\"><img loading=\"lazy\" decoding=\"async\" src=\"http:\/\/www.slclub.hu\/wp-content\/uploads\/2016\/03\/PIC_0667-300x225.jpg\" alt=\"\u0088\" width=\"300\" height=\"225\" class=\"size-medium wp-image-2015\" srcset=\"https:\/\/www.slclub.hu\/wp-content\/uploads\/2016\/03\/PIC_0667-300x225.jpg 300w, https:\/\/www.slclub.hu\/wp-content\/uploads\/2016\/03\/PIC_0667-768x576.jpg 768w, https:\/\/www.slclub.hu\/wp-content\/uploads\/2016\/03\/PIC_0667-1024x768.jpg 1024w\" sizes=\"auto, (max-width: 300px) 100vw, 300px\" \/><\/a><figcaption id=\"caption-attachment-2015\" class=\"wp-caption-text\">\u0088<\/figcaption><\/figure>\n<figure id=\"attachment_2016\" aria-describedby=\"caption-attachment-2016\" style=\"width: 300px\" class=\"wp-caption aligncenter\"><a href=\"http:\/\/www.slclub.hu\/wp-content\/uploads\/2016\/03\/PIC_0674.jpg\" rel=\"attachment wp-att-2016\"><img loading=\"lazy\" decoding=\"async\" src=\"http:\/\/www.slclub.hu\/wp-content\/uploads\/2016\/03\/PIC_0674-300x225.jpg\" alt=\"\u0088\" width=\"300\" height=\"225\" class=\"size-medium wp-image-2016\" srcset=\"https:\/\/www.slclub.hu\/wp-content\/uploads\/2016\/03\/PIC_0674-300x225.jpg 300w, https:\/\/www.slclub.hu\/wp-content\/uploads\/2016\/03\/PIC_0674-768x576.jpg 768w, https:\/\/www.slclub.hu\/wp-content\/uploads\/2016\/03\/PIC_0674-1024x768.jpg 1024w\" sizes=\"auto, (max-width: 300px) 100vw, 300px\" \/><\/a><figcaption id=\"caption-attachment-2016\" class=\"wp-caption-text\">\u0088<\/figcaption><\/figure>\n<figure id=\"attachment_2017\" aria-describedby=\"caption-attachment-2017\" style=\"width: 300px\" class=\"wp-caption aligncenter\"><a href=\"http:\/\/www.slclub.hu\/wp-content\/uploads\/2016\/03\/PIC_0675.jpg\" rel=\"attachment wp-att-2017\"><img loading=\"lazy\" decoding=\"async\" src=\"http:\/\/www.slclub.hu\/wp-content\/uploads\/2016\/03\/PIC_0675-300x225.jpg\" alt=\"\u0088\" width=\"300\" height=\"225\" class=\"size-medium wp-image-2017\" srcset=\"https:\/\/www.slclub.hu\/wp-content\/uploads\/2016\/03\/PIC_0675-300x225.jpg 300w, https:\/\/www.slclub.hu\/wp-content\/uploads\/2016\/03\/PIC_0675-768x576.jpg 768w, https:\/\/www.slclub.hu\/wp-content\/uploads\/2016\/03\/PIC_0675-1024x768.jpg 1024w\" sizes=\"auto, (max-width: 300px) 100vw, 300px\" \/><\/a><figcaption id=\"caption-attachment-2017\" class=\"wp-caption-text\">\u0088<\/figcaption><\/figure>\n<figure id=\"attachment_2018\" aria-describedby=\"caption-attachment-2018\" style=\"width: 225px\" class=\"wp-caption aligncenter\"><a href=\"http:\/\/www.slclub.hu\/wp-content\/uploads\/2016\/03\/PIC_0676.jpg\" rel=\"attachment wp-att-2018\"><img loading=\"lazy\" decoding=\"async\" src=\"http:\/\/www.slclub.hu\/wp-content\/uploads\/2016\/03\/PIC_0676-225x300.jpg\" alt=\"Digital Camera\" width=\"225\" height=\"300\" class=\"size-medium wp-image-2018\" srcset=\"https:\/\/www.slclub.hu\/wp-content\/uploads\/2016\/03\/PIC_0676-225x300.jpg 225w, https:\/\/www.slclub.hu\/wp-content\/uploads\/2016\/03\/PIC_0676-768x1024.jpg 768w\" sizes=\"auto, (max-width: 225px) 100vw, 225px\" \/><\/a><figcaption id=\"caption-attachment-2018\" class=\"wp-caption-text\">Digital Camera<\/figcaption><\/figure>\n","protected":false},"excerpt":{"rendered":"","protected":false},"author":1,"featured_media":0,"parent":0,"menu_order":0,"comment_status":"closed","ping_status":"closed","template":"","meta":{"footnotes":""},"class_list":["post-1995","page","type-page","status-publish","hentry"],"_links":{"self":[{"href":"https:\/\/www.slclub.hu\/index.php?rest_route=\/wp\/v2\/pages\/1995","targetHints":{"allow":["GET"]}}],"collection":[{"href":"https:\/\/www.slclub.hu\/index.php?rest_route=\/wp\/v2\/pages"}],"about":[{"href":"https:\/\/www.slclub.hu\/index.php?rest_route=\/wp\/v2\/types\/page"}],"author":[{"embeddable":true,"href":"https:\/\/www.slclub.hu\/index.php?rest_route=\/wp\/v2\/users\/1"}],"replies":[{"embeddable":true,"href":"https:\/\/www.slclub.hu\/index.php?rest_route=%2Fwp%2Fv2%2Fcomments&post=1995"}],"version-history":[{"count":2,"href":"https:\/\/www.slclub.hu\/index.php?rest_route=\/wp\/v2\/pages\/1995\/revisions"}],"predecessor-version":[{"id":2019,"href":"https:\/\/www.slclub.hu\/index.php?rest_route=\/wp\/v2\/pages\/1995\/revisions\/2019"}],"wp:attachment":[{"href":"https:\/\/www.slclub.hu\/index.php?rest_route=%2Fwp%2Fv2%2Fmedia&parent=1995"}],"curies":[{"name":"wp","href":"https:\/\/api.w.org\/{rel}","templated":true}]}}