{"id":2,"date":"2014-08-06T14:27:39","date_gmt":"2014-08-06T14:27:39","guid":{"rendered":"http:\/\/www.slclub.hu\/?page_id=2"},"modified":"2020-04-21T11:04:02","modified_gmt":"2020-04-21T09:04:02","slug":"ez-egy-minta-oldal","status":"publish","type":"page","link":"https:\/\/www.slclub.hu\/?page_id=2","title":{"rendered":"Bemutatkoz\u00e1s"},"content":{"rendered":"<p>Szokt\u00e1k mondani egy \u00e9rz\u00e9s nem alakul ki olyan gyorsan, kell egy pillanat, amikor megtapasztalod.<br \/>\n\u2026valaki \u00e9rzi, de nem tudja, valaki tudja, de nem \u00e9rzi \u00e9s v\u00e9g\u00fcl m\u00e9g is \u00e9rzi azt a pillanatot, mi is az a Suzuki.<br \/>\n\u00c9n FIAT(LADA) tulajdonos voltam eleinte, de nem volt az igazi. Baleset ut\u00e1n nem volt aut\u00f3m, ismer\u0151s\u00f6k vittek, Toyot\u00e1val, Fiattal, Opellal,de nem fogott meg, m\u00edg egyik rokonom Ignis-szel vitt, \u00e9s megt\u00f6rt\u00e9nt az, ami az\u00f3ta is megvan, nekem Ignis kell. Elkezdtem j\u00e1rni a szalonokat, \u00e9s egyre jobban megszerettem a Suzukit. M\u00e1sik ismer\u0151s\u00f6m vitt sport Swift-tel, azt\u00e1n a m\u00e1sik is azt vett, sz\u00e9p s\u00e1rg\u00e1t.<br \/>\nV\u00e9g\u00fcl nekem is siker\u00fclt megvenni, azt az \u00e9rz\u00e9st amikor bele\u00fclhettem, \u00e9s vezethettem\u2026\u2026<br \/>\nmegt\u00f6rt\u00e9nt s az\u00f3ta is meg van, de Ignis-szel, nap mint nap bele\u00fcl\u00f6k \u00e9s egym\u00e1sra vagyunk hangolva. Aki itt van k\u00f6zt\u00fcnk \u00e9s \u00e9rzi, hogy mi is az a Suzuki, az m\u00e1r tudja: \u00d6SSZEK\u00d6T!!!<br \/>\n\u2026\u2026..Eleinte csak Bar\u00e1ti T\u00e1rsas\u00e1gnak indult 2012-ben, kir\u00e1ndul\u00e1sokat szervezt\u00fcnk Budapest k\u00f6rny\u00e9k\u00e9n.<br \/>\nEkkor m\u00e9g Suzuki Szerelmesei-k\u00e9nt.<br \/>\nId\u0151 eltelt\u00e9vel a kis csapat b\u0151v\u00fclt, \u00edgy a n\u00e9v is v\u00e1ltozott Suzuki Lover Club-ra.<br \/>\nMost m\u00e1r a Club tagoknak szervez\u00fcnk.<br \/>\nI.Ercsi Tal\u00e1lkoz\u00f3 ut\u00e1n szervezz\u00fck a IV. Tal\u00e1lkoz\u00f3t \u00e9s most m\u00e1r a V.-et.<\/p>\n<p><iframe loading=\"lazy\" title=\"II. Ercsi Aut\u00f3 \u00e9s Motor Tal\u00e1lkoz\u00f3\" width=\"474\" height=\"267\" src=\"https:\/\/www.youtube.com\/embed\/7ivnRq8U9xc?start=35&#038;feature=oembed\" frameborder=\"0\" allow=\"accelerometer; autoplay; clipboard-write; encrypted-media; gyroscope; picture-in-picture; web-share\" referrerpolicy=\"strict-origin-when-cross-origin\" allowfullscreen><\/iframe><\/p>\n","protected":false},"excerpt":{"rendered":"<p>Szokt\u00e1k mondani egy \u00e9rz\u00e9s nem alakul ki olyan gyorsan, kell egy pillanat, amikor megtapasztalod. \u2026valaki \u00e9rzi, de nem tudja, valaki tudja, de nem \u00e9rzi \u00e9s v\u00e9g\u00fcl m\u00e9g is \u00e9rzi azt a pillanatot, mi is az a Suzuki. \u00c9n FIAT(LADA) tulajdonos voltam eleinte, de nem volt az igazi. Baleset ut\u00e1n nem volt aut\u00f3m, ismer\u0151s\u00f6k vittek, Toyot\u00e1val, &hellip; <a href=\"https:\/\/www.slclub.hu\/?page_id=2\" class=\"more-link\"><span class=\"screen-reader-text\">Bemutatkoz\u00e1s<\/span> b\u0151vebben&#8230; <span class=\"meta-nav\">&rarr;<\/span><\/a><\/p>\n","protected":false},"author":1,"featured_media":0,"parent":0,"menu_order":0,"comment_status":"open","ping_status":"open","template":"","meta":{"footnotes":""},"class_list":["post-2","page","type-page","status-publish","hentry"],"_links":{"self":[{"href":"https:\/\/www.slclub.hu\/index.php?rest_route=\/wp\/v2\/pages\/2","targetHints":{"allow":["GET"]}}],"collection":[{"href":"https:\/\/www.slclub.hu\/index.php?rest_route=\/wp\/v2\/pages"}],"about":[{"href":"https:\/\/www.slclub.hu\/index.php?rest_route=\/wp\/v2\/types\/page"}],"author":[{"embeddable":true,"href":"https:\/\/www.slclub.hu\/index.php?rest_route=\/wp\/v2\/users\/1"}],"replies":[{"embeddable":true,"href":"https:\/\/www.slclub.hu\/index.php?rest_route=%2Fwp%2Fv2%2Fcomments&post=2"}],"version-history":[{"count":19,"href":"https:\/\/www.slclub.hu\/index.php?rest_route=\/wp\/v2\/pages\/2\/revisions"}],"predecessor-version":[{"id":4248,"href":"https:\/\/www.slclub.hu\/index.php?rest_route=\/wp\/v2\/pages\/2\/revisions\/4248"}],"wp:attachment":[{"href":"https:\/\/www.slclub.hu\/index.php?rest_route=%2Fwp%2Fv2%2Fmedia&parent=2"}],"curies":[{"name":"wp","href":"https:\/\/api.w.org\/{rel}","templated":true}]}}