{"id":202,"date":"2014-08-24T14:16:57","date_gmt":"2014-08-24T12:16:57","guid":{"rendered":"http:\/\/www.slclub.hu\/?page_id=202"},"modified":"2014-08-24T14:50:10","modified_gmt":"2014-08-24T12:50:10","slug":"2014-03-30-erdi-talalkozo","status":"publish","type":"page","link":"https:\/\/www.slclub.hu\/?page_id=202","title":{"rendered":"2014.03.30.\u00c9rdi Tal\u00e1lkoz\u00f3"},"content":{"rendered":"<p><a href=\"http:\/\/www.slclub.hu\/wp-content\/uploads\/2014\/08\/DSC01991-09.jpg\"><img loading=\"lazy\" decoding=\"async\" src=\"http:\/\/www.slclub.hu\/wp-content\/uploads\/2014\/08\/DSC01991-09-300x225.jpg\" alt=\"Digital Camera\" width=\"300\" height=\"225\" class=\"alignnone size-medium wp-image-227\" srcset=\"https:\/\/www.slclub.hu\/wp-content\/uploads\/2014\/08\/DSC01991-09-300x225.jpg 300w, https:\/\/www.slclub.hu\/wp-content\/uploads\/2014\/08\/DSC01991-09-1024x768.jpg 1024w\" sizes=\"auto, (max-width: 300px) 100vw, 300px\" \/><\/a><\/p>\n<p><a href=\"http:\/\/www.slclub.hu\/wp-content\/uploads\/2014\/08\/DSC01991-11.jpg\"><img loading=\"lazy\" decoding=\"async\" src=\"http:\/\/www.slclub.hu\/wp-content\/uploads\/2014\/08\/DSC01991-11-300x225.jpg\" alt=\"Digital Camera\" width=\"300\" height=\"225\" class=\"alignnone size-medium wp-image-228\" srcset=\"https:\/\/www.slclub.hu\/wp-content\/uploads\/2014\/08\/DSC01991-11-300x225.jpg 300w, https:\/\/www.slclub.hu\/wp-content\/uploads\/2014\/08\/DSC01991-11-1024x768.jpg 1024w\" sizes=\"auto, (max-width: 300px) 100vw, 300px\" \/><\/a><\/p>\n<p><a href=\"http:\/\/www.slclub.hu\/wp-content\/uploads\/2014\/08\/DSC01991-12.jpg\"><img loading=\"lazy\" decoding=\"async\" src=\"http:\/\/www.slclub.hu\/wp-content\/uploads\/2014\/08\/DSC01991-12-300x225.jpg\" alt=\"Digital Camera\" width=\"300\" height=\"225\" class=\"alignnone size-medium wp-image-229\" srcset=\"https:\/\/www.slclub.hu\/wp-content\/uploads\/2014\/08\/DSC01991-12-300x225.jpg 300w, https:\/\/www.slclub.hu\/wp-content\/uploads\/2014\/08\/DSC01991-12-1024x768.jpg 1024w\" sizes=\"auto, (max-width: 300px) 100vw, 300px\" \/><\/a><\/p>\n<p><a href=\"http:\/\/www.slclub.hu\/wp-content\/uploads\/2014\/08\/DSC01991-15.jpg\"><img loading=\"lazy\" decoding=\"async\" src=\"http:\/\/www.slclub.hu\/wp-content\/uploads\/2014\/08\/DSC01991-15-300x225.jpg\" alt=\"Digital Camera\" width=\"300\" height=\"225\" class=\"alignnone size-medium wp-image-230\" srcset=\"https:\/\/www.slclub.hu\/wp-content\/uploads\/2014\/08\/DSC01991-15-300x225.jpg 300w, https:\/\/www.slclub.hu\/wp-content\/uploads\/2014\/08\/DSC01991-15-1024x768.jpg 1024w\" sizes=\"auto, (max-width: 300px) 100vw, 300px\" \/><\/a><\/p>\n<p><a href=\"http:\/\/www.slclub.hu\/wp-content\/uploads\/2014\/08\/DSC01991-18.jpg\"><img loading=\"lazy\" decoding=\"async\" src=\"http:\/\/www.slclub.hu\/wp-content\/uploads\/2014\/08\/DSC01991-18-300x225.jpg\" alt=\"DSC01991 18\" width=\"300\" height=\"225\" class=\"alignnone size-medium wp-image-231\" srcset=\"https:\/\/www.slclub.hu\/wp-content\/uploads\/2014\/08\/DSC01991-18-300x225.jpg 300w, https:\/\/www.slclub.hu\/wp-content\/uploads\/2014\/08\/DSC01991-18-1024x768.jpg 1024w, https:\/\/www.slclub.hu\/wp-content\/uploads\/2014\/08\/DSC01991-18.jpg 2048w\" sizes=\"auto, (max-width: 300px) 100vw, 300px\" \/><\/a><\/p>\n<p><a href=\"http:\/\/www.slclub.hu\/wp-content\/uploads\/2014\/08\/DSC01991-20.jpg\"><img loading=\"lazy\" decoding=\"async\" src=\"http:\/\/www.slclub.hu\/wp-content\/uploads\/2014\/08\/DSC01991-20-300x225.jpg\" alt=\"DSC01991 20\" width=\"300\" height=\"225\" class=\"alignnone size-medium wp-image-232\" srcset=\"https:\/\/www.slclub.hu\/wp-content\/uploads\/2014\/08\/DSC01991-20-300x225.jpg 300w, https:\/\/www.slclub.hu\/wp-content\/uploads\/2014\/08\/DSC01991-20-1024x768.jpg 1024w, https:\/\/www.slclub.hu\/wp-content\/uploads\/2014\/08\/DSC01991-20.jpg 2048w\" sizes=\"auto, (max-width: 300px) 100vw, 300px\" \/><\/a><\/p>\n<p><a href=\"http:\/\/www.slclub.hu\/wp-content\/uploads\/2014\/08\/DSC01991-21.jpg\"><img loading=\"lazy\" decoding=\"async\" src=\"http:\/\/www.slclub.hu\/wp-content\/uploads\/2014\/08\/DSC01991-21-300x225.jpg\" alt=\"DSC01991 21\" width=\"300\" height=\"225\" class=\"alignnone size-medium wp-image-233\" srcset=\"https:\/\/www.slclub.hu\/wp-content\/uploads\/2014\/08\/DSC01991-21-300x225.jpg 300w, https:\/\/www.slclub.hu\/wp-content\/uploads\/2014\/08\/DSC01991-21-1024x768.jpg 1024w, https:\/\/www.slclub.hu\/wp-content\/uploads\/2014\/08\/DSC01991-21.jpg 2048w\" sizes=\"auto, (max-width: 300px) 100vw, 300px\" \/><\/a><\/p>\n<p><a href=\"http:\/\/www.slclub.hu\/wp-content\/uploads\/2014\/08\/DSC01991-22.jpg\"><img loading=\"lazy\" decoding=\"async\" src=\"http:\/\/www.slclub.hu\/wp-content\/uploads\/2014\/08\/DSC01991-22-300x225.jpg\" alt=\"DSC01991 22\" width=\"300\" height=\"225\" class=\"alignnone size-medium wp-image-234\" srcset=\"https:\/\/www.slclub.hu\/wp-content\/uploads\/2014\/08\/DSC01991-22-300x225.jpg 300w, https:\/\/www.slclub.hu\/wp-content\/uploads\/2014\/08\/DSC01991-22-1024x768.jpg 1024w, https:\/\/www.slclub.hu\/wp-content\/uploads\/2014\/08\/DSC01991-22.jpg 2048w\" sizes=\"auto, (max-width: 300px) 100vw, 300px\" \/><\/a><\/p>\n<p><a href=\"http:\/\/www.slclub.hu\/wp-content\/uploads\/2014\/08\/DSC01991-23.jpg\"><img loading=\"lazy\" decoding=\"async\" src=\"http:\/\/www.slclub.hu\/wp-content\/uploads\/2014\/08\/DSC01991-23-300x225.jpg\" alt=\"DSC01991 23\" width=\"300\" height=\"225\" class=\"alignnone size-medium wp-image-235\" srcset=\"https:\/\/www.slclub.hu\/wp-content\/uploads\/2014\/08\/DSC01991-23-300x225.jpg 300w, https:\/\/www.slclub.hu\/wp-content\/uploads\/2014\/08\/DSC01991-23-1024x768.jpg 1024w, https:\/\/www.slclub.hu\/wp-content\/uploads\/2014\/08\/DSC01991-23.jpg 2048w\" sizes=\"auto, (max-width: 300px) 100vw, 300px\" \/><\/a><\/p>\n<p><a href=\"http:\/\/www.slclub.hu\/wp-content\/uploads\/2014\/08\/DSC01991-24.jpg\"><img loading=\"lazy\" decoding=\"async\" src=\"http:\/\/www.slclub.hu\/wp-content\/uploads\/2014\/08\/DSC01991-24-300x225.jpg\" alt=\"Digital Camera\" width=\"300\" height=\"225\" class=\"alignnone size-medium wp-image-236\" srcset=\"https:\/\/www.slclub.hu\/wp-content\/uploads\/2014\/08\/DSC01991-24-300x225.jpg 300w, https:\/\/www.slclub.hu\/wp-content\/uploads\/2014\/08\/DSC01991-24-1024x768.jpg 1024w\" sizes=\"auto, (max-width: 300px) 100vw, 300px\" \/><\/a><\/p>\n<p><a href=\"http:\/\/www.slclub.hu\/wp-content\/uploads\/2014\/08\/DSC01991-34.jpg\"><img loading=\"lazy\" decoding=\"async\" src=\"http:\/\/www.slclub.hu\/wp-content\/uploads\/2014\/08\/DSC01991-34-300x225.jpg\" alt=\"DSC01991 34\" width=\"300\" height=\"225\" class=\"alignnone size-medium wp-image-237\" srcset=\"https:\/\/www.slclub.hu\/wp-content\/uploads\/2014\/08\/DSC01991-34-300x225.jpg 300w, https:\/\/www.slclub.hu\/wp-content\/uploads\/2014\/08\/DSC01991-34-1024x768.jpg 1024w, https:\/\/www.slclub.hu\/wp-content\/uploads\/2014\/08\/DSC01991-34.jpg 2048w\" sizes=\"auto, (max-width: 300px) 100vw, 300px\" \/><\/a><\/p>\n<p><a href=\"http:\/\/www.slclub.hu\/wp-content\/uploads\/2014\/08\/DSC01991-38.jpg\"><img loading=\"lazy\" decoding=\"async\" src=\"http:\/\/www.slclub.hu\/wp-content\/uploads\/2014\/08\/DSC01991-38-300x199.jpg\" alt=\"DSC01991 38\" width=\"300\" height=\"199\" class=\"alignnone size-medium wp-image-238\" srcset=\"https:\/\/www.slclub.hu\/wp-content\/uploads\/2014\/08\/DSC01991-38-300x199.jpg 300w, https:\/\/www.slclub.hu\/wp-content\/uploads\/2014\/08\/DSC01991-38.jpg 960w\" sizes=\"auto, (max-width: 300px) 100vw, 300px\" \/><\/a><\/p>\n<p><a href=\"http:\/\/www.slclub.hu\/wp-content\/uploads\/2014\/08\/DSC01991-39.jpg\"><img loading=\"lazy\" decoding=\"async\" src=\"http:\/\/www.slclub.hu\/wp-content\/uploads\/2014\/08\/DSC01991-39-300x199.jpg\" alt=\"DSC01991 39\" width=\"300\" height=\"199\" class=\"alignnone size-medium wp-image-239\" srcset=\"https:\/\/www.slclub.hu\/wp-content\/uploads\/2014\/08\/DSC01991-39-300x199.jpg 300w, https:\/\/www.slclub.hu\/wp-content\/uploads\/2014\/08\/DSC01991-39.jpg 960w\" sizes=\"auto, (max-width: 300px) 100vw, 300px\" \/><\/a><\/p>\n<p><a href=\"http:\/\/www.slclub.hu\/wp-content\/uploads\/2014\/08\/DSC01991-41.jpg\"><img loading=\"lazy\" decoding=\"async\" src=\"http:\/\/www.slclub.hu\/wp-content\/uploads\/2014\/08\/DSC01991-41-300x225.jpg\" alt=\"DSC01991 41\" width=\"300\" height=\"225\" class=\"alignnone size-medium wp-image-240\" srcset=\"https:\/\/www.slclub.hu\/wp-content\/uploads\/2014\/08\/DSC01991-41-300x225.jpg 300w, https:\/\/www.slclub.hu\/wp-content\/uploads\/2014\/08\/DSC01991-41-1024x768.jpg 1024w, https:\/\/www.slclub.hu\/wp-content\/uploads\/2014\/08\/DSC01991-41.jpg 2048w\" sizes=\"auto, (max-width: 300px) 100vw, 300px\" \/><\/a><\/p>\n<p><a href=\"http:\/\/www.slclub.hu\/wp-content\/uploads\/2014\/08\/DSC01991-47.jpg\"><img loading=\"lazy\" decoding=\"async\" src=\"http:\/\/www.slclub.hu\/wp-content\/uploads\/2014\/08\/DSC01991-47-300x157.jpg\" alt=\"DSC01991 47\" width=\"300\" height=\"157\" class=\"alignnone size-medium wp-image-241\" srcset=\"https:\/\/www.slclub.hu\/wp-content\/uploads\/2014\/08\/DSC01991-47-300x157.jpg 300w, https:\/\/www.slclub.hu\/wp-content\/uploads\/2014\/08\/DSC01991-47.jpg 960w\" sizes=\"auto, (max-width: 300px) 100vw, 300px\" \/><\/a><\/p>\n<p><a href=\"http:\/\/www.slclub.hu\/wp-content\/uploads\/2014\/08\/DSC01991-48.jpg\"><img loading=\"lazy\" decoding=\"async\" src=\"http:\/\/www.slclub.hu\/wp-content\/uploads\/2014\/08\/DSC01991-48-300x225.jpg\" alt=\"DSC01991 48\" width=\"300\" height=\"225\" class=\"alignnone size-medium wp-image-242\" srcset=\"https:\/\/www.slclub.hu\/wp-content\/uploads\/2014\/08\/DSC01991-48-300x225.jpg 300w, https:\/\/www.slclub.hu\/wp-content\/uploads\/2014\/08\/DSC01991-48-1024x768.jpg 1024w, https:\/\/www.slclub.hu\/wp-content\/uploads\/2014\/08\/DSC01991-48.jpg 2048w\" sizes=\"auto, (max-width: 300px) 100vw, 300px\" \/><\/a><\/p>\n<p><a href=\"http:\/\/www.slclub.hu\/wp-content\/uploads\/2014\/08\/DSC01991-49.jpg\"><img loading=\"lazy\" decoding=\"async\" src=\"http:\/\/www.slclub.hu\/wp-content\/uploads\/2014\/08\/DSC01991-49-300x225.jpg\" alt=\"DSC01991 49\" width=\"300\" height=\"225\" class=\"alignnone size-medium wp-image-243\" srcset=\"https:\/\/www.slclub.hu\/wp-content\/uploads\/2014\/08\/DSC01991-49-300x225.jpg 300w, https:\/\/www.slclub.hu\/wp-content\/uploads\/2014\/08\/DSC01991-49-1024x768.jpg 1024w, https:\/\/www.slclub.hu\/wp-content\/uploads\/2014\/08\/DSC01991-49.jpg 2048w\" sizes=\"auto, (max-width: 300px) 100vw, 300px\" \/><\/a><\/p>\n<p><a href=\"http:\/\/www.slclub.hu\/wp-content\/uploads\/2014\/08\/DSC01991-51.jpg\"><img loading=\"lazy\" decoding=\"async\" src=\"http:\/\/www.slclub.hu\/wp-content\/uploads\/2014\/08\/DSC01991-51-300x225.jpg\" alt=\"DSC01991 51\" width=\"300\" height=\"225\" class=\"alignnone size-medium wp-image-244\" srcset=\"https:\/\/www.slclub.hu\/wp-content\/uploads\/2014\/08\/DSC01991-51-300x225.jpg 300w, https:\/\/www.slclub.hu\/wp-content\/uploads\/2014\/08\/DSC01991-51-1024x768.jpg 1024w, https:\/\/www.slclub.hu\/wp-content\/uploads\/2014\/08\/DSC01991-51.jpg 2048w\" sizes=\"auto, (max-width: 300px) 100vw, 300px\" \/><\/a><\/p>\n<p><a href=\"http:\/\/www.slclub.hu\/wp-content\/uploads\/2014\/08\/DSC01991-65.jpg\"><img loading=\"lazy\" decoding=\"async\" src=\"http:\/\/www.slclub.hu\/wp-content\/uploads\/2014\/08\/DSC01991-65-300x225.jpg\" alt=\"Digital Camera\" width=\"300\" height=\"225\" class=\"alignnone size-medium wp-image-245\" srcset=\"https:\/\/www.slclub.hu\/wp-content\/uploads\/2014\/08\/DSC01991-65-300x225.jpg 300w, https:\/\/www.slclub.hu\/wp-content\/uploads\/2014\/08\/DSC01991-65-1024x768.jpg 1024w\" sizes=\"auto, (max-width: 300px) 100vw, 300px\" \/><\/a><\/p>\n<p><a href=\"http:\/\/www.slclub.hu\/wp-content\/uploads\/2014\/08\/DSC01991-66.jpg\"><img loading=\"lazy\" decoding=\"async\" src=\"http:\/\/www.slclub.hu\/wp-content\/uploads\/2014\/08\/DSC01991-66-300x225.jpg\" alt=\"Digital Camera\" width=\"300\" height=\"225\" class=\"alignnone size-medium wp-image-246\" srcset=\"https:\/\/www.slclub.hu\/wp-content\/uploads\/2014\/08\/DSC01991-66-300x225.jpg 300w, https:\/\/www.slclub.hu\/wp-content\/uploads\/2014\/08\/DSC01991-66-1024x768.jpg 1024w\" sizes=\"auto, (max-width: 300px) 100vw, 300px\" \/><\/a><\/p>\n<p><a href=\"http:\/\/www.slclub.hu\/wp-content\/uploads\/2014\/08\/DSC01991-67.jpg\"><img loading=\"lazy\" decoding=\"async\" src=\"http:\/\/www.slclub.hu\/wp-content\/uploads\/2014\/08\/DSC01991-67-300x225.jpg\" alt=\"Digital Camera\" width=\"300\" height=\"225\" class=\"alignnone size-medium wp-image-247\" srcset=\"https:\/\/www.slclub.hu\/wp-content\/uploads\/2014\/08\/DSC01991-67-300x225.jpg 300w, https:\/\/www.slclub.hu\/wp-content\/uploads\/2014\/08\/DSC01991-67-1024x768.jpg 1024w\" sizes=\"auto, (max-width: 300px) 100vw, 300px\" \/><\/a><\/p>\n<p><a href=\"http:\/\/www.slclub.hu\/wp-content\/uploads\/2014\/08\/DSC01991-70.jpg\"><img loading=\"lazy\" decoding=\"async\" src=\"http:\/\/www.slclub.hu\/wp-content\/uploads\/2014\/08\/DSC01991-70-300x225.jpg\" alt=\"Digital Camera\" width=\"300\" height=\"225\" class=\"alignnone size-medium wp-image-248\" srcset=\"https:\/\/www.slclub.hu\/wp-content\/uploads\/2014\/08\/DSC01991-70-300x225.jpg 300w, https:\/\/www.slclub.hu\/wp-content\/uploads\/2014\/08\/DSC01991-70-1024x768.jpg 1024w\" sizes=\"auto, (max-width: 300px) 100vw, 300px\" \/><\/a><\/p>\n<p><a href=\"http:\/\/www.slclub.hu\/wp-content\/uploads\/2014\/08\/DSC01991-72.jpg\"><img loading=\"lazy\" decoding=\"async\" src=\"http:\/\/www.slclub.hu\/wp-content\/uploads\/2014\/08\/DSC01991-72-300x199.jpg\" alt=\"DSC01991 72\" width=\"300\" height=\"199\" class=\"alignnone size-medium wp-image-249\" srcset=\"https:\/\/www.slclub.hu\/wp-content\/uploads\/2014\/08\/DSC01991-72-300x199.jpg 300w, https:\/\/www.slclub.hu\/wp-content\/uploads\/2014\/08\/DSC01991-72.jpg 960w\" sizes=\"auto, (max-width: 300px) 100vw, 300px\" \/><\/a><\/p>\n<p><a href=\"http:\/\/www.slclub.hu\/wp-content\/uploads\/2014\/08\/DSC01991-73.jpg\"><img loading=\"lazy\" decoding=\"async\" src=\"http:\/\/www.slclub.hu\/wp-content\/uploads\/2014\/08\/DSC01991-73-300x225.jpg\" alt=\"Digital Camera\" width=\"300\" height=\"225\" class=\"alignnone size-medium wp-image-250\" srcset=\"https:\/\/www.slclub.hu\/wp-content\/uploads\/2014\/08\/DSC01991-73-300x225.jpg 300w, https:\/\/www.slclub.hu\/wp-content\/uploads\/2014\/08\/DSC01991-73-1024x768.jpg 1024w\" sizes=\"auto, (max-width: 300px) 100vw, 300px\" \/><\/a><\/p>\n","protected":false},"excerpt":{"rendered":"","protected":false},"author":1,"featured_media":0,"parent":0,"menu_order":0,"comment_status":"open","ping_status":"open","template":"","meta":{"footnotes":""},"class_list":["post-202","page","type-page","status-publish","hentry"],"_links":{"self":[{"href":"https:\/\/www.slclub.hu\/index.php?rest_route=\/wp\/v2\/pages\/202","targetHints":{"allow":["GET"]}}],"collection":[{"href":"https:\/\/www.slclub.hu\/index.php?rest_route=\/wp\/v2\/pages"}],"about":[{"href":"https:\/\/www.slclub.hu\/index.php?rest_route=\/wp\/v2\/types\/page"}],"author":[{"embeddable":true,"href":"https:\/\/www.slclub.hu\/index.php?rest_route=\/wp\/v2\/users\/1"}],"replies":[{"embeddable":true,"href":"https:\/\/www.slclub.hu\/index.php?rest_route=%2Fwp%2Fv2%2Fcomments&post=202"}],"version-history":[{"count":3,"href":"https:\/\/www.slclub.hu\/index.php?rest_route=\/wp\/v2\/pages\/202\/revisions"}],"predecessor-version":[{"id":252,"href":"https:\/\/www.slclub.hu\/index.php?rest_route=\/wp\/v2\/pages\/202\/revisions\/252"}],"wp:attachment":[{"href":"https:\/\/www.slclub.hu\/index.php?rest_route=%2Fwp%2Fv2%2Fmedia&parent=202"}],"curies":[{"name":"wp","href":"https:\/\/api.w.org\/{rel}","templated":true}]}}