{"id":2787,"date":"2018-01-11T21:13:49","date_gmt":"2018-01-11T20:13:49","guid":{"rendered":"http:\/\/www.slclub.hu\/?page_id=2787"},"modified":"2018-01-11T21:19:12","modified_gmt":"2018-01-11T20:19:12","slug":"2017-12-30-evbucsuztato-talalkozo","status":"publish","type":"page","link":"https:\/\/www.slclub.hu\/?page_id=2787","title":{"rendered":"2017.12.30. \u00c9vb\u00facs\u00faztat\u00f3 Tal\u00e1lkoz\u00f3"},"content":{"rendered":"<p><a href=\"http:\/\/www.slclub.hu\/wp-content\/uploads\/2018\/01\/IMG_20171230_151109.jpg\"><img loading=\"lazy\" decoding=\"async\" class=\"aligncenter size-large wp-image-2793\" src=\"http:\/\/www.slclub.hu\/wp-content\/uploads\/2018\/01\/IMG_20171230_151109-1024x576.jpg\" alt=\"\" width=\"474\" height=\"267\" srcset=\"https:\/\/www.slclub.hu\/wp-content\/uploads\/2018\/01\/IMG_20171230_151109-1024x576.jpg 1024w, https:\/\/www.slclub.hu\/wp-content\/uploads\/2018\/01\/IMG_20171230_151109-300x169.jpg 300w, https:\/\/www.slclub.hu\/wp-content\/uploads\/2018\/01\/IMG_20171230_151109-768x432.jpg 768w\" sizes=\"auto, (max-width: 474px) 100vw, 474px\" \/><\/a> <a href=\"http:\/\/www.slclub.hu\/wp-content\/uploads\/2018\/01\/IMG_20171230_151130.jpg\"><img loading=\"lazy\" decoding=\"async\" class=\"aligncenter size-large wp-image-2794\" src=\"http:\/\/www.slclub.hu\/wp-content\/uploads\/2018\/01\/IMG_20171230_151130-1024x576.jpg\" alt=\"\" width=\"474\" height=\"267\" srcset=\"https:\/\/www.slclub.hu\/wp-content\/uploads\/2018\/01\/IMG_20171230_151130-1024x576.jpg 1024w, https:\/\/www.slclub.hu\/wp-content\/uploads\/2018\/01\/IMG_20171230_151130-300x169.jpg 300w, https:\/\/www.slclub.hu\/wp-content\/uploads\/2018\/01\/IMG_20171230_151130-768x432.jpg 768w\" sizes=\"auto, (max-width: 474px) 100vw, 474px\" \/><\/a> <a href=\"http:\/\/www.slclub.hu\/wp-content\/uploads\/2018\/01\/IMG_20171230_151138.jpg\"><img loading=\"lazy\" decoding=\"async\" class=\"aligncenter size-large wp-image-2795\" src=\"http:\/\/www.slclub.hu\/wp-content\/uploads\/2018\/01\/IMG_20171230_151138-1024x576.jpg\" alt=\"\" width=\"474\" height=\"267\" srcset=\"https:\/\/www.slclub.hu\/wp-content\/uploads\/2018\/01\/IMG_20171230_151138-1024x576.jpg 1024w, https:\/\/www.slclub.hu\/wp-content\/uploads\/2018\/01\/IMG_20171230_151138-300x169.jpg 300w, https:\/\/www.slclub.hu\/wp-content\/uploads\/2018\/01\/IMG_20171230_151138-768x432.jpg 768w\" sizes=\"auto, (max-width: 474px) 100vw, 474px\" \/><\/a> <a href=\"http:\/\/www.slclub.hu\/wp-content\/uploads\/2018\/01\/IMG_20171230_151818.jpg\"><img loading=\"lazy\" decoding=\"async\" class=\"aligncenter size-large wp-image-2796\" src=\"http:\/\/www.slclub.hu\/wp-content\/uploads\/2018\/01\/IMG_20171230_151818-1024x576.jpg\" alt=\"\" width=\"474\" height=\"267\" srcset=\"https:\/\/www.slclub.hu\/wp-content\/uploads\/2018\/01\/IMG_20171230_151818-1024x576.jpg 1024w, https:\/\/www.slclub.hu\/wp-content\/uploads\/2018\/01\/IMG_20171230_151818-300x169.jpg 300w, https:\/\/www.slclub.hu\/wp-content\/uploads\/2018\/01\/IMG_20171230_151818-768x432.jpg 768w\" sizes=\"auto, (max-width: 474px) 100vw, 474px\" \/><\/a> <a href=\"http:\/\/www.slclub.hu\/wp-content\/uploads\/2018\/01\/IMG_20171230_151821.jpg\"><img loading=\"lazy\" decoding=\"async\" class=\"aligncenter size-large wp-image-2797\" src=\"http:\/\/www.slclub.hu\/wp-content\/uploads\/2018\/01\/IMG_20171230_151821-1024x576.jpg\" alt=\"\" width=\"474\" height=\"267\" srcset=\"https:\/\/www.slclub.hu\/wp-content\/uploads\/2018\/01\/IMG_20171230_151821-1024x576.jpg 1024w, https:\/\/www.slclub.hu\/wp-content\/uploads\/2018\/01\/IMG_20171230_151821-300x169.jpg 300w, https:\/\/www.slclub.hu\/wp-content\/uploads\/2018\/01\/IMG_20171230_151821-768x432.jpg 768w\" sizes=\"auto, (max-width: 474px) 100vw, 474px\" \/><\/a> <a href=\"http:\/\/www.slclub.hu\/wp-content\/uploads\/2018\/01\/IMG_20171230_151829.jpg\"><img loading=\"lazy\" decoding=\"async\" class=\"aligncenter size-large wp-image-2798\" src=\"http:\/\/www.slclub.hu\/wp-content\/uploads\/2018\/01\/IMG_20171230_151829-1024x576.jpg\" alt=\"\" width=\"474\" height=\"267\" srcset=\"https:\/\/www.slclub.hu\/wp-content\/uploads\/2018\/01\/IMG_20171230_151829-1024x576.jpg 1024w, https:\/\/www.slclub.hu\/wp-content\/uploads\/2018\/01\/IMG_20171230_151829-300x169.jpg 300w, https:\/\/www.slclub.hu\/wp-content\/uploads\/2018\/01\/IMG_20171230_151829-768x432.jpg 768w\" sizes=\"auto, (max-width: 474px) 100vw, 474px\" \/><\/a> <a href=\"http:\/\/www.slclub.hu\/wp-content\/uploads\/2018\/01\/IMG_20171230_151832.jpg\"><img loading=\"lazy\" decoding=\"async\" class=\"aligncenter size-large wp-image-2799\" src=\"http:\/\/www.slclub.hu\/wp-content\/uploads\/2018\/01\/IMG_20171230_151832-1024x576.jpg\" alt=\"\" width=\"474\" height=\"267\" srcset=\"https:\/\/www.slclub.hu\/wp-content\/uploads\/2018\/01\/IMG_20171230_151832-1024x576.jpg 1024w, https:\/\/www.slclub.hu\/wp-content\/uploads\/2018\/01\/IMG_20171230_151832-300x169.jpg 300w, https:\/\/www.slclub.hu\/wp-content\/uploads\/2018\/01\/IMG_20171230_151832-768x432.jpg 768w\" sizes=\"auto, (max-width: 474px) 100vw, 474px\" \/><\/a> <a href=\"http:\/\/www.slclub.hu\/wp-content\/uploads\/2018\/01\/IMG_20171230_152648.jpg\"><img loading=\"lazy\" decoding=\"async\" class=\"aligncenter size-large wp-image-2800\" src=\"http:\/\/www.slclub.hu\/wp-content\/uploads\/2018\/01\/IMG_20171230_152648-1024x576.jpg\" alt=\"\" width=\"474\" height=\"267\" srcset=\"https:\/\/www.slclub.hu\/wp-content\/uploads\/2018\/01\/IMG_20171230_152648-1024x576.jpg 1024w, https:\/\/www.slclub.hu\/wp-content\/uploads\/2018\/01\/IMG_20171230_152648-300x169.jpg 300w, https:\/\/www.slclub.hu\/wp-content\/uploads\/2018\/01\/IMG_20171230_152648-768x432.jpg 768w\" sizes=\"auto, (max-width: 474px) 100vw, 474px\" \/><\/a> <a href=\"http:\/\/www.slclub.hu\/wp-content\/uploads\/2018\/01\/IMG_20171230_152846.jpg\"><img loading=\"lazy\" decoding=\"async\" class=\"aligncenter size-large wp-image-2801\" src=\"http:\/\/www.slclub.hu\/wp-content\/uploads\/2018\/01\/IMG_20171230_152846-1024x576.jpg\" alt=\"\" width=\"474\" height=\"267\" srcset=\"https:\/\/www.slclub.hu\/wp-content\/uploads\/2018\/01\/IMG_20171230_152846-1024x576.jpg 1024w, https:\/\/www.slclub.hu\/wp-content\/uploads\/2018\/01\/IMG_20171230_152846-300x169.jpg 300w, https:\/\/www.slclub.hu\/wp-content\/uploads\/2018\/01\/IMG_20171230_152846-768x432.jpg 768w\" sizes=\"auto, (max-width: 474px) 100vw, 474px\" \/><\/a> <a href=\"http:\/\/www.slclub.hu\/wp-content\/uploads\/2018\/01\/IMG_20171230_153033.jpg\"><img loading=\"lazy\" decoding=\"async\" class=\"aligncenter size-large wp-image-2802\" src=\"http:\/\/www.slclub.hu\/wp-content\/uploads\/2018\/01\/IMG_20171230_153033-1024x576.jpg\" alt=\"\" width=\"474\" height=\"267\" srcset=\"https:\/\/www.slclub.hu\/wp-content\/uploads\/2018\/01\/IMG_20171230_153033-1024x576.jpg 1024w, https:\/\/www.slclub.hu\/wp-content\/uploads\/2018\/01\/IMG_20171230_153033-300x169.jpg 300w, https:\/\/www.slclub.hu\/wp-content\/uploads\/2018\/01\/IMG_20171230_153033-768x432.jpg 768w\" sizes=\"auto, (max-width: 474px) 100vw, 474px\" \/><\/a> <a href=\"http:\/\/www.slclub.hu\/wp-content\/uploads\/2018\/01\/IMG_20171230_154103.jpg\"><img loading=\"lazy\" decoding=\"async\" class=\"aligncenter size-large wp-image-2803\" src=\"http:\/\/www.slclub.hu\/wp-content\/uploads\/2018\/01\/IMG_20171230_154103-1024x576.jpg\" alt=\"\" width=\"474\" height=\"267\" srcset=\"https:\/\/www.slclub.hu\/wp-content\/uploads\/2018\/01\/IMG_20171230_154103-1024x576.jpg 1024w, https:\/\/www.slclub.hu\/wp-content\/uploads\/2018\/01\/IMG_20171230_154103-300x169.jpg 300w, https:\/\/www.slclub.hu\/wp-content\/uploads\/2018\/01\/IMG_20171230_154103-768x432.jpg 768w\" sizes=\"auto, (max-width: 474px) 100vw, 474px\" \/><\/a> <a href=\"http:\/\/www.slclub.hu\/wp-content\/uploads\/2018\/01\/IMG_20171230_155001.jpg\"><img loading=\"lazy\" decoding=\"async\" class=\"aligncenter size-large wp-image-2804\" src=\"http:\/\/www.slclub.hu\/wp-content\/uploads\/2018\/01\/IMG_20171230_155001-1024x576.jpg\" alt=\"\" width=\"474\" height=\"267\" srcset=\"https:\/\/www.slclub.hu\/wp-content\/uploads\/2018\/01\/IMG_20171230_155001-1024x576.jpg 1024w, https:\/\/www.slclub.hu\/wp-content\/uploads\/2018\/01\/IMG_20171230_155001-300x169.jpg 300w, https:\/\/www.slclub.hu\/wp-content\/uploads\/2018\/01\/IMG_20171230_155001-768x432.jpg 768w\" sizes=\"auto, (max-width: 474px) 100vw, 474px\" \/><\/a> <a href=\"http:\/\/www.slclub.hu\/wp-content\/uploads\/2018\/01\/IMG_20171230_155010.jpg\"><img loading=\"lazy\" decoding=\"async\" class=\"aligncenter size-large wp-image-2805\" src=\"http:\/\/www.slclub.hu\/wp-content\/uploads\/2018\/01\/IMG_20171230_155010-1024x576.jpg\" alt=\"\" width=\"474\" height=\"267\" srcset=\"https:\/\/www.slclub.hu\/wp-content\/uploads\/2018\/01\/IMG_20171230_155010-1024x576.jpg 1024w, https:\/\/www.slclub.hu\/wp-content\/uploads\/2018\/01\/IMG_20171230_155010-300x169.jpg 300w, https:\/\/www.slclub.hu\/wp-content\/uploads\/2018\/01\/IMG_20171230_155010-768x432.jpg 768w\" sizes=\"auto, (max-width: 474px) 100vw, 474px\" \/><\/a> <a href=\"http:\/\/www.slclub.hu\/wp-content\/uploads\/2018\/01\/IMG_20171230_155709.jpg\"><img loading=\"lazy\" decoding=\"async\" class=\"aligncenter size-large wp-image-2806\" src=\"http:\/\/www.slclub.hu\/wp-content\/uploads\/2018\/01\/IMG_20171230_155709-1024x576.jpg\" alt=\"\" width=\"474\" height=\"267\" srcset=\"https:\/\/www.slclub.hu\/wp-content\/uploads\/2018\/01\/IMG_20171230_155709-1024x576.jpg 1024w, https:\/\/www.slclub.hu\/wp-content\/uploads\/2018\/01\/IMG_20171230_155709-300x169.jpg 300w, https:\/\/www.slclub.hu\/wp-content\/uploads\/2018\/01\/IMG_20171230_155709-768x432.jpg 768w\" sizes=\"auto, (max-width: 474px) 100vw, 474px\" \/><\/a> <a href=\"http:\/\/www.slclub.hu\/wp-content\/uploads\/2018\/01\/IMG_20171230_161836.jpg\"><img loading=\"lazy\" decoding=\"async\" class=\"aligncenter size-large wp-image-2807\" src=\"http:\/\/www.slclub.hu\/wp-content\/uploads\/2018\/01\/IMG_20171230_161836-1024x576.jpg\" alt=\"\" width=\"474\" height=\"267\" srcset=\"https:\/\/www.slclub.hu\/wp-content\/uploads\/2018\/01\/IMG_20171230_161836-1024x576.jpg 1024w, https:\/\/www.slclub.hu\/wp-content\/uploads\/2018\/01\/IMG_20171230_161836-300x169.jpg 300w, https:\/\/www.slclub.hu\/wp-content\/uploads\/2018\/01\/IMG_20171230_161836-768x432.jpg 768w\" sizes=\"auto, (max-width: 474px) 100vw, 474px\" \/><\/a> <a href=\"http:\/\/www.slclub.hu\/wp-content\/uploads\/2018\/01\/IMG_20171230_162652.jpg\"><img loading=\"lazy\" decoding=\"async\" class=\"aligncenter size-large wp-image-2808\" src=\"http:\/\/www.slclub.hu\/wp-content\/uploads\/2018\/01\/IMG_20171230_162652-1024x576.jpg\" alt=\"\" width=\"474\" height=\"267\" srcset=\"https:\/\/www.slclub.hu\/wp-content\/uploads\/2018\/01\/IMG_20171230_162652-1024x576.jpg 1024w, https:\/\/www.slclub.hu\/wp-content\/uploads\/2018\/01\/IMG_20171230_162652-300x169.jpg 300w, https:\/\/www.slclub.hu\/wp-content\/uploads\/2018\/01\/IMG_20171230_162652-768x432.jpg 768w\" sizes=\"auto, (max-width: 474px) 100vw, 474px\" \/><\/a> <a href=\"http:\/\/www.slclub.hu\/wp-content\/uploads\/2018\/01\/IMG_20171230_162658.jpg\"><img loading=\"lazy\" decoding=\"async\" class=\"aligncenter size-large wp-image-2809\" src=\"http:\/\/www.slclub.hu\/wp-content\/uploads\/2018\/01\/IMG_20171230_162658-1024x576.jpg\" alt=\"\" width=\"474\" height=\"267\" srcset=\"https:\/\/www.slclub.hu\/wp-content\/uploads\/2018\/01\/IMG_20171230_162658-1024x576.jpg 1024w, https:\/\/www.slclub.hu\/wp-content\/uploads\/2018\/01\/IMG_20171230_162658-300x169.jpg 300w, https:\/\/www.slclub.hu\/wp-content\/uploads\/2018\/01\/IMG_20171230_162658-768x432.jpg 768w\" sizes=\"auto, (max-width: 474px) 100vw, 474px\" \/><\/a> <a href=\"http:\/\/www.slclub.hu\/wp-content\/uploads\/2018\/01\/IMG_20171230_162659.jpg\"><img loading=\"lazy\" decoding=\"async\" class=\"aligncenter size-large wp-image-2810\" src=\"http:\/\/www.slclub.hu\/wp-content\/uploads\/2018\/01\/IMG_20171230_162659.jpg\" alt=\"\" width=\"474\" height=\"632\" srcset=\"https:\/\/www.slclub.hu\/wp-content\/uploads\/2018\/01\/IMG_20171230_162659.jpg 720w, https:\/\/www.slclub.hu\/wp-content\/uploads\/2018\/01\/IMG_20171230_162659-225x300.jpg 225w\" sizes=\"auto, (max-width: 474px) 100vw, 474px\" \/><\/a> <a href=\"http:\/\/www.slclub.hu\/wp-content\/uploads\/2018\/01\/IMG_20171230_172939.jpg\"><img loading=\"lazy\" decoding=\"async\" class=\"aligncenter size-large wp-image-2811\" src=\"http:\/\/www.slclub.hu\/wp-content\/uploads\/2018\/01\/IMG_20171230_172939-1024x576.jpg\" alt=\"\" width=\"474\" height=\"267\" srcset=\"https:\/\/www.slclub.hu\/wp-content\/uploads\/2018\/01\/IMG_20171230_172939-1024x576.jpg 1024w, https:\/\/www.slclub.hu\/wp-content\/uploads\/2018\/01\/IMG_20171230_172939-300x169.jpg 300w, https:\/\/www.slclub.hu\/wp-content\/uploads\/2018\/01\/IMG_20171230_172939-768x432.jpg 768w\" sizes=\"auto, (max-width: 474px) 100vw, 474px\" \/><\/a> <a href=\"http:\/\/www.slclub.hu\/wp-content\/uploads\/2018\/01\/IMG_20171230_173001.jpg\"><img loading=\"lazy\" decoding=\"async\" class=\"aligncenter size-large wp-image-2812\" src=\"http:\/\/www.slclub.hu\/wp-content\/uploads\/2018\/01\/IMG_20171230_173001-1024x576.jpg\" alt=\"\" width=\"474\" height=\"267\" srcset=\"https:\/\/www.slclub.hu\/wp-content\/uploads\/2018\/01\/IMG_20171230_173001-1024x576.jpg 1024w, https:\/\/www.slclub.hu\/wp-content\/uploads\/2018\/01\/IMG_20171230_173001-300x169.jpg 300w, https:\/\/www.slclub.hu\/wp-content\/uploads\/2018\/01\/IMG_20171230_173001-768x432.jpg 768w\" sizes=\"auto, (max-width: 474px) 100vw, 474px\" \/><\/a> <a href=\"http:\/\/www.slclub.hu\/wp-content\/uploads\/2018\/01\/IMG_20171230_173034.jpg\"><img loading=\"lazy\" decoding=\"async\" class=\"aligncenter size-large wp-image-2813\" src=\"http:\/\/www.slclub.hu\/wp-content\/uploads\/2018\/01\/IMG_20171230_173034-1024x576.jpg\" alt=\"\" width=\"474\" height=\"267\" srcset=\"https:\/\/www.slclub.hu\/wp-content\/uploads\/2018\/01\/IMG_20171230_173034-1024x576.jpg 1024w, https:\/\/www.slclub.hu\/wp-content\/uploads\/2018\/01\/IMG_20171230_173034-300x169.jpg 300w, https:\/\/www.slclub.hu\/wp-content\/uploads\/2018\/01\/IMG_20171230_173034-768x432.jpg 768w\" sizes=\"auto, (max-width: 474px) 100vw, 474px\" \/><\/a> <a href=\"http:\/\/www.slclub.hu\/wp-content\/uploads\/2018\/01\/IMG_20171230_182613.jpg\"><img loading=\"lazy\" decoding=\"async\" class=\"aligncenter size-large wp-image-2814\" src=\"http:\/\/www.slclub.hu\/wp-content\/uploads\/2018\/01\/IMG_20171230_182613-1024x576.jpg\" alt=\"\" width=\"474\" height=\"267\" srcset=\"https:\/\/www.slclub.hu\/wp-content\/uploads\/2018\/01\/IMG_20171230_182613-1024x576.jpg 1024w, https:\/\/www.slclub.hu\/wp-content\/uploads\/2018\/01\/IMG_20171230_182613-300x169.jpg 300w, https:\/\/www.slclub.hu\/wp-content\/uploads\/2018\/01\/IMG_20171230_182613-768x432.jpg 768w\" sizes=\"auto, (max-width: 474px) 100vw, 474px\" \/><\/a> <a href=\"http:\/\/www.slclub.hu\/wp-content\/uploads\/2018\/01\/IMG_20171230_182635.jpg\"><img loading=\"lazy\" decoding=\"async\" class=\"aligncenter size-large wp-image-2815\" src=\"http:\/\/www.slclub.hu\/wp-content\/uploads\/2018\/01\/IMG_20171230_182635-1024x576.jpg\" alt=\"\" width=\"474\" height=\"267\" srcset=\"https:\/\/www.slclub.hu\/wp-content\/uploads\/2018\/01\/IMG_20171230_182635-1024x576.jpg 1024w, https:\/\/www.slclub.hu\/wp-content\/uploads\/2018\/01\/IMG_20171230_182635-300x169.jpg 300w, https:\/\/www.slclub.hu\/wp-content\/uploads\/2018\/01\/IMG_20171230_182635-768x432.jpg 768w\" sizes=\"auto, (max-width: 474px) 100vw, 474px\" \/><\/a><\/p>\n","protected":false},"excerpt":{"rendered":"","protected":false},"author":1,"featured_media":0,"parent":0,"menu_order":0,"comment_status":"closed","ping_status":"closed","template":"","meta":{"footnotes":""},"class_list":["post-2787","page","type-page","status-publish","hentry"],"_links":{"self":[{"href":"https:\/\/www.slclub.hu\/index.php?rest_route=\/wp\/v2\/pages\/2787","targetHints":{"allow":["GET"]}}],"collection":[{"href":"https:\/\/www.slclub.hu\/index.php?rest_route=\/wp\/v2\/pages"}],"about":[{"href":"https:\/\/www.slclub.hu\/index.php?rest_route=\/wp\/v2\/types\/page"}],"author":[{"embeddable":true,"href":"https:\/\/www.slclub.hu\/index.php?rest_route=\/wp\/v2\/users\/1"}],"replies":[{"embeddable":true,"href":"https:\/\/www.slclub.hu\/index.php?rest_route=%2Fwp%2Fv2%2Fcomments&post=2787"}],"version-history":[{"count":2,"href":"https:\/\/www.slclub.hu\/index.php?rest_route=\/wp\/v2\/pages\/2787\/revisions"}],"predecessor-version":[{"id":2816,"href":"https:\/\/www.slclub.hu\/index.php?rest_route=\/wp\/v2\/pages\/2787\/revisions\/2816"}],"wp:attachment":[{"href":"https:\/\/www.slclub.hu\/index.php?rest_route=%2Fwp%2Fv2%2Fmedia&parent=2787"}],"curies":[{"name":"wp","href":"https:\/\/api.w.org\/{rel}","templated":true}]}}