{"id":2822,"date":"2018-02-14T21:31:35","date_gmt":"2018-02-14T20:31:35","guid":{"rendered":"http:\/\/www.slclub.hu\/?page_id=2822"},"modified":"2018-02-23T20:27:08","modified_gmt":"2018-02-23T19:27:08","slug":"2018-02-18-slc-5-szulinapi-talalkozoja","status":"publish","type":"page","link":"https:\/\/www.slclub.hu\/?page_id=2822","title":{"rendered":"2018.02.18. SLC 5. SZ\u00dcLINAPI TAL\u00c1LKOZ\u00d3JA"},"content":{"rendered":"<p><a href=\"http:\/\/www.slclub.hu\/wp-content\/uploads\/2018\/02\/IMG_20180218_104803.jpg\"><img loading=\"lazy\" decoding=\"async\" class=\"aligncenter size-large wp-image-2830\" src=\"http:\/\/www.slclub.hu\/wp-content\/uploads\/2018\/02\/IMG_20180218_104803-1024x576.jpg\" alt=\"\" width=\"474\" height=\"267\" srcset=\"https:\/\/www.slclub.hu\/wp-content\/uploads\/2018\/02\/IMG_20180218_104803-1024x576.jpg 1024w, https:\/\/www.slclub.hu\/wp-content\/uploads\/2018\/02\/IMG_20180218_104803-300x169.jpg 300w, https:\/\/www.slclub.hu\/wp-content\/uploads\/2018\/02\/IMG_20180218_104803-768x432.jpg 768w\" sizes=\"auto, (max-width: 474px) 100vw, 474px\" \/><\/a> <a href=\"http:\/\/www.slclub.hu\/wp-content\/uploads\/2018\/02\/IMG_20180218_104851.jpg\"><img loading=\"lazy\" decoding=\"async\" class=\"aligncenter size-large wp-image-2831\" src=\"http:\/\/www.slclub.hu\/wp-content\/uploads\/2018\/02\/IMG_20180218_104851-1024x576.jpg\" alt=\"\" width=\"474\" height=\"267\" srcset=\"https:\/\/www.slclub.hu\/wp-content\/uploads\/2018\/02\/IMG_20180218_104851-1024x576.jpg 1024w, https:\/\/www.slclub.hu\/wp-content\/uploads\/2018\/02\/IMG_20180218_104851-300x169.jpg 300w, https:\/\/www.slclub.hu\/wp-content\/uploads\/2018\/02\/IMG_20180218_104851-768x432.jpg 768w\" sizes=\"auto, (max-width: 474px) 100vw, 474px\" \/><\/a><\/p>\n<p><a href=\"http:\/\/www.slclub.hu\/wp-content\/uploads\/2018\/02\/IMG_20180218_104952.jpg\"><img loading=\"lazy\" decoding=\"async\" class=\"aligncenter size-large wp-image-2832\" src=\"http:\/\/www.slclub.hu\/wp-content\/uploads\/2018\/02\/IMG_20180218_104952-1024x576.jpg\" alt=\"\" width=\"474\" height=\"267\" srcset=\"https:\/\/www.slclub.hu\/wp-content\/uploads\/2018\/02\/IMG_20180218_104952-1024x576.jpg 1024w, https:\/\/www.slclub.hu\/wp-content\/uploads\/2018\/02\/IMG_20180218_104952-300x169.jpg 300w, https:\/\/www.slclub.hu\/wp-content\/uploads\/2018\/02\/IMG_20180218_104952-768x432.jpg 768w\" sizes=\"auto, (max-width: 474px) 100vw, 474px\" \/><\/a> <a href=\"http:\/\/www.slclub.hu\/wp-content\/uploads\/2018\/02\/IMG_20180218_105718.jpg\"><img loading=\"lazy\" decoding=\"async\" class=\"aligncenter size-large wp-image-2833\" src=\"http:\/\/www.slclub.hu\/wp-content\/uploads\/2018\/02\/IMG_20180218_105718-1024x576.jpg\" alt=\"\" width=\"474\" height=\"267\" srcset=\"https:\/\/www.slclub.hu\/wp-content\/uploads\/2018\/02\/IMG_20180218_105718-1024x576.jpg 1024w, https:\/\/www.slclub.hu\/wp-content\/uploads\/2018\/02\/IMG_20180218_105718-300x169.jpg 300w, https:\/\/www.slclub.hu\/wp-content\/uploads\/2018\/02\/IMG_20180218_105718-768x432.jpg 768w\" sizes=\"auto, (max-width: 474px) 100vw, 474px\" \/><\/a> <a href=\"http:\/\/www.slclub.hu\/wp-content\/uploads\/2018\/02\/IMG_20180218_110650.jpg\"><img loading=\"lazy\" decoding=\"async\" class=\"aligncenter size-large wp-image-2834\" src=\"http:\/\/www.slclub.hu\/wp-content\/uploads\/2018\/02\/IMG_20180218_110650-1024x576.jpg\" alt=\"\" width=\"474\" height=\"267\" srcset=\"https:\/\/www.slclub.hu\/wp-content\/uploads\/2018\/02\/IMG_20180218_110650-1024x576.jpg 1024w, https:\/\/www.slclub.hu\/wp-content\/uploads\/2018\/02\/IMG_20180218_110650-300x169.jpg 300w, https:\/\/www.slclub.hu\/wp-content\/uploads\/2018\/02\/IMG_20180218_110650-768x432.jpg 768w\" sizes=\"auto, (max-width: 474px) 100vw, 474px\" \/><\/a> <img loading=\"lazy\" decoding=\"async\" class=\"aligncenter size-full wp-image-2856\" src=\"http:\/\/www.slclub.hu\/wp-content\/uploads\/2018\/02\/IMG_20180218_110651.jpg\" alt=\"\" width=\"960\" height=\"540\" srcset=\"https:\/\/www.slclub.hu\/wp-content\/uploads\/2018\/02\/IMG_20180218_110651.jpg 960w, https:\/\/www.slclub.hu\/wp-content\/uploads\/2018\/02\/IMG_20180218_110651-300x169.jpg 300w, https:\/\/www.slclub.hu\/wp-content\/uploads\/2018\/02\/IMG_20180218_110651-768x432.jpg 768w\" sizes=\"auto, (max-width: 960px) 100vw, 960px\" \/><a href=\"http:\/\/www.slclub.hu\/wp-content\/uploads\/2018\/02\/IMG_20180218_112334.jpg\"><img loading=\"lazy\" decoding=\"async\" class=\"aligncenter size-large wp-image-2835\" src=\"http:\/\/www.slclub.hu\/wp-content\/uploads\/2018\/02\/IMG_20180218_112334-1024x576.jpg\" alt=\"\" width=\"474\" height=\"267\" srcset=\"https:\/\/www.slclub.hu\/wp-content\/uploads\/2018\/02\/IMG_20180218_112334-1024x576.jpg 1024w, https:\/\/www.slclub.hu\/wp-content\/uploads\/2018\/02\/IMG_20180218_112334-300x169.jpg 300w, https:\/\/www.slclub.hu\/wp-content\/uploads\/2018\/02\/IMG_20180218_112334-768x432.jpg 768w\" sizes=\"auto, (max-width: 474px) 100vw, 474px\" \/><\/a> <a href=\"http:\/\/www.slclub.hu\/wp-content\/uploads\/2018\/02\/IMG_20180218_112347.jpg\"><img loading=\"lazy\" decoding=\"async\" class=\"aligncenter size-large wp-image-2836\" src=\"http:\/\/www.slclub.hu\/wp-content\/uploads\/2018\/02\/IMG_20180218_112347-1024x360.jpg\" alt=\"\" width=\"474\" height=\"167\" srcset=\"https:\/\/www.slclub.hu\/wp-content\/uploads\/2018\/02\/IMG_20180218_112347-1024x360.jpg 1024w, https:\/\/www.slclub.hu\/wp-content\/uploads\/2018\/02\/IMG_20180218_112347-300x105.jpg 300w, https:\/\/www.slclub.hu\/wp-content\/uploads\/2018\/02\/IMG_20180218_112347-768x270.jpg 768w, https:\/\/www.slclub.hu\/wp-content\/uploads\/2018\/02\/IMG_20180218_112347.jpg 2048w\" sizes=\"auto, (max-width: 474px) 100vw, 474px\" \/><\/a> <a style=\"color: #41a62a; outline: 0px;\" href=\"http:\/\/www.slclub.hu\/wp-content\/uploads\/2018\/02\/IMG_20180218_112348.jpg\"><img loading=\"lazy\" decoding=\"async\" class=\"aligncenter size-large wp-image-2857\" src=\"http:\/\/www.slclub.hu\/wp-content\/uploads\/2018\/02\/IMG_20180218_112348.jpg\" alt=\"\" width=\"474\" height=\"267\" srcset=\"https:\/\/www.slclub.hu\/wp-content\/uploads\/2018\/02\/IMG_20180218_112348.jpg 960w, https:\/\/www.slclub.hu\/wp-content\/uploads\/2018\/02\/IMG_20180218_112348-300x169.jpg 300w, https:\/\/www.slclub.hu\/wp-content\/uploads\/2018\/02\/IMG_20180218_112348-768x432.jpg 768w\" sizes=\"auto, (max-width: 474px) 100vw, 474px\" \/><\/a><img loading=\"lazy\" decoding=\"async\" class=\"aligncenter size-large wp-image-2858\" src=\"http:\/\/www.slclub.hu\/wp-content\/uploads\/2018\/02\/IMG_20180218_112349.jpg\" alt=\"\" width=\"474\" height=\"267\" srcset=\"https:\/\/www.slclub.hu\/wp-content\/uploads\/2018\/02\/IMG_20180218_112349.jpg 960w, https:\/\/www.slclub.hu\/wp-content\/uploads\/2018\/02\/IMG_20180218_112349-300x169.jpg 300w, https:\/\/www.slclub.hu\/wp-content\/uploads\/2018\/02\/IMG_20180218_112349-768x432.jpg 768w\" sizes=\"auto, (max-width: 474px) 100vw, 474px\" \/><a href=\"http:\/\/www.slclub.hu\/wp-content\/uploads\/2018\/02\/IMG_20180218_125214.jpg\"><img loading=\"lazy\" decoding=\"async\" class=\"aligncenter size-large wp-image-2837\" src=\"http:\/\/www.slclub.hu\/wp-content\/uploads\/2018\/02\/IMG_20180218_125214-1024x576.jpg\" alt=\"\" width=\"474\" height=\"267\" srcset=\"https:\/\/www.slclub.hu\/wp-content\/uploads\/2018\/02\/IMG_20180218_125214-1024x576.jpg 1024w, https:\/\/www.slclub.hu\/wp-content\/uploads\/2018\/02\/IMG_20180218_125214-300x169.jpg 300w, https:\/\/www.slclub.hu\/wp-content\/uploads\/2018\/02\/IMG_20180218_125214-768x432.jpg 768w\" sizes=\"auto, (max-width: 474px) 100vw, 474px\" \/><\/a> <a href=\"http:\/\/www.slclub.hu\/wp-content\/uploads\/2018\/02\/IMG_20180218_125222.jpg\"><img loading=\"lazy\" decoding=\"async\" class=\"aligncenter size-large wp-image-2838\" src=\"http:\/\/www.slclub.hu\/wp-content\/uploads\/2018\/02\/IMG_20180218_125222-1024x576.jpg\" alt=\"\" width=\"474\" height=\"267\" srcset=\"https:\/\/www.slclub.hu\/wp-content\/uploads\/2018\/02\/IMG_20180218_125222-1024x576.jpg 1024w, https:\/\/www.slclub.hu\/wp-content\/uploads\/2018\/02\/IMG_20180218_125222-300x169.jpg 300w, https:\/\/www.slclub.hu\/wp-content\/uploads\/2018\/02\/IMG_20180218_125222-768x432.jpg 768w\" sizes=\"auto, (max-width: 474px) 100vw, 474px\" \/><\/a> <a href=\"http:\/\/www.slclub.hu\/wp-content\/uploads\/2018\/02\/IMG_20180218_125627.jpg\"><img loading=\"lazy\" decoding=\"async\" class=\"aligncenter size-large wp-image-2839\" src=\"http:\/\/www.slclub.hu\/wp-content\/uploads\/2018\/02\/IMG_20180218_125627-1024x576.jpg\" alt=\"\" width=\"474\" height=\"267\" srcset=\"https:\/\/www.slclub.hu\/wp-content\/uploads\/2018\/02\/IMG_20180218_125627-1024x576.jpg 1024w, https:\/\/www.slclub.hu\/wp-content\/uploads\/2018\/02\/IMG_20180218_125627-300x169.jpg 300w, https:\/\/www.slclub.hu\/wp-content\/uploads\/2018\/02\/IMG_20180218_125627-768x432.jpg 768w\" sizes=\"auto, (max-width: 474px) 100vw, 474px\" \/><\/a> <a href=\"http:\/\/www.slclub.hu\/wp-content\/uploads\/2018\/02\/IMG_20180218_131132.jpg\"><img loading=\"lazy\" decoding=\"async\" class=\"aligncenter size-large wp-image-2840\" src=\"http:\/\/www.slclub.hu\/wp-content\/uploads\/2018\/02\/IMG_20180218_131132-1024x576.jpg\" alt=\"\" width=\"474\" height=\"267\" srcset=\"https:\/\/www.slclub.hu\/wp-content\/uploads\/2018\/02\/IMG_20180218_131132-1024x576.jpg 1024w, https:\/\/www.slclub.hu\/wp-content\/uploads\/2018\/02\/IMG_20180218_131132-300x169.jpg 300w, https:\/\/www.slclub.hu\/wp-content\/uploads\/2018\/02\/IMG_20180218_131132-768x432.jpg 768w\" sizes=\"auto, (max-width: 474px) 100vw, 474px\" \/><\/a> <a href=\"http:\/\/www.slclub.hu\/wp-content\/uploads\/2018\/02\/IMG_20180218_131314.jpg\"><img loading=\"lazy\" decoding=\"async\" class=\"aligncenter size-large wp-image-2841\" src=\"http:\/\/www.slclub.hu\/wp-content\/uploads\/2018\/02\/IMG_20180218_131314-1024x576.jpg\" alt=\"\" width=\"474\" height=\"267\" srcset=\"https:\/\/www.slclub.hu\/wp-content\/uploads\/2018\/02\/IMG_20180218_131314-1024x576.jpg 1024w, https:\/\/www.slclub.hu\/wp-content\/uploads\/2018\/02\/IMG_20180218_131314-300x169.jpg 300w, https:\/\/www.slclub.hu\/wp-content\/uploads\/2018\/02\/IMG_20180218_131314-768x432.jpg 768w\" sizes=\"auto, (max-width: 474px) 100vw, 474px\" \/><\/a> <a href=\"http:\/\/www.slclub.hu\/wp-content\/uploads\/2018\/02\/IMG_20180218_131838.jpg\"><img loading=\"lazy\" decoding=\"async\" class=\"aligncenter size-large wp-image-2842\" src=\"http:\/\/www.slclub.hu\/wp-content\/uploads\/2018\/02\/IMG_20180218_131838-1024x576.jpg\" alt=\"\" width=\"474\" height=\"267\" srcset=\"https:\/\/www.slclub.hu\/wp-content\/uploads\/2018\/02\/IMG_20180218_131838-1024x576.jpg 1024w, https:\/\/www.slclub.hu\/wp-content\/uploads\/2018\/02\/IMG_20180218_131838-300x169.jpg 300w, https:\/\/www.slclub.hu\/wp-content\/uploads\/2018\/02\/IMG_20180218_131838-768x432.jpg 768w\" sizes=\"auto, (max-width: 474px) 100vw, 474px\" \/><\/a> <a href=\"http:\/\/www.slclub.hu\/wp-content\/uploads\/2018\/02\/IMG_20180218_141412.jpg\"><img loading=\"lazy\" decoding=\"async\" class=\"aligncenter size-large wp-image-2843\" src=\"http:\/\/www.slclub.hu\/wp-content\/uploads\/2018\/02\/IMG_20180218_141412-1024x576.jpg\" alt=\"\" width=\"474\" height=\"267\" srcset=\"https:\/\/www.slclub.hu\/wp-content\/uploads\/2018\/02\/IMG_20180218_141412-1024x576.jpg 1024w, https:\/\/www.slclub.hu\/wp-content\/uploads\/2018\/02\/IMG_20180218_141412-300x169.jpg 300w, https:\/\/www.slclub.hu\/wp-content\/uploads\/2018\/02\/IMG_20180218_141412-768x432.jpg 768w\" sizes=\"auto, (max-width: 474px) 100vw, 474px\" \/><\/a> <a href=\"http:\/\/www.slclub.hu\/wp-content\/uploads\/2018\/02\/IMG_20180218_141504.jpg\"><img loading=\"lazy\" decoding=\"async\" class=\"aligncenter size-large wp-image-2844\" src=\"http:\/\/www.slclub.hu\/wp-content\/uploads\/2018\/02\/IMG_20180218_141504-1024x576.jpg\" alt=\"\" width=\"474\" height=\"267\" srcset=\"https:\/\/www.slclub.hu\/wp-content\/uploads\/2018\/02\/IMG_20180218_141504-1024x576.jpg 1024w, https:\/\/www.slclub.hu\/wp-content\/uploads\/2018\/02\/IMG_20180218_141504-300x169.jpg 300w, https:\/\/www.slclub.hu\/wp-content\/uploads\/2018\/02\/IMG_20180218_141504-768x432.jpg 768w\" sizes=\"auto, (max-width: 474px) 100vw, 474px\" \/><\/a> <a href=\"http:\/\/www.slclub.hu\/wp-content\/uploads\/2018\/02\/IMG_20180218_144036.jpg\"><img loading=\"lazy\" decoding=\"async\" class=\"aligncenter size-large wp-image-2845\" src=\"http:\/\/www.slclub.hu\/wp-content\/uploads\/2018\/02\/IMG_20180218_144036.jpg\" alt=\"\" width=\"474\" height=\"356\" srcset=\"https:\/\/www.slclub.hu\/wp-content\/uploads\/2018\/02\/IMG_20180218_144036.jpg 960w, https:\/\/www.slclub.hu\/wp-content\/uploads\/2018\/02\/IMG_20180218_144036-300x225.jpg 300w, https:\/\/www.slclub.hu\/wp-content\/uploads\/2018\/02\/IMG_20180218_144036-768x576.jpg 768w\" sizes=\"auto, (max-width: 474px) 100vw, 474px\" \/><\/a> <a href=\"http:\/\/www.slclub.hu\/wp-content\/uploads\/2018\/02\/IMG_20180218_144141.jpg\"><img loading=\"lazy\" decoding=\"async\" class=\"aligncenter size-large wp-image-2846\" src=\"http:\/\/www.slclub.hu\/wp-content\/uploads\/2018\/02\/IMG_20180218_144141.jpg\" alt=\"\" width=\"474\" height=\"356\" srcset=\"https:\/\/www.slclub.hu\/wp-content\/uploads\/2018\/02\/IMG_20180218_144141.jpg 960w, https:\/\/www.slclub.hu\/wp-content\/uploads\/2018\/02\/IMG_20180218_144141-300x225.jpg 300w, https:\/\/www.slclub.hu\/wp-content\/uploads\/2018\/02\/IMG_20180218_144141-768x576.jpg 768w\" sizes=\"auto, (max-width: 474px) 100vw, 474px\" \/><\/a> <a href=\"http:\/\/www.slclub.hu\/wp-content\/uploads\/2018\/02\/IMG_20180218_150531.jpg\"><img loading=\"lazy\" decoding=\"async\" class=\"aligncenter size-large wp-image-2847\" src=\"http:\/\/www.slclub.hu\/wp-content\/uploads\/2018\/02\/IMG_20180218_150531-1024x576.jpg\" alt=\"\" width=\"474\" height=\"267\" srcset=\"https:\/\/www.slclub.hu\/wp-content\/uploads\/2018\/02\/IMG_20180218_150531-1024x576.jpg 1024w, https:\/\/www.slclub.hu\/wp-content\/uploads\/2018\/02\/IMG_20180218_150531-300x169.jpg 300w, https:\/\/www.slclub.hu\/wp-content\/uploads\/2018\/02\/IMG_20180218_150531-768x432.jpg 768w\" sizes=\"auto, (max-width: 474px) 100vw, 474px\" \/><\/a> <a href=\"http:\/\/www.slclub.hu\/wp-content\/uploads\/2018\/02\/IMG_20180218_150532.jpg\"><img loading=\"lazy\" decoding=\"async\" class=\"aligncenter size-large wp-image-2848\" src=\"http:\/\/www.slclub.hu\/wp-content\/uploads\/2018\/02\/IMG_20180218_150532-1024x576.jpg\" alt=\"\" width=\"474\" height=\"267\" srcset=\"https:\/\/www.slclub.hu\/wp-content\/uploads\/2018\/02\/IMG_20180218_150532-1024x576.jpg 1024w, https:\/\/www.slclub.hu\/wp-content\/uploads\/2018\/02\/IMG_20180218_150532-300x169.jpg 300w, https:\/\/www.slclub.hu\/wp-content\/uploads\/2018\/02\/IMG_20180218_150532-768x432.jpg 768w\" sizes=\"auto, (max-width: 474px) 100vw, 474px\" \/><\/a> <a href=\"http:\/\/www.slclub.hu\/wp-content\/uploads\/2018\/02\/IMG_20180218_150600.jpg\"><img loading=\"lazy\" decoding=\"async\" class=\"aligncenter size-large wp-image-2849\" src=\"http:\/\/www.slclub.hu\/wp-content\/uploads\/2018\/02\/IMG_20180218_150600-1024x576.jpg\" alt=\"\" width=\"474\" height=\"267\" srcset=\"https:\/\/www.slclub.hu\/wp-content\/uploads\/2018\/02\/IMG_20180218_150600-1024x576.jpg 1024w, https:\/\/www.slclub.hu\/wp-content\/uploads\/2018\/02\/IMG_20180218_150600-300x169.jpg 300w, https:\/\/www.slclub.hu\/wp-content\/uploads\/2018\/02\/IMG_20180218_150600-768x432.jpg 768w\" sizes=\"auto, (max-width: 474px) 100vw, 474px\" \/><\/a> <a href=\"http:\/\/www.slclub.hu\/wp-content\/uploads\/2018\/02\/IMG_20180218_150640.jpg\"><img loading=\"lazy\" decoding=\"async\" class=\"aligncenter size-large wp-image-2850\" src=\"http:\/\/www.slclub.hu\/wp-content\/uploads\/2018\/02\/IMG_20180218_150640-1024x576.jpg\" alt=\"\" width=\"474\" height=\"267\" srcset=\"https:\/\/www.slclub.hu\/wp-content\/uploads\/2018\/02\/IMG_20180218_150640-1024x576.jpg 1024w, https:\/\/www.slclub.hu\/wp-content\/uploads\/2018\/02\/IMG_20180218_150640-300x169.jpg 300w, https:\/\/www.slclub.hu\/wp-content\/uploads\/2018\/02\/IMG_20180218_150640-768x432.jpg 768w\" sizes=\"auto, (max-width: 474px) 100vw, 474px\" \/><\/a> <a href=\"http:\/\/www.slclub.hu\/wp-content\/uploads\/2018\/02\/IMG_20180218_153806.jpg\"><img loading=\"lazy\" decoding=\"async\" class=\"aligncenter size-large wp-image-2851\" src=\"http:\/\/www.slclub.hu\/wp-content\/uploads\/2018\/02\/IMG_20180218_153806-1024x576.jpg\" alt=\"\" width=\"474\" height=\"267\" srcset=\"https:\/\/www.slclub.hu\/wp-content\/uploads\/2018\/02\/IMG_20180218_153806-1024x576.jpg 1024w, https:\/\/www.slclub.hu\/wp-content\/uploads\/2018\/02\/IMG_20180218_153806-300x169.jpg 300w, https:\/\/www.slclub.hu\/wp-content\/uploads\/2018\/02\/IMG_20180218_153806-768x432.jpg 768w\" sizes=\"auto, (max-width: 474px) 100vw, 474px\" \/><\/a> <a href=\"http:\/\/www.slclub.hu\/wp-content\/uploads\/2018\/02\/IMG_20180218_161258.jpg\"><img loading=\"lazy\" decoding=\"async\" class=\"aligncenter size-large wp-image-2852\" src=\"http:\/\/www.slclub.hu\/wp-content\/uploads\/2018\/02\/IMG_20180218_161258-1024x576.jpg\" alt=\"\" width=\"474\" height=\"267\" srcset=\"https:\/\/www.slclub.hu\/wp-content\/uploads\/2018\/02\/IMG_20180218_161258-1024x576.jpg 1024w, https:\/\/www.slclub.hu\/wp-content\/uploads\/2018\/02\/IMG_20180218_161258-300x169.jpg 300w, https:\/\/www.slclub.hu\/wp-content\/uploads\/2018\/02\/IMG_20180218_161258-768x432.jpg 768w\" sizes=\"auto, (max-width: 474px) 100vw, 474px\" \/><\/a> <a href=\"http:\/\/www.slclub.hu\/wp-content\/uploads\/2018\/02\/IMG_20180218_162004.jpg\"><img loading=\"lazy\" decoding=\"async\" class=\"aligncenter size-large wp-image-2853\" src=\"http:\/\/www.slclub.hu\/wp-content\/uploads\/2018\/02\/IMG_20180218_162004-1024x576.jpg\" alt=\"\" width=\"474\" height=\"267\" srcset=\"https:\/\/www.slclub.hu\/wp-content\/uploads\/2018\/02\/IMG_20180218_162004-1024x576.jpg 1024w, https:\/\/www.slclub.hu\/wp-content\/uploads\/2018\/02\/IMG_20180218_162004-300x169.jpg 300w, https:\/\/www.slclub.hu\/wp-content\/uploads\/2018\/02\/IMG_20180218_162004-768x432.jpg 768w\" sizes=\"auto, (max-width: 474px) 100vw, 474px\" \/><\/a><\/p>\n","protected":false},"excerpt":{"rendered":"","protected":false},"author":1,"featured_media":0,"parent":0,"menu_order":0,"comment_status":"closed","ping_status":"closed","template":"","meta":{"footnotes":""},"class_list":["post-2822","page","type-page","status-publish","hentry"],"_links":{"self":[{"href":"https:\/\/www.slclub.hu\/index.php?rest_route=\/wp\/v2\/pages\/2822","targetHints":{"allow":["GET"]}}],"collection":[{"href":"https:\/\/www.slclub.hu\/index.php?rest_route=\/wp\/v2\/pages"}],"about":[{"href":"https:\/\/www.slclub.hu\/index.php?rest_route=\/wp\/v2\/types\/page"}],"author":[{"embeddable":true,"href":"https:\/\/www.slclub.hu\/index.php?rest_route=\/wp\/v2\/users\/1"}],"replies":[{"embeddable":true,"href":"https:\/\/www.slclub.hu\/index.php?rest_route=%2Fwp%2Fv2%2Fcomments&post=2822"}],"version-history":[{"count":5,"href":"https:\/\/www.slclub.hu\/index.php?rest_route=\/wp\/v2\/pages\/2822\/revisions"}],"predecessor-version":[{"id":2860,"href":"https:\/\/www.slclub.hu\/index.php?rest_route=\/wp\/v2\/pages\/2822\/revisions\/2860"}],"wp:attachment":[{"href":"https:\/\/www.slclub.hu\/index.php?rest_route=%2Fwp%2Fv2%2Fmedia&parent=2822"}],"curies":[{"name":"wp","href":"https:\/\/api.w.org\/{rel}","templated":true}]}}