{"id":2867,"date":"2018-03-17T18:13:06","date_gmt":"2018-03-17T17:13:06","guid":{"rendered":"http:\/\/www.slclub.hu\/?page_id=2867"},"modified":"2018-03-17T18:17:06","modified_gmt":"2018-03-17T17:17:06","slug":"2018-03-17-jotekonysagi-suzuki-es-markafuggetlen-autos-talalkozo","status":"publish","type":"page","link":"https:\/\/www.slclub.hu\/?page_id=2867","title":{"rendered":"2018.03.17. J\u00f3t\u00e9konys\u00e1gi Suzuki \u00e9s M\u00e1rkaf\u00fcggetlen Aut\u00f3s Tal\u00e1lkoz\u00f3"},"content":{"rendered":"<p><a href=\"http:\/\/www.slclub.hu\/wp-content\/uploads\/2018\/03\/IMG_20180317_105441.jpg\"><img loading=\"lazy\" decoding=\"async\" class=\"aligncenter size-large wp-image-2870\" src=\"http:\/\/www.slclub.hu\/wp-content\/uploads\/2018\/03\/IMG_20180317_105441-1024x576.jpg\" alt=\"\" width=\"474\" height=\"267\" srcset=\"https:\/\/www.slclub.hu\/wp-content\/uploads\/2018\/03\/IMG_20180317_105441-1024x576.jpg 1024w, https:\/\/www.slclub.hu\/wp-content\/uploads\/2018\/03\/IMG_20180317_105441-300x169.jpg 300w, https:\/\/www.slclub.hu\/wp-content\/uploads\/2018\/03\/IMG_20180317_105441-768x432.jpg 768w\" sizes=\"auto, (max-width: 474px) 100vw, 474px\" \/><\/a> <a href=\"http:\/\/www.slclub.hu\/wp-content\/uploads\/2018\/03\/IMG_20180317_111458.jpg\"><img loading=\"lazy\" decoding=\"async\" class=\"aligncenter size-large wp-image-2871\" src=\"http:\/\/www.slclub.hu\/wp-content\/uploads\/2018\/03\/IMG_20180317_111458-576x1024.jpg\" alt=\"\" width=\"474\" height=\"843\" srcset=\"https:\/\/www.slclub.hu\/wp-content\/uploads\/2018\/03\/IMG_20180317_111458-576x1024.jpg 576w, https:\/\/www.slclub.hu\/wp-content\/uploads\/2018\/03\/IMG_20180317_111458-169x300.jpg 169w, https:\/\/www.slclub.hu\/wp-content\/uploads\/2018\/03\/IMG_20180317_111458-768x1365.jpg 768w\" sizes=\"auto, (max-width: 474px) 100vw, 474px\" \/><\/a> <a href=\"http:\/\/www.slclub.hu\/wp-content\/uploads\/2018\/03\/IMG_20180317_113303.jpg\"><img loading=\"lazy\" decoding=\"async\" class=\"aligncenter size-large wp-image-2872\" src=\"http:\/\/www.slclub.hu\/wp-content\/uploads\/2018\/03\/IMG_20180317_113303-1024x576.jpg\" alt=\"\" width=\"474\" height=\"267\" srcset=\"https:\/\/www.slclub.hu\/wp-content\/uploads\/2018\/03\/IMG_20180317_113303-1024x576.jpg 1024w, https:\/\/www.slclub.hu\/wp-content\/uploads\/2018\/03\/IMG_20180317_113303-300x169.jpg 300w, https:\/\/www.slclub.hu\/wp-content\/uploads\/2018\/03\/IMG_20180317_113303-768x432.jpg 768w\" sizes=\"auto, (max-width: 474px) 100vw, 474px\" \/><\/a> <a href=\"http:\/\/www.slclub.hu\/wp-content\/uploads\/2018\/03\/IMG_20180317_113605.jpg\"><img loading=\"lazy\" decoding=\"async\" class=\"aligncenter size-large wp-image-2873\" src=\"http:\/\/www.slclub.hu\/wp-content\/uploads\/2018\/03\/IMG_20180317_113605-1024x576.jpg\" alt=\"\" width=\"474\" height=\"267\" srcset=\"https:\/\/www.slclub.hu\/wp-content\/uploads\/2018\/03\/IMG_20180317_113605-1024x576.jpg 1024w, https:\/\/www.slclub.hu\/wp-content\/uploads\/2018\/03\/IMG_20180317_113605-300x169.jpg 300w, https:\/\/www.slclub.hu\/wp-content\/uploads\/2018\/03\/IMG_20180317_113605-768x432.jpg 768w\" sizes=\"auto, (max-width: 474px) 100vw, 474px\" \/><\/a> <a href=\"http:\/\/www.slclub.hu\/wp-content\/uploads\/2018\/03\/IMG_20180317_121051.jpg\"><img loading=\"lazy\" decoding=\"async\" class=\"aligncenter size-large wp-image-2874\" src=\"http:\/\/www.slclub.hu\/wp-content\/uploads\/2018\/03\/IMG_20180317_121051-1024x576.jpg\" alt=\"\" width=\"474\" height=\"267\" srcset=\"https:\/\/www.slclub.hu\/wp-content\/uploads\/2018\/03\/IMG_20180317_121051-1024x576.jpg 1024w, https:\/\/www.slclub.hu\/wp-content\/uploads\/2018\/03\/IMG_20180317_121051-300x169.jpg 300w, https:\/\/www.slclub.hu\/wp-content\/uploads\/2018\/03\/IMG_20180317_121051-768x432.jpg 768w\" sizes=\"auto, (max-width: 474px) 100vw, 474px\" \/><\/a> <a href=\"http:\/\/www.slclub.hu\/wp-content\/uploads\/2018\/03\/IMG_20180317_121336.jpg\"><img loading=\"lazy\" decoding=\"async\" class=\"aligncenter size-large wp-image-2875\" src=\"http:\/\/www.slclub.hu\/wp-content\/uploads\/2018\/03\/IMG_20180317_121336-1024x576.jpg\" alt=\"\" width=\"474\" height=\"267\" srcset=\"https:\/\/www.slclub.hu\/wp-content\/uploads\/2018\/03\/IMG_20180317_121336-1024x576.jpg 1024w, https:\/\/www.slclub.hu\/wp-content\/uploads\/2018\/03\/IMG_20180317_121336-300x169.jpg 300w, https:\/\/www.slclub.hu\/wp-content\/uploads\/2018\/03\/IMG_20180317_121336-768x432.jpg 768w\" sizes=\"auto, (max-width: 474px) 100vw, 474px\" \/><\/a> <a href=\"http:\/\/www.slclub.hu\/wp-content\/uploads\/2018\/03\/IMG_20180317_121340.jpg\"><img loading=\"lazy\" decoding=\"async\" class=\"aligncenter size-large wp-image-2876\" src=\"http:\/\/www.slclub.hu\/wp-content\/uploads\/2018\/03\/IMG_20180317_121340-1024x576.jpg\" alt=\"\" width=\"474\" height=\"267\" srcset=\"https:\/\/www.slclub.hu\/wp-content\/uploads\/2018\/03\/IMG_20180317_121340-1024x576.jpg 1024w, https:\/\/www.slclub.hu\/wp-content\/uploads\/2018\/03\/IMG_20180317_121340-300x169.jpg 300w, https:\/\/www.slclub.hu\/wp-content\/uploads\/2018\/03\/IMG_20180317_121340-768x432.jpg 768w\" sizes=\"auto, (max-width: 474px) 100vw, 474px\" \/><\/a> <a href=\"http:\/\/www.slclub.hu\/wp-content\/uploads\/2018\/03\/IMG_20180317_121554.jpg\"><img loading=\"lazy\" decoding=\"async\" class=\"aligncenter size-large wp-image-2877\" src=\"http:\/\/www.slclub.hu\/wp-content\/uploads\/2018\/03\/IMG_20180317_121554-1024x576.jpg\" alt=\"\" width=\"474\" height=\"267\" srcset=\"https:\/\/www.slclub.hu\/wp-content\/uploads\/2018\/03\/IMG_20180317_121554-1024x576.jpg 1024w, https:\/\/www.slclub.hu\/wp-content\/uploads\/2018\/03\/IMG_20180317_121554-300x169.jpg 300w, https:\/\/www.slclub.hu\/wp-content\/uploads\/2018\/03\/IMG_20180317_121554-768x432.jpg 768w\" sizes=\"auto, (max-width: 474px) 100vw, 474px\" \/><\/a> <a href=\"http:\/\/www.slclub.hu\/wp-content\/uploads\/2018\/03\/IMG_20180317_123414.jpg\"><img loading=\"lazy\" decoding=\"async\" class=\"aligncenter size-large wp-image-2878\" src=\"http:\/\/www.slclub.hu\/wp-content\/uploads\/2018\/03\/IMG_20180317_123414-1024x576.jpg\" alt=\"\" width=\"474\" height=\"267\" srcset=\"https:\/\/www.slclub.hu\/wp-content\/uploads\/2018\/03\/IMG_20180317_123414-1024x576.jpg 1024w, https:\/\/www.slclub.hu\/wp-content\/uploads\/2018\/03\/IMG_20180317_123414-300x169.jpg 300w, https:\/\/www.slclub.hu\/wp-content\/uploads\/2018\/03\/IMG_20180317_123414-768x432.jpg 768w\" sizes=\"auto, (max-width: 474px) 100vw, 474px\" \/><\/a> <a href=\"http:\/\/www.slclub.hu\/wp-content\/uploads\/2018\/03\/IMG_20180317_123525.jpg\"><img loading=\"lazy\" decoding=\"async\" class=\"aligncenter size-large wp-image-2879\" src=\"http:\/\/www.slclub.hu\/wp-content\/uploads\/2018\/03\/IMG_20180317_123525-1024x768.jpg\" alt=\"\" width=\"474\" height=\"356\" srcset=\"https:\/\/www.slclub.hu\/wp-content\/uploads\/2018\/03\/IMG_20180317_123525-1024x768.jpg 1024w, https:\/\/www.slclub.hu\/wp-content\/uploads\/2018\/03\/IMG_20180317_123525-300x225.jpg 300w, https:\/\/www.slclub.hu\/wp-content\/uploads\/2018\/03\/IMG_20180317_123525-768x576.jpg 768w\" sizes=\"auto, (max-width: 474px) 100vw, 474px\" \/><\/a> <a href=\"http:\/\/www.slclub.hu\/wp-content\/uploads\/2018\/03\/IMG_20180317_123756.jpg\"><img loading=\"lazy\" decoding=\"async\" class=\"aligncenter size-large wp-image-2880\" src=\"http:\/\/www.slclub.hu\/wp-content\/uploads\/2018\/03\/IMG_20180317_123756-1024x768.jpg\" alt=\"\" width=\"474\" height=\"356\" srcset=\"https:\/\/www.slclub.hu\/wp-content\/uploads\/2018\/03\/IMG_20180317_123756-1024x768.jpg 1024w, https:\/\/www.slclub.hu\/wp-content\/uploads\/2018\/03\/IMG_20180317_123756-300x225.jpg 300w, https:\/\/www.slclub.hu\/wp-content\/uploads\/2018\/03\/IMG_20180317_123756-768x576.jpg 768w\" sizes=\"auto, (max-width: 474px) 100vw, 474px\" \/><\/a> <a href=\"http:\/\/www.slclub.hu\/wp-content\/uploads\/2018\/03\/IMG_20180317_124112.jpg\"><img loading=\"lazy\" decoding=\"async\" class=\"aligncenter size-large wp-image-2881\" src=\"http:\/\/www.slclub.hu\/wp-content\/uploads\/2018\/03\/IMG_20180317_124112-1024x768.jpg\" alt=\"\" width=\"474\" height=\"356\" srcset=\"https:\/\/www.slclub.hu\/wp-content\/uploads\/2018\/03\/IMG_20180317_124112-1024x768.jpg 1024w, https:\/\/www.slclub.hu\/wp-content\/uploads\/2018\/03\/IMG_20180317_124112-300x225.jpg 300w, https:\/\/www.slclub.hu\/wp-content\/uploads\/2018\/03\/IMG_20180317_124112-768x576.jpg 768w\" sizes=\"auto, (max-width: 474px) 100vw, 474px\" \/><\/a> <a href=\"http:\/\/www.slclub.hu\/wp-content\/uploads\/2018\/03\/IMG_20180317_124917.jpg\"><img loading=\"lazy\" decoding=\"async\" class=\"aligncenter size-large wp-image-2882\" src=\"http:\/\/www.slclub.hu\/wp-content\/uploads\/2018\/03\/IMG_20180317_124917-1024x768.jpg\" alt=\"\" width=\"474\" height=\"356\" srcset=\"https:\/\/www.slclub.hu\/wp-content\/uploads\/2018\/03\/IMG_20180317_124917-1024x768.jpg 1024w, https:\/\/www.slclub.hu\/wp-content\/uploads\/2018\/03\/IMG_20180317_124917-300x225.jpg 300w, https:\/\/www.slclub.hu\/wp-content\/uploads\/2018\/03\/IMG_20180317_124917-768x576.jpg 768w\" sizes=\"auto, (max-width: 474px) 100vw, 474px\" \/><\/a> <a href=\"http:\/\/www.slclub.hu\/wp-content\/uploads\/2018\/03\/IMG_20180317_124924.jpg\"><img loading=\"lazy\" decoding=\"async\" class=\"aligncenter size-large wp-image-2883\" src=\"http:\/\/www.slclub.hu\/wp-content\/uploads\/2018\/03\/IMG_20180317_124924-1024x768.jpg\" alt=\"\" width=\"474\" height=\"356\" srcset=\"https:\/\/www.slclub.hu\/wp-content\/uploads\/2018\/03\/IMG_20180317_124924-1024x768.jpg 1024w, https:\/\/www.slclub.hu\/wp-content\/uploads\/2018\/03\/IMG_20180317_124924-300x225.jpg 300w, https:\/\/www.slclub.hu\/wp-content\/uploads\/2018\/03\/IMG_20180317_124924-768x576.jpg 768w\" sizes=\"auto, (max-width: 474px) 100vw, 474px\" \/><\/a> <a href=\"http:\/\/www.slclub.hu\/wp-content\/uploads\/2018\/03\/IMG_20180317_124931.jpg\"><img loading=\"lazy\" decoding=\"async\" class=\"aligncenter size-large wp-image-2884\" src=\"http:\/\/www.slclub.hu\/wp-content\/uploads\/2018\/03\/IMG_20180317_124931-1024x768.jpg\" alt=\"\" width=\"474\" height=\"356\" srcset=\"https:\/\/www.slclub.hu\/wp-content\/uploads\/2018\/03\/IMG_20180317_124931-1024x768.jpg 1024w, https:\/\/www.slclub.hu\/wp-content\/uploads\/2018\/03\/IMG_20180317_124931-300x225.jpg 300w, https:\/\/www.slclub.hu\/wp-content\/uploads\/2018\/03\/IMG_20180317_124931-768x576.jpg 768w\" sizes=\"auto, (max-width: 474px) 100vw, 474px\" \/><\/a> <a href=\"http:\/\/www.slclub.hu\/wp-content\/uploads\/2018\/03\/IMG_20180317_124944.jpg\"><img loading=\"lazy\" decoding=\"async\" class=\"aligncenter size-large wp-image-2885\" src=\"http:\/\/www.slclub.hu\/wp-content\/uploads\/2018\/03\/IMG_20180317_124944-1024x768.jpg\" alt=\"\" width=\"474\" height=\"356\" srcset=\"https:\/\/www.slclub.hu\/wp-content\/uploads\/2018\/03\/IMG_20180317_124944-1024x768.jpg 1024w, https:\/\/www.slclub.hu\/wp-content\/uploads\/2018\/03\/IMG_20180317_124944-300x225.jpg 300w, https:\/\/www.slclub.hu\/wp-content\/uploads\/2018\/03\/IMG_20180317_124944-768x576.jpg 768w\" sizes=\"auto, (max-width: 474px) 100vw, 474px\" \/><\/a> <a href=\"http:\/\/www.slclub.hu\/wp-content\/uploads\/2018\/03\/IMG_20180317_124956.jpg\"><img loading=\"lazy\" decoding=\"async\" class=\"aligncenter size-large wp-image-2886\" src=\"http:\/\/www.slclub.hu\/wp-content\/uploads\/2018\/03\/IMG_20180317_124956-1024x768.jpg\" alt=\"\" width=\"474\" height=\"356\" srcset=\"https:\/\/www.slclub.hu\/wp-content\/uploads\/2018\/03\/IMG_20180317_124956-1024x768.jpg 1024w, https:\/\/www.slclub.hu\/wp-content\/uploads\/2018\/03\/IMG_20180317_124956-300x225.jpg 300w, https:\/\/www.slclub.hu\/wp-content\/uploads\/2018\/03\/IMG_20180317_124956-768x576.jpg 768w\" sizes=\"auto, (max-width: 474px) 100vw, 474px\" \/><\/a> <a href=\"http:\/\/www.slclub.hu\/wp-content\/uploads\/2018\/03\/IMG_20180317_125001.jpg\"><img loading=\"lazy\" decoding=\"async\" class=\"aligncenter size-large wp-image-2887\" src=\"http:\/\/www.slclub.hu\/wp-content\/uploads\/2018\/03\/IMG_20180317_125001-1024x768.jpg\" alt=\"\" width=\"474\" height=\"356\" srcset=\"https:\/\/www.slclub.hu\/wp-content\/uploads\/2018\/03\/IMG_20180317_125001-1024x768.jpg 1024w, https:\/\/www.slclub.hu\/wp-content\/uploads\/2018\/03\/IMG_20180317_125001-300x225.jpg 300w, https:\/\/www.slclub.hu\/wp-content\/uploads\/2018\/03\/IMG_20180317_125001-768x576.jpg 768w\" sizes=\"auto, (max-width: 474px) 100vw, 474px\" \/><\/a> <a href=\"http:\/\/www.slclub.hu\/wp-content\/uploads\/2018\/03\/IMG_20180317_125306.jpg\"><img loading=\"lazy\" decoding=\"async\" class=\"aligncenter size-large wp-image-2888\" src=\"http:\/\/www.slclub.hu\/wp-content\/uploads\/2018\/03\/IMG_20180317_125306-1024x768.jpg\" alt=\"\" width=\"474\" height=\"356\" srcset=\"https:\/\/www.slclub.hu\/wp-content\/uploads\/2018\/03\/IMG_20180317_125306-1024x768.jpg 1024w, https:\/\/www.slclub.hu\/wp-content\/uploads\/2018\/03\/IMG_20180317_125306-300x225.jpg 300w, https:\/\/www.slclub.hu\/wp-content\/uploads\/2018\/03\/IMG_20180317_125306-768x576.jpg 768w\" sizes=\"auto, (max-width: 474px) 100vw, 474px\" \/><\/a> <a href=\"http:\/\/www.slclub.hu\/wp-content\/uploads\/2018\/03\/IMG_20180317_125309.jpg\"><img loading=\"lazy\" decoding=\"async\" class=\"aligncenter size-large wp-image-2889\" src=\"http:\/\/www.slclub.hu\/wp-content\/uploads\/2018\/03\/IMG_20180317_125309-1024x768.jpg\" alt=\"\" width=\"474\" height=\"356\" srcset=\"https:\/\/www.slclub.hu\/wp-content\/uploads\/2018\/03\/IMG_20180317_125309-1024x768.jpg 1024w, https:\/\/www.slclub.hu\/wp-content\/uploads\/2018\/03\/IMG_20180317_125309-300x225.jpg 300w, https:\/\/www.slclub.hu\/wp-content\/uploads\/2018\/03\/IMG_20180317_125309-768x576.jpg 768w\" sizes=\"auto, (max-width: 474px) 100vw, 474px\" \/><\/a> <a href=\"http:\/\/www.slclub.hu\/wp-content\/uploads\/2018\/03\/IMG_20180317_125316.jpg\"><img loading=\"lazy\" decoding=\"async\" class=\"aligncenter size-large wp-image-2890\" src=\"http:\/\/www.slclub.hu\/wp-content\/uploads\/2018\/03\/IMG_20180317_125316-1024x768.jpg\" alt=\"\" width=\"474\" height=\"356\" srcset=\"https:\/\/www.slclub.hu\/wp-content\/uploads\/2018\/03\/IMG_20180317_125316-1024x768.jpg 1024w, https:\/\/www.slclub.hu\/wp-content\/uploads\/2018\/03\/IMG_20180317_125316-300x225.jpg 300w, https:\/\/www.slclub.hu\/wp-content\/uploads\/2018\/03\/IMG_20180317_125316-768x576.jpg 768w\" sizes=\"auto, (max-width: 474px) 100vw, 474px\" \/><\/a><\/p>\n","protected":false},"excerpt":{"rendered":"","protected":false},"author":1,"featured_media":0,"parent":0,"menu_order":0,"comment_status":"closed","ping_status":"closed","template":"","meta":{"footnotes":""},"class_list":["post-2867","page","type-page","status-publish","hentry"],"_links":{"self":[{"href":"https:\/\/www.slclub.hu\/index.php?rest_route=\/wp\/v2\/pages\/2867","targetHints":{"allow":["GET"]}}],"collection":[{"href":"https:\/\/www.slclub.hu\/index.php?rest_route=\/wp\/v2\/pages"}],"about":[{"href":"https:\/\/www.slclub.hu\/index.php?rest_route=\/wp\/v2\/types\/page"}],"author":[{"embeddable":true,"href":"https:\/\/www.slclub.hu\/index.php?rest_route=\/wp\/v2\/users\/1"}],"replies":[{"embeddable":true,"href":"https:\/\/www.slclub.hu\/index.php?rest_route=%2Fwp%2Fv2%2Fcomments&post=2867"}],"version-history":[{"count":3,"href":"https:\/\/www.slclub.hu\/index.php?rest_route=\/wp\/v2\/pages\/2867\/revisions"}],"predecessor-version":[{"id":2892,"href":"https:\/\/www.slclub.hu\/index.php?rest_route=\/wp\/v2\/pages\/2867\/revisions\/2892"}],"wp:attachment":[{"href":"https:\/\/www.slclub.hu\/index.php?rest_route=%2Fwp%2Fv2%2Fmedia&parent=2867"}],"curies":[{"name":"wp","href":"https:\/\/api.w.org\/{rel}","templated":true}]}}