{"id":2896,"date":"2018-04-14T19:25:19","date_gmt":"2018-04-14T17:25:19","guid":{"rendered":"http:\/\/www.slclub.hu\/?page_id=2896"},"modified":"2018-04-14T19:44:33","modified_gmt":"2018-04-14T17:44:33","slug":"2018-03-31-i-markafuggetlen-autos-es-motoros-talalkozo-kecskemet","status":"publish","type":"page","link":"https:\/\/www.slclub.hu\/?page_id=2896","title":{"rendered":"2018.03.31. I.M\u00e1rkaf\u00fcggetlen Aut\u00f3s \u00e9s Motoros Tal\u00e1lkoz\u00f3 Kecskem\u00e9t"},"content":{"rendered":"<p><a href=\"http:\/\/www.slclub.hu\/wp-content\/uploads\/2018\/04\/IMG_20180331_160155.jpg\"><img loading=\"lazy\" decoding=\"async\" class=\"aligncenter size-large wp-image-2903\" src=\"http:\/\/www.slclub.hu\/wp-content\/uploads\/2018\/04\/IMG_20180331_160155-1024x576.jpg\" alt=\"\" width=\"474\" height=\"267\" srcset=\"https:\/\/www.slclub.hu\/wp-content\/uploads\/2018\/04\/IMG_20180331_160155-1024x576.jpg 1024w, https:\/\/www.slclub.hu\/wp-content\/uploads\/2018\/04\/IMG_20180331_160155-300x169.jpg 300w, https:\/\/www.slclub.hu\/wp-content\/uploads\/2018\/04\/IMG_20180331_160155-768x432.jpg 768w\" sizes=\"auto, (max-width: 474px) 100vw, 474px\" \/><\/a> <a href=\"http:\/\/www.slclub.hu\/wp-content\/uploads\/2018\/04\/IMG_20180331_161257.jpg\"><img loading=\"lazy\" decoding=\"async\" class=\"aligncenter size-large wp-image-2904\" src=\"http:\/\/www.slclub.hu\/wp-content\/uploads\/2018\/04\/IMG_20180331_161257-1024x576.jpg\" alt=\"\" width=\"474\" height=\"267\" srcset=\"https:\/\/www.slclub.hu\/wp-content\/uploads\/2018\/04\/IMG_20180331_161257-1024x576.jpg 1024w, https:\/\/www.slclub.hu\/wp-content\/uploads\/2018\/04\/IMG_20180331_161257-300x169.jpg 300w, https:\/\/www.slclub.hu\/wp-content\/uploads\/2018\/04\/IMG_20180331_161257-768x432.jpg 768w\" sizes=\"auto, (max-width: 474px) 100vw, 474px\" \/><\/a> <a href=\"http:\/\/www.slclub.hu\/wp-content\/uploads\/2018\/04\/IMG_20180331_161341.jpg\"><img loading=\"lazy\" decoding=\"async\" class=\"aligncenter size-large wp-image-2905\" src=\"http:\/\/www.slclub.hu\/wp-content\/uploads\/2018\/04\/IMG_20180331_161341-1024x576.jpg\" alt=\"\" width=\"474\" height=\"267\" srcset=\"https:\/\/www.slclub.hu\/wp-content\/uploads\/2018\/04\/IMG_20180331_161341-1024x576.jpg 1024w, https:\/\/www.slclub.hu\/wp-content\/uploads\/2018\/04\/IMG_20180331_161341-300x169.jpg 300w, https:\/\/www.slclub.hu\/wp-content\/uploads\/2018\/04\/IMG_20180331_161341-768x432.jpg 768w\" sizes=\"auto, (max-width: 474px) 100vw, 474px\" \/><\/a> <a href=\"http:\/\/www.slclub.hu\/wp-content\/uploads\/2018\/04\/IMG_20180331_161344.jpg\"><img loading=\"lazy\" decoding=\"async\" class=\"aligncenter size-large wp-image-2906\" src=\"http:\/\/www.slclub.hu\/wp-content\/uploads\/2018\/04\/IMG_20180331_161344-572x1024.jpg\" alt=\"\" width=\"474\" height=\"849\" srcset=\"https:\/\/www.slclub.hu\/wp-content\/uploads\/2018\/04\/IMG_20180331_161344-572x1024.jpg 572w, https:\/\/www.slclub.hu\/wp-content\/uploads\/2018\/04\/IMG_20180331_161344-168x300.jpg 168w, https:\/\/www.slclub.hu\/wp-content\/uploads\/2018\/04\/IMG_20180331_161344-768x1376.jpg 768w, https:\/\/www.slclub.hu\/wp-content\/uploads\/2018\/04\/IMG_20180331_161344.jpg 1072w\" sizes=\"auto, (max-width: 474px) 100vw, 474px\" \/><\/a> <a href=\"http:\/\/www.slclub.hu\/wp-content\/uploads\/2018\/04\/IMG_20180331_161345.jpg\"><img loading=\"lazy\" decoding=\"async\" class=\"aligncenter size-large wp-image-2907\" src=\"http:\/\/www.slclub.hu\/wp-content\/uploads\/2018\/04\/IMG_20180331_161345-572x1024.jpg\" alt=\"\" width=\"474\" height=\"849\" srcset=\"https:\/\/www.slclub.hu\/wp-content\/uploads\/2018\/04\/IMG_20180331_161345-572x1024.jpg 572w, https:\/\/www.slclub.hu\/wp-content\/uploads\/2018\/04\/IMG_20180331_161345-168x300.jpg 168w, https:\/\/www.slclub.hu\/wp-content\/uploads\/2018\/04\/IMG_20180331_161345-768x1376.jpg 768w, https:\/\/www.slclub.hu\/wp-content\/uploads\/2018\/04\/IMG_20180331_161345.jpg 1072w\" sizes=\"auto, (max-width: 474px) 100vw, 474px\" \/><\/a> <a href=\"http:\/\/www.slclub.hu\/wp-content\/uploads\/2018\/04\/IMG_20180331_161724.jpg\"><img loading=\"lazy\" decoding=\"async\" class=\"aligncenter size-large wp-image-2908\" src=\"http:\/\/www.slclub.hu\/wp-content\/uploads\/2018\/04\/IMG_20180331_161724-1024x768.jpg\" alt=\"\" width=\"474\" height=\"356\" srcset=\"https:\/\/www.slclub.hu\/wp-content\/uploads\/2018\/04\/IMG_20180331_161724-1024x768.jpg 1024w, https:\/\/www.slclub.hu\/wp-content\/uploads\/2018\/04\/IMG_20180331_161724-300x225.jpg 300w, https:\/\/www.slclub.hu\/wp-content\/uploads\/2018\/04\/IMG_20180331_161724-768x576.jpg 768w\" sizes=\"auto, (max-width: 474px) 100vw, 474px\" \/><\/a> <a href=\"http:\/\/www.slclub.hu\/wp-content\/uploads\/2018\/04\/IMG_20180331_162802.jpg\"><img loading=\"lazy\" decoding=\"async\" class=\"aligncenter size-large wp-image-2909\" src=\"http:\/\/www.slclub.hu\/wp-content\/uploads\/2018\/04\/IMG_20180331_162802-1024x768.jpg\" alt=\"\" width=\"474\" height=\"356\" srcset=\"https:\/\/www.slclub.hu\/wp-content\/uploads\/2018\/04\/IMG_20180331_162802-1024x768.jpg 1024w, https:\/\/www.slclub.hu\/wp-content\/uploads\/2018\/04\/IMG_20180331_162802-300x225.jpg 300w, https:\/\/www.slclub.hu\/wp-content\/uploads\/2018\/04\/IMG_20180331_162802-768x576.jpg 768w\" sizes=\"auto, (max-width: 474px) 100vw, 474px\" \/><\/a> <a href=\"http:\/\/www.slclub.hu\/wp-content\/uploads\/2018\/04\/IMG_20180331_162816.jpg\"><img loading=\"lazy\" decoding=\"async\" class=\"aligncenter size-large wp-image-2910\" src=\"http:\/\/www.slclub.hu\/wp-content\/uploads\/2018\/04\/IMG_20180331_162816-1024x768.jpg\" alt=\"\" width=\"474\" height=\"356\" srcset=\"https:\/\/www.slclub.hu\/wp-content\/uploads\/2018\/04\/IMG_20180331_162816-1024x768.jpg 1024w, https:\/\/www.slclub.hu\/wp-content\/uploads\/2018\/04\/IMG_20180331_162816-300x225.jpg 300w, https:\/\/www.slclub.hu\/wp-content\/uploads\/2018\/04\/IMG_20180331_162816-768x576.jpg 768w\" sizes=\"auto, (max-width: 474px) 100vw, 474px\" \/><\/a> <a href=\"http:\/\/www.slclub.hu\/wp-content\/uploads\/2018\/04\/IMG_20180331_162826.jpg\"><img loading=\"lazy\" decoding=\"async\" class=\"aligncenter size-large wp-image-2911\" src=\"http:\/\/www.slclub.hu\/wp-content\/uploads\/2018\/04\/IMG_20180331_162826-1024x768.jpg\" alt=\"\" width=\"474\" height=\"356\" srcset=\"https:\/\/www.slclub.hu\/wp-content\/uploads\/2018\/04\/IMG_20180331_162826-1024x768.jpg 1024w, https:\/\/www.slclub.hu\/wp-content\/uploads\/2018\/04\/IMG_20180331_162826-300x225.jpg 300w, https:\/\/www.slclub.hu\/wp-content\/uploads\/2018\/04\/IMG_20180331_162826-768x576.jpg 768w\" sizes=\"auto, (max-width: 474px) 100vw, 474px\" \/><\/a> <a href=\"http:\/\/www.slclub.hu\/wp-content\/uploads\/2018\/04\/IMG_20180331_162858.jpg\"><img loading=\"lazy\" decoding=\"async\" class=\"aligncenter size-large wp-image-2912\" src=\"http:\/\/www.slclub.hu\/wp-content\/uploads\/2018\/04\/IMG_20180331_162858-1024x768.jpg\" alt=\"\" width=\"474\" height=\"356\" srcset=\"https:\/\/www.slclub.hu\/wp-content\/uploads\/2018\/04\/IMG_20180331_162858-1024x768.jpg 1024w, https:\/\/www.slclub.hu\/wp-content\/uploads\/2018\/04\/IMG_20180331_162858-300x225.jpg 300w, https:\/\/www.slclub.hu\/wp-content\/uploads\/2018\/04\/IMG_20180331_162858-768x576.jpg 768w\" sizes=\"auto, (max-width: 474px) 100vw, 474px\" \/><\/a> <a href=\"http:\/\/www.slclub.hu\/wp-content\/uploads\/2018\/04\/IMG_20180331_163222.jpg\"><img loading=\"lazy\" decoding=\"async\" class=\"aligncenter size-large wp-image-2913\" src=\"http:\/\/www.slclub.hu\/wp-content\/uploads\/2018\/04\/IMG_20180331_163222-1024x768.jpg\" alt=\"\" width=\"474\" height=\"356\" srcset=\"https:\/\/www.slclub.hu\/wp-content\/uploads\/2018\/04\/IMG_20180331_163222-1024x768.jpg 1024w, https:\/\/www.slclub.hu\/wp-content\/uploads\/2018\/04\/IMG_20180331_163222-300x225.jpg 300w, https:\/\/www.slclub.hu\/wp-content\/uploads\/2018\/04\/IMG_20180331_163222-768x576.jpg 768w\" sizes=\"auto, (max-width: 474px) 100vw, 474px\" \/><\/a> <a href=\"http:\/\/www.slclub.hu\/wp-content\/uploads\/2018\/04\/IMG_20180331_163256.jpg\"><img loading=\"lazy\" decoding=\"async\" class=\"aligncenter size-large wp-image-2914\" src=\"http:\/\/www.slclub.hu\/wp-content\/uploads\/2018\/04\/IMG_20180331_163256-1024x768.jpg\" alt=\"\" width=\"474\" height=\"356\" srcset=\"https:\/\/www.slclub.hu\/wp-content\/uploads\/2018\/04\/IMG_20180331_163256-1024x768.jpg 1024w, https:\/\/www.slclub.hu\/wp-content\/uploads\/2018\/04\/IMG_20180331_163256-300x225.jpg 300w, https:\/\/www.slclub.hu\/wp-content\/uploads\/2018\/04\/IMG_20180331_163256-768x576.jpg 768w\" sizes=\"auto, (max-width: 474px) 100vw, 474px\" \/><\/a> <a href=\"http:\/\/www.slclub.hu\/wp-content\/uploads\/2018\/04\/IMG_20180331_163305.jpg\"><img loading=\"lazy\" decoding=\"async\" class=\"aligncenter size-large wp-image-2915\" src=\"http:\/\/www.slclub.hu\/wp-content\/uploads\/2018\/04\/IMG_20180331_163305-1024x768.jpg\" alt=\"\" width=\"474\" height=\"356\" srcset=\"https:\/\/www.slclub.hu\/wp-content\/uploads\/2018\/04\/IMG_20180331_163305-1024x768.jpg 1024w, https:\/\/www.slclub.hu\/wp-content\/uploads\/2018\/04\/IMG_20180331_163305-300x225.jpg 300w, https:\/\/www.slclub.hu\/wp-content\/uploads\/2018\/04\/IMG_20180331_163305-768x576.jpg 768w\" sizes=\"auto, (max-width: 474px) 100vw, 474px\" \/><\/a> <a href=\"http:\/\/www.slclub.hu\/wp-content\/uploads\/2018\/04\/IMG_20180331_163347.jpg\"><img loading=\"lazy\" decoding=\"async\" class=\"aligncenter size-large wp-image-2916\" src=\"http:\/\/www.slclub.hu\/wp-content\/uploads\/2018\/04\/IMG_20180331_163347-1024x768.jpg\" alt=\"\" width=\"474\" height=\"356\" srcset=\"https:\/\/www.slclub.hu\/wp-content\/uploads\/2018\/04\/IMG_20180331_163347-1024x768.jpg 1024w, https:\/\/www.slclub.hu\/wp-content\/uploads\/2018\/04\/IMG_20180331_163347-300x225.jpg 300w, https:\/\/www.slclub.hu\/wp-content\/uploads\/2018\/04\/IMG_20180331_163347-768x576.jpg 768w\" sizes=\"auto, (max-width: 474px) 100vw, 474px\" \/><\/a> <a href=\"http:\/\/www.slclub.hu\/wp-content\/uploads\/2018\/04\/IMG_20180331_163853.jpg\"><img loading=\"lazy\" decoding=\"async\" class=\"aligncenter size-large wp-image-2917\" src=\"http:\/\/www.slclub.hu\/wp-content\/uploads\/2018\/04\/IMG_20180331_163853-1024x768.jpg\" alt=\"\" width=\"474\" height=\"356\" srcset=\"https:\/\/www.slclub.hu\/wp-content\/uploads\/2018\/04\/IMG_20180331_163853-1024x768.jpg 1024w, https:\/\/www.slclub.hu\/wp-content\/uploads\/2018\/04\/IMG_20180331_163853-300x225.jpg 300w, https:\/\/www.slclub.hu\/wp-content\/uploads\/2018\/04\/IMG_20180331_163853-768x576.jpg 768w\" sizes=\"auto, (max-width: 474px) 100vw, 474px\" \/><\/a> <a href=\"http:\/\/www.slclub.hu\/wp-content\/uploads\/2018\/04\/IMG_20180331_163900.jpg\"><img loading=\"lazy\" decoding=\"async\" class=\"aligncenter size-large wp-image-2918\" src=\"http:\/\/www.slclub.hu\/wp-content\/uploads\/2018\/04\/IMG_20180331_163900-1024x768.jpg\" alt=\"\" width=\"474\" height=\"356\" srcset=\"https:\/\/www.slclub.hu\/wp-content\/uploads\/2018\/04\/IMG_20180331_163900-1024x768.jpg 1024w, https:\/\/www.slclub.hu\/wp-content\/uploads\/2018\/04\/IMG_20180331_163900-300x225.jpg 300w, https:\/\/www.slclub.hu\/wp-content\/uploads\/2018\/04\/IMG_20180331_163900-768x576.jpg 768w\" sizes=\"auto, (max-width: 474px) 100vw, 474px\" \/><\/a> <a href=\"http:\/\/www.slclub.hu\/wp-content\/uploads\/2018\/04\/IMG_20180331_164020.jpg\"><img loading=\"lazy\" decoding=\"async\" class=\"aligncenter size-large wp-image-2919\" src=\"http:\/\/www.slclub.hu\/wp-content\/uploads\/2018\/04\/IMG_20180331_164020-1024x768.jpg\" alt=\"\" width=\"474\" height=\"356\" srcset=\"https:\/\/www.slclub.hu\/wp-content\/uploads\/2018\/04\/IMG_20180331_164020-1024x768.jpg 1024w, https:\/\/www.slclub.hu\/wp-content\/uploads\/2018\/04\/IMG_20180331_164020-300x225.jpg 300w, https:\/\/www.slclub.hu\/wp-content\/uploads\/2018\/04\/IMG_20180331_164020-768x576.jpg 768w\" sizes=\"auto, (max-width: 474px) 100vw, 474px\" \/><\/a> <a href=\"http:\/\/www.slclub.hu\/wp-content\/uploads\/2018\/04\/IMG_20180331_172925.jpg\"><img loading=\"lazy\" decoding=\"async\" class=\"aligncenter size-large wp-image-2920\" src=\"http:\/\/www.slclub.hu\/wp-content\/uploads\/2018\/04\/IMG_20180331_172925-1024x768.jpg\" alt=\"\" width=\"474\" height=\"356\" srcset=\"https:\/\/www.slclub.hu\/wp-content\/uploads\/2018\/04\/IMG_20180331_172925-1024x768.jpg 1024w, https:\/\/www.slclub.hu\/wp-content\/uploads\/2018\/04\/IMG_20180331_172925-300x225.jpg 300w, https:\/\/www.slclub.hu\/wp-content\/uploads\/2018\/04\/IMG_20180331_172925-768x576.jpg 768w\" sizes=\"auto, (max-width: 474px) 100vw, 474px\" \/><\/a> <a href=\"http:\/\/www.slclub.hu\/wp-content\/uploads\/2018\/04\/IMG_20180331_172937.jpg\"><img loading=\"lazy\" decoding=\"async\" class=\"aligncenter size-large wp-image-2921\" src=\"http:\/\/www.slclub.hu\/wp-content\/uploads\/2018\/04\/IMG_20180331_172937-1024x768.jpg\" alt=\"\" width=\"474\" height=\"356\" srcset=\"https:\/\/www.slclub.hu\/wp-content\/uploads\/2018\/04\/IMG_20180331_172937-1024x768.jpg 1024w, https:\/\/www.slclub.hu\/wp-content\/uploads\/2018\/04\/IMG_20180331_172937-300x225.jpg 300w, https:\/\/www.slclub.hu\/wp-content\/uploads\/2018\/04\/IMG_20180331_172937-768x576.jpg 768w\" sizes=\"auto, (max-width: 474px) 100vw, 474px\" \/><\/a> <a href=\"http:\/\/www.slclub.hu\/wp-content\/uploads\/2018\/04\/IMG_20180331_172957.jpg\"><img loading=\"lazy\" decoding=\"async\" class=\"aligncenter size-large wp-image-2922\" src=\"http:\/\/www.slclub.hu\/wp-content\/uploads\/2018\/04\/IMG_20180331_172957-1024x768.jpg\" alt=\"\" width=\"474\" height=\"356\" srcset=\"https:\/\/www.slclub.hu\/wp-content\/uploads\/2018\/04\/IMG_20180331_172957-1024x768.jpg 1024w, https:\/\/www.slclub.hu\/wp-content\/uploads\/2018\/04\/IMG_20180331_172957-300x225.jpg 300w, https:\/\/www.slclub.hu\/wp-content\/uploads\/2018\/04\/IMG_20180331_172957-768x576.jpg 768w\" sizes=\"auto, (max-width: 474px) 100vw, 474px\" \/><\/a> <a href=\"http:\/\/www.slclub.hu\/wp-content\/uploads\/2018\/04\/IMG_20180331_173026.jpg\"><img loading=\"lazy\" decoding=\"async\" class=\"aligncenter size-large wp-image-2923\" src=\"http:\/\/www.slclub.hu\/wp-content\/uploads\/2018\/04\/IMG_20180331_173026-1024x768.jpg\" alt=\"\" width=\"474\" height=\"356\" srcset=\"https:\/\/www.slclub.hu\/wp-content\/uploads\/2018\/04\/IMG_20180331_173026-1024x768.jpg 1024w, https:\/\/www.slclub.hu\/wp-content\/uploads\/2018\/04\/IMG_20180331_173026-300x225.jpg 300w, https:\/\/www.slclub.hu\/wp-content\/uploads\/2018\/04\/IMG_20180331_173026-768x576.jpg 768w\" sizes=\"auto, (max-width: 474px) 100vw, 474px\" \/><\/a> <a href=\"http:\/\/www.slclub.hu\/wp-content\/uploads\/2018\/04\/IMG_20180331_173958.jpg\"><img loading=\"lazy\" decoding=\"async\" class=\"aligncenter size-large wp-image-2924\" src=\"http:\/\/www.slclub.hu\/wp-content\/uploads\/2018\/04\/IMG_20180331_173958-1024x768.jpg\" alt=\"\" width=\"474\" height=\"356\" srcset=\"https:\/\/www.slclub.hu\/wp-content\/uploads\/2018\/04\/IMG_20180331_173958-1024x768.jpg 1024w, https:\/\/www.slclub.hu\/wp-content\/uploads\/2018\/04\/IMG_20180331_173958-300x225.jpg 300w, https:\/\/www.slclub.hu\/wp-content\/uploads\/2018\/04\/IMG_20180331_173958-768x576.jpg 768w\" sizes=\"auto, (max-width: 474px) 100vw, 474px\" \/><\/a> <a href=\"http:\/\/www.slclub.hu\/wp-content\/uploads\/2018\/04\/IMG_20180331_174023.jpg\"><img loading=\"lazy\" decoding=\"async\" class=\"aligncenter size-large wp-image-2925\" src=\"http:\/\/www.slclub.hu\/wp-content\/uploads\/2018\/04\/IMG_20180331_174023-1024x768.jpg\" alt=\"\" width=\"474\" height=\"356\" srcset=\"https:\/\/www.slclub.hu\/wp-content\/uploads\/2018\/04\/IMG_20180331_174023-1024x768.jpg 1024w, https:\/\/www.slclub.hu\/wp-content\/uploads\/2018\/04\/IMG_20180331_174023-300x225.jpg 300w, https:\/\/www.slclub.hu\/wp-content\/uploads\/2018\/04\/IMG_20180331_174023-768x576.jpg 768w\" sizes=\"auto, (max-width: 474px) 100vw, 474px\" \/><\/a> <a href=\"http:\/\/www.slclub.hu\/wp-content\/uploads\/2018\/04\/IMG_20180331_174031.jpg\"><img loading=\"lazy\" decoding=\"async\" class=\"aligncenter size-large wp-image-2926\" src=\"http:\/\/www.slclub.hu\/wp-content\/uploads\/2018\/04\/IMG_20180331_174031-1024x768.jpg\" alt=\"\" width=\"474\" height=\"356\" srcset=\"https:\/\/www.slclub.hu\/wp-content\/uploads\/2018\/04\/IMG_20180331_174031-1024x768.jpg 1024w, https:\/\/www.slclub.hu\/wp-content\/uploads\/2018\/04\/IMG_20180331_174031-300x225.jpg 300w, https:\/\/www.slclub.hu\/wp-content\/uploads\/2018\/04\/IMG_20180331_174031-768x576.jpg 768w, https:\/\/www.slclub.hu\/wp-content\/uploads\/2018\/04\/IMG_20180331_174031.jpg 1920w\" sizes=\"auto, (max-width: 474px) 100vw, 474px\" \/><\/a> <a href=\"http:\/\/www.slclub.hu\/wp-content\/uploads\/2018\/04\/IMG_20180331_174032.jpg\"><img loading=\"lazy\" decoding=\"async\" class=\"aligncenter size-large wp-image-2927\" src=\"http:\/\/www.slclub.hu\/wp-content\/uploads\/2018\/04\/IMG_20180331_174032-1024x768.jpg\" alt=\"\" width=\"474\" height=\"356\" srcset=\"https:\/\/www.slclub.hu\/wp-content\/uploads\/2018\/04\/IMG_20180331_174032-1024x768.jpg 1024w, https:\/\/www.slclub.hu\/wp-content\/uploads\/2018\/04\/IMG_20180331_174032-300x225.jpg 300w, https:\/\/www.slclub.hu\/wp-content\/uploads\/2018\/04\/IMG_20180331_174032-768x576.jpg 768w, https:\/\/www.slclub.hu\/wp-content\/uploads\/2018\/04\/IMG_20180331_174032.jpg 1920w\" sizes=\"auto, (max-width: 474px) 100vw, 474px\" \/><\/a> <a href=\"http:\/\/www.slclub.hu\/wp-content\/uploads\/2018\/04\/IMG_20180331_174033.jpg\"><img loading=\"lazy\" decoding=\"async\" class=\"aligncenter size-large wp-image-2928\" src=\"http:\/\/www.slclub.hu\/wp-content\/uploads\/2018\/04\/IMG_20180331_174033-572x1024.jpg\" alt=\"\" width=\"474\" height=\"849\" srcset=\"https:\/\/www.slclub.hu\/wp-content\/uploads\/2018\/04\/IMG_20180331_174033-572x1024.jpg 572w, https:\/\/www.slclub.hu\/wp-content\/uploads\/2018\/04\/IMG_20180331_174033-168x300.jpg 168w, https:\/\/www.slclub.hu\/wp-content\/uploads\/2018\/04\/IMG_20180331_174033-768x1376.jpg 768w, https:\/\/www.slclub.hu\/wp-content\/uploads\/2018\/04\/IMG_20180331_174033.jpg 1072w\" sizes=\"auto, (max-width: 474px) 100vw, 474px\" \/><\/a> <a href=\"http:\/\/www.slclub.hu\/wp-content\/uploads\/2018\/04\/IMG_20180331_174034.jpg\"><img loading=\"lazy\" decoding=\"async\" class=\"aligncenter size-large wp-image-2929\" src=\"http:\/\/www.slclub.hu\/wp-content\/uploads\/2018\/04\/IMG_20180331_174034-1024x576.jpg\" alt=\"\" width=\"474\" height=\"267\" srcset=\"https:\/\/www.slclub.hu\/wp-content\/uploads\/2018\/04\/IMG_20180331_174034-1024x576.jpg 1024w, https:\/\/www.slclub.hu\/wp-content\/uploads\/2018\/04\/IMG_20180331_174034-300x169.jpg 300w, https:\/\/www.slclub.hu\/wp-content\/uploads\/2018\/04\/IMG_20180331_174034-768x432.jpg 768w, https:\/\/www.slclub.hu\/wp-content\/uploads\/2018\/04\/IMG_20180331_174034.jpg 1920w\" sizes=\"auto, (max-width: 474px) 100vw, 474px\" \/><\/a><\/p>\n","protected":false},"excerpt":{"rendered":"","protected":false},"author":1,"featured_media":0,"parent":0,"menu_order":0,"comment_status":"closed","ping_status":"closed","template":"","meta":{"footnotes":""},"class_list":["post-2896","page","type-page","status-publish","hentry"],"_links":{"self":[{"href":"https:\/\/www.slclub.hu\/index.php?rest_route=\/wp\/v2\/pages\/2896","targetHints":{"allow":["GET"]}}],"collection":[{"href":"https:\/\/www.slclub.hu\/index.php?rest_route=\/wp\/v2\/pages"}],"about":[{"href":"https:\/\/www.slclub.hu\/index.php?rest_route=\/wp\/v2\/types\/page"}],"author":[{"embeddable":true,"href":"https:\/\/www.slclub.hu\/index.php?rest_route=\/wp\/v2\/users\/1"}],"replies":[{"embeddable":true,"href":"https:\/\/www.slclub.hu\/index.php?rest_route=%2Fwp%2Fv2%2Fcomments&post=2896"}],"version-history":[{"count":2,"href":"https:\/\/www.slclub.hu\/index.php?rest_route=\/wp\/v2\/pages\/2896\/revisions"}],"predecessor-version":[{"id":2930,"href":"https:\/\/www.slclub.hu\/index.php?rest_route=\/wp\/v2\/pages\/2896\/revisions\/2930"}],"wp:attachment":[{"href":"https:\/\/www.slclub.hu\/index.php?rest_route=%2Fwp%2Fv2%2Fmedia&parent=2896"}],"curies":[{"name":"wp","href":"https:\/\/api.w.org\/{rel}","templated":true}]}}