{"id":3084,"date":"2018-06-14T19:29:43","date_gmt":"2018-06-14T17:29:43","guid":{"rendered":"http:\/\/www.slclub.hu\/?page_id=3084"},"modified":"2018-06-14T20:01:40","modified_gmt":"2018-06-14T18:01:40","slug":"2018-06-10-suzuki-skoda-visegradi-talalkozo","status":"publish","type":"page","link":"https:\/\/www.slclub.hu\/?page_id=3084","title":{"rendered":"2018.06.10. Suzuki \u0160koda Visegr\u00e1di tal\u00e1lkoz\u00f3"},"content":{"rendered":"<p><a href=\"http:\/\/www.slclub.hu\/wp-content\/uploads\/2018\/06\/IMG_20180610_091650.jpg\"><img loading=\"lazy\" decoding=\"async\" class=\"aligncenter size-large wp-image-3119\" src=\"http:\/\/www.slclub.hu\/wp-content\/uploads\/2018\/06\/IMG_20180610_091650-1024x576.jpg\" alt=\"\" width=\"474\" height=\"267\" srcset=\"https:\/\/www.slclub.hu\/wp-content\/uploads\/2018\/06\/IMG_20180610_091650-1024x576.jpg 1024w, https:\/\/www.slclub.hu\/wp-content\/uploads\/2018\/06\/IMG_20180610_091650-300x169.jpg 300w, https:\/\/www.slclub.hu\/wp-content\/uploads\/2018\/06\/IMG_20180610_091650-768x432.jpg 768w\" sizes=\"auto, (max-width: 474px) 100vw, 474px\" \/><\/a> <a href=\"http:\/\/www.slclub.hu\/wp-content\/uploads\/2018\/06\/IMG_20180610_093820.jpg\"><img loading=\"lazy\" decoding=\"async\" class=\"aligncenter size-large wp-image-3120\" src=\"http:\/\/www.slclub.hu\/wp-content\/uploads\/2018\/06\/IMG_20180610_093820-1024x576.jpg\" alt=\"\" width=\"474\" height=\"267\" srcset=\"https:\/\/www.slclub.hu\/wp-content\/uploads\/2018\/06\/IMG_20180610_093820-1024x576.jpg 1024w, https:\/\/www.slclub.hu\/wp-content\/uploads\/2018\/06\/IMG_20180610_093820-300x169.jpg 300w, https:\/\/www.slclub.hu\/wp-content\/uploads\/2018\/06\/IMG_20180610_093820-768x432.jpg 768w\" sizes=\"auto, (max-width: 474px) 100vw, 474px\" \/><\/a> <a href=\"http:\/\/www.slclub.hu\/wp-content\/uploads\/2018\/06\/IMG_20180610_105236.jpg\"><img loading=\"lazy\" decoding=\"async\" class=\"aligncenter size-large wp-image-3121\" src=\"http:\/\/www.slclub.hu\/wp-content\/uploads\/2018\/06\/IMG_20180610_105236-1024x576.jpg\" alt=\"\" width=\"474\" height=\"267\" srcset=\"https:\/\/www.slclub.hu\/wp-content\/uploads\/2018\/06\/IMG_20180610_105236-1024x576.jpg 1024w, https:\/\/www.slclub.hu\/wp-content\/uploads\/2018\/06\/IMG_20180610_105236-300x169.jpg 300w, https:\/\/www.slclub.hu\/wp-content\/uploads\/2018\/06\/IMG_20180610_105236-768x432.jpg 768w\" sizes=\"auto, (max-width: 474px) 100vw, 474px\" \/><\/a> <a href=\"http:\/\/www.slclub.hu\/wp-content\/uploads\/2018\/06\/IMG_20180610_105321.jpg\"><img loading=\"lazy\" decoding=\"async\" class=\"aligncenter size-large wp-image-3122\" src=\"http:\/\/www.slclub.hu\/wp-content\/uploads\/2018\/06\/IMG_20180610_105321-1024x576.jpg\" alt=\"\" width=\"474\" height=\"267\" srcset=\"https:\/\/www.slclub.hu\/wp-content\/uploads\/2018\/06\/IMG_20180610_105321-1024x576.jpg 1024w, https:\/\/www.slclub.hu\/wp-content\/uploads\/2018\/06\/IMG_20180610_105321-300x169.jpg 300w, https:\/\/www.slclub.hu\/wp-content\/uploads\/2018\/06\/IMG_20180610_105321-768x432.jpg 768w\" sizes=\"auto, (max-width: 474px) 100vw, 474px\" \/><\/a> <a href=\"http:\/\/www.slclub.hu\/wp-content\/uploads\/2018\/06\/IMG_20180610_105325.jpg\"><img loading=\"lazy\" decoding=\"async\" class=\"aligncenter size-large wp-image-3123\" src=\"http:\/\/www.slclub.hu\/wp-content\/uploads\/2018\/06\/IMG_20180610_105325-1024x576.jpg\" alt=\"\" width=\"474\" height=\"267\" srcset=\"https:\/\/www.slclub.hu\/wp-content\/uploads\/2018\/06\/IMG_20180610_105325-1024x576.jpg 1024w, https:\/\/www.slclub.hu\/wp-content\/uploads\/2018\/06\/IMG_20180610_105325-300x169.jpg 300w, https:\/\/www.slclub.hu\/wp-content\/uploads\/2018\/06\/IMG_20180610_105325-768x432.jpg 768w\" sizes=\"auto, (max-width: 474px) 100vw, 474px\" \/><\/a> <a href=\"http:\/\/www.slclub.hu\/wp-content\/uploads\/2018\/06\/IMG_20180610_105339.jpg\"><img loading=\"lazy\" decoding=\"async\" class=\"aligncenter size-large wp-image-3124\" src=\"http:\/\/www.slclub.hu\/wp-content\/uploads\/2018\/06\/IMG_20180610_105339-1024x576.jpg\" alt=\"\" width=\"474\" height=\"267\" srcset=\"https:\/\/www.slclub.hu\/wp-content\/uploads\/2018\/06\/IMG_20180610_105339-1024x576.jpg 1024w, https:\/\/www.slclub.hu\/wp-content\/uploads\/2018\/06\/IMG_20180610_105339-300x169.jpg 300w, https:\/\/www.slclub.hu\/wp-content\/uploads\/2018\/06\/IMG_20180610_105339-768x432.jpg 768w\" sizes=\"auto, (max-width: 474px) 100vw, 474px\" \/><\/a> <a href=\"http:\/\/www.slclub.hu\/wp-content\/uploads\/2018\/06\/IMG_20180610_110912.jpg\"><img loading=\"lazy\" decoding=\"async\" class=\"aligncenter size-large wp-image-3125\" src=\"http:\/\/www.slclub.hu\/wp-content\/uploads\/2018\/06\/IMG_20180610_110912-1024x576.jpg\" alt=\"\" width=\"474\" height=\"267\" srcset=\"https:\/\/www.slclub.hu\/wp-content\/uploads\/2018\/06\/IMG_20180610_110912-1024x576.jpg 1024w, https:\/\/www.slclub.hu\/wp-content\/uploads\/2018\/06\/IMG_20180610_110912-300x169.jpg 300w, https:\/\/www.slclub.hu\/wp-content\/uploads\/2018\/06\/IMG_20180610_110912-768x432.jpg 768w\" sizes=\"auto, (max-width: 474px) 100vw, 474px\" \/><\/a> <a href=\"http:\/\/www.slclub.hu\/wp-content\/uploads\/2018\/06\/IMG_20180610_111243.jpg\"><img loading=\"lazy\" decoding=\"async\" class=\"aligncenter size-large wp-image-3126\" src=\"http:\/\/www.slclub.hu\/wp-content\/uploads\/2018\/06\/IMG_20180610_111243-1024x576.jpg\" alt=\"\" width=\"474\" height=\"267\" srcset=\"https:\/\/www.slclub.hu\/wp-content\/uploads\/2018\/06\/IMG_20180610_111243-1024x576.jpg 1024w, https:\/\/www.slclub.hu\/wp-content\/uploads\/2018\/06\/IMG_20180610_111243-300x169.jpg 300w, https:\/\/www.slclub.hu\/wp-content\/uploads\/2018\/06\/IMG_20180610_111243-768x432.jpg 768w\" sizes=\"auto, (max-width: 474px) 100vw, 474px\" \/><\/a> <a href=\"http:\/\/www.slclub.hu\/wp-content\/uploads\/2018\/06\/IMG_20180610_111545.jpg\"><img loading=\"lazy\" decoding=\"async\" class=\"aligncenter size-large wp-image-3127\" src=\"http:\/\/www.slclub.hu\/wp-content\/uploads\/2018\/06\/IMG_20180610_111545-576x1024.jpg\" alt=\"\" width=\"474\" height=\"843\" srcset=\"https:\/\/www.slclub.hu\/wp-content\/uploads\/2018\/06\/IMG_20180610_111545-576x1024.jpg 576w, https:\/\/www.slclub.hu\/wp-content\/uploads\/2018\/06\/IMG_20180610_111545-169x300.jpg 169w, https:\/\/www.slclub.hu\/wp-content\/uploads\/2018\/06\/IMG_20180610_111545-768x1365.jpg 768w\" sizes=\"auto, (max-width: 474px) 100vw, 474px\" \/><\/a> <a href=\"http:\/\/www.slclub.hu\/wp-content\/uploads\/2018\/06\/IMG_20180610_111910.jpg\"><img loading=\"lazy\" decoding=\"async\" class=\"aligncenter size-large wp-image-3128\" src=\"http:\/\/www.slclub.hu\/wp-content\/uploads\/2018\/06\/IMG_20180610_111910-1024x576.jpg\" alt=\"\" width=\"474\" height=\"267\" srcset=\"https:\/\/www.slclub.hu\/wp-content\/uploads\/2018\/06\/IMG_20180610_111910-1024x576.jpg 1024w, https:\/\/www.slclub.hu\/wp-content\/uploads\/2018\/06\/IMG_20180610_111910-300x169.jpg 300w, https:\/\/www.slclub.hu\/wp-content\/uploads\/2018\/06\/IMG_20180610_111910-768x432.jpg 768w\" sizes=\"auto, (max-width: 474px) 100vw, 474px\" \/><\/a> <a href=\"http:\/\/www.slclub.hu\/wp-content\/uploads\/2018\/06\/IMG_20180610_112140.jpg\"><img loading=\"lazy\" decoding=\"async\" class=\"aligncenter size-large wp-image-3129\" src=\"http:\/\/www.slclub.hu\/wp-content\/uploads\/2018\/06\/IMG_20180610_112140-576x1024.jpg\" alt=\"\" width=\"474\" height=\"843\" srcset=\"https:\/\/www.slclub.hu\/wp-content\/uploads\/2018\/06\/IMG_20180610_112140-576x1024.jpg 576w, https:\/\/www.slclub.hu\/wp-content\/uploads\/2018\/06\/IMG_20180610_112140-169x300.jpg 169w, https:\/\/www.slclub.hu\/wp-content\/uploads\/2018\/06\/IMG_20180610_112140-768x1365.jpg 768w\" sizes=\"auto, (max-width: 474px) 100vw, 474px\" \/><\/a> <a href=\"http:\/\/www.slclub.hu\/wp-content\/uploads\/2018\/06\/IMG_20180610_112500.jpg\"><img loading=\"lazy\" decoding=\"async\" class=\"aligncenter size-large wp-image-3130\" src=\"http:\/\/www.slclub.hu\/wp-content\/uploads\/2018\/06\/IMG_20180610_112500-1024x576.jpg\" alt=\"\" width=\"474\" height=\"267\" srcset=\"https:\/\/www.slclub.hu\/wp-content\/uploads\/2018\/06\/IMG_20180610_112500-1024x576.jpg 1024w, https:\/\/www.slclub.hu\/wp-content\/uploads\/2018\/06\/IMG_20180610_112500-300x169.jpg 300w, https:\/\/www.slclub.hu\/wp-content\/uploads\/2018\/06\/IMG_20180610_112500-768x432.jpg 768w\" sizes=\"auto, (max-width: 474px) 100vw, 474px\" \/><\/a> <a href=\"http:\/\/www.slclub.hu\/wp-content\/uploads\/2018\/06\/IMG_20180610_112725.jpg\"><img loading=\"lazy\" decoding=\"async\" class=\"aligncenter size-large wp-image-3131\" src=\"http:\/\/www.slclub.hu\/wp-content\/uploads\/2018\/06\/IMG_20180610_112725-1024x576.jpg\" alt=\"\" width=\"474\" height=\"267\" srcset=\"https:\/\/www.slclub.hu\/wp-content\/uploads\/2018\/06\/IMG_20180610_112725-1024x576.jpg 1024w, https:\/\/www.slclub.hu\/wp-content\/uploads\/2018\/06\/IMG_20180610_112725-300x169.jpg 300w, https:\/\/www.slclub.hu\/wp-content\/uploads\/2018\/06\/IMG_20180610_112725-768x432.jpg 768w\" sizes=\"auto, (max-width: 474px) 100vw, 474px\" \/><\/a> <a href=\"http:\/\/www.slclub.hu\/wp-content\/uploads\/2018\/06\/IMG_20180610_113013.jpg\"><img loading=\"lazy\" decoding=\"async\" class=\"aligncenter size-large wp-image-3132\" src=\"http:\/\/www.slclub.hu\/wp-content\/uploads\/2018\/06\/IMG_20180610_113013-1024x576.jpg\" alt=\"\" width=\"474\" height=\"267\" srcset=\"https:\/\/www.slclub.hu\/wp-content\/uploads\/2018\/06\/IMG_20180610_113013-1024x576.jpg 1024w, https:\/\/www.slclub.hu\/wp-content\/uploads\/2018\/06\/IMG_20180610_113013-300x169.jpg 300w, https:\/\/www.slclub.hu\/wp-content\/uploads\/2018\/06\/IMG_20180610_113013-768x432.jpg 768w\" sizes=\"auto, (max-width: 474px) 100vw, 474px\" \/><\/a> <a href=\"http:\/\/www.slclub.hu\/wp-content\/uploads\/2018\/06\/IMG_20180610_113153.jpg\"><img loading=\"lazy\" decoding=\"async\" class=\"aligncenter size-large wp-image-3133\" src=\"http:\/\/www.slclub.hu\/wp-content\/uploads\/2018\/06\/IMG_20180610_113153-1024x576.jpg\" alt=\"\" width=\"474\" height=\"267\" srcset=\"https:\/\/www.slclub.hu\/wp-content\/uploads\/2018\/06\/IMG_20180610_113153-1024x576.jpg 1024w, https:\/\/www.slclub.hu\/wp-content\/uploads\/2018\/06\/IMG_20180610_113153-300x169.jpg 300w, https:\/\/www.slclub.hu\/wp-content\/uploads\/2018\/06\/IMG_20180610_113153-768x432.jpg 768w\" sizes=\"auto, (max-width: 474px) 100vw, 474px\" \/><\/a> <a href=\"http:\/\/www.slclub.hu\/wp-content\/uploads\/2018\/06\/IMG_20180610_115828.jpg\"><img loading=\"lazy\" decoding=\"async\" class=\"aligncenter size-large wp-image-3134\" src=\"http:\/\/www.slclub.hu\/wp-content\/uploads\/2018\/06\/IMG_20180610_115828-1024x576.jpg\" alt=\"\" width=\"474\" height=\"267\" srcset=\"https:\/\/www.slclub.hu\/wp-content\/uploads\/2018\/06\/IMG_20180610_115828-1024x576.jpg 1024w, https:\/\/www.slclub.hu\/wp-content\/uploads\/2018\/06\/IMG_20180610_115828-300x169.jpg 300w, https:\/\/www.slclub.hu\/wp-content\/uploads\/2018\/06\/IMG_20180610_115828-768x432.jpg 768w\" sizes=\"auto, (max-width: 474px) 100vw, 474px\" \/><\/a> <a href=\"http:\/\/www.slclub.hu\/wp-content\/uploads\/2018\/06\/IMG_20180610_121458.jpg\"><img loading=\"lazy\" decoding=\"async\" class=\"aligncenter size-large wp-image-3135\" src=\"http:\/\/www.slclub.hu\/wp-content\/uploads\/2018\/06\/IMG_20180610_121458-576x1024.jpg\" alt=\"\" width=\"474\" height=\"843\" srcset=\"https:\/\/www.slclub.hu\/wp-content\/uploads\/2018\/06\/IMG_20180610_121458-576x1024.jpg 576w, https:\/\/www.slclub.hu\/wp-content\/uploads\/2018\/06\/IMG_20180610_121458-169x300.jpg 169w, https:\/\/www.slclub.hu\/wp-content\/uploads\/2018\/06\/IMG_20180610_121458-768x1365.jpg 768w\" sizes=\"auto, (max-width: 474px) 100vw, 474px\" \/><\/a> <a href=\"http:\/\/www.slclub.hu\/wp-content\/uploads\/2018\/06\/IMG_20180610_121513.jpg\"><img loading=\"lazy\" decoding=\"async\" class=\"aligncenter size-large wp-image-3136\" src=\"http:\/\/www.slclub.hu\/wp-content\/uploads\/2018\/06\/IMG_20180610_121513-576x1024.jpg\" alt=\"\" width=\"474\" height=\"843\" srcset=\"https:\/\/www.slclub.hu\/wp-content\/uploads\/2018\/06\/IMG_20180610_121513-576x1024.jpg 576w, https:\/\/www.slclub.hu\/wp-content\/uploads\/2018\/06\/IMG_20180610_121513-169x300.jpg 169w, https:\/\/www.slclub.hu\/wp-content\/uploads\/2018\/06\/IMG_20180610_121513-768x1365.jpg 768w\" sizes=\"auto, (max-width: 474px) 100vw, 474px\" \/><\/a> <a href=\"http:\/\/www.slclub.hu\/wp-content\/uploads\/2018\/06\/IMG_20180610_121554.jpg\"><img loading=\"lazy\" decoding=\"async\" class=\"aligncenter size-large wp-image-3137\" src=\"http:\/\/www.slclub.hu\/wp-content\/uploads\/2018\/06\/IMG_20180610_121554-1024x576.jpg\" alt=\"\" width=\"474\" height=\"267\" srcset=\"https:\/\/www.slclub.hu\/wp-content\/uploads\/2018\/06\/IMG_20180610_121554-1024x576.jpg 1024w, https:\/\/www.slclub.hu\/wp-content\/uploads\/2018\/06\/IMG_20180610_121554-300x169.jpg 300w, https:\/\/www.slclub.hu\/wp-content\/uploads\/2018\/06\/IMG_20180610_121554-768x432.jpg 768w\" sizes=\"auto, (max-width: 474px) 100vw, 474px\" \/><\/a> <a href=\"http:\/\/www.slclub.hu\/wp-content\/uploads\/2018\/06\/IMG_20180610_122330.jpg\"><img loading=\"lazy\" decoding=\"async\" class=\"aligncenter size-large wp-image-3138\" src=\"http:\/\/www.slclub.hu\/wp-content\/uploads\/2018\/06\/IMG_20180610_122330-1024x576.jpg\" alt=\"\" width=\"474\" height=\"267\" srcset=\"https:\/\/www.slclub.hu\/wp-content\/uploads\/2018\/06\/IMG_20180610_122330-1024x576.jpg 1024w, https:\/\/www.slclub.hu\/wp-content\/uploads\/2018\/06\/IMG_20180610_122330-300x169.jpg 300w, https:\/\/www.slclub.hu\/wp-content\/uploads\/2018\/06\/IMG_20180610_122330-768x432.jpg 768w\" sizes=\"auto, (max-width: 474px) 100vw, 474px\" \/><\/a> <a href=\"http:\/\/www.slclub.hu\/wp-content\/uploads\/2018\/06\/IMG_20180610_122954.jpg\"><img loading=\"lazy\" decoding=\"async\" class=\"aligncenter size-large wp-image-3139\" src=\"http:\/\/www.slclub.hu\/wp-content\/uploads\/2018\/06\/IMG_20180610_122954-1024x576.jpg\" alt=\"\" width=\"474\" height=\"267\" srcset=\"https:\/\/www.slclub.hu\/wp-content\/uploads\/2018\/06\/IMG_20180610_122954-1024x576.jpg 1024w, https:\/\/www.slclub.hu\/wp-content\/uploads\/2018\/06\/IMG_20180610_122954-300x169.jpg 300w, https:\/\/www.slclub.hu\/wp-content\/uploads\/2018\/06\/IMG_20180610_122954-768x432.jpg 768w\" sizes=\"auto, (max-width: 474px) 100vw, 474px\" \/><\/a> <a href=\"http:\/\/www.slclub.hu\/wp-content\/uploads\/2018\/06\/IMG_20180610_123255.jpg\"><img loading=\"lazy\" decoding=\"async\" class=\"aligncenter size-large wp-image-3140\" src=\"http:\/\/www.slclub.hu\/wp-content\/uploads\/2018\/06\/IMG_20180610_123255-1024x576.jpg\" alt=\"\" width=\"474\" height=\"267\" srcset=\"https:\/\/www.slclub.hu\/wp-content\/uploads\/2018\/06\/IMG_20180610_123255-1024x576.jpg 1024w, https:\/\/www.slclub.hu\/wp-content\/uploads\/2018\/06\/IMG_20180610_123255-300x169.jpg 300w, https:\/\/www.slclub.hu\/wp-content\/uploads\/2018\/06\/IMG_20180610_123255-768x432.jpg 768w\" sizes=\"auto, (max-width: 474px) 100vw, 474px\" \/><\/a> <a href=\"http:\/\/www.slclub.hu\/wp-content\/uploads\/2018\/06\/IMG_20180610_131243.jpg\"><img loading=\"lazy\" decoding=\"async\" class=\"aligncenter size-large wp-image-3141\" src=\"http:\/\/www.slclub.hu\/wp-content\/uploads\/2018\/06\/IMG_20180610_131243-576x1024.jpg\" alt=\"\" width=\"474\" height=\"843\" srcset=\"https:\/\/www.slclub.hu\/wp-content\/uploads\/2018\/06\/IMG_20180610_131243-576x1024.jpg 576w, https:\/\/www.slclub.hu\/wp-content\/uploads\/2018\/06\/IMG_20180610_131243-169x300.jpg 169w, https:\/\/www.slclub.hu\/wp-content\/uploads\/2018\/06\/IMG_20180610_131243-768x1365.jpg 768w\" sizes=\"auto, (max-width: 474px) 100vw, 474px\" \/><\/a> <a href=\"http:\/\/www.slclub.hu\/wp-content\/uploads\/2018\/06\/IMG_20180610_131309.jpeg\"><img loading=\"lazy\" decoding=\"async\" class=\"aligncenter size-large wp-image-3142\" src=\"http:\/\/www.slclub.hu\/wp-content\/uploads\/2018\/06\/IMG_20180610_131309-1024x768.jpeg\" alt=\"\" width=\"474\" height=\"356\" srcset=\"https:\/\/www.slclub.hu\/wp-content\/uploads\/2018\/06\/IMG_20180610_131309-1024x768.jpeg 1024w, https:\/\/www.slclub.hu\/wp-content\/uploads\/2018\/06\/IMG_20180610_131309-300x225.jpeg 300w, https:\/\/www.slclub.hu\/wp-content\/uploads\/2018\/06\/IMG_20180610_131309-768x576.jpeg 768w\" sizes=\"auto, (max-width: 474px) 100vw, 474px\" \/><\/a> <a href=\"http:\/\/www.slclub.hu\/wp-content\/uploads\/2018\/06\/IMG_20180610_153805.jpg\"><img loading=\"lazy\" decoding=\"async\" class=\"aligncenter size-large wp-image-3143\" src=\"http:\/\/www.slclub.hu\/wp-content\/uploads\/2018\/06\/IMG_20180610_153805-1024x576.jpg\" alt=\"\" width=\"474\" height=\"267\" srcset=\"https:\/\/www.slclub.hu\/wp-content\/uploads\/2018\/06\/IMG_20180610_153805-1024x576.jpg 1024w, https:\/\/www.slclub.hu\/wp-content\/uploads\/2018\/06\/IMG_20180610_153805-300x169.jpg 300w, https:\/\/www.slclub.hu\/wp-content\/uploads\/2018\/06\/IMG_20180610_153805-768x432.jpg 768w\" sizes=\"auto, (max-width: 474px) 100vw, 474px\" \/><\/a> <a href=\"http:\/\/www.slclub.hu\/wp-content\/uploads\/2018\/06\/IMG_20180610_153834.jpg\"><img loading=\"lazy\" decoding=\"async\" class=\"aligncenter size-large wp-image-3144\" src=\"http:\/\/www.slclub.hu\/wp-content\/uploads\/2018\/06\/IMG_20180610_153834-1024x576.jpg\" alt=\"\" width=\"474\" height=\"267\" srcset=\"https:\/\/www.slclub.hu\/wp-content\/uploads\/2018\/06\/IMG_20180610_153834-1024x576.jpg 1024w, https:\/\/www.slclub.hu\/wp-content\/uploads\/2018\/06\/IMG_20180610_153834-300x169.jpg 300w, https:\/\/www.slclub.hu\/wp-content\/uploads\/2018\/06\/IMG_20180610_153834-768x432.jpg 768w\" sizes=\"auto, (max-width: 474px) 100vw, 474px\" \/><\/a> <a href=\"http:\/\/www.slclub.hu\/wp-content\/uploads\/2018\/06\/IMG_20180610_153912.jpg\"><img loading=\"lazy\" decoding=\"async\" class=\"aligncenter size-large wp-image-3145\" src=\"http:\/\/www.slclub.hu\/wp-content\/uploads\/2018\/06\/IMG_20180610_153912-576x1024.jpg\" alt=\"\" width=\"474\" height=\"843\" srcset=\"https:\/\/www.slclub.hu\/wp-content\/uploads\/2018\/06\/IMG_20180610_153912-576x1024.jpg 576w, https:\/\/www.slclub.hu\/wp-content\/uploads\/2018\/06\/IMG_20180610_153912-169x300.jpg 169w, https:\/\/www.slclub.hu\/wp-content\/uploads\/2018\/06\/IMG_20180610_153912-768x1365.jpg 768w\" sizes=\"auto, (max-width: 474px) 100vw, 474px\" \/><\/a> <a href=\"http:\/\/www.slclub.hu\/wp-content\/uploads\/2018\/06\/IMG_20180610_154601.jpg\"><img loading=\"lazy\" decoding=\"async\" class=\"aligncenter size-large wp-image-3146\" src=\"http:\/\/www.slclub.hu\/wp-content\/uploads\/2018\/06\/IMG_20180610_154601-1024x576.jpg\" alt=\"\" width=\"474\" height=\"267\" srcset=\"https:\/\/www.slclub.hu\/wp-content\/uploads\/2018\/06\/IMG_20180610_154601-1024x576.jpg 1024w, https:\/\/www.slclub.hu\/wp-content\/uploads\/2018\/06\/IMG_20180610_154601-300x169.jpg 300w, https:\/\/www.slclub.hu\/wp-content\/uploads\/2018\/06\/IMG_20180610_154601-768x432.jpg 768w\" sizes=\"auto, (max-width: 474px) 100vw, 474px\" \/><\/a> <a href=\"http:\/\/www.slclub.hu\/wp-content\/uploads\/2018\/06\/IMG_20180610_155159.jpg\"><img loading=\"lazy\" decoding=\"async\" class=\"aligncenter size-large wp-image-3147\" src=\"http:\/\/www.slclub.hu\/wp-content\/uploads\/2018\/06\/IMG_20180610_155159-1024x576.jpg\" alt=\"\" width=\"474\" height=\"267\" srcset=\"https:\/\/www.slclub.hu\/wp-content\/uploads\/2018\/06\/IMG_20180610_155159-1024x576.jpg 1024w, https:\/\/www.slclub.hu\/wp-content\/uploads\/2018\/06\/IMG_20180610_155159-300x169.jpg 300w, https:\/\/www.slclub.hu\/wp-content\/uploads\/2018\/06\/IMG_20180610_155159-768x432.jpg 768w\" sizes=\"auto, (max-width: 474px) 100vw, 474px\" \/><\/a> <a href=\"http:\/\/www.slclub.hu\/wp-content\/uploads\/2018\/06\/IMG_20180610_155258.jpg\"><img loading=\"lazy\" decoding=\"async\" class=\"aligncenter size-large wp-image-3148\" src=\"http:\/\/www.slclub.hu\/wp-content\/uploads\/2018\/06\/IMG_20180610_155258-1024x576.jpg\" alt=\"\" width=\"474\" height=\"267\" srcset=\"https:\/\/www.slclub.hu\/wp-content\/uploads\/2018\/06\/IMG_20180610_155258-1024x576.jpg 1024w, https:\/\/www.slclub.hu\/wp-content\/uploads\/2018\/06\/IMG_20180610_155258-300x169.jpg 300w, https:\/\/www.slclub.hu\/wp-content\/uploads\/2018\/06\/IMG_20180610_155258-768x432.jpg 768w\" sizes=\"auto, (max-width: 474px) 100vw, 474px\" \/><\/a> <a href=\"http:\/\/www.slclub.hu\/wp-content\/uploads\/2018\/06\/IMG_20180610_160416.jpg\"><img loading=\"lazy\" decoding=\"async\" class=\"aligncenter size-large wp-image-3149\" src=\"http:\/\/www.slclub.hu\/wp-content\/uploads\/2018\/06\/IMG_20180610_160416-1024x576.jpg\" alt=\"\" width=\"474\" height=\"267\" srcset=\"https:\/\/www.slclub.hu\/wp-content\/uploads\/2018\/06\/IMG_20180610_160416-1024x576.jpg 1024w, https:\/\/www.slclub.hu\/wp-content\/uploads\/2018\/06\/IMG_20180610_160416-300x169.jpg 300w, https:\/\/www.slclub.hu\/wp-content\/uploads\/2018\/06\/IMG_20180610_160416-768x432.jpg 768w\" sizes=\"auto, (max-width: 474px) 100vw, 474px\" \/><\/a> <a href=\"http:\/\/www.slclub.hu\/wp-content\/uploads\/2018\/06\/IMG_20180610_160423.jpg\"><img loading=\"lazy\" decoding=\"async\" class=\"aligncenter size-large wp-image-3150\" src=\"http:\/\/www.slclub.hu\/wp-content\/uploads\/2018\/06\/IMG_20180610_160423-1024x576.jpg\" alt=\"\" width=\"474\" height=\"267\" srcset=\"https:\/\/www.slclub.hu\/wp-content\/uploads\/2018\/06\/IMG_20180610_160423-1024x576.jpg 1024w, https:\/\/www.slclub.hu\/wp-content\/uploads\/2018\/06\/IMG_20180610_160423-300x169.jpg 300w, https:\/\/www.slclub.hu\/wp-content\/uploads\/2018\/06\/IMG_20180610_160423-768x432.jpg 768w\" sizes=\"auto, (max-width: 474px) 100vw, 474px\" \/><\/a><\/p>\n","protected":false},"excerpt":{"rendered":"","protected":false},"author":1,"featured_media":0,"parent":0,"menu_order":0,"comment_status":"closed","ping_status":"closed","template":"","meta":{"footnotes":""},"class_list":["post-3084","page","type-page","status-publish","hentry"],"_links":{"self":[{"href":"https:\/\/www.slclub.hu\/index.php?rest_route=\/wp\/v2\/pages\/3084","targetHints":{"allow":["GET"]}}],"collection":[{"href":"https:\/\/www.slclub.hu\/index.php?rest_route=\/wp\/v2\/pages"}],"about":[{"href":"https:\/\/www.slclub.hu\/index.php?rest_route=\/wp\/v2\/types\/page"}],"author":[{"embeddable":true,"href":"https:\/\/www.slclub.hu\/index.php?rest_route=\/wp\/v2\/users\/1"}],"replies":[{"embeddable":true,"href":"https:\/\/www.slclub.hu\/index.php?rest_route=%2Fwp%2Fv2%2Fcomments&post=3084"}],"version-history":[{"count":2,"href":"https:\/\/www.slclub.hu\/index.php?rest_route=\/wp\/v2\/pages\/3084\/revisions"}],"predecessor-version":[{"id":3151,"href":"https:\/\/www.slclub.hu\/index.php?rest_route=\/wp\/v2\/pages\/3084\/revisions\/3151"}],"wp:attachment":[{"href":"https:\/\/www.slclub.hu\/index.php?rest_route=%2Fwp%2Fv2%2Fmedia&parent=3084"}],"curies":[{"name":"wp","href":"https:\/\/api.w.org\/{rel}","templated":true}]}}