{"id":3535,"date":"2019-03-31T08:13:29","date_gmt":"2019-03-31T06:13:29","guid":{"rendered":"http:\/\/www.slclub.hu\/?page_id=3535"},"modified":"2019-04-01T21:14:35","modified_gmt":"2019-04-01T19:14:35","slug":"2019-03-17-skoda-es-markafuggetlen-talalkozo","status":"publish","type":"page","link":"https:\/\/www.slclub.hu\/?page_id=3535","title":{"rendered":"2019.03.17. Skoda \u00e9s M\u00e1rkaf\u00fcggetlen Tal\u00e1lkoz\u00f3"},"content":{"rendered":"\n<figure class=\"wp-block-image\"><img loading=\"lazy\" decoding=\"async\" width=\"1024\" height=\"576\" src=\"http:\/\/www.slclub.hu\/wp-content\/uploads\/2019\/04\/IMG_20190317_102131-1024x576.jpg\" alt=\"\" class=\"wp-image-3582\" srcset=\"https:\/\/www.slclub.hu\/wp-content\/uploads\/2019\/04\/IMG_20190317_102131-1024x576.jpg 1024w, https:\/\/www.slclub.hu\/wp-content\/uploads\/2019\/04\/IMG_20190317_102131-300x169.jpg 300w, https:\/\/www.slclub.hu\/wp-content\/uploads\/2019\/04\/IMG_20190317_102131-768x432.jpg 768w\" sizes=\"auto, (max-width: 1024px) 100vw, 1024px\" \/><\/figure>\n\n\n\n<figure class=\"wp-block-image\"><img loading=\"lazy\" decoding=\"async\" width=\"1024\" height=\"576\" src=\"http:\/\/www.slclub.hu\/wp-content\/uploads\/2019\/04\/IMG_20190317_102715-1024x576.jpg\" alt=\"\" class=\"wp-image-3583\" srcset=\"https:\/\/www.slclub.hu\/wp-content\/uploads\/2019\/04\/IMG_20190317_102715-1024x576.jpg 1024w, https:\/\/www.slclub.hu\/wp-content\/uploads\/2019\/04\/IMG_20190317_102715-300x169.jpg 300w, https:\/\/www.slclub.hu\/wp-content\/uploads\/2019\/04\/IMG_20190317_102715-768x432.jpg 768w\" sizes=\"auto, (max-width: 1024px) 100vw, 1024px\" \/><\/figure>\n\n\n\n<figure class=\"wp-block-image\"><img loading=\"lazy\" decoding=\"async\" width=\"1024\" height=\"576\" src=\"http:\/\/www.slclub.hu\/wp-content\/uploads\/2019\/04\/IMG_20190317_104400-1024x576.jpg\" alt=\"\" class=\"wp-image-3584\" srcset=\"https:\/\/www.slclub.hu\/wp-content\/uploads\/2019\/04\/IMG_20190317_104400-1024x576.jpg 1024w, https:\/\/www.slclub.hu\/wp-content\/uploads\/2019\/04\/IMG_20190317_104400-300x169.jpg 300w, https:\/\/www.slclub.hu\/wp-content\/uploads\/2019\/04\/IMG_20190317_104400-768x432.jpg 768w\" sizes=\"auto, (max-width: 1024px) 100vw, 1024px\" \/><\/figure>\n\n\n\n<figure class=\"wp-block-image\"><img loading=\"lazy\" decoding=\"async\" width=\"1024\" height=\"576\" src=\"http:\/\/www.slclub.hu\/wp-content\/uploads\/2019\/04\/IMG_20190317_110634-1024x576.jpg\" alt=\"\" class=\"wp-image-3585\" srcset=\"https:\/\/www.slclub.hu\/wp-content\/uploads\/2019\/04\/IMG_20190317_110634-1024x576.jpg 1024w, https:\/\/www.slclub.hu\/wp-content\/uploads\/2019\/04\/IMG_20190317_110634-300x169.jpg 300w, https:\/\/www.slclub.hu\/wp-content\/uploads\/2019\/04\/IMG_20190317_110634-768x432.jpg 768w\" sizes=\"auto, (max-width: 1024px) 100vw, 1024px\" \/><\/figure>\n\n\n\n<figure class=\"wp-block-image\"><img loading=\"lazy\" decoding=\"async\" width=\"1024\" height=\"576\" src=\"http:\/\/www.slclub.hu\/wp-content\/uploads\/2019\/04\/IMG_20190317_111017-1024x576.jpg\" alt=\"\" class=\"wp-image-3586\" srcset=\"https:\/\/www.slclub.hu\/wp-content\/uploads\/2019\/04\/IMG_20190317_111017-1024x576.jpg 1024w, https:\/\/www.slclub.hu\/wp-content\/uploads\/2019\/04\/IMG_20190317_111017-300x169.jpg 300w, https:\/\/www.slclub.hu\/wp-content\/uploads\/2019\/04\/IMG_20190317_111017-768x432.jpg 768w\" sizes=\"auto, (max-width: 1024px) 100vw, 1024px\" \/><\/figure>\n\n\n\n<figure class=\"wp-block-image\"><img loading=\"lazy\" decoding=\"async\" width=\"1024\" height=\"576\" src=\"http:\/\/www.slclub.hu\/wp-content\/uploads\/2019\/04\/IMG_20190317_114040-1024x576.jpg\" alt=\"\" class=\"wp-image-3587\" srcset=\"https:\/\/www.slclub.hu\/wp-content\/uploads\/2019\/04\/IMG_20190317_114040-1024x576.jpg 1024w, https:\/\/www.slclub.hu\/wp-content\/uploads\/2019\/04\/IMG_20190317_114040-300x169.jpg 300w, https:\/\/www.slclub.hu\/wp-content\/uploads\/2019\/04\/IMG_20190317_114040-768x432.jpg 768w\" sizes=\"auto, (max-width: 1024px) 100vw, 1024px\" \/><\/figure>\n\n\n\n<figure class=\"wp-block-image\"><img loading=\"lazy\" decoding=\"async\" width=\"1024\" height=\"576\" src=\"http:\/\/www.slclub.hu\/wp-content\/uploads\/2019\/04\/IMG_20190317_131427-1024x576.jpg\" alt=\"\" class=\"wp-image-3588\" srcset=\"https:\/\/www.slclub.hu\/wp-content\/uploads\/2019\/04\/IMG_20190317_131427-1024x576.jpg 1024w, https:\/\/www.slclub.hu\/wp-content\/uploads\/2019\/04\/IMG_20190317_131427-300x169.jpg 300w, https:\/\/www.slclub.hu\/wp-content\/uploads\/2019\/04\/IMG_20190317_131427-768x432.jpg 768w\" sizes=\"auto, (max-width: 1024px) 100vw, 1024px\" \/><\/figure>\n\n\n\n<figure class=\"wp-block-image\"><img loading=\"lazy\" decoding=\"async\" width=\"1024\" height=\"576\" src=\"http:\/\/www.slclub.hu\/wp-content\/uploads\/2019\/04\/IMG_20190317_130325-1024x576.jpg\" alt=\"\" class=\"wp-image-3589\" srcset=\"https:\/\/www.slclub.hu\/wp-content\/uploads\/2019\/04\/IMG_20190317_130325-1024x576.jpg 1024w, https:\/\/www.slclub.hu\/wp-content\/uploads\/2019\/04\/IMG_20190317_130325-300x169.jpg 300w, https:\/\/www.slclub.hu\/wp-content\/uploads\/2019\/04\/IMG_20190317_130325-768x432.jpg 768w\" sizes=\"auto, (max-width: 1024px) 100vw, 1024px\" \/><\/figure>\n\n\n\n<figure class=\"wp-block-image\"><img loading=\"lazy\" decoding=\"async\" width=\"1024\" height=\"576\" src=\"http:\/\/www.slclub.hu\/wp-content\/uploads\/2019\/04\/IMG_20190317_131510-1024x576.jpg\" alt=\"\" class=\"wp-image-3591\" srcset=\"https:\/\/www.slclub.hu\/wp-content\/uploads\/2019\/04\/IMG_20190317_131510-1024x576.jpg 1024w, https:\/\/www.slclub.hu\/wp-content\/uploads\/2019\/04\/IMG_20190317_131510-300x169.jpg 300w, https:\/\/www.slclub.hu\/wp-content\/uploads\/2019\/04\/IMG_20190317_131510-768x432.jpg 768w\" sizes=\"auto, (max-width: 1024px) 100vw, 1024px\" \/><\/figure>\n\n\n\n<figure class=\"wp-block-image\"><img loading=\"lazy\" decoding=\"async\" width=\"1024\" height=\"576\" src=\"http:\/\/www.slclub.hu\/wp-content\/uploads\/2019\/04\/IMG_20190317_125252-1024x576.jpg\" alt=\"\" class=\"wp-image-3592\" srcset=\"https:\/\/www.slclub.hu\/wp-content\/uploads\/2019\/04\/IMG_20190317_125252-1024x576.jpg 1024w, https:\/\/www.slclub.hu\/wp-content\/uploads\/2019\/04\/IMG_20190317_125252-300x169.jpg 300w, https:\/\/www.slclub.hu\/wp-content\/uploads\/2019\/04\/IMG_20190317_125252-768x432.jpg 768w\" sizes=\"auto, (max-width: 1024px) 100vw, 1024px\" \/><\/figure>\n\n\n\n<figure class=\"wp-block-image\"><img loading=\"lazy\" decoding=\"async\" width=\"1024\" height=\"576\" src=\"http:\/\/www.slclub.hu\/wp-content\/uploads\/2019\/04\/IMG_20190317_101814-1024x576.jpg\" alt=\"\" class=\"wp-image-3593\" srcset=\"https:\/\/www.slclub.hu\/wp-content\/uploads\/2019\/04\/IMG_20190317_101814-1024x576.jpg 1024w, https:\/\/www.slclub.hu\/wp-content\/uploads\/2019\/04\/IMG_20190317_101814-300x169.jpg 300w, https:\/\/www.slclub.hu\/wp-content\/uploads\/2019\/04\/IMG_20190317_101814-768x432.jpg 768w\" sizes=\"auto, (max-width: 1024px) 100vw, 1024px\" \/><\/figure>\n\n\n\n<figure class=\"wp-block-image\"><img loading=\"lazy\" decoding=\"async\" width=\"1024\" height=\"576\" src=\"http:\/\/www.slclub.hu\/wp-content\/uploads\/2019\/04\/IMG_20190317_102444-1024x576.jpg\" alt=\"\" class=\"wp-image-3594\" srcset=\"https:\/\/www.slclub.hu\/wp-content\/uploads\/2019\/04\/IMG_20190317_102444-1024x576.jpg 1024w, https:\/\/www.slclub.hu\/wp-content\/uploads\/2019\/04\/IMG_20190317_102444-300x169.jpg 300w, https:\/\/www.slclub.hu\/wp-content\/uploads\/2019\/04\/IMG_20190317_102444-768x432.jpg 768w\" sizes=\"auto, (max-width: 1024px) 100vw, 1024px\" \/><\/figure>\n","protected":false},"excerpt":{"rendered":"","protected":false},"author":1,"featured_media":0,"parent":0,"menu_order":0,"comment_status":"closed","ping_status":"closed","template":"","meta":{"footnotes":""},"class_list":["post-3535","page","type-page","status-publish","hentry"],"_links":{"self":[{"href":"https:\/\/www.slclub.hu\/index.php?rest_route=\/wp\/v2\/pages\/3535","targetHints":{"allow":["GET"]}}],"collection":[{"href":"https:\/\/www.slclub.hu\/index.php?rest_route=\/wp\/v2\/pages"}],"about":[{"href":"https:\/\/www.slclub.hu\/index.php?rest_route=\/wp\/v2\/types\/page"}],"author":[{"embeddable":true,"href":"https:\/\/www.slclub.hu\/index.php?rest_route=\/wp\/v2\/users\/1"}],"replies":[{"embeddable":true,"href":"https:\/\/www.slclub.hu\/index.php?rest_route=%2Fwp%2Fv2%2Fcomments&post=3535"}],"version-history":[{"count":2,"href":"https:\/\/www.slclub.hu\/index.php?rest_route=\/wp\/v2\/pages\/3535\/revisions"}],"predecessor-version":[{"id":3595,"href":"https:\/\/www.slclub.hu\/index.php?rest_route=\/wp\/v2\/pages\/3535\/revisions\/3595"}],"wp:attachment":[{"href":"https:\/\/www.slclub.hu\/index.php?rest_route=%2Fwp%2Fv2%2Fmedia&parent=3535"}],"curies":[{"name":"wp","href":"https:\/\/api.w.org\/{rel}","templated":true}]}}