{"id":3541,"date":"2019-03-31T08:14:26","date_gmt":"2019-03-31T06:14:26","guid":{"rendered":"http:\/\/www.slclub.hu\/?page_id=3541"},"modified":"2019-04-01T21:09:47","modified_gmt":"2019-04-01T19:09:47","slug":"2019-03-30-ii-suzuki-es-markafuggetlen-autos-motoros-talalkozo","status":"publish","type":"page","link":"https:\/\/www.slclub.hu\/?page_id=3541","title":{"rendered":"2019.03.30.II. Suzuki \u00e9s M\u00e1rkaf\u00fcggetlen Aut\u00f3s, Motoros Tal\u00e1lkoz\u00f3"},"content":{"rendered":"\n<figure class=\"wp-block-image\"><img loading=\"lazy\" decoding=\"async\" width=\"1024\" height=\"576\" src=\"http:\/\/www.slclub.hu\/wp-content\/uploads\/2019\/04\/IMG_20190330_160807-1024x576.jpg\" alt=\"\" class=\"wp-image-3568\" srcset=\"https:\/\/www.slclub.hu\/wp-content\/uploads\/2019\/04\/IMG_20190330_160807-1024x576.jpg 1024w, https:\/\/www.slclub.hu\/wp-content\/uploads\/2019\/04\/IMG_20190330_160807-300x169.jpg 300w, https:\/\/www.slclub.hu\/wp-content\/uploads\/2019\/04\/IMG_20190330_160807-768x432.jpg 768w\" sizes=\"auto, (max-width: 1024px) 100vw, 1024px\" \/><\/figure>\n\n\n\n<figure class=\"wp-block-image\"><img loading=\"lazy\" decoding=\"async\" width=\"1024\" height=\"576\" src=\"http:\/\/www.slclub.hu\/wp-content\/uploads\/2019\/04\/IMG_20190330_160912-1024x576.jpg\" alt=\"\" class=\"wp-image-3569\" srcset=\"https:\/\/www.slclub.hu\/wp-content\/uploads\/2019\/04\/IMG_20190330_160912-1024x576.jpg 1024w, https:\/\/www.slclub.hu\/wp-content\/uploads\/2019\/04\/IMG_20190330_160912-300x169.jpg 300w, https:\/\/www.slclub.hu\/wp-content\/uploads\/2019\/04\/IMG_20190330_160912-768x432.jpg 768w\" sizes=\"auto, (max-width: 1024px) 100vw, 1024px\" \/><\/figure>\n\n\n\n<figure class=\"wp-block-image\"><img loading=\"lazy\" decoding=\"async\" width=\"1024\" height=\"576\" src=\"http:\/\/www.slclub.hu\/wp-content\/uploads\/2019\/04\/IMG_20190330_162759-1024x576.jpg\" alt=\"\" class=\"wp-image-3570\" srcset=\"https:\/\/www.slclub.hu\/wp-content\/uploads\/2019\/04\/IMG_20190330_162759-1024x576.jpg 1024w, https:\/\/www.slclub.hu\/wp-content\/uploads\/2019\/04\/IMG_20190330_162759-300x169.jpg 300w, https:\/\/www.slclub.hu\/wp-content\/uploads\/2019\/04\/IMG_20190330_162759-768x432.jpg 768w\" sizes=\"auto, (max-width: 1024px) 100vw, 1024px\" \/><\/figure>\n\n\n\n<figure class=\"wp-block-image\"><img loading=\"lazy\" decoding=\"async\" width=\"1024\" height=\"576\" src=\"http:\/\/www.slclub.hu\/wp-content\/uploads\/2019\/04\/IMG_20190330_163346-1024x576.jpg\" alt=\"\" class=\"wp-image-3571\" srcset=\"https:\/\/www.slclub.hu\/wp-content\/uploads\/2019\/04\/IMG_20190330_163346-1024x576.jpg 1024w, https:\/\/www.slclub.hu\/wp-content\/uploads\/2019\/04\/IMG_20190330_163346-300x169.jpg 300w, https:\/\/www.slclub.hu\/wp-content\/uploads\/2019\/04\/IMG_20190330_163346-768x432.jpg 768w\" sizes=\"auto, (max-width: 1024px) 100vw, 1024px\" \/><\/figure>\n\n\n\n<figure class=\"wp-block-image\"><img loading=\"lazy\" decoding=\"async\" width=\"1024\" height=\"576\" src=\"http:\/\/www.slclub.hu\/wp-content\/uploads\/2019\/04\/IMG_20190330_164133-1024x576.jpg\" alt=\"\" class=\"wp-image-3572\" srcset=\"https:\/\/www.slclub.hu\/wp-content\/uploads\/2019\/04\/IMG_20190330_164133-1024x576.jpg 1024w, https:\/\/www.slclub.hu\/wp-content\/uploads\/2019\/04\/IMG_20190330_164133-300x169.jpg 300w, https:\/\/www.slclub.hu\/wp-content\/uploads\/2019\/04\/IMG_20190330_164133-768x432.jpg 768w\" sizes=\"auto, (max-width: 1024px) 100vw, 1024px\" \/><\/figure>\n\n\n\n<figure class=\"wp-block-image\"><img loading=\"lazy\" decoding=\"async\" width=\"1024\" height=\"576\" src=\"http:\/\/www.slclub.hu\/wp-content\/uploads\/2019\/04\/IMG_20190330_163902-1024x576.jpg\" alt=\"\" class=\"wp-image-3574\" srcset=\"https:\/\/www.slclub.hu\/wp-content\/uploads\/2019\/04\/IMG_20190330_163902-1024x576.jpg 1024w, https:\/\/www.slclub.hu\/wp-content\/uploads\/2019\/04\/IMG_20190330_163902-300x169.jpg 300w, https:\/\/www.slclub.hu\/wp-content\/uploads\/2019\/04\/IMG_20190330_163902-768x432.jpg 768w\" sizes=\"auto, (max-width: 1024px) 100vw, 1024px\" \/><\/figure>\n\n\n\n<figure class=\"wp-block-image\"><img loading=\"lazy\" decoding=\"async\" width=\"1024\" height=\"576\" src=\"http:\/\/www.slclub.hu\/wp-content\/uploads\/2019\/04\/IMG_20190330_164358-1024x576.jpg\" alt=\"\" class=\"wp-image-3575\" srcset=\"https:\/\/www.slclub.hu\/wp-content\/uploads\/2019\/04\/IMG_20190330_164358-1024x576.jpg 1024w, https:\/\/www.slclub.hu\/wp-content\/uploads\/2019\/04\/IMG_20190330_164358-300x169.jpg 300w, https:\/\/www.slclub.hu\/wp-content\/uploads\/2019\/04\/IMG_20190330_164358-768x432.jpg 768w\" sizes=\"auto, (max-width: 1024px) 100vw, 1024px\" \/><\/figure>\n\n\n\n<figure class=\"wp-block-image\"><img loading=\"lazy\" decoding=\"async\" width=\"1024\" height=\"576\" src=\"http:\/\/www.slclub.hu\/wp-content\/uploads\/2019\/04\/IMG_20190330_181752_HDR-1024x576.jpg\" alt=\"\" class=\"wp-image-3576\" srcset=\"https:\/\/www.slclub.hu\/wp-content\/uploads\/2019\/04\/IMG_20190330_181752_HDR-1024x576.jpg 1024w, https:\/\/www.slclub.hu\/wp-content\/uploads\/2019\/04\/IMG_20190330_181752_HDR-300x169.jpg 300w, https:\/\/www.slclub.hu\/wp-content\/uploads\/2019\/04\/IMG_20190330_181752_HDR-768x432.jpg 768w\" sizes=\"auto, (max-width: 1024px) 100vw, 1024px\" \/><\/figure>\n\n\n\n<figure class=\"wp-block-image\"><img loading=\"lazy\" decoding=\"async\" width=\"1024\" height=\"576\" src=\"http:\/\/www.slclub.hu\/wp-content\/uploads\/2019\/04\/IMG_20190330_180506_HDR-1024x576.jpg\" alt=\"\" class=\"wp-image-3577\" srcset=\"https:\/\/www.slclub.hu\/wp-content\/uploads\/2019\/04\/IMG_20190330_180506_HDR-1024x576.jpg 1024w, https:\/\/www.slclub.hu\/wp-content\/uploads\/2019\/04\/IMG_20190330_180506_HDR-300x169.jpg 300w, https:\/\/www.slclub.hu\/wp-content\/uploads\/2019\/04\/IMG_20190330_180506_HDR-768x432.jpg 768w\" sizes=\"auto, (max-width: 1024px) 100vw, 1024px\" \/><\/figure>\n\n\n\n<figure class=\"wp-block-image\"><img loading=\"lazy\" decoding=\"async\" width=\"1024\" height=\"576\" src=\"http:\/\/www.slclub.hu\/wp-content\/uploads\/2019\/04\/IMG_20190330_175837-1024x576.jpg\" alt=\"\" class=\"wp-image-3578\" srcset=\"https:\/\/www.slclub.hu\/wp-content\/uploads\/2019\/04\/IMG_20190330_175837-1024x576.jpg 1024w, https:\/\/www.slclub.hu\/wp-content\/uploads\/2019\/04\/IMG_20190330_175837-300x169.jpg 300w, https:\/\/www.slclub.hu\/wp-content\/uploads\/2019\/04\/IMG_20190330_175837-768x432.jpg 768w\" sizes=\"auto, (max-width: 1024px) 100vw, 1024px\" \/><\/figure>\n\n\n\n<figure class=\"wp-block-image\"><img loading=\"lazy\" decoding=\"async\" width=\"960\" height=\"539\" src=\"http:\/\/www.slclub.hu\/wp-content\/uploads\/2019\/04\/IMG_20190330_175838.jpg\" alt=\"\" class=\"wp-image-3579\" srcset=\"https:\/\/www.slclub.hu\/wp-content\/uploads\/2019\/04\/IMG_20190330_175838.jpg 960w, https:\/\/www.slclub.hu\/wp-content\/uploads\/2019\/04\/IMG_20190330_175838-300x168.jpg 300w, https:\/\/www.slclub.hu\/wp-content\/uploads\/2019\/04\/IMG_20190330_175838-768x431.jpg 768w\" sizes=\"auto, (max-width: 960px) 100vw, 960px\" \/><\/figure>\n\n\n\n<figure class=\"wp-block-image\"><img loading=\"lazy\" decoding=\"async\" width=\"960\" height=\"539\" src=\"http:\/\/www.slclub.hu\/wp-content\/uploads\/2019\/04\/IMG_20190330_175839.jpg\" alt=\"\" class=\"wp-image-3580\" srcset=\"https:\/\/www.slclub.hu\/wp-content\/uploads\/2019\/04\/IMG_20190330_175839.jpg 960w, https:\/\/www.slclub.hu\/wp-content\/uploads\/2019\/04\/IMG_20190330_175839-300x168.jpg 300w, https:\/\/www.slclub.hu\/wp-content\/uploads\/2019\/04\/IMG_20190330_175839-768x431.jpg 768w\" sizes=\"auto, (max-width: 960px) 100vw, 960px\" \/><\/figure>\n","protected":false},"excerpt":{"rendered":"","protected":false},"author":1,"featured_media":0,"parent":0,"menu_order":0,"comment_status":"closed","ping_status":"closed","template":"","meta":{"footnotes":""},"class_list":["post-3541","page","type-page","status-publish","hentry"],"_links":{"self":[{"href":"https:\/\/www.slclub.hu\/index.php?rest_route=\/wp\/v2\/pages\/3541","targetHints":{"allow":["GET"]}}],"collection":[{"href":"https:\/\/www.slclub.hu\/index.php?rest_route=\/wp\/v2\/pages"}],"about":[{"href":"https:\/\/www.slclub.hu\/index.php?rest_route=\/wp\/v2\/types\/page"}],"author":[{"embeddable":true,"href":"https:\/\/www.slclub.hu\/index.php?rest_route=\/wp\/v2\/users\/1"}],"replies":[{"embeddable":true,"href":"https:\/\/www.slclub.hu\/index.php?rest_route=%2Fwp%2Fv2%2Fcomments&post=3541"}],"version-history":[{"count":3,"href":"https:\/\/www.slclub.hu\/index.php?rest_route=\/wp\/v2\/pages\/3541\/revisions"}],"predecessor-version":[{"id":3581,"href":"https:\/\/www.slclub.hu\/index.php?rest_route=\/wp\/v2\/pages\/3541\/revisions\/3581"}],"wp:attachment":[{"href":"https:\/\/www.slclub.hu\/index.php?rest_route=%2Fwp%2Fv2%2Fmedia&parent=3541"}],"curies":[{"name":"wp","href":"https:\/\/api.w.org\/{rel}","templated":true}]}}