{"id":3639,"date":"2019-06-27T17:02:40","date_gmt":"2019-06-27T15:02:40","guid":{"rendered":"http:\/\/www.slclub.hu\/?page_id=3639"},"modified":"2019-06-27T17:02:40","modified_gmt":"2019-06-27T15:02:40","slug":"2019-06-15-suzuki-es-markafuggetlen-csaladi-talalkozo","status":"publish","type":"page","link":"https:\/\/www.slclub.hu\/?page_id=3639","title":{"rendered":"2019.06.15.Suzuki \u00e9s M\u00e1rkaf\u00fcggetlen Csal\u00e1di Tal\u00e1lkoz\u00f3"},"content":{"rendered":"","protected":false},"excerpt":{"rendered":"","protected":false},"author":1,"featured_media":0,"parent":0,"menu_order":0,"comment_status":"closed","ping_status":"closed","template":"","meta":{"footnotes":""},"class_list":["post-3639","page","type-page","status-publish","hentry"],"_links":{"self":[{"href":"https:\/\/www.slclub.hu\/index.php?rest_route=\/wp\/v2\/pages\/3639","targetHints":{"allow":["GET"]}}],"collection":[{"href":"https:\/\/www.slclub.hu\/index.php?rest_route=\/wp\/v2\/pages"}],"about":[{"href":"https:\/\/www.slclub.hu\/index.php?rest_route=\/wp\/v2\/types\/page"}],"author":[{"embeddable":true,"href":"https:\/\/www.slclub.hu\/index.php?rest_route=\/wp\/v2\/users\/1"}],"replies":[{"embeddable":true,"href":"https:\/\/www.slclub.hu\/index.php?rest_route=%2Fwp%2Fv2%2Fcomments&post=3639"}],"version-history":[{"count":1,"href":"https:\/\/www.slclub.hu\/index.php?rest_route=\/wp\/v2\/pages\/3639\/revisions"}],"predecessor-version":[{"id":3641,"href":"https:\/\/www.slclub.hu\/index.php?rest_route=\/wp\/v2\/pages\/3639\/revisions\/3641"}],"wp:attachment":[{"href":"https:\/\/www.slclub.hu\/index.php?rest_route=%2Fwp%2Fv2%2Fmedia&parent=3639"}],"curies":[{"name":"wp","href":"https:\/\/api.w.org\/{rel}","templated":true}]}}