{"id":4165,"date":"2020-02-09T19:27:07","date_gmt":"2020-02-09T18:27:07","guid":{"rendered":"http:\/\/www.slclub.hu\/?page_id=4165"},"modified":"2020-10-29T16:07:32","modified_gmt":"2020-10-29T15:07:32","slug":"2020-2","status":"publish","type":"page","link":"https:\/\/www.slclub.hu\/?page_id=4165","title":{"rendered":"2020"},"content":{"rendered":"\n<p><\/p>\n\n\n\n<p><strong>2020.02.22. Sz\u00fclinapi Tal\u00e1lkoz\u00f3   <\/strong>                 <\/p>\n\n\n\n<p> Tal\u00e1lkoz\u00e1s 22-\u00e9n 10-kor az \u00c9rdi Tesco Parkol\u00f3ban ,  Sv\u00e9dasztalos eb\u00e9d  1810Ft\/F\u0151 rendelhet\u0151  telefonon vagy emailban.<\/p>\n\n\n\n<p>\nMen\u00fc:\nGuly\u00e1sleves\nSert\u00e9sp\u00f6rk\u00f6lt\nFoghagym\u00e1s tarja\ngrillezett csirke cs\u00edkok\ns\u00fclt oldalas\nrizs, petrezselymes krumpli \u00e9s s\u00fclt krumpli\nmajon\u00e9zes  sal\u00e1ta , savany\u00fak \npisk\u00f3ta tekercs\n\n<\/p>\n\n\n\n<p><\/p>\n\n\n\n<p><strong>2020.03.21. SLCE AMTS<\/strong> 2020 val\u00f3sz\u00edn\u0171leg 09.26.<\/p>\n\n\n\n<p><strong>2020.04.11. J\u00f3t\u00e9konys\u00e1gi  Tal\u00e1lkoz\u00f3<\/strong><\/p>\n\n\n\n<p>Kedves Bar\u00e1taim Holnapi napon aki szeretne adom\u00e1nyt a gyermek otthonnak \u00e1tadni, reggel n\u00e1lunk 8-11 k\u00f6z\u00f6tt vagy 11:45-12:15 k\u00f6z\u00f6tt a G\u00e1rdonyi Aldi parkol\u00f3j\u00e1ban teheti meg.<br><\/p>\n\n\n\n<p><\/p>\n\n\n\n<p><strong>2020.06.13. Red Sun 2020<\/strong><\/p>\n\n\n\n<p>Tal\u00e1lkoz\u00e1s a Hal\u00e1sztelki Aldi parkol\u00f3ban 8-8:30 k\u00f6z\u00f6tt.<\/p>\n\n\n\n<p><strong>2020.06.27.  S\u00fclys\u00e1pi Bogr\u00e1csos MiniTali<\/strong><\/p>\n\n\n\n<p>Tal\u00e1lkozunk 10-kor a piac t\u00e9ren<\/p>\n\n\n\n<p><strong>2020.07.25. \u00c1gasegyh\u00e1zi Aut\u00f3s \u00e9s Motoros Csal\u00e1di Nap<\/strong><\/p>\n\n\n\n<p>Tal\u00e1lkoz\u00e1s 11-kor a Kecskem\u00e9ti Tesco parkol\u00f3ban. Bogr\u00e1csoz\u00e1s besz\u00e9lget\u0151s, quad \u00e9s Fatboyos nap lesz.<\/p>\n\n\n\n<p><strong>2020.08.15. SLCE A Klubok \u00c9jszak\u00e1j\u00e1n(L\u00f3er\u0151k \u00c9jszak\u00e1ja)<\/strong><\/p>\n\n\n\n<p>14:00 kor tal\u00e1lkoz\u00f3 Hal\u00e1sztelek Aldi parkol\u00f3ban<\/p>\n\n\n\n<p><strong>2020.09.12. Ny\u00e1rpotl\u00f3 Aut\u00f3 Motor \u00e9s 10. Suzuki Tal\u00e1lkoz\u00f3<\/strong><\/p>\n\n\n\n<p>Szeretn\u00e9nk megh\u00edvni titeket egy m\u00e1rkaf\u00fcggetlen aut\u00f3s motoros napra ahol sok j\u00f3 program \u00e9s j\u00f3 hangulat v\u00e1r majd r\u00e1tok!<br>**Aut\u00f3s &#8211; motoros sz\u00e9ps\u00e9g verseny<br>\/t\u00f6bb kateg\u00f3ria lesz<br>**Hifi \u00e9s kipufog\u00f3 hangnyom\u00e1s verseny<br>\/ Patricar.hu<br>**Felni kitart\u00f3 \u00e9s hengerfej hajt\u00f3 verseny<br>\/felni kitart\u00f3 versenyben lesz n\u0151i, f\u00e9rfi \u00e9s gyerek kateg\u00f3ria, a hengerfej s\u00falya miatt pedig csak f\u00e9rfi<br>**Aut\u00f3s limbo<br>\/t\u00f6bb kateg\u00f3ria lesz<br>**Aut\u00f3s csapat\u00e1s<br>\/els\u0151 \u00e9s h\u00e1ts\u00f3 ker\u00e9k hajt\u00e1s\u00fa, utcai \u00e9s verseny aut\u00f3knak is kedvez\u0151 p\u00e1lya lesz, amivel az a c\u00e9lunk, hogy ne a k\u00f6z\u00faton hanem itt gyakorold \u00e9s fejleszd a vezet\u00e9si tud\u00e1sod! 4 kateg\u00f3ri\u00e1ba v\u00e1logatjuk az aut\u00f3kat, lesz id\u0151m\u00e9r\u00e9s \u00e9s a kateg\u00f3ria legjobb 3 (5) aut\u00f3j\u00e1t megjutalmazzuk! Tur\u00e1n Koncert A programokra val\u00f3 nevez\u00e9s minden esetben ingyenes!! Bel\u00e9p\u0151:<br>Feln\u0151tt:1500.-<br>Gyerek:900.-csak koncert:900-<\/p>\n\n\n\n<p><strong>2020.11.21. J\u00f3t\u00e9konys\u00e1gi Tal\u00e1lkoz\u00f3<\/strong><\/p>\n\n\n\n<p>Kedves Bar\u00e1taim  aki szeretne adom\u00e1nyt a gyermek otthonnak \u00e1tadni, reggel n\u00e1lunk 8-11 k\u00f6z\u00f6tt vagy 11:45-12:15 k\u00f6z\u00f6tt a G\u00e1rdonyi Aldi parkol\u00f3j\u00e1ban teheti meg.<\/p>\n","protected":false},"excerpt":{"rendered":"<p>2020.02.22. Sz\u00fclinapi Tal\u00e1lkoz\u00f3 Tal\u00e1lkoz\u00e1s 22-\u00e9n 10-kor az \u00c9rdi Tesco Parkol\u00f3ban , Sv\u00e9dasztalos eb\u00e9d 1810Ft\/F\u0151 rendelhet\u0151 telefonon vagy emailban. Men\u00fc: Guly\u00e1sleves Sert\u00e9sp\u00f6rk\u00f6lt Foghagym\u00e1s tarja grillezett csirke cs\u00edkok s\u00fclt oldalas rizs, petrezselymes krumpli \u00e9s s\u00fclt krumpli majon\u00e9zes sal\u00e1ta , savany\u00fak pisk\u00f3ta tekercs 2020.03.21. SLCE AMTS 2020 val\u00f3sz\u00edn\u0171leg 09.26. 2020.04.11. J\u00f3t\u00e9konys\u00e1gi Tal\u00e1lkoz\u00f3 Kedves Bar\u00e1taim Holnapi napon aki szeretne &hellip; <a href=\"https:\/\/www.slclub.hu\/?page_id=4165\" class=\"more-link\"><span class=\"screen-reader-text\">2020<\/span> b\u0151vebben&#8230; <span class=\"meta-nav\">&rarr;<\/span><\/a><\/p>\n","protected":false},"author":1,"featured_media":0,"parent":0,"menu_order":0,"comment_status":"closed","ping_status":"closed","template":"","meta":{"footnotes":""},"class_list":["post-4165","page","type-page","status-publish","hentry"],"_links":{"self":[{"href":"https:\/\/www.slclub.hu\/index.php?rest_route=\/wp\/v2\/pages\/4165","targetHints":{"allow":["GET"]}}],"collection":[{"href":"https:\/\/www.slclub.hu\/index.php?rest_route=\/wp\/v2\/pages"}],"about":[{"href":"https:\/\/www.slclub.hu\/index.php?rest_route=\/wp\/v2\/types\/page"}],"author":[{"embeddable":true,"href":"https:\/\/www.slclub.hu\/index.php?rest_route=\/wp\/v2\/users\/1"}],"replies":[{"embeddable":true,"href":"https:\/\/www.slclub.hu\/index.php?rest_route=%2Fwp%2Fv2%2Fcomments&post=4165"}],"version-history":[{"count":17,"href":"https:\/\/www.slclub.hu\/index.php?rest_route=\/wp\/v2\/pages\/4165\/revisions"}],"predecessor-version":[{"id":4495,"href":"https:\/\/www.slclub.hu\/index.php?rest_route=\/wp\/v2\/pages\/4165\/revisions\/4495"}],"wp:attachment":[{"href":"https:\/\/www.slclub.hu\/index.php?rest_route=%2Fwp%2Fv2%2Fmedia&parent=4165"}],"curies":[{"name":"wp","href":"https:\/\/api.w.org\/{rel}","templated":true}]}}