{"id":4329,"date":"2020-08-27T21:28:15","date_gmt":"2020-08-27T19:28:15","guid":{"rendered":"http:\/\/www.slclub.hu\/?page_id=4329"},"modified":"2020-08-27T21:35:28","modified_gmt":"2020-08-27T19:35:28","slug":"2020-07-25-agasegyhazi-autos-es-motoros-csaladi-nap","status":"publish","type":"page","link":"https:\/\/www.slclub.hu\/?page_id=4329","title":{"rendered":"2020.07.25. \u00c1gasegyh\u00e1zi Autos \u00e9s Motoros Csal\u00e1di Nap"},"content":{"rendered":"\n<figure class=\"wp-block-gallery columns-3 is-cropped wp-block-gallery-1 is-layout-flex wp-block-gallery-is-layout-flex\"><ul class=\"blocks-gallery-grid\"><li class=\"blocks-gallery-item\"><figure><img loading=\"lazy\" decoding=\"async\" width=\"1024\" height=\"472\" src=\"http:\/\/www.slclub.hu\/wp-content\/uploads\/2020\/08\/IMG_20200725_112408-1024x472.jpg\" alt=\"\" data-id=\"4338\" data-full-url=\"http:\/\/www.slclub.hu\/wp-content\/uploads\/2020\/08\/IMG_20200725_112408-scaled.jpg\" data-link=\"http:\/\/www.slclub.hu\/?attachment_id=4338\" class=\"wp-image-4338\" srcset=\"https:\/\/www.slclub.hu\/wp-content\/uploads\/2020\/08\/IMG_20200725_112408-1024x472.jpg 1024w, https:\/\/www.slclub.hu\/wp-content\/uploads\/2020\/08\/IMG_20200725_112408-300x138.jpg 300w, https:\/\/www.slclub.hu\/wp-content\/uploads\/2020\/08\/IMG_20200725_112408-768x354.jpg 768w, https:\/\/www.slclub.hu\/wp-content\/uploads\/2020\/08\/IMG_20200725_112408-1536x708.jpg 1536w, https:\/\/www.slclub.hu\/wp-content\/uploads\/2020\/08\/IMG_20200725_112408-2048x944.jpg 2048w\" sizes=\"auto, (max-width: 1024px) 100vw, 1024px\" \/><\/figure><\/li><li class=\"blocks-gallery-item\"><figure><img loading=\"lazy\" decoding=\"async\" width=\"1024\" height=\"472\" src=\"http:\/\/www.slclub.hu\/wp-content\/uploads\/2020\/08\/IMG_20200725_124537-1024x472.jpg\" alt=\"\" data-id=\"4339\" data-full-url=\"http:\/\/www.slclub.hu\/wp-content\/uploads\/2020\/08\/IMG_20200725_124537-scaled.jpg\" data-link=\"http:\/\/www.slclub.hu\/?attachment_id=4339\" class=\"wp-image-4339\" srcset=\"https:\/\/www.slclub.hu\/wp-content\/uploads\/2020\/08\/IMG_20200725_124537-1024x472.jpg 1024w, https:\/\/www.slclub.hu\/wp-content\/uploads\/2020\/08\/IMG_20200725_124537-300x138.jpg 300w, https:\/\/www.slclub.hu\/wp-content\/uploads\/2020\/08\/IMG_20200725_124537-768x354.jpg 768w, https:\/\/www.slclub.hu\/wp-content\/uploads\/2020\/08\/IMG_20200725_124537-1536x708.jpg 1536w, https:\/\/www.slclub.hu\/wp-content\/uploads\/2020\/08\/IMG_20200725_124537-2048x944.jpg 2048w\" sizes=\"auto, (max-width: 1024px) 100vw, 1024px\" \/><\/figure><\/li><li class=\"blocks-gallery-item\"><figure><img loading=\"lazy\" decoding=\"async\" width=\"1024\" height=\"472\" src=\"http:\/\/www.slclub.hu\/wp-content\/uploads\/2020\/08\/IMG_20200725_124914-1024x472.jpg\" alt=\"\" data-id=\"4340\" data-full-url=\"http:\/\/www.slclub.hu\/wp-content\/uploads\/2020\/08\/IMG_20200725_124914-scaled.jpg\" data-link=\"http:\/\/www.slclub.hu\/?attachment_id=4340\" class=\"wp-image-4340\" srcset=\"https:\/\/www.slclub.hu\/wp-content\/uploads\/2020\/08\/IMG_20200725_124914-1024x472.jpg 1024w, https:\/\/www.slclub.hu\/wp-content\/uploads\/2020\/08\/IMG_20200725_124914-300x138.jpg 300w, https:\/\/www.slclub.hu\/wp-content\/uploads\/2020\/08\/IMG_20200725_124914-768x354.jpg 768w, https:\/\/www.slclub.hu\/wp-content\/uploads\/2020\/08\/IMG_20200725_124914-1536x708.jpg 1536w, https:\/\/www.slclub.hu\/wp-content\/uploads\/2020\/08\/IMG_20200725_124914-2048x944.jpg 2048w\" sizes=\"auto, (max-width: 1024px) 100vw, 1024px\" \/><\/figure><\/li><li class=\"blocks-gallery-item\"><figure><img loading=\"lazy\" decoding=\"async\" width=\"1024\" height=\"472\" src=\"http:\/\/www.slclub.hu\/wp-content\/uploads\/2020\/08\/IMG_20200725_125316-1024x472.jpg\" alt=\"\" data-id=\"4341\" data-full-url=\"http:\/\/www.slclub.hu\/wp-content\/uploads\/2020\/08\/IMG_20200725_125316-scaled.jpg\" data-link=\"http:\/\/www.slclub.hu\/?attachment_id=4341\" class=\"wp-image-4341\" srcset=\"https:\/\/www.slclub.hu\/wp-content\/uploads\/2020\/08\/IMG_20200725_125316-1024x472.jpg 1024w, https:\/\/www.slclub.hu\/wp-content\/uploads\/2020\/08\/IMG_20200725_125316-300x138.jpg 300w, https:\/\/www.slclub.hu\/wp-content\/uploads\/2020\/08\/IMG_20200725_125316-768x354.jpg 768w, https:\/\/www.slclub.hu\/wp-content\/uploads\/2020\/08\/IMG_20200725_125316-1536x708.jpg 1536w, https:\/\/www.slclub.hu\/wp-content\/uploads\/2020\/08\/IMG_20200725_125316-2048x944.jpg 2048w\" sizes=\"auto, (max-width: 1024px) 100vw, 1024px\" \/><\/figure><\/li><li class=\"blocks-gallery-item\"><figure><img loading=\"lazy\" decoding=\"async\" width=\"1024\" height=\"472\" src=\"http:\/\/www.slclub.hu\/wp-content\/uploads\/2020\/08\/IMG_20200725_125322-1024x472.jpg\" alt=\"\" data-id=\"4342\" data-full-url=\"http:\/\/www.slclub.hu\/wp-content\/uploads\/2020\/08\/IMG_20200725_125322-scaled.jpg\" data-link=\"http:\/\/www.slclub.hu\/?attachment_id=4342\" class=\"wp-image-4342\" srcset=\"https:\/\/www.slclub.hu\/wp-content\/uploads\/2020\/08\/IMG_20200725_125322-1024x472.jpg 1024w, https:\/\/www.slclub.hu\/wp-content\/uploads\/2020\/08\/IMG_20200725_125322-300x138.jpg 300w, https:\/\/www.slclub.hu\/wp-content\/uploads\/2020\/08\/IMG_20200725_125322-768x354.jpg 768w, https:\/\/www.slclub.hu\/wp-content\/uploads\/2020\/08\/IMG_20200725_125322-1536x708.jpg 1536w, https:\/\/www.slclub.hu\/wp-content\/uploads\/2020\/08\/IMG_20200725_125322-2048x944.jpg 2048w\" sizes=\"auto, (max-width: 1024px) 100vw, 1024px\" \/><\/figure><\/li><li class=\"blocks-gallery-item\"><figure><img loading=\"lazy\" decoding=\"async\" width=\"1024\" height=\"472\" src=\"http:\/\/www.slclub.hu\/wp-content\/uploads\/2020\/08\/IMG_20200725_125708-1024x472.jpg\" alt=\"\" data-id=\"4343\" data-full-url=\"http:\/\/www.slclub.hu\/wp-content\/uploads\/2020\/08\/IMG_20200725_125708-scaled.jpg\" data-link=\"http:\/\/www.slclub.hu\/?attachment_id=4343\" class=\"wp-image-4343\" srcset=\"https:\/\/www.slclub.hu\/wp-content\/uploads\/2020\/08\/IMG_20200725_125708-1024x472.jpg 1024w, https:\/\/www.slclub.hu\/wp-content\/uploads\/2020\/08\/IMG_20200725_125708-300x138.jpg 300w, https:\/\/www.slclub.hu\/wp-content\/uploads\/2020\/08\/IMG_20200725_125708-768x354.jpg 768w, https:\/\/www.slclub.hu\/wp-content\/uploads\/2020\/08\/IMG_20200725_125708-1536x708.jpg 1536w, https:\/\/www.slclub.hu\/wp-content\/uploads\/2020\/08\/IMG_20200725_125708-2048x944.jpg 2048w\" sizes=\"auto, (max-width: 1024px) 100vw, 1024px\" \/><\/figure><\/li><li class=\"blocks-gallery-item\"><figure><img loading=\"lazy\" decoding=\"async\" width=\"1024\" height=\"472\" src=\"http:\/\/www.slclub.hu\/wp-content\/uploads\/2020\/08\/IMG_20200725_130850-1024x472.jpg\" alt=\"\" data-id=\"4344\" data-full-url=\"http:\/\/www.slclub.hu\/wp-content\/uploads\/2020\/08\/IMG_20200725_130850-scaled.jpg\" data-link=\"http:\/\/www.slclub.hu\/?attachment_id=4344\" class=\"wp-image-4344\" srcset=\"https:\/\/www.slclub.hu\/wp-content\/uploads\/2020\/08\/IMG_20200725_130850-1024x472.jpg 1024w, https:\/\/www.slclub.hu\/wp-content\/uploads\/2020\/08\/IMG_20200725_130850-300x138.jpg 300w, https:\/\/www.slclub.hu\/wp-content\/uploads\/2020\/08\/IMG_20200725_130850-768x354.jpg 768w, https:\/\/www.slclub.hu\/wp-content\/uploads\/2020\/08\/IMG_20200725_130850-1536x708.jpg 1536w, https:\/\/www.slclub.hu\/wp-content\/uploads\/2020\/08\/IMG_20200725_130850-2048x944.jpg 2048w\" sizes=\"auto, (max-width: 1024px) 100vw, 1024px\" \/><\/figure><\/li><li class=\"blocks-gallery-item\"><figure><img loading=\"lazy\" decoding=\"async\" width=\"1024\" height=\"472\" src=\"http:\/\/www.slclub.hu\/wp-content\/uploads\/2020\/08\/IMG_20200725_133253-1024x472.jpg\" alt=\"\" data-id=\"4345\" data-full-url=\"http:\/\/www.slclub.hu\/wp-content\/uploads\/2020\/08\/IMG_20200725_133253-scaled.jpg\" data-link=\"http:\/\/www.slclub.hu\/?attachment_id=4345\" class=\"wp-image-4345\" srcset=\"https:\/\/www.slclub.hu\/wp-content\/uploads\/2020\/08\/IMG_20200725_133253-1024x472.jpg 1024w, https:\/\/www.slclub.hu\/wp-content\/uploads\/2020\/08\/IMG_20200725_133253-300x138.jpg 300w, https:\/\/www.slclub.hu\/wp-content\/uploads\/2020\/08\/IMG_20200725_133253-768x354.jpg 768w, https:\/\/www.slclub.hu\/wp-content\/uploads\/2020\/08\/IMG_20200725_133253-1536x708.jpg 1536w, https:\/\/www.slclub.hu\/wp-content\/uploads\/2020\/08\/IMG_20200725_133253-2048x944.jpg 2048w\" sizes=\"auto, (max-width: 1024px) 100vw, 1024px\" \/><\/figure><\/li><li class=\"blocks-gallery-item\"><figure><img loading=\"lazy\" decoding=\"async\" width=\"1024\" height=\"472\" src=\"http:\/\/www.slclub.hu\/wp-content\/uploads\/2020\/08\/IMG_20200725_133348-1024x472.jpg\" alt=\"\" data-id=\"4346\" data-full-url=\"http:\/\/www.slclub.hu\/wp-content\/uploads\/2020\/08\/IMG_20200725_133348-scaled.jpg\" data-link=\"http:\/\/www.slclub.hu\/?attachment_id=4346\" class=\"wp-image-4346\" srcset=\"https:\/\/www.slclub.hu\/wp-content\/uploads\/2020\/08\/IMG_20200725_133348-1024x472.jpg 1024w, https:\/\/www.slclub.hu\/wp-content\/uploads\/2020\/08\/IMG_20200725_133348-300x138.jpg 300w, https:\/\/www.slclub.hu\/wp-content\/uploads\/2020\/08\/IMG_20200725_133348-768x354.jpg 768w, https:\/\/www.slclub.hu\/wp-content\/uploads\/2020\/08\/IMG_20200725_133348-1536x708.jpg 1536w, https:\/\/www.slclub.hu\/wp-content\/uploads\/2020\/08\/IMG_20200725_133348-2048x944.jpg 2048w\" sizes=\"auto, (max-width: 1024px) 100vw, 1024px\" \/><\/figure><\/li><li class=\"blocks-gallery-item\"><figure><img loading=\"lazy\" decoding=\"async\" width=\"1024\" height=\"472\" src=\"http:\/\/www.slclub.hu\/wp-content\/uploads\/2020\/08\/IMG_20200725_133410-1024x472.jpg\" alt=\"\" data-id=\"4347\" data-full-url=\"http:\/\/www.slclub.hu\/wp-content\/uploads\/2020\/08\/IMG_20200725_133410-scaled.jpg\" data-link=\"http:\/\/www.slclub.hu\/?attachment_id=4347\" class=\"wp-image-4347\" srcset=\"https:\/\/www.slclub.hu\/wp-content\/uploads\/2020\/08\/IMG_20200725_133410-1024x472.jpg 1024w, https:\/\/www.slclub.hu\/wp-content\/uploads\/2020\/08\/IMG_20200725_133410-300x138.jpg 300w, https:\/\/www.slclub.hu\/wp-content\/uploads\/2020\/08\/IMG_20200725_133410-768x354.jpg 768w, https:\/\/www.slclub.hu\/wp-content\/uploads\/2020\/08\/IMG_20200725_133410-1536x708.jpg 1536w, https:\/\/www.slclub.hu\/wp-content\/uploads\/2020\/08\/IMG_20200725_133410-2048x944.jpg 2048w\" sizes=\"auto, (max-width: 1024px) 100vw, 1024px\" \/><\/figure><\/li><li class=\"blocks-gallery-item\"><figure><img loading=\"lazy\" decoding=\"async\" width=\"1024\" height=\"472\" src=\"http:\/\/www.slclub.hu\/wp-content\/uploads\/2020\/08\/IMG_20200725_135024-1024x472.jpg\" alt=\"\" data-id=\"4348\" data-full-url=\"http:\/\/www.slclub.hu\/wp-content\/uploads\/2020\/08\/IMG_20200725_135024-scaled.jpg\" data-link=\"http:\/\/www.slclub.hu\/?attachment_id=4348\" class=\"wp-image-4348\" srcset=\"https:\/\/www.slclub.hu\/wp-content\/uploads\/2020\/08\/IMG_20200725_135024-1024x472.jpg 1024w, https:\/\/www.slclub.hu\/wp-content\/uploads\/2020\/08\/IMG_20200725_135024-300x138.jpg 300w, https:\/\/www.slclub.hu\/wp-content\/uploads\/2020\/08\/IMG_20200725_135024-768x354.jpg 768w, https:\/\/www.slclub.hu\/wp-content\/uploads\/2020\/08\/IMG_20200725_135024-1536x708.jpg 1536w, https:\/\/www.slclub.hu\/wp-content\/uploads\/2020\/08\/IMG_20200725_135024-2048x944.jpg 2048w\" sizes=\"auto, (max-width: 1024px) 100vw, 1024px\" \/><\/figure><\/li><li class=\"blocks-gallery-item\"><figure><img loading=\"lazy\" decoding=\"async\" width=\"472\" height=\"1024\" src=\"http:\/\/www.slclub.hu\/wp-content\/uploads\/2020\/08\/IMG_20200725_140043-472x1024.jpg\" alt=\"\" data-id=\"4349\" data-full-url=\"http:\/\/www.slclub.hu\/wp-content\/uploads\/2020\/08\/IMG_20200725_140043-scaled.jpg\" data-link=\"http:\/\/www.slclub.hu\/?attachment_id=4349\" class=\"wp-image-4349\" srcset=\"https:\/\/www.slclub.hu\/wp-content\/uploads\/2020\/08\/IMG_20200725_140043-472x1024.jpg 472w, https:\/\/www.slclub.hu\/wp-content\/uploads\/2020\/08\/IMG_20200725_140043-138x300.jpg 138w, https:\/\/www.slclub.hu\/wp-content\/uploads\/2020\/08\/IMG_20200725_140043-768x1666.jpg 768w, https:\/\/www.slclub.hu\/wp-content\/uploads\/2020\/08\/IMG_20200725_140043-708x1536.jpg 708w, https:\/\/www.slclub.hu\/wp-content\/uploads\/2020\/08\/IMG_20200725_140043-944x2048.jpg 944w, https:\/\/www.slclub.hu\/wp-content\/uploads\/2020\/08\/IMG_20200725_140043-scaled.jpg 1180w\" sizes=\"auto, (max-width: 472px) 100vw, 472px\" \/><\/figure><\/li><li class=\"blocks-gallery-item\"><figure><img loading=\"lazy\" decoding=\"async\" width=\"1024\" height=\"472\" src=\"http:\/\/www.slclub.hu\/wp-content\/uploads\/2020\/08\/IMG_20200725_142030-1024x472.jpg\" alt=\"\" data-id=\"4350\" data-full-url=\"http:\/\/www.slclub.hu\/wp-content\/uploads\/2020\/08\/IMG_20200725_142030-scaled.jpg\" data-link=\"http:\/\/www.slclub.hu\/?attachment_id=4350\" class=\"wp-image-4350\" srcset=\"https:\/\/www.slclub.hu\/wp-content\/uploads\/2020\/08\/IMG_20200725_142030-1024x472.jpg 1024w, https:\/\/www.slclub.hu\/wp-content\/uploads\/2020\/08\/IMG_20200725_142030-300x138.jpg 300w, https:\/\/www.slclub.hu\/wp-content\/uploads\/2020\/08\/IMG_20200725_142030-768x354.jpg 768w, https:\/\/www.slclub.hu\/wp-content\/uploads\/2020\/08\/IMG_20200725_142030-1536x708.jpg 1536w, https:\/\/www.slclub.hu\/wp-content\/uploads\/2020\/08\/IMG_20200725_142030-2048x944.jpg 2048w\" sizes=\"auto, (max-width: 1024px) 100vw, 1024px\" \/><\/figure><\/li><li class=\"blocks-gallery-item\"><figure><img loading=\"lazy\" decoding=\"async\" width=\"1024\" height=\"472\" src=\"http:\/\/www.slclub.hu\/wp-content\/uploads\/2020\/08\/IMG_20200725_145025-1024x472.jpg\" alt=\"\" data-id=\"4351\" data-full-url=\"http:\/\/www.slclub.hu\/wp-content\/uploads\/2020\/08\/IMG_20200725_145025-scaled.jpg\" data-link=\"http:\/\/www.slclub.hu\/?attachment_id=4351\" class=\"wp-image-4351\" srcset=\"https:\/\/www.slclub.hu\/wp-content\/uploads\/2020\/08\/IMG_20200725_145025-1024x472.jpg 1024w, https:\/\/www.slclub.hu\/wp-content\/uploads\/2020\/08\/IMG_20200725_145025-300x138.jpg 300w, https:\/\/www.slclub.hu\/wp-content\/uploads\/2020\/08\/IMG_20200725_145025-768x354.jpg 768w, https:\/\/www.slclub.hu\/wp-content\/uploads\/2020\/08\/IMG_20200725_145025-1536x708.jpg 1536w, https:\/\/www.slclub.hu\/wp-content\/uploads\/2020\/08\/IMG_20200725_145025-2048x944.jpg 2048w\" sizes=\"auto, (max-width: 1024px) 100vw, 1024px\" \/><\/figure><\/li><li class=\"blocks-gallery-item\"><figure><img loading=\"lazy\" decoding=\"async\" width=\"1024\" height=\"472\" src=\"http:\/\/www.slclub.hu\/wp-content\/uploads\/2020\/08\/IMG_20200725_145510-1024x472.jpg\" alt=\"\" data-id=\"4352\" data-full-url=\"http:\/\/www.slclub.hu\/wp-content\/uploads\/2020\/08\/IMG_20200725_145510-scaled.jpg\" data-link=\"http:\/\/www.slclub.hu\/?attachment_id=4352\" class=\"wp-image-4352\" srcset=\"https:\/\/www.slclub.hu\/wp-content\/uploads\/2020\/08\/IMG_20200725_145510-1024x472.jpg 1024w, https:\/\/www.slclub.hu\/wp-content\/uploads\/2020\/08\/IMG_20200725_145510-300x138.jpg 300w, https:\/\/www.slclub.hu\/wp-content\/uploads\/2020\/08\/IMG_20200725_145510-768x354.jpg 768w, https:\/\/www.slclub.hu\/wp-content\/uploads\/2020\/08\/IMG_20200725_145510-1536x708.jpg 1536w, https:\/\/www.slclub.hu\/wp-content\/uploads\/2020\/08\/IMG_20200725_145510-2048x944.jpg 2048w\" sizes=\"auto, (max-width: 1024px) 100vw, 1024px\" \/><\/figure><\/li><li class=\"blocks-gallery-item\"><figure><img loading=\"lazy\" decoding=\"async\" width=\"1024\" height=\"472\" src=\"http:\/\/www.slclub.hu\/wp-content\/uploads\/2020\/08\/IMG_20200725_150233-1024x472.jpg\" alt=\"\" data-id=\"4353\" data-full-url=\"http:\/\/www.slclub.hu\/wp-content\/uploads\/2020\/08\/IMG_20200725_150233-scaled.jpg\" data-link=\"http:\/\/www.slclub.hu\/?attachment_id=4353\" class=\"wp-image-4353\" srcset=\"https:\/\/www.slclub.hu\/wp-content\/uploads\/2020\/08\/IMG_20200725_150233-1024x472.jpg 1024w, https:\/\/www.slclub.hu\/wp-content\/uploads\/2020\/08\/IMG_20200725_150233-300x138.jpg 300w, https:\/\/www.slclub.hu\/wp-content\/uploads\/2020\/08\/IMG_20200725_150233-768x354.jpg 768w, https:\/\/www.slclub.hu\/wp-content\/uploads\/2020\/08\/IMG_20200725_150233-1536x708.jpg 1536w, https:\/\/www.slclub.hu\/wp-content\/uploads\/2020\/08\/IMG_20200725_150233-2048x944.jpg 2048w\" sizes=\"auto, (max-width: 1024px) 100vw, 1024px\" \/><\/figure><\/li><li class=\"blocks-gallery-item\"><figure><img loading=\"lazy\" decoding=\"async\" width=\"1024\" height=\"472\" src=\"http:\/\/www.slclub.hu\/wp-content\/uploads\/2020\/08\/IMG_20200725_152532-1024x472.jpg\" alt=\"\" data-id=\"4354\" data-full-url=\"http:\/\/www.slclub.hu\/wp-content\/uploads\/2020\/08\/IMG_20200725_152532-scaled.jpg\" data-link=\"http:\/\/www.slclub.hu\/?attachment_id=4354\" class=\"wp-image-4354\" srcset=\"https:\/\/www.slclub.hu\/wp-content\/uploads\/2020\/08\/IMG_20200725_152532-1024x472.jpg 1024w, https:\/\/www.slclub.hu\/wp-content\/uploads\/2020\/08\/IMG_20200725_152532-300x138.jpg 300w, https:\/\/www.slclub.hu\/wp-content\/uploads\/2020\/08\/IMG_20200725_152532-768x354.jpg 768w, https:\/\/www.slclub.hu\/wp-content\/uploads\/2020\/08\/IMG_20200725_152532-1536x708.jpg 1536w, https:\/\/www.slclub.hu\/wp-content\/uploads\/2020\/08\/IMG_20200725_152532-2048x944.jpg 2048w\" sizes=\"auto, (max-width: 1024px) 100vw, 1024px\" \/><\/figure><\/li><li class=\"blocks-gallery-item\"><figure><img loading=\"lazy\" decoding=\"async\" width=\"1024\" height=\"472\" src=\"http:\/\/www.slclub.hu\/wp-content\/uploads\/2020\/08\/IMG_20200725_160330-1024x472.jpg\" alt=\"\" data-id=\"4355\" data-full-url=\"http:\/\/www.slclub.hu\/wp-content\/uploads\/2020\/08\/IMG_20200725_160330-scaled.jpg\" data-link=\"http:\/\/www.slclub.hu\/?attachment_id=4355\" class=\"wp-image-4355\" srcset=\"https:\/\/www.slclub.hu\/wp-content\/uploads\/2020\/08\/IMG_20200725_160330-1024x472.jpg 1024w, https:\/\/www.slclub.hu\/wp-content\/uploads\/2020\/08\/IMG_20200725_160330-300x138.jpg 300w, https:\/\/www.slclub.hu\/wp-content\/uploads\/2020\/08\/IMG_20200725_160330-768x354.jpg 768w, https:\/\/www.slclub.hu\/wp-content\/uploads\/2020\/08\/IMG_20200725_160330-1536x708.jpg 1536w, https:\/\/www.slclub.hu\/wp-content\/uploads\/2020\/08\/IMG_20200725_160330-2048x944.jpg 2048w\" sizes=\"auto, (max-width: 1024px) 100vw, 1024px\" \/><\/figure><\/li><li class=\"blocks-gallery-item\"><figure><img loading=\"lazy\" decoding=\"async\" width=\"1024\" height=\"472\" src=\"http:\/\/www.slclub.hu\/wp-content\/uploads\/2020\/08\/IMG_20200725_161103-1024x472.jpg\" alt=\"\" data-id=\"4356\" data-full-url=\"http:\/\/www.slclub.hu\/wp-content\/uploads\/2020\/08\/IMG_20200725_161103-scaled.jpg\" data-link=\"http:\/\/www.slclub.hu\/?attachment_id=4356\" class=\"wp-image-4356\" srcset=\"https:\/\/www.slclub.hu\/wp-content\/uploads\/2020\/08\/IMG_20200725_161103-1024x472.jpg 1024w, https:\/\/www.slclub.hu\/wp-content\/uploads\/2020\/08\/IMG_20200725_161103-300x138.jpg 300w, https:\/\/www.slclub.hu\/wp-content\/uploads\/2020\/08\/IMG_20200725_161103-768x354.jpg 768w, https:\/\/www.slclub.hu\/wp-content\/uploads\/2020\/08\/IMG_20200725_161103-1536x708.jpg 1536w, https:\/\/www.slclub.hu\/wp-content\/uploads\/2020\/08\/IMG_20200725_161103-2048x944.jpg 2048w\" sizes=\"auto, (max-width: 1024px) 100vw, 1024px\" \/><\/figure><\/li><li class=\"blocks-gallery-item\"><figure><img loading=\"lazy\" decoding=\"async\" width=\"1024\" height=\"472\" src=\"http:\/\/www.slclub.hu\/wp-content\/uploads\/2020\/08\/IMG_20200725_164043-1024x472.jpg\" alt=\"\" data-id=\"4357\" data-full-url=\"http:\/\/www.slclub.hu\/wp-content\/uploads\/2020\/08\/IMG_20200725_164043-scaled.jpg\" data-link=\"http:\/\/www.slclub.hu\/?attachment_id=4357\" class=\"wp-image-4357\" srcset=\"https:\/\/www.slclub.hu\/wp-content\/uploads\/2020\/08\/IMG_20200725_164043-1024x472.jpg 1024w, https:\/\/www.slclub.hu\/wp-content\/uploads\/2020\/08\/IMG_20200725_164043-300x138.jpg 300w, https:\/\/www.slclub.hu\/wp-content\/uploads\/2020\/08\/IMG_20200725_164043-768x354.jpg 768w, https:\/\/www.slclub.hu\/wp-content\/uploads\/2020\/08\/IMG_20200725_164043-1536x708.jpg 1536w, https:\/\/www.slclub.hu\/wp-content\/uploads\/2020\/08\/IMG_20200725_164043-2048x944.jpg 2048w\" sizes=\"auto, (max-width: 1024px) 100vw, 1024px\" \/><\/figure><\/li><li class=\"blocks-gallery-item\"><figure><img loading=\"lazy\" decoding=\"async\" width=\"1024\" height=\"760\" src=\"http:\/\/www.slclub.hu\/wp-content\/uploads\/2020\/08\/IMG_20200725_164106-1024x760.jpg\" alt=\"\" data-id=\"4358\" data-full-url=\"http:\/\/www.slclub.hu\/wp-content\/uploads\/2020\/08\/IMG_20200725_164106-scaled.jpg\" data-link=\"http:\/\/www.slclub.hu\/?attachment_id=4358\" class=\"wp-image-4358\" srcset=\"https:\/\/www.slclub.hu\/wp-content\/uploads\/2020\/08\/IMG_20200725_164106-1024x760.jpg 1024w, https:\/\/www.slclub.hu\/wp-content\/uploads\/2020\/08\/IMG_20200725_164106-300x223.jpg 300w, https:\/\/www.slclub.hu\/wp-content\/uploads\/2020\/08\/IMG_20200725_164106-768x570.jpg 768w, https:\/\/www.slclub.hu\/wp-content\/uploads\/2020\/08\/IMG_20200725_164106-1536x1140.jpg 1536w, https:\/\/www.slclub.hu\/wp-content\/uploads\/2020\/08\/IMG_20200725_164106-2048x1520.jpg 2048w\" sizes=\"auto, (max-width: 1024px) 100vw, 1024px\" \/><\/figure><\/li><li class=\"blocks-gallery-item\"><figure><img loading=\"lazy\" decoding=\"async\" width=\"1024\" height=\"472\" src=\"http:\/\/www.slclub.hu\/wp-content\/uploads\/2020\/08\/IMG_20200725_165416-1024x472.jpg\" alt=\"\" data-id=\"4359\" data-full-url=\"http:\/\/www.slclub.hu\/wp-content\/uploads\/2020\/08\/IMG_20200725_165416-scaled.jpg\" data-link=\"http:\/\/www.slclub.hu\/?attachment_id=4359\" class=\"wp-image-4359\" srcset=\"https:\/\/www.slclub.hu\/wp-content\/uploads\/2020\/08\/IMG_20200725_165416-1024x472.jpg 1024w, https:\/\/www.slclub.hu\/wp-content\/uploads\/2020\/08\/IMG_20200725_165416-300x138.jpg 300w, https:\/\/www.slclub.hu\/wp-content\/uploads\/2020\/08\/IMG_20200725_165416-768x354.jpg 768w, https:\/\/www.slclub.hu\/wp-content\/uploads\/2020\/08\/IMG_20200725_165416-1536x708.jpg 1536w, https:\/\/www.slclub.hu\/wp-content\/uploads\/2020\/08\/IMG_20200725_165416-2048x944.jpg 2048w\" sizes=\"auto, (max-width: 1024px) 100vw, 1024px\" \/><\/figure><\/li><li class=\"blocks-gallery-item\"><figure><img loading=\"lazy\" decoding=\"async\" width=\"1024\" height=\"472\" src=\"http:\/\/www.slclub.hu\/wp-content\/uploads\/2020\/08\/IMG_20200725_165436-1024x472.jpg\" alt=\"\" data-id=\"4360\" data-full-url=\"http:\/\/www.slclub.hu\/wp-content\/uploads\/2020\/08\/IMG_20200725_165436-scaled.jpg\" data-link=\"http:\/\/www.slclub.hu\/?attachment_id=4360\" class=\"wp-image-4360\" srcset=\"https:\/\/www.slclub.hu\/wp-content\/uploads\/2020\/08\/IMG_20200725_165436-1024x472.jpg 1024w, https:\/\/www.slclub.hu\/wp-content\/uploads\/2020\/08\/IMG_20200725_165436-300x138.jpg 300w, https:\/\/www.slclub.hu\/wp-content\/uploads\/2020\/08\/IMG_20200725_165436-768x354.jpg 768w, https:\/\/www.slclub.hu\/wp-content\/uploads\/2020\/08\/IMG_20200725_165436-1536x708.jpg 1536w, https:\/\/www.slclub.hu\/wp-content\/uploads\/2020\/08\/IMG_20200725_165436-2048x944.jpg 2048w\" sizes=\"auto, (max-width: 1024px) 100vw, 1024px\" \/><\/figure><\/li><li class=\"blocks-gallery-item\"><figure><img loading=\"lazy\" decoding=\"async\" width=\"960\" height=\"495\" src=\"http:\/\/www.slclub.hu\/wp-content\/uploads\/2020\/08\/received_281607246455185.jpeg\" alt=\"\" data-id=\"4361\" data-full-url=\"http:\/\/www.slclub.hu\/wp-content\/uploads\/2020\/08\/received_281607246455185.jpeg\" data-link=\"http:\/\/www.slclub.hu\/?attachment_id=4361\" class=\"wp-image-4361\" srcset=\"https:\/\/www.slclub.hu\/wp-content\/uploads\/2020\/08\/received_281607246455185.jpeg 960w, https:\/\/www.slclub.hu\/wp-content\/uploads\/2020\/08\/received_281607246455185-300x155.jpeg 300w, https:\/\/www.slclub.hu\/wp-content\/uploads\/2020\/08\/received_281607246455185-768x396.jpeg 768w\" sizes=\"auto, (max-width: 960px) 100vw, 960px\" \/><\/figure><\/li><li class=\"blocks-gallery-item\"><figure><img loading=\"lazy\" decoding=\"async\" width=\"960\" height=\"495\" src=\"http:\/\/www.slclub.hu\/wp-content\/uploads\/2020\/08\/received_592736128054145.jpeg\" alt=\"\" data-id=\"4362\" data-full-url=\"http:\/\/www.slclub.hu\/wp-content\/uploads\/2020\/08\/received_592736128054145.jpeg\" data-link=\"http:\/\/www.slclub.hu\/?attachment_id=4362\" class=\"wp-image-4362\" srcset=\"https:\/\/www.slclub.hu\/wp-content\/uploads\/2020\/08\/received_592736128054145.jpeg 960w, https:\/\/www.slclub.hu\/wp-content\/uploads\/2020\/08\/received_592736128054145-300x155.jpeg 300w, https:\/\/www.slclub.hu\/wp-content\/uploads\/2020\/08\/received_592736128054145-768x396.jpeg 768w\" sizes=\"auto, (max-width: 960px) 100vw, 960px\" \/><\/figure><\/li><\/ul><\/figure>\n","protected":false},"excerpt":{"rendered":"","protected":false},"author":1,"featured_media":0,"parent":0,"menu_order":0,"comment_status":"closed","ping_status":"closed","template":"","meta":{"footnotes":""},"class_list":["post-4329","page","type-page","status-publish","hentry"],"_links":{"self":[{"href":"https:\/\/www.slclub.hu\/index.php?rest_route=\/wp\/v2\/pages\/4329","targetHints":{"allow":["GET"]}}],"collection":[{"href":"https:\/\/www.slclub.hu\/index.php?rest_route=\/wp\/v2\/pages"}],"about":[{"href":"https:\/\/www.slclub.hu\/index.php?rest_route=\/wp\/v2\/types\/page"}],"author":[{"embeddable":true,"href":"https:\/\/www.slclub.hu\/index.php?rest_route=\/wp\/v2\/users\/1"}],"replies":[{"embeddable":true,"href":"https:\/\/www.slclub.hu\/index.php?rest_route=%2Fwp%2Fv2%2Fcomments&post=4329"}],"version-history":[{"count":3,"href":"https:\/\/www.slclub.hu\/index.php?rest_route=\/wp\/v2\/pages\/4329\/revisions"}],"predecessor-version":[{"id":4363,"href":"https:\/\/www.slclub.hu\/index.php?rest_route=\/wp\/v2\/pages\/4329\/revisions\/4363"}],"wp:attachment":[{"href":"https:\/\/www.slclub.hu\/index.php?rest_route=%2Fwp%2Fv2%2Fmedia&parent=4329"}],"curies":[{"name":"wp","href":"https:\/\/api.w.org\/{rel}","templated":true}]}}