{"id":4656,"date":"2021-12-28T18:00:22","date_gmt":"2021-12-28T17:00:22","guid":{"rendered":"http:\/\/www.slclub.hu\/?page_id=4656"},"modified":"2022-09-16T12:43:19","modified_gmt":"2022-09-16T10:43:19","slug":"4656-2","status":"publish","type":"page","link":"https:\/\/www.slclub.hu\/?page_id=4656","title":{"rendered":"2022"},"content":{"rendered":"\n<p><strong>2022.04.10. SLCE Red Sun Fest Offical<\/strong><\/p>\n\n\n\n<p><strong>2022.04.09. S\u00fclys\u00e1pi MiniTal<\/strong>i<\/p>\n\n\n\n<p><strong>2022.04.15.J\u00f3t\u00e9konys\u00e1gi Suzuki Tal\u00e1lkoz\u00f3<\/strong><\/p>\n\n\n\n<p><strong>2022. 05.28. SLCE AMTS<\/strong><\/p>\n\n\n\n<p><strong>2022.06.11.SLCE A klubok \u00e9jszak\u00e1ja<\/strong><\/p>\n\n\n\n<p><strong>2022. 07.08-10 .Balaton Parti Skoda Skoda klubbal<\/strong><\/p>\n\n\n\n<p>Kedves Bar\u00e1taink!<br>Id\u00e9n is, mint minden \u00e9vben j\u00faliusban Si\u00f3fokon a Si\u00f3 kempingben tartjuk csal\u00e1di-bar\u00e1ti h\u00e9tv\u00e9g\u00e9nket! A r\u00e9szv\u00e9teli d\u00edj tov\u00e1bbra sincs, csak a sz\u00e1ll\u00e1sd\u00edjat kell fizetni! A tal\u00e1lkoz\u00f3ra kedvezm\u00e9nyes sz\u00e1ll\u00e1st foglalni csak(!) a kempingen kereszt\u00fcl e.mailben lehet!<\/p>\n\n\n\n<p>Foglal\u00e1sokat kiz\u00e1r\u00f3lag a siocampingkft@gmail.com e.mail c\u00edmen lehet! Minden esetben k\u00e9rik felt\u00fcnteni, hogy a Skoda Tal\u00e1lkoz\u00f3ra \u00e9rkeznek!<br>Egy\u00e9b \u00e9rdekl\u0151d\u00e9s a sz\u00e1ll\u00e1sok ir\u00e1nt a<br>+36 70\/597-5313 telefonsz\u00e1mon lehets\u00e9ges!<\/p>\n\n\n\n<p><strong>2022.07.30. X. Jubileumi Ercsi Aut\u00f3 Motor \u00e9s 12. Suzuki Tal\u00e1lkoz\u00f3<\/strong><\/p>\n\n\n\n<p>Szeretn\u00e9nk megh\u00edvni titeket egy m\u00e1rkaf\u00fcggetlen aut\u00f3s motoros napra ahol sok j\u00f3 program \u00e9s j\u00f3 hangulat v\u00e1r majd r\u00e1tok!<br>**Aut\u00f3s &#8211; motoros sz\u00e9ps\u00e9g verseny<br>\/t\u00f6bb kateg\u00f3ria lesz<br>**Hifi \u00e9s kipufog\u00f3 hangnyom\u00e1s verseny<br>\/ Patricar.hu<br>**Felni kitart\u00f3 \u00e9s hengerfej hajt\u00f3 verseny<br>\/felni kitart\u00f3 versenyben lesz n\u0151i, f\u00e9rfi \u00e9s gyerek kateg\u00f3ria, a hengerfej s\u00falya miatt pedig csak f\u00e9rfi<br>**Aut\u00f3s limbo<br>\/t\u00f6bb kateg\u00f3ria lesz<br>**Aut\u00f3s \u00fcgyess\u00e9gi verseny<br>**Aut\u00f3 h\u00faz\u00f3 verseny\/<br>A programokra val\u00f3 nevez\u00e9s minden esetben ingyenes!!<\/p>\n\n\n\n<p>Koncert: P\u00e1l \u00c9va Neoton Nosztalgia<br>Bel\u00e9p\u0151:<br>Feln\u0151tt:1800.-<br>Gyerek:1000.-<\/p>\n\n\n\n<p>2022.09.10.SLCE Red Sun Race Wars<\/p>\n","protected":false},"excerpt":{"rendered":"<p>2022.04.10. SLCE Red Sun Fest Offical 2022.04.09. S\u00fclys\u00e1pi MiniTali 2022.04.15.J\u00f3t\u00e9konys\u00e1gi Suzuki Tal\u00e1lkoz\u00f3 2022. 05.28. SLCE AMTS 2022.06.11.SLCE A klubok \u00e9jszak\u00e1ja 2022. 07.08-10 .Balaton Parti Skoda Skoda klubbal Kedves Bar\u00e1taink!Id\u00e9n is, mint minden \u00e9vben j\u00faliusban Si\u00f3fokon a Si\u00f3 kempingben tartjuk csal\u00e1di-bar\u00e1ti h\u00e9tv\u00e9g\u00e9nket! A r\u00e9szv\u00e9teli d\u00edj tov\u00e1bbra sincs, csak a sz\u00e1ll\u00e1sd\u00edjat kell fizetni! A tal\u00e1lkoz\u00f3ra kedvezm\u00e9nyes sz\u00e1ll\u00e1st &hellip; <a href=\"https:\/\/www.slclub.hu\/?page_id=4656\" class=\"more-link\"><span class=\"screen-reader-text\">2022<\/span> b\u0151vebben&#8230; <span class=\"meta-nav\">&rarr;<\/span><\/a><\/p>\n","protected":false},"author":1,"featured_media":0,"parent":0,"menu_order":0,"comment_status":"closed","ping_status":"closed","template":"","meta":{"footnotes":""},"class_list":["post-4656","page","type-page","status-publish","hentry"],"_links":{"self":[{"href":"https:\/\/www.slclub.hu\/index.php?rest_route=\/wp\/v2\/pages\/4656","targetHints":{"allow":["GET"]}}],"collection":[{"href":"https:\/\/www.slclub.hu\/index.php?rest_route=\/wp\/v2\/pages"}],"about":[{"href":"https:\/\/www.slclub.hu\/index.php?rest_route=\/wp\/v2\/types\/page"}],"author":[{"embeddable":true,"href":"https:\/\/www.slclub.hu\/index.php?rest_route=\/wp\/v2\/users\/1"}],"replies":[{"embeddable":true,"href":"https:\/\/www.slclub.hu\/index.php?rest_route=%2Fwp%2Fv2%2Fcomments&post=4656"}],"version-history":[{"count":6,"href":"https:\/\/www.slclub.hu\/index.php?rest_route=\/wp\/v2\/pages\/4656\/revisions"}],"predecessor-version":[{"id":5044,"href":"https:\/\/www.slclub.hu\/index.php?rest_route=\/wp\/v2\/pages\/4656\/revisions\/5044"}],"wp:attachment":[{"href":"https:\/\/www.slclub.hu\/index.php?rest_route=%2Fwp%2Fv2%2Fmedia&parent=4656"}],"curies":[{"name":"wp","href":"https:\/\/api.w.org\/{rel}","templated":true}]}}