{"id":5067,"date":"2024-02-07T13:05:52","date_gmt":"2024-02-07T12:05:52","guid":{"rendered":"http:\/\/www.slclub.hu\/?page_id=5067"},"modified":"2024-02-07T13:11:32","modified_gmt":"2024-02-07T12:11:32","slug":"2023-2","status":"publish","type":"page","link":"https:\/\/www.slclub.hu\/?page_id=5067","title":{"rendered":"2023"},"content":{"rendered":"\n<p>2023.02.19. Sz\u00fclet\u00e9snapi Tal\u00e1lkoz\u00f3<\/p>\n\n\n\n<p>2023.03.18 SLCE AMTS 2023<\/p>\n\n\n\n<p>2023.04.08. J\u00f3t\u00e9konykod\u00e1s<\/p>\n\n\n\n<p>2023.04.16. SLCE Red Sun Fest Offical<\/p>\n\n\n\n<p>2023.04.21. Suzuki Gy\u00e1rl\u00e1togat\u00e1s 2023<\/p>\n\n\n\n<p>2023.06.10. A Klubok \u00c9jszak\u00e1ja<\/p>\n\n\n\n<p>2023.07.16. Visegr\u00e1di MiniTali<\/p>\n\n\n\n<p>2023.07.29. SLC- 13. Suzuki \u00e9s Aut\u00f3s Motoros Tal\u00e1lkoz\u00f3<\/p>\n\n\n\n<p>2023.08.18-20 Balaton Parti<\/p>\n\n\n\n<p>2023.08.26. SLC &#8211; T\u0170ZR\u0150L PATTANT FINOMS\u00c1GOK<\/p>\n\n\n\n<p>2023.09.09. Red Sun Wars2023<\/p>\n\n\n\n<p>2023.09.16. FMAC j\u00f3t\u00e9konys\u00e1gi<\/p>\n\n\n\n<p>2023.09.21-24 Ny\u00e1rb\u00facs\u00faztat\u00f3 Egerben<\/p>\n\n\n\n<p>2023.09.15. S\u00fclys\u00e1pi MiniTali<\/p>\n","protected":false},"excerpt":{"rendered":"<p>2023.02.19. Sz\u00fclet\u00e9snapi Tal\u00e1lkoz\u00f3 2023.03.18 SLCE AMTS 2023 2023.04.08. J\u00f3t\u00e9konykod\u00e1s 2023.04.16. SLCE Red Sun Fest Offical 2023.04.21. Suzuki Gy\u00e1rl\u00e1togat\u00e1s 2023 2023.06.10. A Klubok \u00c9jszak\u00e1ja 2023.07.16. Visegr\u00e1di MiniTali 2023.07.29. SLC- 13. Suzuki \u00e9s Aut\u00f3s Motoros Tal\u00e1lkoz\u00f3 2023.08.18-20 Balaton Parti 2023.08.26. SLC &#8211; T\u0170ZR\u0150L PATTANT FINOMS\u00c1GOK 2023.09.09. Red Sun Wars2023 2023.09.16. FMAC j\u00f3t\u00e9konys\u00e1gi 2023.09.21-24 Ny\u00e1rb\u00facs\u00faztat\u00f3 Egerben 2023.09.15. S\u00fclys\u00e1pi &hellip; <a href=\"https:\/\/www.slclub.hu\/?page_id=5067\" class=\"more-link\"><span class=\"screen-reader-text\">2023<\/span> b\u0151vebben&#8230; <span class=\"meta-nav\">&rarr;<\/span><\/a><\/p>\n","protected":false},"author":1,"featured_media":0,"parent":0,"menu_order":0,"comment_status":"closed","ping_status":"closed","template":"","meta":{"footnotes":""},"class_list":["post-5067","page","type-page","status-publish","hentry"],"_links":{"self":[{"href":"https:\/\/www.slclub.hu\/index.php?rest_route=\/wp\/v2\/pages\/5067","targetHints":{"allow":["GET"]}}],"collection":[{"href":"https:\/\/www.slclub.hu\/index.php?rest_route=\/wp\/v2\/pages"}],"about":[{"href":"https:\/\/www.slclub.hu\/index.php?rest_route=\/wp\/v2\/types\/page"}],"author":[{"embeddable":true,"href":"https:\/\/www.slclub.hu\/index.php?rest_route=\/wp\/v2\/users\/1"}],"replies":[{"embeddable":true,"href":"https:\/\/www.slclub.hu\/index.php?rest_route=%2Fwp%2Fv2%2Fcomments&post=5067"}],"version-history":[{"count":3,"href":"https:\/\/www.slclub.hu\/index.php?rest_route=\/wp\/v2\/pages\/5067\/revisions"}],"predecessor-version":[{"id":5073,"href":"https:\/\/www.slclub.hu\/index.php?rest_route=\/wp\/v2\/pages\/5067\/revisions\/5073"}],"wp:attachment":[{"href":"https:\/\/www.slclub.hu\/index.php?rest_route=%2Fwp%2Fv2%2Fmedia&parent=5067"}],"curies":[{"name":"wp","href":"https:\/\/api.w.org\/{rel}","templated":true}]}}