{"id":5070,"date":"2024-02-07T13:06:30","date_gmt":"2024-02-07T12:06:30","guid":{"rendered":"http:\/\/www.slclub.hu\/?page_id=5070"},"modified":"2024-11-27T09:10:32","modified_gmt":"2024-11-27T08:10:32","slug":"2024-2","status":"publish","type":"page","link":"https:\/\/www.slclub.hu\/?page_id=5070","title":{"rendered":"2024"},"content":{"rendered":"\n<p><strong>2024. febr. 24. SLCE &#8211; 4. aut\u00f3s farsangi felvonul\u00e1s  Balatonbogl\u00e1r<\/strong><\/p>\n\n\n\n<ol class=\"wp-block-list\">\n<li>Gy\u00fclekez\u0151 a Balaton partj\u00e1n<\/li>\n\n\n\n<li>Vegyetek r\u00e9szt a gumball-on ami egy verseny megadott helysz\u00edneken val\u00f3 csekkpont-ok k\u00f6z\u00f6tt. Minden pont helysz\u00edn\u00e9t egy versszer\u0171 feladv\u00e1ny \u00e1rulja el. Minden ponton feladat v\u00e1r r\u00e1tok(a leghamarabb befut\u00f3 nyer).<\/li>\n\n\n\n<li>A gy\u00fclekez\u0151 helyr\u0151l egy felvonul\u00e1ssal megy\u00fcnk fel a kishegybe.<\/li>\n\n\n\n<li>Kishegyben m\u00e9g egy\u00e9b programok v\u00e1rnak r\u00e1tok amit k\u00e9s\u0151bb tudtok meg.<\/li>\n\n\n\n<li>Eredm\u00e9nyhirdet\u00e9s<\/li>\n\n\n\n<li>Legfontosabb program , \u00e9rezz\u00e9tek j\u00f3l magatokat!!<\/li>\n<\/ol>\n\n\n\n<p><strong>2024 \u00e1prilis 5. SLC &#8211; Suzuki Gy\u00e1rl\u00e1togat\u00e1s <\/strong>(BETELT)<\/p>\n\n\n\n<p>A gy\u00e1rl\u00e1togat\u00e1son csak azok vehetnek r\u00e9szt, akik jelentkeznek Febru\u00e1r 29-ig!!!!!!<br>Akik gyerekkel j\u00f6nnek, vegy\u00e9k figyelembe, hogy az als\u00f3 korhat\u00e1r 4 \u00e9v!<br>Neveket ,Szig.sz\u00e1m, telefonsz\u00e1mot(+36)\u00e9s Lakc\u00edmet emailban k\u00e9rem slckapcsolat@gmail.com<\/p>\n\n\n\n<p><strong>2024.05.11.Tavaszi Aut\u00f3s Tal\u00e1lkoz\u00f3<\/strong><\/p>\n\n\n\n<p>SLCE,Skoda Klub Sz\u00e9kesfeh\u00e9rv\u00e1r k\u00f6z\u00f6s csal\u00e1di rendezv\u00e9nye P\u00e1kozdi Pagony &#8211; Vadaspark \u00e9s Arbor\u00e9tum<\/p>\n\n\n\n<p><strong>2024.06.08. &#8211; A Klubok \u00c9jszak\u00e1ja 2024<\/strong><\/p>\n\n\n\n<p>Tal\u00e1lkozunk a Hal\u00e1sztelek Aldi parkol\u00f3ban 13:30-14:00- k\u00f6z\u00f6tt. 14:00-kor be kell \u00e1llni a klubnak T\u00f6k\u00f6l\u00f6n<br>A bel\u00e9p\u0151jegy \u00e1ra 6.500,- HUF \/ f\u0151.<\/p>\n\n\n\n<ul class=\"wp-block-list\">\n<li>Bankk\u00e1rty\u00e1s fizet\u00e9s nem lehets\u00e9ges,<\/li>\n\n\n\n<li>El\u0151v\u00e9teles jegy nincs,<\/li>\n\n\n\n<li>Hivatalos \u00e9l\u0151 k\u00f6zvet\u00edt\u00e9s nem lesz,<br>10 \u00e9v alatt sz\u00fcl\u0151i fel\u00fcgyelet mellett a gyermek r\u00e9sz\u00e9re ingyenes a bel\u00e9p\u00e9s! Kistest\u0171 kuty\u00e1kat sz\u00edvesen l\u00e1tunk (b\u00e1r ez a rendezv\u00e9ny zajos \u00e9s zs\u00fafolt) kakizacsi k\u00f6telez\u0151! Mozg\u00e1ss\u00e9r\u00fclt l\u00e1togat\u00f3ink (hivatalos rokkant k\u00e1rty\u00e1val) minden esetben jelezz\u00e9k az \u00e9rkez\u00e9s\u00fcket e-mailben (k\u00fcl\u00f6n parkol\u00f3 helyek, mozg\u00e1ss\u00e9r\u00fclt n\u00e9z\u0151terek).<\/li>\n<\/ul>\n\n\n\n<p><strong>2024.06.29 J\u00f3t\u00e9konys\u00e1gi Tal\u00e1lkoz\u00f3 K\u00e1rolyh\u00e1za&nbsp;&nbsp;<\/strong>&nbsp;&nbsp;&nbsp;&nbsp;&nbsp;&nbsp;&nbsp;&nbsp;&nbsp;&nbsp;&nbsp;&nbsp;&nbsp;&nbsp;&nbsp;&nbsp;&nbsp;&nbsp;&nbsp;&nbsp;&nbsp;&nbsp;&nbsp;&nbsp;&nbsp;&nbsp;&nbsp;&nbsp;&nbsp;&nbsp;&nbsp;&nbsp;&nbsp;&nbsp;&nbsp;&nbsp;&nbsp;&nbsp;&nbsp;&nbsp;&nbsp;&nbsp;&nbsp;&nbsp;&nbsp;&nbsp;&nbsp;&nbsp;&nbsp;&nbsp; &nbsp;&nbsp;&nbsp;&nbsp;&nbsp;&nbsp;&nbsp;&nbsp;&nbsp;&nbsp;&nbsp;&nbsp;&nbsp;&nbsp;&nbsp;&nbsp;&nbsp;&nbsp;&nbsp;&nbsp;&nbsp;&nbsp;&nbsp;&nbsp;<\/p>\n\n\n\n<figure class=\"wp-block-table\"><table><tbody><tr><td>-PROGRAMOK:<br>-Aut\u00f3s-, motoros sz\u00e9ps\u00e9gverseny<br>&#8211; Aut\u00f3- motor kipufog\u00f3, hifi hangnyom\u00e1s verseny<br>&#8211; Aut\u00f3s-, \u00e9s motoros \u00fcgyess\u00e9gi versenyek\u00a0\u00a0\u00a0<br>&#8211; Aut\u00f3s limb\u00f3\u00a0\u00a0\u00a0\u00a0<br>\u00a0&#8211; Felnikitart\u00f3-, hengerfejdob\u00f3 verseny\u00a0\u00a0\u00a0\u00a0\u00a0\u00a0\u00a0<br>F\u0151z\u0151verseny &#8211; Aut\u00f3s-, motoros kv\u00edzk\u00e9rd\u00e9sek <br>-Ugr\u00e1l\u00f3v\u00e1r kicsiknek (5 \u00e9ves korig) -Hagyom\u00e1ny\u00f6rz\u0151k<br>-Tombola -H\u00fcll\u0151 f\u00e9nyk\u00e9pezked\u00e9s <strong>T\u00e1ncbemutat\u00f3:<\/strong> <br>-Tadzs Mahal csillagai T\u00e1nccsoport <br>&#8211; Zumba Fitness t\u00e1nccsoport bemutat\u00f3ja \u00a0 <br><strong>Koncertek:<\/strong> <br>-Szombat Esti L\u00e1z P\u00e1l \u00c9va Neoton Nosztalgia <br>&#8211; Rockabilly zenekar<br><br>Rendezv\u00e9nyen fot\u00f3k k\u00e9sz\u00fclnek.\u00e9s a<br>helysz\u00ednre t\u00e1mogat\u00f3i karszalag v\u00e1s\u00e1rl\u00e1s\u00e1val lehet bel\u00e9pni.<br>Programokra nevez\u00e9si d\u00edja van.<br><br>Hangnyom\u00e1sm\u00e9r\u00e9s Hifi \u00e9s kipufog\u00f3 (2000Ft\/aut\u00f3), csak kipufog\u00f3(1000Ft\/aut\u00f3) info:<br>www.slclub.hu<br><strong><br>2024.07.19-21 Balaton Parti Suzuki Klubbal<\/strong><br>Szok\u00e1sos ny\u00e1ri<br>A szervezett programok id\u00e9n ism\u00e9t a szok\u00e1sosak &#8211; szombaton 12 \u00f3r\u00e1t\u00f3l indul a crousing jelleg\u0171 felvonul\u00e1s (biztos\u00edt\u00e1s n\u00e9lk\u00fcl, de adott \u00fatvonalon) &#8211; majd 15 \u00f3r\u00e1t\u00f3l geo-rali, au\u00f3s &#8211; t\u00e1j\u00e9koz\u00f3d\u00e1si &#8211; t\u00fara kb. 60-70 km. A r\u00e9szv\u00e9tel ingyenes, a program d\u00edjtalan!<br>A sz\u00e1ll\u00e1sd\u00edjat kell fizetni! A tal\u00e1lkoz\u00f3ra kedvezm\u00e9nyes sz\u00e1ll\u00e1st foglalni csak(!) a kempingen kereszt\u00fcl e.mailben lehet a siocampingkft@gmail.com e.mail c\u00edmen lehet! Minden esetben k\u00e9rik felt\u00fcnteni, hogy a Skoda Tal\u00e1lkoz\u00f3ra \u00e9rkeznek!<br>Egy\u00e9b \u00e9rdekl\u0151d\u00e9s a sz\u00e1ll\u00e1sok ir\u00e1nt a<br>+3670597-5313 telefonsz\u00e1mon lehets\u00e9ges!<br>Fenti \u00e1rak csak a Skoda tal\u00e1lkoz\u00f3 id\u0151pontj\u00e1ban \u00e9rv\u00e9nyesek, el\u0151tte \u00e9s ut\u00e1na a napi portai \u00e1r fizetend\u0151!!!<br>A fedett sz\u00e1ll\u00e1sokat 15.00. \u00f3r\u00e1t\u00f3l, a s\u00e1torhelyeket 12.00. \u00f3r\u00e1t\u00f3l lehet \u00e1tvenni.<br>Kijelentkez\u00e9s a fedett sz\u00e1ll\u00e1sokr\u00f3l 10.00. \u00f3r\u00e1ig, a s\u00e1torhelyekr\u0151l 12.00. \u00f3r\u00e1ig.<br>Amennyiben nem a fentiek szerint t\u00f6rt\u00e9nik a kijelentkez\u00e9s, egy napi sz\u00e1ll\u00e1sd\u00edjat sz\u00e1molunk fel!!!<br>Takar\u00edt\u00e1si d\u00edjat sz\u00e1molunk fel (10.000,-ft), ha a sz\u00e1ll\u00e1s nem az \u00e1tadott \u00e1llapotban lesz kijelentkez\u00e9skor. (mosatlan ed\u00e9ny, szem\u00e9t, b\u00fatorok elmozd\u00edt\u00e1sa\u2026)<br>Sz\u00e1ll\u00e1s \u00e1rak:<br>SIOCAMPING &#8211; Skoda tal\u00e1lkoz\u00f3<br>Kemping &#8211; s\u00e1tras (Ft)<br>Feln\u0151tt\/f\u0151\/\u00e9j 5000<br>Gyerek\/f\u0151\/\u00e9j (2-14) 2500<br>Kutya\/\u00e9j 2000<br>B\u00e9relhet\u0151 lak\u00f3kocsi 4f\u0151\/\u00e9j 30 000 kl\u00edm\u00e1s + f\u00fcrd\u0151<br>IDEGENFORGALMI AD\u00d3 \/f\u0151\/\u00e9j 550<br><br><strong>2024.08.31.Ep\u00f6li MiniTali \u00e9s f\u0151z\u0151verseny<\/strong><br><br>Ep\u00f6l K\u00f6zs\u00e9g \u00d6nkorm\u00e1nyzata v\u00e1rja a civil szervezetek, int\u00e9zm\u00e9nyek, csal\u00e1dok, rokonok, bar\u00e1ti t\u00e1rsas\u00e1gok jelentkez\u00e9s\u00e9t a &#8222;T\u0170ZR\u0150L PATTANT FINOMS\u00c1GOK&#8221; elnevez\u00e9s\u0171 f\u0151z\u0151versenyre, melynek id\u0151pontja 2024. augusztus 31. (szombat) Ep\u00f6l, Sportp\u00e1lya melletti ter\u00fcleten. B\u00e1rmilyen helyben k\u00e9sz\u00fclt \u00e9tellel lehet nevezni a versenyre.<br>12:00 \u00f3rakor t\u0171zgy\u00fajt\u00e1s<br>17:30 \u00f3rakor \u00e9telek \u00e9rt\u00e9kel\u00e9se<br>18:00 \u00f3rakor eredm\u00e9nyhirdet\u00e9s.<br><br><strong>2024.09.22. 4. Add a kezed!<\/strong><br>L\u00e1togat\u00f3i bel\u00e9p\u0151 \u00e1ra: 1000 Ft \/ f\u0151<br>Street kateg\u00f3ria ki\u00e1ll\u00edt\u00e1si d\u00edj: 3000 Ft \/ aut\u00f3 \/ 2 f\u0151 ingyenes bel\u00e9p\u00e9s<br>14 \u00e9ven aluliaknak ingyenes bel\u00e9p\u00e9s.<br><br><strong>2024.12.08. Mikul\u00e1sv\u00e1r\u00f3 Tal\u00e1lkoz\u00f3<\/strong><br><br>Id\u00e9n is szeretn\u00e9nk Mikul\u00e1sra n\u00e9h\u00e1ny r\u00e1szorul\u00f3 gyermek arc\u00e1ra mosolyt csalni. December k\u00f6zep\u00e9n a Biai Sz\u0151l\u0151szem \u00d3vod\u00e1ba l\u00e1togatunk, ehhez v\u00e1rjuk a seg\u00edts\u00e9get a csoport tagjait\u00f3l.<br>Aki teheti \u00e9s \u00fagy \u00e9rzi, szeretne 51 kisle\u00e1ny \u00e9s 44 kisfi\u00fa sz\u00e1m\u00e1ra \u00f6r\u00f6met okozni, december 8.-\u00e1n vas\u00e1rnap, 10 \u00f3rakor, a Pesterzs\u00e9bet Hipermarket parkol\u00f3j\u00e1ban v\u00e1rjuk szeretettel az adom\u00e1nyokat!<br>Amire sz\u00fcks\u00e9g\u00fcnk lenne: Els\u0151sorban \u00e9dess\u00e9get &#8211; mikul\u00e1s csoki, szaloncukor stb &#8211; v\u00e1runk, de aki tud felaj\u00e1nlani pl\u00fcss\u00f6ket, esetleg m\u00e9g haszn\u00e1lhat\u00f3 j\u00e1t\u00e9kokat, t\u00e1rsasokat, azoknak is nagyon fognak \u00f6r\u00fclni.<br>Az \u00f3vod\u00e1ban 4 csoport van. Minden csoportnak m\u00e1r \u00f6ssze\u00e1ll\u00edtottunk 1-1 csomagot, melyben elhelyezt\u00fcnk \u00edr\u00f3szereket, fest\u00e9keket, gyurm\u00e1kat, egy\u00e9b, a csoportfoglalkoz\u00e1sokhoz hasznos dolgokat. de szeretn\u00e9nk egy\u00e9nileg is megaj\u00e1nd\u00e9kozni a gyermekeket egy kis \u00e9dess\u00e9ggel.<br>Ha az \u00f3voda beleegyezik, egy \u00f6nk\u00e9ntes boh\u00f3c is ell\u00e1togat vel\u00fcnk, aki egy r\u00f6vid m\u0171sor ut\u00e1n lufihajtogat\u00e1ssal kedveskedik majd a gyerekeknek.<\/td><\/tr><\/tbody><\/table><\/figure>\n","protected":false},"excerpt":{"rendered":"<p>2024. febr. 24. SLCE &#8211; 4. aut\u00f3s farsangi felvonul\u00e1s Balatonbogl\u00e1r 2024 \u00e1prilis 5. SLC &#8211; Suzuki Gy\u00e1rl\u00e1togat\u00e1s (BETELT) A gy\u00e1rl\u00e1togat\u00e1son csak azok vehetnek r\u00e9szt, akik jelentkeznek Febru\u00e1r 29-ig!!!!!!Akik gyerekkel j\u00f6nnek, vegy\u00e9k figyelembe, hogy az als\u00f3 korhat\u00e1r 4 \u00e9v!Neveket ,Szig.sz\u00e1m, telefonsz\u00e1mot(+36)\u00e9s Lakc\u00edmet emailban k\u00e9rem slckapcsolat@gmail.com 2024.05.11.Tavaszi Aut\u00f3s Tal\u00e1lkoz\u00f3 SLCE,Skoda Klub Sz\u00e9kesfeh\u00e9rv\u00e1r k\u00f6z\u00f6s csal\u00e1di rendezv\u00e9nye P\u00e1kozdi Pagony &hellip; <a href=\"https:\/\/www.slclub.hu\/?page_id=5070\" class=\"more-link\"><span class=\"screen-reader-text\">2024<\/span> b\u0151vebben&#8230; <span class=\"meta-nav\">&rarr;<\/span><\/a><\/p>\n","protected":false},"author":1,"featured_media":0,"parent":0,"menu_order":0,"comment_status":"closed","ping_status":"closed","template":"","meta":{"footnotes":""},"class_list":["post-5070","page","type-page","status-publish","hentry"],"_links":{"self":[{"href":"https:\/\/www.slclub.hu\/index.php?rest_route=\/wp\/v2\/pages\/5070","targetHints":{"allow":["GET"]}}],"collection":[{"href":"https:\/\/www.slclub.hu\/index.php?rest_route=\/wp\/v2\/pages"}],"about":[{"href":"https:\/\/www.slclub.hu\/index.php?rest_route=\/wp\/v2\/types\/page"}],"author":[{"embeddable":true,"href":"https:\/\/www.slclub.hu\/index.php?rest_route=\/wp\/v2\/users\/1"}],"replies":[{"embeddable":true,"href":"https:\/\/www.slclub.hu\/index.php?rest_route=%2Fwp%2Fv2%2Fcomments&post=5070"}],"version-history":[{"count":14,"href":"https:\/\/www.slclub.hu\/index.php?rest_route=\/wp\/v2\/pages\/5070\/revisions"}],"predecessor-version":[{"id":5718,"href":"https:\/\/www.slclub.hu\/index.php?rest_route=\/wp\/v2\/pages\/5070\/revisions\/5718"}],"wp:attachment":[{"href":"https:\/\/www.slclub.hu\/index.php?rest_route=%2Fwp%2Fv2%2Fmedia&parent=5070"}],"curies":[{"name":"wp","href":"https:\/\/api.w.org\/{rel}","templated":true}]}}