{"id":533,"date":"2014-08-25T18:18:58","date_gmt":"2014-08-25T16:18:58","guid":{"rendered":"http:\/\/www.slclub.hu\/?page_id=533"},"modified":"2014-09-17T06:58:27","modified_gmt":"2014-09-17T04:58:27","slug":"2013-2","status":"publish","type":"page","link":"https:\/\/www.slclub.hu\/?page_id=533","title":{"rendered":"2013"},"content":{"rendered":"<p><strong>Kecskem\u00e9ti Rep\u00fcl\u0151nap 2013.08.03.<\/strong><br \/>\n<iframe loading=\"lazy\" title=\"Kecskem\u00e9ti Rep\u00fcl\u0151nap 2013.08.03. 1r\u00e9sz\" width=\"474\" height=\"356\" src=\"https:\/\/www.youtube.com\/embed\/jzaUFF-2wRI?feature=oembed\" frameborder=\"0\" allow=\"accelerometer; autoplay; clipboard-write; encrypted-media; gyroscope; picture-in-picture; web-share\" referrerpolicy=\"strict-origin-when-cross-origin\" allowfullscreen><\/iframe><br \/>\n<iframe loading=\"lazy\" title=\"Kecskem\u00e9ti Rep\u00fcl\u0151nap 2013.08.03. 2r\u00e9sz\" width=\"474\" height=\"356\" src=\"https:\/\/www.youtube.com\/embed\/tAWSBJVD8lI?feature=oembed\" frameborder=\"0\" allow=\"accelerometer; autoplay; clipboard-write; encrypted-media; gyroscope; picture-in-picture; web-share\" referrerpolicy=\"strict-origin-when-cross-origin\" allowfullscreen><\/iframe><br \/>\n<iframe loading=\"lazy\" title=\"Kecskem\u00e9ti Rep\u00fcl\u0151nap 2013.08.03. 3r\u00e9sz\" width=\"474\" height=\"356\" src=\"https:\/\/www.youtube.com\/embed\/tz2IeEkkgvk?feature=oembed\" frameborder=\"0\" allow=\"accelerometer; autoplay; clipboard-write; encrypted-media; gyroscope; picture-in-picture; web-share\" referrerpolicy=\"strict-origin-when-cross-origin\" allowfullscreen><\/iframe><br \/>\n<iframe loading=\"lazy\" title=\"Kecskem\u00e9ti Rep\u00fcl\u0151nap 2013.08.03. 4r\u00e9sz\" width=\"474\" height=\"356\" src=\"https:\/\/www.youtube.com\/embed\/_d4PNqRo5Wc?feature=oembed\" frameborder=\"0\" allow=\"accelerometer; autoplay; clipboard-write; encrypted-media; gyroscope; picture-in-picture; web-share\" referrerpolicy=\"strict-origin-when-cross-origin\" allowfullscreen><\/iframe><\/p>\n<p><strong>18.B\u00f6rg\u00f6ndi Rep\u00fcl\u0151nap 2013.09.08. <\/strong><\/p>\n<p><iframe loading=\"lazy\" title=\"18.B\u00f6rg\u00f6ndi Rep\u00fcl\u0151nap 2013.09.08. 1.r\u00e9sz\" width=\"474\" height=\"356\" src=\"https:\/\/www.youtube.com\/embed\/OsScFVdrcKw?feature=oembed\" frameborder=\"0\" allow=\"accelerometer; autoplay; clipboard-write; encrypted-media; gyroscope; picture-in-picture; web-share\" referrerpolicy=\"strict-origin-when-cross-origin\" allowfullscreen><\/iframe><br \/>\n<iframe loading=\"lazy\" title=\"18.B\u00f6rg\u00f6ndi Rep\u00fcl\u0151nap-Grippenek 2013.09.08. 2.r\u00e9sz\" width=\"474\" height=\"356\" src=\"https:\/\/www.youtube.com\/embed\/8pGYJI76RyI?feature=oembed\" frameborder=\"0\" allow=\"accelerometer; autoplay; clipboard-write; encrypted-media; gyroscope; picture-in-picture; web-share\" referrerpolicy=\"strict-origin-when-cross-origin\" allowfullscreen><\/iframe><\/p>\n<p><strong>Suzuki Tal\u00e1lkoz\u00f3 Campona 2013.10.26. <\/strong><br \/>\n<iframe loading=\"lazy\" title=\"Suzuki Tal\u00e1lkoz\u00f3 Campona 2013.10.26.HD\" width=\"474\" height=\"267\" src=\"https:\/\/www.youtube.com\/embed\/b2Hm0hlENbw?feature=oembed\" frameborder=\"0\" allow=\"accelerometer; autoplay; clipboard-write; encrypted-media; gyroscope; picture-in-picture; web-share\" referrerpolicy=\"strict-origin-when-cross-origin\" allowfullscreen><\/iframe><br \/>\n<iframe loading=\"lazy\" title=\"Suzuki Tal\u00e1lkoz\u00f3 Campona 2013.10.26.\" width=\"474\" height=\"356\" src=\"https:\/\/www.youtube.com\/embed\/2iNRb6JFlB8?feature=oembed\" frameborder=\"0\" allow=\"accelerometer; autoplay; clipboard-write; encrypted-media; gyroscope; picture-in-picture; web-share\" referrerpolicy=\"strict-origin-when-cross-origin\" allowfullscreen><\/iframe><\/p>\n","protected":false},"excerpt":{"rendered":"<p>Kecskem\u00e9ti Rep\u00fcl\u0151nap 2013.08.03. 18.B\u00f6rg\u00f6ndi Rep\u00fcl\u0151nap 2013.09.08. Suzuki Tal\u00e1lkoz\u00f3 Campona 2013.10.26.<\/p>\n","protected":false},"author":1,"featured_media":0,"parent":0,"menu_order":0,"comment_status":"open","ping_status":"open","template":"","meta":{"footnotes":""},"class_list":["post-533","page","type-page","status-publish","hentry"],"_links":{"self":[{"href":"https:\/\/www.slclub.hu\/index.php?rest_route=\/wp\/v2\/pages\/533","targetHints":{"allow":["GET"]}}],"collection":[{"href":"https:\/\/www.slclub.hu\/index.php?rest_route=\/wp\/v2\/pages"}],"about":[{"href":"https:\/\/www.slclub.hu\/index.php?rest_route=\/wp\/v2\/types\/page"}],"author":[{"embeddable":true,"href":"https:\/\/www.slclub.hu\/index.php?rest_route=\/wp\/v2\/users\/1"}],"replies":[{"embeddable":true,"href":"https:\/\/www.slclub.hu\/index.php?rest_route=%2Fwp%2Fv2%2Fcomments&post=533"}],"version-history":[{"count":8,"href":"https:\/\/www.slclub.hu\/index.php?rest_route=\/wp\/v2\/pages\/533\/revisions"}],"predecessor-version":[{"id":664,"href":"https:\/\/www.slclub.hu\/index.php?rest_route=\/wp\/v2\/pages\/533\/revisions\/664"}],"wp:attachment":[{"href":"https:\/\/www.slclub.hu\/index.php?rest_route=%2Fwp%2Fv2%2Fmedia&parent=533"}],"curies":[{"name":"wp","href":"https:\/\/api.w.org\/{rel}","templated":true}]}}