{"id":5727,"date":"2024-12-18T10:57:02","date_gmt":"2024-12-18T09:57:02","guid":{"rendered":"http:\/\/www.slclub.hu\/?page_id=5727"},"modified":"2024-12-18T13:27:35","modified_gmt":"2024-12-18T12:27:35","slug":"2024-12-08-mikulasvaro-talalkozo","status":"publish","type":"page","link":"https:\/\/www.slclub.hu\/?page_id=5727","title":{"rendered":"2024.12.08. Mikul\u00e1sv\u00e1r\u00f3 Tal\u00e1lkoz\u00f3"},"content":{"rendered":"\n<figure class=\"wp-block-gallery has-nested-images columns-default is-cropped wp-block-gallery-1 is-layout-flex wp-block-gallery-is-layout-flex\">\n<figure class=\"wp-block-image size-large\"><a href=\"http:\/\/www.slclub.hu\/wp-content\/uploads\/2024\/12\/IMG_20241208_101519-scaled.jpg\"><img loading=\"lazy\" decoding=\"async\" width=\"1024\" height=\"462\" data-id=\"5731\" src=\"http:\/\/www.slclub.hu\/wp-content\/uploads\/2024\/12\/IMG_20241208_101519-1024x462.jpg\" alt=\"\" class=\"wp-image-5731\" srcset=\"https:\/\/www.slclub.hu\/wp-content\/uploads\/2024\/12\/IMG_20241208_101519-1024x462.jpg 1024w, https:\/\/www.slclub.hu\/wp-content\/uploads\/2024\/12\/IMG_20241208_101519-300x135.jpg 300w, https:\/\/www.slclub.hu\/wp-content\/uploads\/2024\/12\/IMG_20241208_101519-768x346.jpg 768w, https:\/\/www.slclub.hu\/wp-content\/uploads\/2024\/12\/IMG_20241208_101519-1536x693.jpg 1536w, https:\/\/www.slclub.hu\/wp-content\/uploads\/2024\/12\/IMG_20241208_101519-2048x924.jpg 2048w\" sizes=\"auto, (max-width: 1024px) 100vw, 1024px\" \/><\/a><\/figure>\n\n\n\n<figure class=\"wp-block-image size-large\"><a href=\"http:\/\/www.slclub.hu\/wp-content\/uploads\/2024\/12\/IMG_20241208_101532_1-scaled.jpg\"><img loading=\"lazy\" decoding=\"async\" width=\"1024\" height=\"462\" data-id=\"5733\" src=\"http:\/\/www.slclub.hu\/wp-content\/uploads\/2024\/12\/IMG_20241208_101532_1-1024x462.jpg\" alt=\"\" class=\"wp-image-5733\" srcset=\"https:\/\/www.slclub.hu\/wp-content\/uploads\/2024\/12\/IMG_20241208_101532_1-1024x462.jpg 1024w, https:\/\/www.slclub.hu\/wp-content\/uploads\/2024\/12\/IMG_20241208_101532_1-300x135.jpg 300w, https:\/\/www.slclub.hu\/wp-content\/uploads\/2024\/12\/IMG_20241208_101532_1-768x346.jpg 768w, https:\/\/www.slclub.hu\/wp-content\/uploads\/2024\/12\/IMG_20241208_101532_1-1536x693.jpg 1536w, https:\/\/www.slclub.hu\/wp-content\/uploads\/2024\/12\/IMG_20241208_101532_1-2048x924.jpg 2048w\" sizes=\"auto, (max-width: 1024px) 100vw, 1024px\" \/><\/a><\/figure>\n\n\n\n<figure class=\"wp-block-image size-large\"><a href=\"http:\/\/www.slclub.hu\/wp-content\/uploads\/2024\/12\/IMG_20241208_102147-scaled.jpg\"><img loading=\"lazy\" decoding=\"async\" width=\"1024\" height=\"462\" data-id=\"5734\" src=\"http:\/\/www.slclub.hu\/wp-content\/uploads\/2024\/12\/IMG_20241208_102147-1024x462.jpg\" alt=\"\" class=\"wp-image-5734\" srcset=\"https:\/\/www.slclub.hu\/wp-content\/uploads\/2024\/12\/IMG_20241208_102147-1024x462.jpg 1024w, https:\/\/www.slclub.hu\/wp-content\/uploads\/2024\/12\/IMG_20241208_102147-300x135.jpg 300w, https:\/\/www.slclub.hu\/wp-content\/uploads\/2024\/12\/IMG_20241208_102147-768x346.jpg 768w, https:\/\/www.slclub.hu\/wp-content\/uploads\/2024\/12\/IMG_20241208_102147-1536x693.jpg 1536w, https:\/\/www.slclub.hu\/wp-content\/uploads\/2024\/12\/IMG_20241208_102147-2048x924.jpg 2048w\" sizes=\"auto, (max-width: 1024px) 100vw, 1024px\" \/><\/a><\/figure>\n\n\n\n<figure class=\"wp-block-image size-large\"><a href=\"http:\/\/www.slclub.hu\/wp-content\/uploads\/2024\/12\/IMG_20241208_104813-scaled.jpg\"><img loading=\"lazy\" decoding=\"async\" width=\"1024\" height=\"462\" data-id=\"5735\" src=\"http:\/\/www.slclub.hu\/wp-content\/uploads\/2024\/12\/IMG_20241208_104813-1024x462.jpg\" alt=\"\" class=\"wp-image-5735\" srcset=\"https:\/\/www.slclub.hu\/wp-content\/uploads\/2024\/12\/IMG_20241208_104813-1024x462.jpg 1024w, https:\/\/www.slclub.hu\/wp-content\/uploads\/2024\/12\/IMG_20241208_104813-300x135.jpg 300w, https:\/\/www.slclub.hu\/wp-content\/uploads\/2024\/12\/IMG_20241208_104813-768x346.jpg 768w, https:\/\/www.slclub.hu\/wp-content\/uploads\/2024\/12\/IMG_20241208_104813-1536x693.jpg 1536w, https:\/\/www.slclub.hu\/wp-content\/uploads\/2024\/12\/IMG_20241208_104813-2048x924.jpg 2048w\" sizes=\"auto, (max-width: 1024px) 100vw, 1024px\" \/><\/a><\/figure>\n\n\n\n<figure class=\"wp-block-image size-large\"><a href=\"http:\/\/www.slclub.hu\/wp-content\/uploads\/2024\/12\/IMG_20241208_105043-scaled.jpg\"><img loading=\"lazy\" decoding=\"async\" width=\"1024\" height=\"462\" data-id=\"5732\" src=\"http:\/\/www.slclub.hu\/wp-content\/uploads\/2024\/12\/IMG_20241208_105043-1024x462.jpg\" alt=\"\" class=\"wp-image-5732\" srcset=\"https:\/\/www.slclub.hu\/wp-content\/uploads\/2024\/12\/IMG_20241208_105043-1024x462.jpg 1024w, https:\/\/www.slclub.hu\/wp-content\/uploads\/2024\/12\/IMG_20241208_105043-300x135.jpg 300w, https:\/\/www.slclub.hu\/wp-content\/uploads\/2024\/12\/IMG_20241208_105043-768x346.jpg 768w, https:\/\/www.slclub.hu\/wp-content\/uploads\/2024\/12\/IMG_20241208_105043-1536x693.jpg 1536w, https:\/\/www.slclub.hu\/wp-content\/uploads\/2024\/12\/IMG_20241208_105043-2048x924.jpg 2048w\" sizes=\"auto, (max-width: 1024px) 100vw, 1024px\" \/><\/a><\/figure>\n\n\n\n<figure class=\"wp-block-image size-large\"><a href=\"http:\/\/www.slclub.hu\/wp-content\/uploads\/2024\/12\/IMG_20241208_111405-scaled.jpg\"><img loading=\"lazy\" decoding=\"async\" width=\"1024\" height=\"462\" data-id=\"5736\" src=\"http:\/\/www.slclub.hu\/wp-content\/uploads\/2024\/12\/IMG_20241208_111405-1024x462.jpg\" alt=\"\" class=\"wp-image-5736\" srcset=\"https:\/\/www.slclub.hu\/wp-content\/uploads\/2024\/12\/IMG_20241208_111405-1024x462.jpg 1024w, https:\/\/www.slclub.hu\/wp-content\/uploads\/2024\/12\/IMG_20241208_111405-300x135.jpg 300w, https:\/\/www.slclub.hu\/wp-content\/uploads\/2024\/12\/IMG_20241208_111405-768x346.jpg 768w, https:\/\/www.slclub.hu\/wp-content\/uploads\/2024\/12\/IMG_20241208_111405-1536x693.jpg 1536w, https:\/\/www.slclub.hu\/wp-content\/uploads\/2024\/12\/IMG_20241208_111405-2048x924.jpg 2048w\" sizes=\"auto, (max-width: 1024px) 100vw, 1024px\" \/><\/a><\/figure>\n\n\n\n<figure class=\"wp-block-image size-large\"><a href=\"http:\/\/www.slclub.hu\/wp-content\/uploads\/2024\/12\/IMG_20241208_111633-scaled.jpg\"><img loading=\"lazy\" decoding=\"async\" width=\"1024\" height=\"462\" data-id=\"5737\" src=\"http:\/\/www.slclub.hu\/wp-content\/uploads\/2024\/12\/IMG_20241208_111633-1024x462.jpg\" alt=\"\" class=\"wp-image-5737\" srcset=\"https:\/\/www.slclub.hu\/wp-content\/uploads\/2024\/12\/IMG_20241208_111633-1024x462.jpg 1024w, https:\/\/www.slclub.hu\/wp-content\/uploads\/2024\/12\/IMG_20241208_111633-300x135.jpg 300w, https:\/\/www.slclub.hu\/wp-content\/uploads\/2024\/12\/IMG_20241208_111633-768x346.jpg 768w, https:\/\/www.slclub.hu\/wp-content\/uploads\/2024\/12\/IMG_20241208_111633-1536x693.jpg 1536w, https:\/\/www.slclub.hu\/wp-content\/uploads\/2024\/12\/IMG_20241208_111633-2048x924.jpg 2048w\" sizes=\"auto, (max-width: 1024px) 100vw, 1024px\" \/><\/a><\/figure>\n\n\n\n<figure class=\"wp-block-image size-large\"><a href=\"http:\/\/www.slclub.hu\/wp-content\/uploads\/2024\/12\/IMG_20241208_112328-scaled.jpg\"><img loading=\"lazy\" decoding=\"async\" width=\"1024\" height=\"462\" data-id=\"5740\" src=\"http:\/\/www.slclub.hu\/wp-content\/uploads\/2024\/12\/IMG_20241208_112328-1024x462.jpg\" alt=\"\" class=\"wp-image-5740\" srcset=\"https:\/\/www.slclub.hu\/wp-content\/uploads\/2024\/12\/IMG_20241208_112328-1024x462.jpg 1024w, https:\/\/www.slclub.hu\/wp-content\/uploads\/2024\/12\/IMG_20241208_112328-300x135.jpg 300w, https:\/\/www.slclub.hu\/wp-content\/uploads\/2024\/12\/IMG_20241208_112328-768x346.jpg 768w, https:\/\/www.slclub.hu\/wp-content\/uploads\/2024\/12\/IMG_20241208_112328-1536x693.jpg 1536w, https:\/\/www.slclub.hu\/wp-content\/uploads\/2024\/12\/IMG_20241208_112328-2048x924.jpg 2048w\" sizes=\"auto, (max-width: 1024px) 100vw, 1024px\" \/><\/a><\/figure>\n\n\n\n<figure class=\"wp-block-image size-large\"><a href=\"http:\/\/www.slclub.hu\/wp-content\/uploads\/2024\/12\/IMG_20241208_112644_1-scaled.jpg\"><img loading=\"lazy\" decoding=\"async\" width=\"1024\" height=\"462\" data-id=\"5738\" src=\"http:\/\/www.slclub.hu\/wp-content\/uploads\/2024\/12\/IMG_20241208_112644_1-1024x462.jpg\" alt=\"\" class=\"wp-image-5738\" srcset=\"https:\/\/www.slclub.hu\/wp-content\/uploads\/2024\/12\/IMG_20241208_112644_1-1024x462.jpg 1024w, https:\/\/www.slclub.hu\/wp-content\/uploads\/2024\/12\/IMG_20241208_112644_1-300x135.jpg 300w, https:\/\/www.slclub.hu\/wp-content\/uploads\/2024\/12\/IMG_20241208_112644_1-768x346.jpg 768w, https:\/\/www.slclub.hu\/wp-content\/uploads\/2024\/12\/IMG_20241208_112644_1-1536x693.jpg 1536w, https:\/\/www.slclub.hu\/wp-content\/uploads\/2024\/12\/IMG_20241208_112644_1-2048x924.jpg 2048w\" sizes=\"auto, (max-width: 1024px) 100vw, 1024px\" \/><\/a><\/figure>\n\n\n\n<figure class=\"wp-block-image size-large\"><a href=\"http:\/\/www.slclub.hu\/wp-content\/uploads\/2024\/12\/IMG_20241208_114405-scaled.jpg\"><img loading=\"lazy\" decoding=\"async\" width=\"1024\" height=\"462\" data-id=\"5742\" src=\"http:\/\/www.slclub.hu\/wp-content\/uploads\/2024\/12\/IMG_20241208_114405-1024x462.jpg\" alt=\"\" class=\"wp-image-5742\" srcset=\"https:\/\/www.slclub.hu\/wp-content\/uploads\/2024\/12\/IMG_20241208_114405-1024x462.jpg 1024w, https:\/\/www.slclub.hu\/wp-content\/uploads\/2024\/12\/IMG_20241208_114405-300x135.jpg 300w, https:\/\/www.slclub.hu\/wp-content\/uploads\/2024\/12\/IMG_20241208_114405-768x346.jpg 768w, https:\/\/www.slclub.hu\/wp-content\/uploads\/2024\/12\/IMG_20241208_114405-1536x693.jpg 1536w, https:\/\/www.slclub.hu\/wp-content\/uploads\/2024\/12\/IMG_20241208_114405-2048x924.jpg 2048w\" sizes=\"auto, (max-width: 1024px) 100vw, 1024px\" \/><\/a><\/figure>\n\n\n\n<figure class=\"wp-block-image size-large\"><a href=\"http:\/\/www.slclub.hu\/wp-content\/uploads\/2024\/12\/IMG_20241208_121249-scaled.jpg\"><img loading=\"lazy\" decoding=\"async\" width=\"1024\" height=\"462\" data-id=\"5741\" src=\"http:\/\/www.slclub.hu\/wp-content\/uploads\/2024\/12\/IMG_20241208_121249-1024x462.jpg\" alt=\"\" class=\"wp-image-5741\" srcset=\"https:\/\/www.slclub.hu\/wp-content\/uploads\/2024\/12\/IMG_20241208_121249-1024x462.jpg 1024w, https:\/\/www.slclub.hu\/wp-content\/uploads\/2024\/12\/IMG_20241208_121249-300x135.jpg 300w, https:\/\/www.slclub.hu\/wp-content\/uploads\/2024\/12\/IMG_20241208_121249-768x346.jpg 768w, https:\/\/www.slclub.hu\/wp-content\/uploads\/2024\/12\/IMG_20241208_121249-1536x693.jpg 1536w, https:\/\/www.slclub.hu\/wp-content\/uploads\/2024\/12\/IMG_20241208_121249-2048x924.jpg 2048w\" sizes=\"auto, (max-width: 1024px) 100vw, 1024px\" \/><\/a><\/figure>\n\n\n\n<figure class=\"wp-block-image size-large\"><a href=\"http:\/\/www.slclub.hu\/wp-content\/uploads\/2024\/12\/IMG_20241208_173038.jpg\"><img loading=\"lazy\" decoding=\"async\" width=\"1024\" height=\"748\" data-id=\"5739\" src=\"http:\/\/www.slclub.hu\/wp-content\/uploads\/2024\/12\/IMG_20241208_173038-1024x748.jpg\" alt=\"\" class=\"wp-image-5739\" srcset=\"https:\/\/www.slclub.hu\/wp-content\/uploads\/2024\/12\/IMG_20241208_173038-1024x748.jpg 1024w, https:\/\/www.slclub.hu\/wp-content\/uploads\/2024\/12\/IMG_20241208_173038-300x219.jpg 300w, https:\/\/www.slclub.hu\/wp-content\/uploads\/2024\/12\/IMG_20241208_173038-768x561.jpg 768w, https:\/\/www.slclub.hu\/wp-content\/uploads\/2024\/12\/IMG_20241208_173038-1536x1121.jpg 1536w, https:\/\/www.slclub.hu\/wp-content\/uploads\/2024\/12\/IMG_20241208_173038-2048x1495.jpg 2048w\" sizes=\"auto, (max-width: 1024px) 100vw, 1024px\" \/><\/a><\/figure>\n\n\n\n<figure class=\"wp-block-image size-large\"><a href=\"http:\/\/www.slclub.hu\/wp-content\/uploads\/2024\/12\/IMG_20241214_115326-scaled.jpg\"><img loading=\"lazy\" decoding=\"async\" width=\"1024\" height=\"462\" data-id=\"5743\" src=\"http:\/\/www.slclub.hu\/wp-content\/uploads\/2024\/12\/IMG_20241214_115326-1024x462.jpg\" alt=\"\" class=\"wp-image-5743\" srcset=\"https:\/\/www.slclub.hu\/wp-content\/uploads\/2024\/12\/IMG_20241214_115326-1024x462.jpg 1024w, https:\/\/www.slclub.hu\/wp-content\/uploads\/2024\/12\/IMG_20241214_115326-300x135.jpg 300w, https:\/\/www.slclub.hu\/wp-content\/uploads\/2024\/12\/IMG_20241214_115326-768x346.jpg 768w, https:\/\/www.slclub.hu\/wp-content\/uploads\/2024\/12\/IMG_20241214_115326-1536x693.jpg 1536w, https:\/\/www.slclub.hu\/wp-content\/uploads\/2024\/12\/IMG_20241214_115326-2048x924.jpg 2048w\" sizes=\"auto, (max-width: 1024px) 100vw, 1024px\" \/><\/a><\/figure>\n\n\n\n<figure class=\"wp-block-image size-large\"><a href=\"http:\/\/www.slclub.hu\/wp-content\/uploads\/2024\/12\/IMG_20241214_121617-scaled.jpg\"><img loading=\"lazy\" decoding=\"async\" width=\"1024\" height=\"462\" data-id=\"5744\" src=\"http:\/\/www.slclub.hu\/wp-content\/uploads\/2024\/12\/IMG_20241214_121617-1024x462.jpg\" alt=\"\" class=\"wp-image-5744\" srcset=\"https:\/\/www.slclub.hu\/wp-content\/uploads\/2024\/12\/IMG_20241214_121617-1024x462.jpg 1024w, https:\/\/www.slclub.hu\/wp-content\/uploads\/2024\/12\/IMG_20241214_121617-300x135.jpg 300w, https:\/\/www.slclub.hu\/wp-content\/uploads\/2024\/12\/IMG_20241214_121617-768x346.jpg 768w, https:\/\/www.slclub.hu\/wp-content\/uploads\/2024\/12\/IMG_20241214_121617-1536x693.jpg 1536w, https:\/\/www.slclub.hu\/wp-content\/uploads\/2024\/12\/IMG_20241214_121617-2048x924.jpg 2048w\" sizes=\"auto, (max-width: 1024px) 100vw, 1024px\" \/><\/a><\/figure>\n\n\n\n<figure class=\"wp-block-image size-large\"><a href=\"http:\/\/www.slclub.hu\/wp-content\/uploads\/2024\/12\/IMG_20241216_084412-scaled.jpg\"><img loading=\"lazy\" decoding=\"async\" width=\"1024\" height=\"462\" data-id=\"5745\" src=\"http:\/\/www.slclub.hu\/wp-content\/uploads\/2024\/12\/IMG_20241216_084412-1024x462.jpg\" alt=\"\" class=\"wp-image-5745\" srcset=\"https:\/\/www.slclub.hu\/wp-content\/uploads\/2024\/12\/IMG_20241216_084412-1024x462.jpg 1024w, https:\/\/www.slclub.hu\/wp-content\/uploads\/2024\/12\/IMG_20241216_084412-300x135.jpg 300w, https:\/\/www.slclub.hu\/wp-content\/uploads\/2024\/12\/IMG_20241216_084412-768x346.jpg 768w, https:\/\/www.slclub.hu\/wp-content\/uploads\/2024\/12\/IMG_20241216_084412-1536x693.jpg 1536w, https:\/\/www.slclub.hu\/wp-content\/uploads\/2024\/12\/IMG_20241216_084412-2048x924.jpg 2048w\" sizes=\"auto, (max-width: 1024px) 100vw, 1024px\" \/><\/a><\/figure>\n\n\n\n<figure class=\"wp-block-image size-large\"><a href=\"http:\/\/www.slclub.hu\/wp-content\/uploads\/2024\/12\/IMG_20241216_084601-scaled.jpg\"><img loading=\"lazy\" decoding=\"async\" width=\"1024\" height=\"462\" data-id=\"5747\" src=\"http:\/\/www.slclub.hu\/wp-content\/uploads\/2024\/12\/IMG_20241216_084601-1024x462.jpg\" alt=\"\" class=\"wp-image-5747\" srcset=\"https:\/\/www.slclub.hu\/wp-content\/uploads\/2024\/12\/IMG_20241216_084601-1024x462.jpg 1024w, https:\/\/www.slclub.hu\/wp-content\/uploads\/2024\/12\/IMG_20241216_084601-300x135.jpg 300w, https:\/\/www.slclub.hu\/wp-content\/uploads\/2024\/12\/IMG_20241216_084601-768x346.jpg 768w, https:\/\/www.slclub.hu\/wp-content\/uploads\/2024\/12\/IMG_20241216_084601-1536x693.jpg 1536w, https:\/\/www.slclub.hu\/wp-content\/uploads\/2024\/12\/IMG_20241216_084601-2048x924.jpg 2048w\" sizes=\"auto, (max-width: 1024px) 100vw, 1024px\" \/><\/a><\/figure>\n\n\n\n<figure class=\"wp-block-image size-large\"><a href=\"http:\/\/www.slclub.hu\/wp-content\/uploads\/2024\/12\/IMG_20241216_084723-scaled.jpg\"><img loading=\"lazy\" decoding=\"async\" width=\"1024\" height=\"462\" data-id=\"5746\" src=\"http:\/\/www.slclub.hu\/wp-content\/uploads\/2024\/12\/IMG_20241216_084723-1024x462.jpg\" alt=\"\" class=\"wp-image-5746\" srcset=\"https:\/\/www.slclub.hu\/wp-content\/uploads\/2024\/12\/IMG_20241216_084723-1024x462.jpg 1024w, https:\/\/www.slclub.hu\/wp-content\/uploads\/2024\/12\/IMG_20241216_084723-300x135.jpg 300w, https:\/\/www.slclub.hu\/wp-content\/uploads\/2024\/12\/IMG_20241216_084723-768x346.jpg 768w, https:\/\/www.slclub.hu\/wp-content\/uploads\/2024\/12\/IMG_20241216_084723-1536x693.jpg 1536w, https:\/\/www.slclub.hu\/wp-content\/uploads\/2024\/12\/IMG_20241216_084723-2048x924.jpg 2048w\" sizes=\"auto, (max-width: 1024px) 100vw, 1024px\" \/><\/a><\/figure>\n\n\n\n<figure class=\"wp-block-image size-large\"><a href=\"http:\/\/www.slclub.hu\/wp-content\/uploads\/2024\/12\/IMG_20241216_085805-scaled.jpg\"><img loading=\"lazy\" decoding=\"async\" width=\"1024\" height=\"462\" data-id=\"5748\" src=\"http:\/\/www.slclub.hu\/wp-content\/uploads\/2024\/12\/IMG_20241216_085805-1024x462.jpg\" alt=\"\" class=\"wp-image-5748\" srcset=\"https:\/\/www.slclub.hu\/wp-content\/uploads\/2024\/12\/IMG_20241216_085805-1024x462.jpg 1024w, https:\/\/www.slclub.hu\/wp-content\/uploads\/2024\/12\/IMG_20241216_085805-300x135.jpg 300w, https:\/\/www.slclub.hu\/wp-content\/uploads\/2024\/12\/IMG_20241216_085805-768x346.jpg 768w, https:\/\/www.slclub.hu\/wp-content\/uploads\/2024\/12\/IMG_20241216_085805-1536x693.jpg 1536w, https:\/\/www.slclub.hu\/wp-content\/uploads\/2024\/12\/IMG_20241216_085805-2048x924.jpg 2048w\" sizes=\"auto, (max-width: 1024px) 100vw, 1024px\" \/><\/a><\/figure>\n\n\n\n<figure class=\"wp-block-image size-large\"><a href=\"http:\/\/www.slclub.hu\/wp-content\/uploads\/2024\/12\/IMG_20241216_085820-scaled.jpg\"><img loading=\"lazy\" decoding=\"async\" width=\"1024\" height=\"462\" data-id=\"5749\" src=\"http:\/\/www.slclub.hu\/wp-content\/uploads\/2024\/12\/IMG_20241216_085820-1024x462.jpg\" alt=\"\" class=\"wp-image-5749\" srcset=\"https:\/\/www.slclub.hu\/wp-content\/uploads\/2024\/12\/IMG_20241216_085820-1024x462.jpg 1024w, https:\/\/www.slclub.hu\/wp-content\/uploads\/2024\/12\/IMG_20241216_085820-300x135.jpg 300w, https:\/\/www.slclub.hu\/wp-content\/uploads\/2024\/12\/IMG_20241216_085820-768x346.jpg 768w, https:\/\/www.slclub.hu\/wp-content\/uploads\/2024\/12\/IMG_20241216_085820-1536x693.jpg 1536w, https:\/\/www.slclub.hu\/wp-content\/uploads\/2024\/12\/IMG_20241216_085820-2048x924.jpg 2048w\" sizes=\"auto, (max-width: 1024px) 100vw, 1024px\" \/><\/a><\/figure>\n\n\n\n<figure class=\"wp-block-image size-large\"><a href=\"http:\/\/www.slclub.hu\/wp-content\/uploads\/2024\/12\/IMG_20241216_090152-scaled.jpg\"><img loading=\"lazy\" decoding=\"async\" width=\"1024\" height=\"462\" data-id=\"5750\" src=\"http:\/\/www.slclub.hu\/wp-content\/uploads\/2024\/12\/IMG_20241216_090152-1024x462.jpg\" alt=\"\" class=\"wp-image-5750\" srcset=\"https:\/\/www.slclub.hu\/wp-content\/uploads\/2024\/12\/IMG_20241216_090152-1024x462.jpg 1024w, https:\/\/www.slclub.hu\/wp-content\/uploads\/2024\/12\/IMG_20241216_090152-300x135.jpg 300w, https:\/\/www.slclub.hu\/wp-content\/uploads\/2024\/12\/IMG_20241216_090152-768x346.jpg 768w, https:\/\/www.slclub.hu\/wp-content\/uploads\/2024\/12\/IMG_20241216_090152-1536x693.jpg 1536w, https:\/\/www.slclub.hu\/wp-content\/uploads\/2024\/12\/IMG_20241216_090152-2048x924.jpg 2048w\" sizes=\"auto, (max-width: 1024px) 100vw, 1024px\" \/><\/a><\/figure>\n\n\n\n<figure class=\"wp-block-image size-large\"><a href=\"http:\/\/www.slclub.hu\/wp-content\/uploads\/2024\/12\/IMG_20241216_090220-scaled.jpg\"><img loading=\"lazy\" decoding=\"async\" width=\"462\" height=\"1024\" data-id=\"5751\" src=\"http:\/\/www.slclub.hu\/wp-content\/uploads\/2024\/12\/IMG_20241216_090220-462x1024.jpg\" alt=\"\" class=\"wp-image-5751\" srcset=\"https:\/\/www.slclub.hu\/wp-content\/uploads\/2024\/12\/IMG_20241216_090220-462x1024.jpg 462w, https:\/\/www.slclub.hu\/wp-content\/uploads\/2024\/12\/IMG_20241216_090220-135x300.jpg 135w, https:\/\/www.slclub.hu\/wp-content\/uploads\/2024\/12\/IMG_20241216_090220-768x1703.jpg 768w, https:\/\/www.slclub.hu\/wp-content\/uploads\/2024\/12\/IMG_20241216_090220-693x1536.jpg 693w, https:\/\/www.slclub.hu\/wp-content\/uploads\/2024\/12\/IMG_20241216_090220-924x2048.jpg 924w, https:\/\/www.slclub.hu\/wp-content\/uploads\/2024\/12\/IMG_20241216_090220-scaled.jpg 1155w\" sizes=\"auto, (max-width: 462px) 100vw, 462px\" \/><\/a><\/figure>\n\n\n\n<figure class=\"wp-block-image size-large\"><a href=\"http:\/\/www.slclub.hu\/wp-content\/uploads\/2024\/12\/IMG_20241216_090831-scaled.jpg\"><img loading=\"lazy\" decoding=\"async\" width=\"1024\" height=\"462\" data-id=\"5752\" src=\"http:\/\/www.slclub.hu\/wp-content\/uploads\/2024\/12\/IMG_20241216_090831-1024x462.jpg\" alt=\"\" class=\"wp-image-5752\" srcset=\"https:\/\/www.slclub.hu\/wp-content\/uploads\/2024\/12\/IMG_20241216_090831-1024x462.jpg 1024w, https:\/\/www.slclub.hu\/wp-content\/uploads\/2024\/12\/IMG_20241216_090831-300x135.jpg 300w, https:\/\/www.slclub.hu\/wp-content\/uploads\/2024\/12\/IMG_20241216_090831-768x346.jpg 768w, https:\/\/www.slclub.hu\/wp-content\/uploads\/2024\/12\/IMG_20241216_090831-1536x693.jpg 1536w, https:\/\/www.slclub.hu\/wp-content\/uploads\/2024\/12\/IMG_20241216_090831-2048x924.jpg 2048w\" sizes=\"auto, (max-width: 1024px) 100vw, 1024px\" \/><\/a><\/figure>\n\n\n\n<figure class=\"wp-block-image size-large\"><a href=\"http:\/\/www.slclub.hu\/wp-content\/uploads\/2024\/12\/IMG_20241216_091503-scaled.jpg\"><img loading=\"lazy\" decoding=\"async\" width=\"1024\" height=\"462\" data-id=\"5753\" src=\"http:\/\/www.slclub.hu\/wp-content\/uploads\/2024\/12\/IMG_20241216_091503-1024x462.jpg\" alt=\"\" class=\"wp-image-5753\" srcset=\"https:\/\/www.slclub.hu\/wp-content\/uploads\/2024\/12\/IMG_20241216_091503-1024x462.jpg 1024w, https:\/\/www.slclub.hu\/wp-content\/uploads\/2024\/12\/IMG_20241216_091503-300x135.jpg 300w, https:\/\/www.slclub.hu\/wp-content\/uploads\/2024\/12\/IMG_20241216_091503-768x346.jpg 768w, https:\/\/www.slclub.hu\/wp-content\/uploads\/2024\/12\/IMG_20241216_091503-1536x693.jpg 1536w, https:\/\/www.slclub.hu\/wp-content\/uploads\/2024\/12\/IMG_20241216_091503-2048x924.jpg 2048w\" sizes=\"auto, (max-width: 1024px) 100vw, 1024px\" \/><\/a><\/figure>\n\n\n\n<figure class=\"wp-block-image size-large\"><a href=\"http:\/\/www.slclub.hu\/wp-content\/uploads\/2024\/12\/IMG_20241216_091556-scaled.jpg\"><img loading=\"lazy\" decoding=\"async\" width=\"462\" height=\"1024\" data-id=\"5754\" src=\"http:\/\/www.slclub.hu\/wp-content\/uploads\/2024\/12\/IMG_20241216_091556-462x1024.jpg\" alt=\"\" class=\"wp-image-5754\" srcset=\"https:\/\/www.slclub.hu\/wp-content\/uploads\/2024\/12\/IMG_20241216_091556-462x1024.jpg 462w, https:\/\/www.slclub.hu\/wp-content\/uploads\/2024\/12\/IMG_20241216_091556-135x300.jpg 135w, https:\/\/www.slclub.hu\/wp-content\/uploads\/2024\/12\/IMG_20241216_091556-768x1703.jpg 768w, https:\/\/www.slclub.hu\/wp-content\/uploads\/2024\/12\/IMG_20241216_091556-693x1536.jpg 693w, https:\/\/www.slclub.hu\/wp-content\/uploads\/2024\/12\/IMG_20241216_091556-924x2048.jpg 924w, https:\/\/www.slclub.hu\/wp-content\/uploads\/2024\/12\/IMG_20241216_091556-scaled.jpg 1155w\" sizes=\"auto, (max-width: 462px) 100vw, 462px\" \/><\/a><\/figure>\n\n\n\n<figure class=\"wp-block-image size-large\"><a href=\"http:\/\/www.slclub.hu\/wp-content\/uploads\/2024\/12\/IMG_20241216_092142-scaled.jpg\"><img loading=\"lazy\" decoding=\"async\" width=\"462\" height=\"1024\" data-id=\"5755\" src=\"http:\/\/www.slclub.hu\/wp-content\/uploads\/2024\/12\/IMG_20241216_092142-462x1024.jpg\" alt=\"\" class=\"wp-image-5755\" srcset=\"https:\/\/www.slclub.hu\/wp-content\/uploads\/2024\/12\/IMG_20241216_092142-462x1024.jpg 462w, https:\/\/www.slclub.hu\/wp-content\/uploads\/2024\/12\/IMG_20241216_092142-135x300.jpg 135w, https:\/\/www.slclub.hu\/wp-content\/uploads\/2024\/12\/IMG_20241216_092142-768x1703.jpg 768w, https:\/\/www.slclub.hu\/wp-content\/uploads\/2024\/12\/IMG_20241216_092142-693x1536.jpg 693w, https:\/\/www.slclub.hu\/wp-content\/uploads\/2024\/12\/IMG_20241216_092142-924x2048.jpg 924w, https:\/\/www.slclub.hu\/wp-content\/uploads\/2024\/12\/IMG_20241216_092142-scaled.jpg 1155w\" sizes=\"auto, (max-width: 462px) 100vw, 462px\" \/><\/a><\/figure>\n<\/figure>\n","protected":false},"excerpt":{"rendered":"","protected":false},"author":1,"featured_media":0,"parent":0,"menu_order":0,"comment_status":"closed","ping_status":"closed","template":"","meta":{"footnotes":""},"class_list":["post-5727","page","type-page","status-publish","hentry"],"_links":{"self":[{"href":"https:\/\/www.slclub.hu\/index.php?rest_route=\/wp\/v2\/pages\/5727","targetHints":{"allow":["GET"]}}],"collection":[{"href":"https:\/\/www.slclub.hu\/index.php?rest_route=\/wp\/v2\/pages"}],"about":[{"href":"https:\/\/www.slclub.hu\/index.php?rest_route=\/wp\/v2\/types\/page"}],"author":[{"embeddable":true,"href":"https:\/\/www.slclub.hu\/index.php?rest_route=\/wp\/v2\/users\/1"}],"replies":[{"embeddable":true,"href":"https:\/\/www.slclub.hu\/index.php?rest_route=%2Fwp%2Fv2%2Fcomments&post=5727"}],"version-history":[{"count":3,"href":"https:\/\/www.slclub.hu\/index.php?rest_route=\/wp\/v2\/pages\/5727\/revisions"}],"predecessor-version":[{"id":5756,"href":"https:\/\/www.slclub.hu\/index.php?rest_route=\/wp\/v2\/pages\/5727\/revisions\/5756"}],"wp:attachment":[{"href":"https:\/\/www.slclub.hu\/index.php?rest_route=%2Fwp%2Fv2%2Fmedia&parent=5727"}],"curies":[{"name":"wp","href":"https:\/\/api.w.org\/{rel}","templated":true}]}}