{"id":5776,"date":"2025-04-15T09:36:34","date_gmt":"2025-04-15T07:36:34","guid":{"rendered":"http:\/\/www.slclub.hu\/?page_id=5776"},"modified":"2025-04-15T09:36:34","modified_gmt":"2025-04-15T07:36:34","slug":"2025-04-11-suzuki-gyarlatogatas-2025","status":"publish","type":"page","link":"https:\/\/www.slclub.hu\/?page_id=5776","title":{"rendered":"2025.04.11. Suzuki Gy\u00e1rl\u00e1togat\u00e1s 2025"},"content":{"rendered":"","protected":false},"excerpt":{"rendered":"","protected":false},"author":1,"featured_media":0,"parent":0,"menu_order":0,"comment_status":"closed","ping_status":"closed","template":"","meta":{"footnotes":""},"class_list":["post-5776","page","type-page","status-publish","hentry"],"_links":{"self":[{"href":"https:\/\/www.slclub.hu\/index.php?rest_route=\/wp\/v2\/pages\/5776","targetHints":{"allow":["GET"]}}],"collection":[{"href":"https:\/\/www.slclub.hu\/index.php?rest_route=\/wp\/v2\/pages"}],"about":[{"href":"https:\/\/www.slclub.hu\/index.php?rest_route=\/wp\/v2\/types\/page"}],"author":[{"embeddable":true,"href":"https:\/\/www.slclub.hu\/index.php?rest_route=\/wp\/v2\/users\/1"}],"replies":[{"embeddable":true,"href":"https:\/\/www.slclub.hu\/index.php?rest_route=%2Fwp%2Fv2%2Fcomments&post=5776"}],"version-history":[{"count":1,"href":"https:\/\/www.slclub.hu\/index.php?rest_route=\/wp\/v2\/pages\/5776\/revisions"}],"predecessor-version":[{"id":5778,"href":"https:\/\/www.slclub.hu\/index.php?rest_route=\/wp\/v2\/pages\/5776\/revisions\/5778"}],"wp:attachment":[{"href":"https:\/\/www.slclub.hu\/index.php?rest_route=%2Fwp%2Fv2%2Fmedia&parent=5776"}],"curies":[{"name":"wp","href":"https:\/\/api.w.org\/{rel}","templated":true}]}}