{"id":6343,"date":"2025-10-22T09:00:08","date_gmt":"2025-10-22T07:00:08","guid":{"rendered":"http:\/\/www.slclub.hu\/?page_id=6343"},"modified":"2026-04-08T18:52:02","modified_gmt":"2026-04-08T16:52:02","slug":"2026-2","status":"publish","type":"page","link":"https:\/\/www.slclub.hu\/?page_id=6343","title":{"rendered":"2026"},"content":{"rendered":"\n<p><strong>2026.03.21.  6.Aut\u00f3s felvonul\u00e1s \u00e9s Gumball<\/strong><\/p>\n\n\n\n<p>Id\u00e9n is j\u00f3t\u00e9konys\u00e1gi lesz a rendezv\u00e9ny. A kedvezm\u00e9nyezette\u00fcnk a <a href=\"https:\/\/www.facebook.com\/balatonszemesiadomanybank?__cft__[0]=AZZ4G0hPeHYv30rInSABLr48vgcAj0FXBoRWQXdXIt7c1dg5QtY8Vp1vx_Z6kQcQyQvzoPRsmB2eZ3y29unT8jCAB-C5bUiL_9YF32s8MzhouS1pWVanAqXmlRG7gprbxDffkYJslLGmdpeviEQPg37i&amp;__tn__=-]K-R\">Balatonszemesi Adom\u00e1nybank<\/a>. A tavalyi rendezv\u00e9nnyel 5 r\u00e1szorul\u00f3 csal\u00e1don tudtunk seg\u00edteni bolti utalv\u00e1ny form\u00e1j\u00e1ban. Id\u00e9n becs\u00fcletkassz\u00e1s lesz az esem\u00e9ny. A t\u00e1mogat\u00e1s lehet t\u00e1rgyilagos \u00e9s anyagi (a t\u00e1rgyilagos felaj\u00e1nl\u00e1s eset\u00e9n k\u00e9s\u0151bbi posztban egyeztetve az adom\u00e1nybankkal majd le\u00edrjuk mire van sz\u00fcks\u00e9g. )<\/p>\n\n\n\n<p>A program:<\/p>\n\n\n\n<p>09:00-kor gy\u00fclekez\u0151<\/p>\n\n\n\n<p>10:00-t\u00f3l indul a Gumball ami tr\u00fckk\u00f6s feladv\u00e1nyokkal t\u0171zdelt helyismereti &#8222;verseny&#8221;<\/p>\n\n\n\n<p>Legk\u00e9s\u0151bb 13:30-13:40 ig kell vissza\u00e9rkezni<\/p>\n\n\n\n<p>14:00-kor indul a felvonul\u00e1s Kishegybe ahol eredm\u00e9nyhirdet\u00e9s ut\u00e1n egy kis hagyom\u00e1nyos uzsonn\u00e1ra invit\u00e1lunk benneteket. Zs\u00edros keny\u00e9r lesz a men\u0171.<\/p>\n\n\n\n<p>V\u00e1runk mindenkit sok szeretettel.<\/p>\n\n\n\n<p><strong>2026.05.02.IV. Budakeszi Retro \u00e9s 17. Suzuki Tal\u00e1lkoz\u00f3<\/strong><\/p>\n\n\n\n<p>Sziasztok!<br>Mindenkit szeretettel v\u00e1runk a IV. Budakeszi Retr\u00f3 Aut\u00f3s Tal\u00e1lkoz\u00f3n.<br>Programok:<\/p>\n\n\n\n<ul class=\"wp-block-list\">\n<li>Gyereksarok<br>-Kirakod\u00f3v\u00e1s\u00e1r<\/li>\n\n\n\n<li>Kv\u00edz, tombola, nyerem\u00e9nyj\u00e1t\u00e9kok,<\/li>\n\n\n\n<li>Aut\u00f3sz\u00e9ps\u00e9gversen<\/li>\n\n\n\n<li>Aut\u00f3s Limbo<\/li>\n\n\n\n<li>K\u00f6t\u00e9lh\u00faz\u00e1s<\/li>\n\n\n\n<li>Felni kitart\u00f3 verseny,<\/li>\n\n\n\n<li>sok egy\u00e9b meglepet\u00e9s<\/li>\n\n\n\n<li>Finom falatok<br>K\u00e9rlek regisztr\u00e1lj.<br>Regisztr\u00e1ci\u00f3: http:\/\/www.rebersak.hu\/regisztracio\/<br>A regisztr\u00e1ci\u00f3 2000 Ft-ba ker\u00fcl ami\u00e9rt kapsz egy tombol\u00e1t,egy egyedi eml\u00e9klapot, karszalagot, matric\u00e1t \u00e9s zs\u00edros kenyeret.<br>Rebers\u00e1k Attila CIB. 10700598-73379652-51100005<br>( k\u00f6zlem\u00e9nyben a rendsz\u00e1mot k\u00e9rn\u00e9m )<\/li>\n<\/ul>\n\n\n\n<p><strong>2026.04.10. Gy\u00e1rl\u00e1togat\u00e1s 2026<\/strong><\/p>\n\n\n\n<p>A gy\u00e1rl\u00e1togat\u00e1son csak azok vehetnek r\u00e9szt, akik jelentkeztek r\u00e1 2026.02.28.-ig.<\/p>\n\n\n\n<p>Akik gyerekkel j\u00f6nnek, vegy\u00e9k figyelembe, hogy az als\u00f3 korhat\u00e1r 4 \u00e9v!<\/p>\n\n\n\n<p>Felh\u00edvjuk mindenki figyelm\u00e9t, hogy a Magyar Suzuki Rt. esztergomi gy\u00e1r\u00e1ban TILOS f\u00e9nyk\u00e9p- \u00e9s vide\u00f3felv\u00e9teleket k\u00e9sz\u00edteni!<\/p>\n\n\n\n<p>R\u00e9szv\u00e9teli d\u00edj 850.-Ft\/F\u0151<\/p>\n\n\n\n<p>El\u0151re utalva: SLC Egyes\u00fclet 57700012-10179316-00000000<\/p>\n\n\n\n<p>Neveket ,Szig.sz\u00e1m, telefonsz\u00e1mot(+36)\u00e9s Lakc\u00edmet emailban k\u00e9rem slckapcsolat@gmail.com<\/p>\n\n\n\n<p>Turnusok id\u0151pontjai: 9:00-kor \u00e9s 12:30-kor indul.<\/p>\n\n\n\n<p>25-25 f\u0151s turnusok lesznek<\/p>\n\n\n\n<p>14 \u00e9ven aluliak eset\u00e9ben csak a szerel\u0151 \u00fczemet tekinthetik meg biztons\u00e1gi okokb\u00f3l. A l\u00e1togat\u00e1s id\u0151tartama CSAK a szerel\u0151 \u00fczemben: 1,5 &#8211; 2 \u00f3ra, l\u00e1togat\u00e1s id\u0151tartama a pr\u00e9s-hegeszt\u0151 \u00e9s szerel\u0151 \u00fczemekben 2 &#8211; 2,5 \u00f3ra.<\/p>\n\n\n\n<p><strong>2026.05.24. Suzukis Csal\u00e1di nap(TERV)<\/strong><\/p>\n\n\n\n<p><strong>2025.07.27.-07.31.D\u00e9lvid\u00e9ki t\u00fara(TERV)<\/strong><\/p>\n\n\n\n<p><\/p>\n","protected":false},"excerpt":{"rendered":"<p>2026.03.21. 6.Aut\u00f3s felvonul\u00e1s \u00e9s Gumball Id\u00e9n is j\u00f3t\u00e9konys\u00e1gi lesz a rendezv\u00e9ny. A kedvezm\u00e9nyezette\u00fcnk a Balatonszemesi Adom\u00e1nybank. A tavalyi rendezv\u00e9nnyel 5 r\u00e1szorul\u00f3 csal\u00e1don tudtunk seg\u00edteni bolti utalv\u00e1ny form\u00e1j\u00e1ban. Id\u00e9n becs\u00fcletkassz\u00e1s lesz az esem\u00e9ny. A t\u00e1mogat\u00e1s lehet t\u00e1rgyilagos \u00e9s anyagi (a t\u00e1rgyilagos felaj\u00e1nl\u00e1s eset\u00e9n k\u00e9s\u0151bbi posztban egyeztetve az adom\u00e1nybankkal majd le\u00edrjuk mire van sz\u00fcks\u00e9g. ) A program: &hellip; <a href=\"https:\/\/www.slclub.hu\/?page_id=6343\" class=\"more-link\"><span class=\"screen-reader-text\">2026<\/span> b\u0151vebben&#8230; <span class=\"meta-nav\">&rarr;<\/span><\/a><\/p>\n","protected":false},"author":1,"featured_media":0,"parent":0,"menu_order":0,"comment_status":"closed","ping_status":"closed","template":"","meta":{"footnotes":""},"class_list":["post-6343","page","type-page","status-publish","hentry"],"_links":{"self":[{"href":"https:\/\/www.slclub.hu\/index.php?rest_route=\/wp\/v2\/pages\/6343","targetHints":{"allow":["GET"]}}],"collection":[{"href":"https:\/\/www.slclub.hu\/index.php?rest_route=\/wp\/v2\/pages"}],"about":[{"href":"https:\/\/www.slclub.hu\/index.php?rest_route=\/wp\/v2\/types\/page"}],"author":[{"embeddable":true,"href":"https:\/\/www.slclub.hu\/index.php?rest_route=\/wp\/v2\/users\/1"}],"replies":[{"embeddable":true,"href":"https:\/\/www.slclub.hu\/index.php?rest_route=%2Fwp%2Fv2%2Fcomments&post=6343"}],"version-history":[{"count":5,"href":"https:\/\/www.slclub.hu\/index.php?rest_route=\/wp\/v2\/pages\/6343\/revisions"}],"predecessor-version":[{"id":6424,"href":"https:\/\/www.slclub.hu\/index.php?rest_route=\/wp\/v2\/pages\/6343\/revisions\/6424"}],"wp:attachment":[{"href":"https:\/\/www.slclub.hu\/index.php?rest_route=%2Fwp%2Fv2%2Fmedia&parent=6343"}],"curies":[{"name":"wp","href":"https:\/\/api.w.org\/{rel}","templated":true}]}}