{"id":6429,"date":"2026-05-06T14:50:44","date_gmt":"2026-05-06T12:50:44","guid":{"rendered":"https:\/\/www.slclub.hu\/?page_id=6429"},"modified":"2026-05-06T14:52:00","modified_gmt":"2026-05-06T12:52:00","slug":"2026-4","status":"publish","type":"page","link":"https:\/\/www.slclub.hu\/?page_id=6429","title":{"rendered":"2026"},"content":{"rendered":"\n<figure class=\"wp-block-embed is-type-video is-provider-youtube wp-block-embed-youtube wp-embed-aspect-4-3 wp-has-aspect-ratio\"><div class=\"wp-block-embed__wrapper\">\n<iframe loading=\"lazy\" title=\"2026.05.02. IV. Budakeszi Retr\u00f3 \u00e9s 17. Suzuki  Tal\u00e1lkoz\u00f3\" width=\"474\" height=\"356\" src=\"https:\/\/www.youtube.com\/embed\/bhVw3BmTt_s?feature=oembed\" frameborder=\"0\" allow=\"accelerometer; autoplay; clipboard-write; encrypted-media; gyroscope; picture-in-picture; web-share\" referrerpolicy=\"strict-origin-when-cross-origin\" allowfullscreen><\/iframe>\n<\/div><\/figure>\n","protected":false},"excerpt":{"rendered":"","protected":false},"author":1,"featured_media":0,"parent":0,"menu_order":0,"comment_status":"closed","ping_status":"closed","template":"","meta":{"footnotes":""},"class_list":["post-6429","page","type-page","status-publish","hentry"],"_links":{"self":[{"href":"https:\/\/www.slclub.hu\/index.php?rest_route=\/wp\/v2\/pages\/6429","targetHints":{"allow":["GET"]}}],"collection":[{"href":"https:\/\/www.slclub.hu\/index.php?rest_route=\/wp\/v2\/pages"}],"about":[{"href":"https:\/\/www.slclub.hu\/index.php?rest_route=\/wp\/v2\/types\/page"}],"author":[{"embeddable":true,"href":"https:\/\/www.slclub.hu\/index.php?rest_route=\/wp\/v2\/users\/1"}],"replies":[{"embeddable":true,"href":"https:\/\/www.slclub.hu\/index.php?rest_route=%2Fwp%2Fv2%2Fcomments&post=6429"}],"version-history":[{"count":2,"href":"https:\/\/www.slclub.hu\/index.php?rest_route=\/wp\/v2\/pages\/6429\/revisions"}],"predecessor-version":[{"id":6432,"href":"https:\/\/www.slclub.hu\/index.php?rest_route=\/wp\/v2\/pages\/6429\/revisions\/6432"}],"wp:attachment":[{"href":"https:\/\/www.slclub.hu\/index.php?rest_route=%2Fwp%2Fv2%2Fmedia&parent=6429"}],"curies":[{"name":"wp","href":"https:\/\/api.w.org\/{rel}","templated":true}]}}