{"id":678,"date":"2014-10-05T08:29:45","date_gmt":"2014-10-05T06:29:45","guid":{"rendered":"http:\/\/www.slclub.hu\/?page_id=678"},"modified":"2018-08-06T21:31:13","modified_gmt":"2018-08-06T19:31:13","slug":"feher-polo","status":"publish","type":"page","link":"https:\/\/www.slclub.hu\/?page_id=678","title":{"rendered":"Feh\u00e9r p\u00f3l\u00f3"},"content":{"rendered":"<p><strong>Feh\u00e9r Fruit of the loom p\u00f3l\u00f3 S-XXXL m\u00e9retben\u00a0<\/strong><strong>Logo+h\u00e1ta nyomtat\u00e1ssal\u00a0 3590.- Ft\/db\u00a0<\/strong><br \/>\n(s\u00f6t\u00e9t sz\u00ednbe +1600)<\/p>\n<p><a href=\"http:\/\/www.slclub.hu\/wp-content\/uploads\/2018\/08\/TRIKOLORpolo-uj.jpg\"><img loading=\"lazy\" decoding=\"async\" class=\"aligncenter size-full wp-image-3205\" src=\"http:\/\/www.slclub.hu\/wp-content\/uploads\/2018\/08\/TRIKOLORpolo-uj.jpg\" alt=\"\" width=\"800\" height=\"507\" srcset=\"https:\/\/www.slclub.hu\/wp-content\/uploads\/2018\/08\/TRIKOLORpolo-uj.jpg 800w, https:\/\/www.slclub.hu\/wp-content\/uploads\/2018\/08\/TRIKOLORpolo-uj-300x190.jpg 300w, https:\/\/www.slclub.hu\/wp-content\/uploads\/2018\/08\/TRIKOLORpolo-uj-768x487.jpg 768w\" sizes=\"auto, (max-width: 800px) 100vw, 800px\" \/><\/a><a href=\"http:\/\/www.slclub.hu\/wp-content\/uploads\/2018\/08\/TRIKOLORjo.jpg\"><img loading=\"lazy\" decoding=\"async\" class=\"aligncenter size-full wp-image-3209\" src=\"http:\/\/www.slclub.hu\/wp-content\/uploads\/2018\/08\/TRIKOLORjo.jpg\" alt=\"\" width=\"800\" height=\"507\" srcset=\"https:\/\/www.slclub.hu\/wp-content\/uploads\/2018\/08\/TRIKOLORjo.jpg 800w, https:\/\/www.slclub.hu\/wp-content\/uploads\/2018\/08\/TRIKOLORjo-300x190.jpg 300w, https:\/\/www.slclub.hu\/wp-content\/uploads\/2018\/08\/TRIKOLORjo-768x487.jpg 768w\" sizes=\"auto, (max-width: 800px) 100vw, 800px\" \/><\/a><\/p>\n<p><a href=\"http:\/\/www.slclub.hu\/wp-content\/uploads\/2014\/10\/m\u00e9ret.jpg\"><img loading=\"lazy\" decoding=\"async\" class=\"aligncenter size-medium wp-image-1668\" src=\"http:\/\/www.slclub.hu\/wp-content\/uploads\/2014\/10\/m\u00e9ret-239x300.jpg\" alt=\"m\u00e9ret\" width=\"239\" height=\"300\" srcset=\"https:\/\/www.slclub.hu\/wp-content\/uploads\/2014\/10\/m\u00e9ret-239x300.jpg 239w, https:\/\/www.slclub.hu\/wp-content\/uploads\/2014\/10\/m\u00e9ret.jpg 531w\" sizes=\"auto, (max-width: 239px) 100vw, 239px\" \/><\/a><\/p>\n","protected":false},"excerpt":{"rendered":"<p>Feh\u00e9r Fruit of the loom p\u00f3l\u00f3 S-XXXL m\u00e9retben\u00a0Logo+h\u00e1ta nyomtat\u00e1ssal\u00a0 3590.- Ft\/db\u00a0 (s\u00f6t\u00e9t sz\u00ednbe +1600)<\/p>\n","protected":false},"author":1,"featured_media":0,"parent":0,"menu_order":0,"comment_status":"open","ping_status":"open","template":"","meta":{"footnotes":""},"class_list":["post-678","page","type-page","status-publish","hentry"],"_links":{"self":[{"href":"https:\/\/www.slclub.hu\/index.php?rest_route=\/wp\/v2\/pages\/678","targetHints":{"allow":["GET"]}}],"collection":[{"href":"https:\/\/www.slclub.hu\/index.php?rest_route=\/wp\/v2\/pages"}],"about":[{"href":"https:\/\/www.slclub.hu\/index.php?rest_route=\/wp\/v2\/types\/page"}],"author":[{"embeddable":true,"href":"https:\/\/www.slclub.hu\/index.php?rest_route=\/wp\/v2\/users\/1"}],"replies":[{"embeddable":true,"href":"https:\/\/www.slclub.hu\/index.php?rest_route=%2Fwp%2Fv2%2Fcomments&post=678"}],"version-history":[{"count":14,"href":"https:\/\/www.slclub.hu\/index.php?rest_route=\/wp\/v2\/pages\/678\/revisions"}],"predecessor-version":[{"id":3211,"href":"https:\/\/www.slclub.hu\/index.php?rest_route=\/wp\/v2\/pages\/678\/revisions\/3211"}],"wp:attachment":[{"href":"https:\/\/www.slclub.hu\/index.php?rest_route=%2Fwp%2Fv2%2Fmedia&parent=678"}],"curies":[{"name":"wp","href":"https:\/\/api.w.org\/{rel}","templated":true}]}}