{"id":684,"date":"2014-10-05T08:36:26","date_gmt":"2014-10-05T06:36:26","guid":{"rendered":"http:\/\/www.slclub.hu\/?page_id=684"},"modified":"2018-08-06T21:22:47","modified_gmt":"2018-08-06T19:22:47","slug":"galleros-feher-polo","status":"publish","type":"page","link":"https:\/\/www.slclub.hu\/?page_id=684","title":{"rendered":"Gall\u00e9ros Feh\u00e9r P\u00f3l\u00f3"},"content":{"rendered":"<p><strong>Gall\u00e9ros 2590.-Ft\/db els\u0151+h\u00e1ts\u00f3 log\u00f3val nyomtat\u00e1ssal 3790.-Ft\/db S-XXXL <\/strong><\/p>\n<p><a href=\"http:\/\/www.slclub.hu\/wp-content\/uploads\/2018\/08\/TRIKOLORPOLOGall\u00e9ros.jpg\"><img loading=\"lazy\" decoding=\"async\" class=\"aligncenter size-full wp-image-3207\" src=\"http:\/\/www.slclub.hu\/wp-content\/uploads\/2018\/08\/TRIKOLORPOLOGall\u00e9ros.jpg\" alt=\"\" width=\"1019\" height=\"612\" srcset=\"https:\/\/www.slclub.hu\/wp-content\/uploads\/2018\/08\/TRIKOLORPOLOGall\u00e9ros.jpg 1019w, https:\/\/www.slclub.hu\/wp-content\/uploads\/2018\/08\/TRIKOLORPOLOGall\u00e9ros-300x180.jpg 300w, https:\/\/www.slclub.hu\/wp-content\/uploads\/2018\/08\/TRIKOLORPOLOGall\u00e9ros-768x461.jpg 768w\" sizes=\"auto, (max-width: 1019px) 100vw, 1019px\" \/><\/a><\/p>\n","protected":false},"excerpt":{"rendered":"<p>Gall\u00e9ros 2590.-Ft\/db els\u0151+h\u00e1ts\u00f3 log\u00f3val nyomtat\u00e1ssal 3790.-Ft\/db S-XXXL<\/p>\n","protected":false},"author":1,"featured_media":0,"parent":0,"menu_order":0,"comment_status":"open","ping_status":"open","template":"","meta":{"footnotes":""},"class_list":["post-684","page","type-page","status-publish","hentry"],"_links":{"self":[{"href":"https:\/\/www.slclub.hu\/index.php?rest_route=\/wp\/v2\/pages\/684","targetHints":{"allow":["GET"]}}],"collection":[{"href":"https:\/\/www.slclub.hu\/index.php?rest_route=\/wp\/v2\/pages"}],"about":[{"href":"https:\/\/www.slclub.hu\/index.php?rest_route=\/wp\/v2\/types\/page"}],"author":[{"embeddable":true,"href":"https:\/\/www.slclub.hu\/index.php?rest_route=\/wp\/v2\/users\/1"}],"replies":[{"embeddable":true,"href":"https:\/\/www.slclub.hu\/index.php?rest_route=%2Fwp%2Fv2%2Fcomments&post=684"}],"version-history":[{"count":9,"href":"https:\/\/www.slclub.hu\/index.php?rest_route=\/wp\/v2\/pages\/684\/revisions"}],"predecessor-version":[{"id":3208,"href":"https:\/\/www.slclub.hu\/index.php?rest_route=\/wp\/v2\/pages\/684\/revisions\/3208"}],"wp:attachment":[{"href":"https:\/\/www.slclub.hu\/index.php?rest_route=%2Fwp%2Fv2%2Fmedia&parent=684"}],"curies":[{"name":"wp","href":"https:\/\/api.w.org\/{rel}","templated":true}]}}