{"id":690,"date":"2014-10-05T08:39:47","date_gmt":"2014-10-05T06:39:47","guid":{"rendered":"http:\/\/www.slclub.hu\/?page_id=690"},"modified":"2025-08-13T13:44:08","modified_gmt":"2025-08-13T11:44:08","slug":"autos-kiegeszitok","status":"publish","type":"page","link":"https:\/\/www.slclub.hu\/?page_id=690","title":{"rendered":"Aut\u00f3s Kieg\u00e9sz\u00edt\u0151k"},"content":{"rendered":"<p><strong>K\u00fcls\u0151 aut\u00f3s SLC matrica <\/strong><\/p>\n<p><strong>6*21 cm 950.-Ft\/db<br \/>\n<\/strong><\/p>\n<p><a href=\"http:\/\/www.slclub.hu\/wp-content\/uploads\/2014\/10\/image3345.png\"><img loading=\"lazy\" decoding=\"async\" class=\"aligncenter size-large wp-image-2339\" src=\"http:\/\/www.slclub.hu\/wp-content\/uploads\/2014\/10\/image3345-1024x409.png\" alt=\"\" width=\"474\" height=\"189\" srcset=\"https:\/\/www.slclub.hu\/wp-content\/uploads\/2014\/10\/image3345-1024x409.png 1024w, https:\/\/www.slclub.hu\/wp-content\/uploads\/2014\/10\/image3345-300x120.png 300w, https:\/\/www.slclub.hu\/wp-content\/uploads\/2014\/10\/image3345-768x307.png 768w, https:\/\/www.slclub.hu\/wp-content\/uploads\/2014\/10\/image3345.png 1181w\" sizes=\"auto, (max-width: 474px) 100vw, 474px\" \/><\/a><strong>K\u00fcls\u0151 aut\u00f3s SLC matrica <\/strong><\/p>\n<p><strong>6*21 cm 950.-Ft\/db<\/strong><a href=\"http:\/\/www.slclub.hu\/wp-content\/uploads\/2025\/08\/SLC-EKG-matrica.jpg\"><img loading=\"lazy\" decoding=\"async\" class=\"aligncenter size-full wp-image-5937\" src=\"http:\/\/www.slclub.hu\/wp-content\/uploads\/2025\/08\/SLC-EKG-matrica.jpg\" alt=\"\" width=\"905\" height=\"390\" srcset=\"https:\/\/www.slclub.hu\/wp-content\/uploads\/2025\/08\/SLC-EKG-matrica.jpg 905w, https:\/\/www.slclub.hu\/wp-content\/uploads\/2025\/08\/SLC-EKG-matrica-300x129.jpg 300w, https:\/\/www.slclub.hu\/wp-content\/uploads\/2025\/08\/SLC-EKG-matrica-768x331.jpg 768w\" sizes=\"auto, (max-width: 905px) 100vw, 905px\" \/><\/a><\/p>\n<p><strong>Suzuki Motor Club matric<\/strong><strong>a<\/strong><\/p>\n<p><a href=\"http:\/\/www.slclub.hu\/wp-content\/uploads\/2022\/01\/smc.jpg\"><img loading=\"lazy\" decoding=\"async\" class=\"aligncenter size-large wp-image-4694\" src=\"http:\/\/www.slclub.hu\/wp-content\/uploads\/2022\/01\/smc-1024x626.jpg\" alt=\"\" width=\"474\" height=\"290\" srcset=\"https:\/\/www.slclub.hu\/wp-content\/uploads\/2022\/01\/smc-1024x626.jpg 1024w, https:\/\/www.slclub.hu\/wp-content\/uploads\/2022\/01\/smc-300x183.jpg 300w, https:\/\/www.slclub.hu\/wp-content\/uploads\/2022\/01\/smc-768x470.jpg 768w, https:\/\/www.slclub.hu\/wp-content\/uploads\/2022\/01\/smc-1536x939.jpg 1536w, https:\/\/www.slclub.hu\/wp-content\/uploads\/2022\/01\/smc.jpg 1773w\" sizes=\"auto, (max-width: 474px) 100vw, 474px\" \/><\/a><\/p>\n<p><strong>WagonR+ Club Magyar Club <\/strong><strong>matrica<\/strong><\/p>\n<p><strong>K\u00fcls\u0151 aut\u00f3s matrica 7*15 cm 950.-Ft\/db )<\/strong><a href=\"http:\/\/www.slclub.hu\/wp-content\/uploads\/2022\/01\/wagon.jpg\"><img loading=\"lazy\" decoding=\"async\" class=\"aligncenter size-large wp-image-4695\" src=\"http:\/\/www.slclub.hu\/wp-content\/uploads\/2022\/01\/wagon-1024x440.jpg\" alt=\"\" width=\"474\" height=\"204\" srcset=\"https:\/\/www.slclub.hu\/wp-content\/uploads\/2022\/01\/wagon-1024x440.jpg 1024w, https:\/\/www.slclub.hu\/wp-content\/uploads\/2022\/01\/wagon-300x129.jpg 300w, https:\/\/www.slclub.hu\/wp-content\/uploads\/2022\/01\/wagon-768x330.jpg 768w, https:\/\/www.slclub.hu\/wp-content\/uploads\/2022\/01\/wagon-1536x660.jpg 1536w, https:\/\/www.slclub.hu\/wp-content\/uploads\/2022\/01\/wagon.jpg 1813w\" sizes=\"auto, (max-width: 474px) 100vw, 474px\" \/><\/a><\/p>\n<p><strong>sz\u00e9lv\u00e9d\u0151 SLC vagy STC matrica<\/strong><\/p>\n<p>5cm*100 cm hossz\u00fa sz\u00e9lv\u00e9d\u0151 matrica 2850.-Ft\/db, ez\u00fcst bet\u0171vel \u00e9s \u00e1tl\u00e1tsz\u00f3 leh\u00fazhat\u00f3 f\u00f3li\u00e1val.<br \/>\n<a href=\"http:\/\/www.slclub.hu\/wp-content\/uploads\/2014\/10\/11044499_1552878018315642_7760359159813275885_n.jpg\"><img loading=\"lazy\" decoding=\"async\" class=\"alignnone size-medium wp-image-1303\" src=\"http:\/\/www.slclub.hu\/wp-content\/uploads\/2014\/10\/11044499_1552878018315642_7760359159813275885_n-300x20.jpg\" alt=\"11044499_1552878018315642_7760359159813275885_n\" width=\"300\" height=\"20\" srcset=\"https:\/\/www.slclub.hu\/wp-content\/uploads\/2014\/10\/11044499_1552878018315642_7760359159813275885_n-300x20.jpg 300w, https:\/\/www.slclub.hu\/wp-content\/uploads\/2014\/10\/11044499_1552878018315642_7760359159813275885_n.jpg 960w\" sizes=\"auto, (max-width: 300px) 100vw, 300px\" \/><\/a><\/p>\n<p>6cm*100 cm hossz\u00fa sz\u00e9lv\u00e9d\u0151 matrica 2850.-Ft\/db, ez\u00fcst bet\u0171vel \u00e9s \u00e1tl\u00e1tsz\u00f3 leh\u00fazhat\u00f3 f\u00f3li\u00e1val.<br \/>\n<a href=\"http:\/\/www.slclub.hu\/wp-content\/uploads\/2014\/10\/11061712_1552511898352254_3454514252648727626_n.jpg\"><img loading=\"lazy\" decoding=\"async\" class=\"alignnone size-medium wp-image-1304\" src=\"http:\/\/www.slclub.hu\/wp-content\/uploads\/2014\/10\/11061712_1552511898352254_3454514252648727626_n-300x24.jpg\" alt=\"11061712_1552511898352254_3454514252648727626_n\" width=\"300\" height=\"24\" srcset=\"https:\/\/www.slclub.hu\/wp-content\/uploads\/2014\/10\/11061712_1552511898352254_3454514252648727626_n-300x24.jpg 300w, https:\/\/www.slclub.hu\/wp-content\/uploads\/2014\/10\/11061712_1552511898352254_3454514252648727626_n.jpg 960w\" sizes=\"auto, (max-width: 300px) 100vw, 300px\" \/><\/a><\/p>\n<p>50cm*8 cm hossz\u00fa sz\u00e9lv\u00e9d\u0151 matrica 2850.-Ft\/db<\/p>\n<p><img decoding=\"async\" class=\"x4ju7c5 xt7dq6l x193iq5w x14atkfc\" src=\"https:\/\/scontent.fbud5-1.fna.fbcdn.net\/v\/t1.15752-9\/426886970_908357787692422_3009044655181643069_n.jpg?_nc_cat=106&amp;ccb=1-7&amp;_nc_sid=5f2048&amp;_nc_ohc=3LrZJXSiANkAX_HOceo&amp;_nc_ht=scontent.fbud5-1.fna&amp;oh=03_AdR0bSokWbKFb3SDNeh-65M6j2yobNAaKdaYxFPElU8swg&amp;oe=66221797\" alt=\"Nincs el\u00e9rhet\u0151 le\u00edr\u00e1s.\" \/><\/p>\n<p><strong>Aut\u00f3s z\u00e1szl\u00f3 2990Ft\/db<\/strong><\/p>\n<p><a href=\"http:\/\/www.slclub.hu\/wp-content\/uploads\/2024\/12\/zaszloko2-scaled.jpg\"><img loading=\"lazy\" decoding=\"async\" class=\"aligncenter wp-image-5724 size-large\" src=\"http:\/\/www.slclub.hu\/wp-content\/uploads\/2024\/12\/zaszloko2-1024x576.jpg\" alt=\"\" width=\"474\" height=\"267\" srcset=\"https:\/\/www.slclub.hu\/wp-content\/uploads\/2024\/12\/zaszloko2-1024x576.jpg 1024w, https:\/\/www.slclub.hu\/wp-content\/uploads\/2024\/12\/zaszloko2-300x169.jpg 300w, https:\/\/www.slclub.hu\/wp-content\/uploads\/2024\/12\/zaszloko2-768x432.jpg 768w, https:\/\/www.slclub.hu\/wp-content\/uploads\/2024\/12\/zaszloko2-1536x864.jpg 1536w, https:\/\/www.slclub.hu\/wp-content\/uploads\/2024\/12\/zaszloko2-2048x1152.jpg 2048w\" sizes=\"auto, (max-width: 474px) 100vw, 474px\" \/><\/a><\/p>\n<p><strong><br \/>\nTappancsos aut\u00f3s SLC p\u00f3l\u00f3 1890\/db<\/strong><\/p>\n<p><a href=\"http:\/\/www.slclub.hu\/wp-content\/uploads\/2014\/10\/trik\u00f3-aut\u00f3.jpg\"><img loading=\"lazy\" decoding=\"async\" class=\"aligncenter size-medium wp-image-1673\" src=\"http:\/\/www.slclub.hu\/wp-content\/uploads\/2014\/10\/trik\u00f3-aut\u00f3-225x300.jpg\" alt=\"trik\u00f3 aut\u00f3\" width=\"225\" height=\"300\" srcset=\"https:\/\/www.slclub.hu\/wp-content\/uploads\/2014\/10\/trik\u00f3-aut\u00f3-225x300.jpg 225w, https:\/\/www.slclub.hu\/wp-content\/uploads\/2014\/10\/trik\u00f3-aut\u00f3.jpg 679w\" sizes=\"auto, (max-width: 225px) 100vw, 225px\" \/><\/a><\/p>\n","protected":false},"excerpt":{"rendered":"<p>K\u00fcls\u0151 aut\u00f3s SLC matrica 6*21 cm 950.-Ft\/db K\u00fcls\u0151 aut\u00f3s SLC matrica 6*21 cm 950.-Ft\/db Suzuki Motor Club matrica WagonR+ Club Magyar Club matrica K\u00fcls\u0151 aut\u00f3s matrica 7*15 cm 950.-Ft\/db ) sz\u00e9lv\u00e9d\u0151 SLC vagy STC matrica 5cm*100 cm hossz\u00fa sz\u00e9lv\u00e9d\u0151 matrica 2850.-Ft\/db, ez\u00fcst bet\u0171vel \u00e9s \u00e1tl\u00e1tsz\u00f3 leh\u00fazhat\u00f3 f\u00f3li\u00e1val. 6cm*100 cm hossz\u00fa sz\u00e9lv\u00e9d\u0151 matrica 2850.-Ft\/db, ez\u00fcst bet\u0171vel &hellip; <a href=\"https:\/\/www.slclub.hu\/?page_id=690\" class=\"more-link\"><span class=\"screen-reader-text\">Aut\u00f3s Kieg\u00e9sz\u00edt\u0151k<\/span> b\u0151vebben&#8230; <span class=\"meta-nav\">&rarr;<\/span><\/a><\/p>\n","protected":false},"author":1,"featured_media":0,"parent":0,"menu_order":0,"comment_status":"open","ping_status":"open","template":"","meta":{"footnotes":""},"class_list":["post-690","page","type-page","status-publish","hentry"],"_links":{"self":[{"href":"https:\/\/www.slclub.hu\/index.php?rest_route=\/wp\/v2\/pages\/690","targetHints":{"allow":["GET"]}}],"collection":[{"href":"https:\/\/www.slclub.hu\/index.php?rest_route=\/wp\/v2\/pages"}],"about":[{"href":"https:\/\/www.slclub.hu\/index.php?rest_route=\/wp\/v2\/types\/page"}],"author":[{"embeddable":true,"href":"https:\/\/www.slclub.hu\/index.php?rest_route=\/wp\/v2\/users\/1"}],"replies":[{"embeddable":true,"href":"https:\/\/www.slclub.hu\/index.php?rest_route=%2Fwp%2Fv2%2Fcomments&post=690"}],"version-history":[{"count":45,"href":"https:\/\/www.slclub.hu\/index.php?rest_route=\/wp\/v2\/pages\/690\/revisions"}],"predecessor-version":[{"id":5938,"href":"https:\/\/www.slclub.hu\/index.php?rest_route=\/wp\/v2\/pages\/690\/revisions\/5938"}],"wp:attachment":[{"href":"https:\/\/www.slclub.hu\/index.php?rest_route=%2Fwp%2Fv2%2Fmedia&parent=690"}],"curies":[{"name":"wp","href":"https:\/\/api.w.org\/{rel}","templated":true}]}}