{"id":718,"date":"2014-10-12T18:34:15","date_gmt":"2014-10-12T16:34:15","guid":{"rendered":"http:\/\/www.slclub.hu\/?page_id=718"},"modified":"2014-10-12T18:43:17","modified_gmt":"2014-10-12T16:43:17","slug":"2014-10-11-szekesfehervari-mini-tali","status":"publish","type":"page","link":"https:\/\/www.slclub.hu\/?page_id=718","title":{"rendered":"2014.10.11. Sz\u00e9kesfeh\u00e9rv\u00e1ri Mini Tali"},"content":{"rendered":"<p><a href=\"http:\/\/www.slclub.hu\/wp-content\/uploads\/2014\/10\/9.jpg\"><img loading=\"lazy\" decoding=\"async\" src=\"http:\/\/www.slclub.hu\/wp-content\/uploads\/2014\/10\/9-150x150.jpg\" alt=\"9\" width=\"150\" height=\"150\" class=\"alignnone size-thumbnail wp-image-730\" \/><\/a><\/p>\n<p><a href=\"http:\/\/www.slclub.hu\/wp-content\/uploads\/2014\/10\/10.jpg\"><img loading=\"lazy\" decoding=\"async\" src=\"http:\/\/www.slclub.hu\/wp-content\/uploads\/2014\/10\/10-150x150.jpg\" alt=\"10\" width=\"150\" height=\"150\" class=\"alignnone size-thumbnail wp-image-731\" \/><\/a><\/p>\n<p><a href=\"http:\/\/www.slclub.hu\/wp-content\/uploads\/2014\/10\/11.jpg\"><img loading=\"lazy\" decoding=\"async\" src=\"http:\/\/www.slclub.hu\/wp-content\/uploads\/2014\/10\/11-150x150.jpg\" alt=\"11\" width=\"150\" height=\"150\" class=\"alignnone size-thumbnail wp-image-732\" \/><\/a><\/p>\n<p><a href=\"http:\/\/www.slclub.hu\/wp-content\/uploads\/2014\/10\/12.jpg\"><img loading=\"lazy\" decoding=\"async\" src=\"http:\/\/www.slclub.hu\/wp-content\/uploads\/2014\/10\/12-150x150.jpg\" alt=\"12\" width=\"150\" height=\"150\" class=\"alignnone size-thumbnail wp-image-733\" \/><\/a><\/p>\n<p><a href=\"http:\/\/www.slclub.hu\/wp-content\/uploads\/2014\/10\/13.jpg\"><img loading=\"lazy\" decoding=\"async\" src=\"http:\/\/www.slclub.hu\/wp-content\/uploads\/2014\/10\/13-150x150.jpg\" alt=\"13\" width=\"150\" height=\"150\" class=\"alignnone size-thumbnail wp-image-734\" \/><\/a><\/p>\n<p><a href=\"http:\/\/www.slclub.hu\/wp-content\/uploads\/2014\/10\/14.jpg\"><img loading=\"lazy\" decoding=\"async\" src=\"http:\/\/www.slclub.hu\/wp-content\/uploads\/2014\/10\/14-150x150.jpg\" alt=\"14\" width=\"150\" height=\"150\" class=\"alignnone size-thumbnail wp-image-735\" \/><\/a><\/p>\n<p><a href=\"http:\/\/www.slclub.hu\/wp-content\/uploads\/2014\/10\/15.jpg\"><img loading=\"lazy\" decoding=\"async\" src=\"http:\/\/www.slclub.hu\/wp-content\/uploads\/2014\/10\/15-150x150.jpg\" alt=\"15\" width=\"150\" height=\"150\" class=\"alignnone size-thumbnail wp-image-736\" \/><\/a><br \/>\n<a href=\"http:\/\/www.slclub.hu\/wp-content\/uploads\/2014\/10\/1.jpg\"><img loading=\"lazy\" decoding=\"async\" src=\"http:\/\/www.slclub.hu\/wp-content\/uploads\/2014\/10\/1-150x150.jpg\" alt=\"1\" width=\"150\" height=\"150\" class=\"alignnone size-thumbnail wp-image-722\" \/><\/a><\/p>\n<p><a href=\"http:\/\/www.slclub.hu\/wp-content\/uploads\/2014\/10\/2.jpg\"><img loading=\"lazy\" decoding=\"async\" src=\"http:\/\/www.slclub.hu\/wp-content\/uploads\/2014\/10\/2-150x150.jpg\" alt=\"2\" width=\"150\" height=\"150\" class=\"alignnone size-thumbnail wp-image-723\" \/><\/a><\/p>\n<p><a href=\"http:\/\/www.slclub.hu\/wp-content\/uploads\/2014\/10\/3.jpg\"><img loading=\"lazy\" decoding=\"async\" src=\"http:\/\/www.slclub.hu\/wp-content\/uploads\/2014\/10\/3-150x150.jpg\" alt=\"3\" width=\"150\" height=\"150\" class=\"alignnone size-thumbnail wp-image-724\" \/><\/a><\/p>\n<p><a href=\"http:\/\/www.slclub.hu\/wp-content\/uploads\/2014\/10\/4.jpg\"><img loading=\"lazy\" decoding=\"async\" src=\"http:\/\/www.slclub.hu\/wp-content\/uploads\/2014\/10\/4-150x150.jpg\" alt=\"4\" width=\"150\" height=\"150\" class=\"alignnone size-thumbnail wp-image-725\" \/><\/a><\/p>\n<p><a href=\"http:\/\/www.slclub.hu\/wp-content\/uploads\/2014\/10\/5.jpg\"><img loading=\"lazy\" decoding=\"async\" src=\"http:\/\/www.slclub.hu\/wp-content\/uploads\/2014\/10\/5-150x150.jpg\" alt=\"5\" width=\"150\" height=\"150\" class=\"alignnone size-thumbnail wp-image-726\" \/><\/a><\/p>\n<p><a href=\"http:\/\/www.slclub.hu\/wp-content\/uploads\/2014\/10\/6.jpg\"><img loading=\"lazy\" decoding=\"async\" src=\"http:\/\/www.slclub.hu\/wp-content\/uploads\/2014\/10\/6-150x150.jpg\" alt=\"6\" width=\"150\" height=\"150\" class=\"alignnone size-thumbnail wp-image-727\" \/><\/a><\/p>\n<p><a href=\"http:\/\/www.slclub.hu\/wp-content\/uploads\/2014\/10\/7.jpg\"><img loading=\"lazy\" decoding=\"async\" src=\"http:\/\/www.slclub.hu\/wp-content\/uploads\/2014\/10\/7-150x150.jpg\" alt=\"7\" width=\"150\" height=\"150\" class=\"alignnone size-thumbnail wp-image-728\" \/><\/a><\/p>\n<p><a href=\"http:\/\/www.slclub.hu\/wp-content\/uploads\/2014\/10\/8.jpg\"><img loading=\"lazy\" decoding=\"async\" src=\"http:\/\/www.slclub.hu\/wp-content\/uploads\/2014\/10\/8-150x150.jpg\" alt=\"8\" width=\"150\" height=\"150\" class=\"alignnone size-thumbnail wp-image-729\" \/><\/a><\/p>\n","protected":false},"excerpt":{"rendered":"","protected":false},"author":1,"featured_media":0,"parent":0,"menu_order":0,"comment_status":"open","ping_status":"open","template":"","meta":{"footnotes":""},"class_list":["post-718","page","type-page","status-publish","hentry"],"_links":{"self":[{"href":"https:\/\/www.slclub.hu\/index.php?rest_route=\/wp\/v2\/pages\/718","targetHints":{"allow":["GET"]}}],"collection":[{"href":"https:\/\/www.slclub.hu\/index.php?rest_route=\/wp\/v2\/pages"}],"about":[{"href":"https:\/\/www.slclub.hu\/index.php?rest_route=\/wp\/v2\/types\/page"}],"author":[{"embeddable":true,"href":"https:\/\/www.slclub.hu\/index.php?rest_route=\/wp\/v2\/users\/1"}],"replies":[{"embeddable":true,"href":"https:\/\/www.slclub.hu\/index.php?rest_route=%2Fwp%2Fv2%2Fcomments&post=718"}],"version-history":[{"count":3,"href":"https:\/\/www.slclub.hu\/index.php?rest_route=\/wp\/v2\/pages\/718\/revisions"}],"predecessor-version":[{"id":738,"href":"https:\/\/www.slclub.hu\/index.php?rest_route=\/wp\/v2\/pages\/718\/revisions\/738"}],"wp:attachment":[{"href":"https:\/\/www.slclub.hu\/index.php?rest_route=%2Fwp%2Fv2%2Fmedia&parent=718"}],"curies":[{"name":"wp","href":"https:\/\/api.w.org\/{rel}","templated":true}]}}