{"id":749,"date":"2014-10-15T19:43:03","date_gmt":"2014-10-15T17:43:03","guid":{"rendered":"http:\/\/www.slclub.hu\/?page_id=749"},"modified":"2017-07-19T07:51:22","modified_gmt":"2017-07-19T05:51:22","slug":"fekete-kapucnis-fruit-of-the-loom-os-pulcsi","status":"publish","type":"page","link":"https:\/\/www.slclub.hu\/?page_id=749","title":{"rendered":"Fekete kapucnis Fruit of the loom-os pulcsi"},"content":{"rendered":"<p><strong>Fekete kapucnis Fruit of the loom-os pulcsi 6590.-Ft\/db els\u0151+h\u00e1ts\u00f3 k\u00f3g\u00f3val 7790.-Ft<\/strong><\/p>\n<p><a href=\"http:\/\/www.slclub.hu\/wp-content\/uploads\/2014\/10\/kapucnis2.jpg\"><img loading=\"lazy\" decoding=\"async\" src=\"http:\/\/www.slclub.hu\/wp-content\/uploads\/2014\/10\/kapucnis2-150x150.jpg\" alt=\"kapucnis2\" width=\"150\" height=\"150\" class=\"alignnone size-thumbnail wp-image-752\" \/><\/a><\/p>\n<p><a href=\"http:\/\/www.slclub.hu\/wp-content\/uploads\/2014\/10\/unnamed.jpg\"><img loading=\"lazy\" decoding=\"async\" src=\"http:\/\/www.slclub.hu\/wp-content\/uploads\/2014\/10\/unnamed-150x150.jpg\" alt=\"unnamed\" width=\"150\" height=\"150\" class=\"alignnone size-thumbnail wp-image-1096\" \/><\/a><\/p>\n","protected":false},"excerpt":{"rendered":"<p>Fekete kapucnis Fruit of the loom-os pulcsi 6590.-Ft\/db els\u0151+h\u00e1ts\u00f3 k\u00f3g\u00f3val 7790.-Ft<\/p>\n","protected":false},"author":1,"featured_media":0,"parent":0,"menu_order":0,"comment_status":"open","ping_status":"open","template":"","meta":{"footnotes":""},"class_list":["post-749","page","type-page","status-publish","hentry"],"_links":{"self":[{"href":"https:\/\/www.slclub.hu\/index.php?rest_route=\/wp\/v2\/pages\/749","targetHints":{"allow":["GET"]}}],"collection":[{"href":"https:\/\/www.slclub.hu\/index.php?rest_route=\/wp\/v2\/pages"}],"about":[{"href":"https:\/\/www.slclub.hu\/index.php?rest_route=\/wp\/v2\/types\/page"}],"author":[{"embeddable":true,"href":"https:\/\/www.slclub.hu\/index.php?rest_route=\/wp\/v2\/users\/1"}],"replies":[{"embeddable":true,"href":"https:\/\/www.slclub.hu\/index.php?rest_route=%2Fwp%2Fv2%2Fcomments&post=749"}],"version-history":[{"count":10,"href":"https:\/\/www.slclub.hu\/index.php?rest_route=\/wp\/v2\/pages\/749\/revisions"}],"predecessor-version":[{"id":2490,"href":"https:\/\/www.slclub.hu\/index.php?rest_route=\/wp\/v2\/pages\/749\/revisions\/2490"}],"wp:attachment":[{"href":"https:\/\/www.slclub.hu\/index.php?rest_route=%2Fwp%2Fv2%2Fmedia&parent=749"}],"curies":[{"name":"wp","href":"https:\/\/api.w.org\/{rel}","templated":true}]}}