{"id":770,"date":"2014-10-22T13:34:05","date_gmt":"2014-10-22T11:34:05","guid":{"rendered":"http:\/\/www.slclub.hu\/?page_id=770"},"modified":"2015-10-19T07:13:01","modified_gmt":"2015-10-19T05:13:01","slug":"2015-3","status":"publish","type":"page","link":"https:\/\/www.slclub.hu\/?page_id=770","title":{"rendered":"2015"},"content":{"rendered":"<p><strong>2015.01.10. \u00c9rdi \u00daj \u00c9vi Minitali<\/strong><\/p>\n<p><iframe loading=\"lazy\" title=\"SLC \u00c9rdi Minitali 2015.01.10.\" width=\"474\" height=\"267\" src=\"https:\/\/www.youtube.com\/embed\/kIlFqcoPWkU?feature=oembed\" frameborder=\"0\" allow=\"accelerometer; autoplay; clipboard-write; encrypted-media; gyroscope; picture-in-picture; web-share\" referrerpolicy=\"strict-origin-when-cross-origin\" allowfullscreen><\/iframe><\/p>\n<p><strong>2015.02.22. SLC Sz\u00fclinapi Tal\u00e1lkoz\u00f3 \u2013 \u00c9rkez\u00e9s<\/strong><\/p>\n<p><iframe loading=\"lazy\" title=\"Breaking News! \u00c9rkezes a Suzuki Lover Club tal\u00e1lkoz\u00f3j\u00e1ra - Sz\u00e1zhalombatta, 2015\/02\/22\" width=\"474\" height=\"267\" src=\"https:\/\/www.youtube.com\/embed\/aAhp-6J9nUs?feature=oembed\" frameborder=\"0\" allow=\"accelerometer; autoplay; clipboard-write; encrypted-media; gyroscope; picture-in-picture; web-share\" referrerpolicy=\"strict-origin-when-cross-origin\" allowfullscreen><\/iframe><\/p>\n<p><strong>2015.02.22. SLC Sz\u00fclinapi Tal\u00e1lkoz\u00f3 &#8211; Megnyit\u00f3 <\/strong><\/p>\n<p><iframe loading=\"lazy\" title=\"2015.02.22.  SLC Sz\u00fclinapi Tal\u00e1lkoz\u00f3 - Megnyit\u00f3\" width=\"474\" height=\"267\" src=\"https:\/\/www.youtube.com\/embed\/oMW1DptZZ-4?feature=oembed\" frameborder=\"0\" allow=\"accelerometer; autoplay; clipboard-write; encrypted-media; gyroscope; picture-in-picture; web-share\" referrerpolicy=\"strict-origin-when-cross-origin\" allowfullscreen><\/iframe><\/p>\n<p><strong>2015.02.22. SLC Sz\u00fclinapi Tal\u00e1lkoz\u00f3-Torta <\/strong><\/p>\n<p><iframe loading=\"lazy\" title=\"2015.02.22. SLC Sz\u00fclinapi Tal\u00e1lkoz\u00f3-Torta\" width=\"474\" height=\"267\" src=\"https:\/\/www.youtube.com\/embed\/3XbFX9bkQN8?feature=oembed\" frameborder=\"0\" allow=\"accelerometer; autoplay; clipboard-write; encrypted-media; gyroscope; picture-in-picture; web-share\" referrerpolicy=\"strict-origin-when-cross-origin\" allowfullscreen><\/iframe><\/p>\n<p><strong>2015.02.22. SLC Sz\u00fclinapi Tal\u00e1lkoz\u00f3 <\/strong><\/p>\n<p><iframe loading=\"lazy\" title=\"2015.02.22. SLC Sz\u00fclinapi Tal\u00e1lkoz\u00f3\" width=\"474\" height=\"267\" src=\"https:\/\/www.youtube.com\/embed\/X-D9ZQ9QtDg?feature=oembed\" frameborder=\"0\" allow=\"accelerometer; autoplay; clipboard-write; encrypted-media; gyroscope; picture-in-picture; web-share\" referrerpolicy=\"strict-origin-when-cross-origin\" allowfullscreen><\/iframe><\/p>\n<p><strong>2015.03.20. Gy\u00e1rl\u00e1togat\u00e1s az SLC szervez\u00e9s\u00e9ben  <\/strong><br \/>\n<iframe loading=\"lazy\" title=\"Breaking News! Gy\u00e1rl\u00e1togat\u00e1s az SLC szervez\u00e9s\u00e9ben - 2015\/03\/20\" width=\"474\" height=\"267\" src=\"https:\/\/www.youtube.com\/embed\/RjYMzFMgIuE?feature=oembed\" frameborder=\"0\" allow=\"accelerometer; autoplay; clipboard-write; encrypted-media; gyroscope; picture-in-picture; web-share\" referrerpolicy=\"strict-origin-when-cross-origin\" allowfullscreen><\/iframe><\/p>\n<p><iframe loading=\"lazy\" title=\"SLC Gy\u00e1rl\u00e1togat\u00e1sa \u00e9s P\u00e1rk\u00e1ny Esztergomi kir\u00e1ndul\u00e1sa 2015.03.20.\" width=\"474\" height=\"267\" src=\"https:\/\/www.youtube.com\/embed\/V7sXycCICSY?feature=oembed\" frameborder=\"0\" allow=\"accelerometer; autoplay; clipboard-write; encrypted-media; gyroscope; picture-in-picture; web-share\" referrerpolicy=\"strict-origin-when-cross-origin\" allowfullscreen><\/iframe><\/p>\n<p><strong>2015.06.10-14. 2. Suzuki T\u00e1bor Balatonakali <\/strong><br \/>\n<iframe loading=\"lazy\" title=\"2015. 06. 10. 2. Suzuki T\u00e1bor Balatonakali 1. nap\" width=\"474\" height=\"267\" src=\"https:\/\/www.youtube.com\/embed\/QpPOIUrRubw?feature=oembed\" frameborder=\"0\" allow=\"accelerometer; autoplay; clipboard-write; encrypted-media; gyroscope; picture-in-picture; web-share\" referrerpolicy=\"strict-origin-when-cross-origin\" allowfullscreen><\/iframe><br \/>\n<iframe loading=\"lazy\" title=\"2015. 06. 11. 2. Suzuki T\u00e1bor Balatonakali 2. nap\" width=\"474\" height=\"267\" src=\"https:\/\/www.youtube.com\/embed\/sqLfhedrhPs?feature=oembed\" frameborder=\"0\" allow=\"accelerometer; autoplay; clipboard-write; encrypted-media; gyroscope; picture-in-picture; web-share\" referrerpolicy=\"strict-origin-when-cross-origin\" allowfullscreen><\/iframe><br \/>\n<iframe loading=\"lazy\" title=\"2015. 06. 12. 2 Suzuki T\u00e1bor Balatonakali 3. nap\" width=\"474\" height=\"267\" src=\"https:\/\/www.youtube.com\/embed\/_xYB5OsHmHg?feature=oembed\" frameborder=\"0\" allow=\"accelerometer; autoplay; clipboard-write; encrypted-media; gyroscope; picture-in-picture; web-share\" referrerpolicy=\"strict-origin-when-cross-origin\" allowfullscreen><\/iframe><br \/>\n<iframe loading=\"lazy\" title=\"Badacsonyi hegymenet - 2015 j\u00fanius\" width=\"474\" height=\"267\" src=\"https:\/\/www.youtube.com\/embed\/ydsmiyqbMIQ?feature=oembed\" frameborder=\"0\" allow=\"accelerometer; autoplay; clipboard-write; encrypted-media; gyroscope; picture-in-picture; web-share\" referrerpolicy=\"strict-origin-when-cross-origin\" allowfullscreen><\/iframe><br \/>\n<iframe loading=\"lazy\" title=\"Badacsonyban a hegyr\u0151l lefel\u00e9 - 2015 j\u00fanius\" width=\"474\" height=\"267\" src=\"https:\/\/www.youtube.com\/embed\/4uLvuUhNoPY?feature=oembed\" frameborder=\"0\" allow=\"accelerometer; autoplay; clipboard-write; encrypted-media; gyroscope; picture-in-picture; web-share\" referrerpolicy=\"strict-origin-when-cross-origin\" allowfullscreen><\/iframe><br \/>\n<iframe loading=\"lazy\" title=\"2015. 06. 13.  2. Suzuki T\u00e1bor 4.  nap\" width=\"474\" height=\"267\" src=\"https:\/\/www.youtube.com\/embed\/IY5K9HNHnOk?feature=oembed\" frameborder=\"0\" allow=\"accelerometer; autoplay; clipboard-write; encrypted-media; gyroscope; picture-in-picture; web-share\" referrerpolicy=\"strict-origin-when-cross-origin\" allowfullscreen><\/iframe><\/p>\n<p><strong>2015.10.18. Tatab\u00e1nyai Tal\u00e1lkoz\u00f3<\/strong><br \/>\n<iframe loading=\"lazy\" title=\"P\u00e1r perc a Suzuki Lover Club tal\u00e1lkoz\u00f3j\u00e1n - Tatab\u00e1nya, 2015\/10\/18\" width=\"474\" height=\"267\" src=\"https:\/\/www.youtube.com\/embed\/_yUm8x73qvQ?feature=oembed\" frameborder=\"0\" allow=\"accelerometer; autoplay; clipboard-write; encrypted-media; gyroscope; picture-in-picture; web-share\" referrerpolicy=\"strict-origin-when-cross-origin\" allowfullscreen><\/iframe><\/p>\n<p><iframe loading=\"lazy\" title=\"A Suzuki Lover Club tal\u00e1lkoz\u00f3j\u00e1nak p\u00e1r pillanata - Tatabanya, 2015\/10\/18\" width=\"474\" height=\"267\" src=\"https:\/\/www.youtube.com\/embed\/TBMFXK597LY?feature=oembed\" frameborder=\"0\" allow=\"accelerometer; autoplay; clipboard-write; encrypted-media; gyroscope; picture-in-picture; web-share\" referrerpolicy=\"strict-origin-when-cross-origin\" allowfullscreen><\/iframe><\/p>\n","protected":false},"excerpt":{"rendered":"<p>2015.01.10. \u00c9rdi \u00daj \u00c9vi Minitali 2015.02.22. SLC Sz\u00fclinapi Tal\u00e1lkoz\u00f3 \u2013 \u00c9rkez\u00e9s 2015.02.22. SLC Sz\u00fclinapi Tal\u00e1lkoz\u00f3 &#8211; Megnyit\u00f3 2015.02.22. SLC Sz\u00fclinapi Tal\u00e1lkoz\u00f3-Torta 2015.02.22. SLC Sz\u00fclinapi Tal\u00e1lkoz\u00f3 2015.03.20. Gy\u00e1rl\u00e1togat\u00e1s az SLC szervez\u00e9s\u00e9ben 2015.06.10-14. 2. Suzuki T\u00e1bor Balatonakali 2015.10.18. Tatab\u00e1nyai Tal\u00e1lkoz\u00f3<\/p>\n","protected":false},"author":1,"featured_media":0,"parent":0,"menu_order":0,"comment_status":"open","ping_status":"open","template":"","meta":{"footnotes":""},"class_list":["post-770","page","type-page","status-publish","hentry"],"_links":{"self":[{"href":"https:\/\/www.slclub.hu\/index.php?rest_route=\/wp\/v2\/pages\/770","targetHints":{"allow":["GET"]}}],"collection":[{"href":"https:\/\/www.slclub.hu\/index.php?rest_route=\/wp\/v2\/pages"}],"about":[{"href":"https:\/\/www.slclub.hu\/index.php?rest_route=\/wp\/v2\/types\/page"}],"author":[{"embeddable":true,"href":"https:\/\/www.slclub.hu\/index.php?rest_route=\/wp\/v2\/users\/1"}],"replies":[{"embeddable":true,"href":"https:\/\/www.slclub.hu\/index.php?rest_route=%2Fwp%2Fv2%2Fcomments&post=770"}],"version-history":[{"count":12,"href":"https:\/\/www.slclub.hu\/index.php?rest_route=\/wp\/v2\/pages\/770\/revisions"}],"predecessor-version":[{"id":1736,"href":"https:\/\/www.slclub.hu\/index.php?rest_route=\/wp\/v2\/pages\/770\/revisions\/1736"}],"wp:attachment":[{"href":"https:\/\/www.slclub.hu\/index.php?rest_route=%2Fwp%2Fv2%2Fmedia&parent=770"}],"curies":[{"name":"wp","href":"https:\/\/api.w.org\/{rel}","templated":true}]}}