{"id":828,"date":"2014-10-22T21:59:53","date_gmt":"2014-10-22T19:59:53","guid":{"rendered":"http:\/\/www.slclub.hu\/?page_id=828"},"modified":"2014-10-22T22:06:11","modified_gmt":"2014-10-22T20:06:11","slug":"2012-12-30-ev-vegi-nagy-guritas","status":"publish","type":"page","link":"https:\/\/www.slclub.hu\/?page_id=828","title":{"rendered":"2012.12.30. \u00c9v V\u00e9gi Nagy Gurit\u00e1s"},"content":{"rendered":"<p><a href=\"http:\/\/www.slclub.hu\/wp-content\/uploads\/2014\/10\/DSC036090.jpg\"><img loading=\"lazy\" decoding=\"async\" src=\"http:\/\/www.slclub.hu\/wp-content\/uploads\/2014\/10\/DSC036090-150x150.jpg\" alt=\"Digital Camera\" width=\"150\" height=\"150\" class=\"alignnone size-thumbnail wp-image-831\" \/><\/a><\/p>\n<p><a href=\"http:\/\/www.slclub.hu\/wp-content\/uploads\/2014\/10\/DSC036092.jpg\"><img loading=\"lazy\" decoding=\"async\" src=\"http:\/\/www.slclub.hu\/wp-content\/uploads\/2014\/10\/DSC036092-150x150.jpg\" alt=\"Digital Camera\" width=\"150\" height=\"150\" class=\"alignnone size-thumbnail wp-image-833\" \/><\/a><\/p>\n<p><a href=\"http:\/\/www.slclub.hu\/wp-content\/uploads\/2014\/10\/DSC036093.jpg\"><img loading=\"lazy\" decoding=\"async\" src=\"http:\/\/www.slclub.hu\/wp-content\/uploads\/2014\/10\/DSC036093-150x150.jpg\" alt=\"Digital Camera\" width=\"150\" height=\"150\" class=\"alignnone size-thumbnail wp-image-834\" \/><\/a><\/p>\n<p><a href=\"http:\/\/www.slclub.hu\/wp-content\/uploads\/2014\/10\/DSC036094.jpg\"><img loading=\"lazy\" decoding=\"async\" src=\"http:\/\/www.slclub.hu\/wp-content\/uploads\/2014\/10\/DSC036094-150x150.jpg\" alt=\"Digital Camera\" width=\"150\" height=\"150\" class=\"alignnone size-thumbnail wp-image-835\" \/><\/a><\/p>\n<p><a href=\"http:\/\/www.slclub.hu\/wp-content\/uploads\/2014\/10\/DSC036095.jpg\"><img loading=\"lazy\" decoding=\"async\" src=\"http:\/\/www.slclub.hu\/wp-content\/uploads\/2014\/10\/DSC036095-150x150.jpg\" alt=\"Digital Camera\" width=\"150\" height=\"150\" class=\"alignnone size-thumbnail wp-image-836\" \/><\/a><\/p>\n<p><a href=\"http:\/\/www.slclub.hu\/wp-content\/uploads\/2014\/10\/DSC036096.jpg\"><img loading=\"lazy\" decoding=\"async\" src=\"http:\/\/www.slclub.hu\/wp-content\/uploads\/2014\/10\/DSC036096-150x150.jpg\" alt=\"Digital Camera\" width=\"150\" height=\"150\" class=\"alignnone size-thumbnail wp-image-837\" \/><\/a><\/p>\n<p><a href=\"http:\/\/www.slclub.hu\/wp-content\/uploads\/2014\/10\/DSC036097.jpg\"><img loading=\"lazy\" decoding=\"async\" src=\"http:\/\/www.slclub.hu\/wp-content\/uploads\/2014\/10\/DSC036097-150x150.jpg\" alt=\"Digital Camera\" width=\"150\" height=\"150\" class=\"alignnone size-thumbnail wp-image-838\" \/><\/a><\/p>\n<p><a href=\"http:\/\/www.slclub.hu\/wp-content\/uploads\/2014\/10\/DSC036098.jpg\"><img loading=\"lazy\" decoding=\"async\" src=\"http:\/\/www.slclub.hu\/wp-content\/uploads\/2014\/10\/DSC036098-150x150.jpg\" alt=\"Digital Camera\" width=\"150\" height=\"150\" class=\"alignnone size-thumbnail wp-image-839\" \/><\/a><\/p>\n<p><a href=\"http:\/\/www.slclub.hu\/wp-content\/uploads\/2014\/10\/DSC036099.jpg\"><img loading=\"lazy\" decoding=\"async\" src=\"http:\/\/www.slclub.hu\/wp-content\/uploads\/2014\/10\/DSC036099-150x150.jpg\" alt=\"Digital Camera\" width=\"150\" height=\"150\" class=\"alignnone size-thumbnail wp-image-840\" \/><\/a><\/p>\n<p><a href=\"http:\/\/www.slclub.hu\/wp-content\/uploads\/2014\/10\/DSC036100.jpg\"><img loading=\"lazy\" decoding=\"async\" src=\"http:\/\/www.slclub.hu\/wp-content\/uploads\/2014\/10\/DSC036100-150x150.jpg\" alt=\"Digital Camera\" width=\"150\" height=\"150\" class=\"alignnone size-thumbnail wp-image-841\" \/><\/a><\/p>\n<p><a href=\"http:\/\/www.slclub.hu\/wp-content\/uploads\/2014\/10\/DSC036101.jpg\"><img loading=\"lazy\" decoding=\"async\" src=\"http:\/\/www.slclub.hu\/wp-content\/uploads\/2014\/10\/DSC036101-150x150.jpg\" alt=\"Digital Camera\" width=\"150\" height=\"150\" class=\"alignnone size-thumbnail wp-image-842\" \/><\/a><\/p>\n<p><a href=\"http:\/\/www.slclub.hu\/wp-content\/uploads\/2014\/10\/DSC036102-01.jpg\"><img loading=\"lazy\" decoding=\"async\" src=\"http:\/\/www.slclub.hu\/wp-content\/uploads\/2014\/10\/DSC036102-01-150x150.jpg\" alt=\"DSC036102 01\" width=\"150\" height=\"150\" class=\"alignnone size-thumbnail wp-image-843\" \/><\/a><\/p>\n<p><a href=\"http:\/\/www.slclub.hu\/wp-content\/uploads\/2014\/10\/DSC036103.jpg\"><img loading=\"lazy\" decoding=\"async\" src=\"http:\/\/www.slclub.hu\/wp-content\/uploads\/2014\/10\/DSC036103-150x150.jpg\" alt=\"DSC036103\" width=\"150\" height=\"150\" class=\"alignnone size-thumbnail wp-image-845\" \/><\/a><\/p>\n<p><a href=\"http:\/\/www.slclub.hu\/wp-content\/uploads\/2014\/10\/DSC036106.jpg\"><img loading=\"lazy\" decoding=\"async\" src=\"http:\/\/www.slclub.hu\/wp-content\/uploads\/2014\/10\/DSC036106-150x150.jpg\" alt=\"DSC036106\" width=\"150\" height=\"150\" class=\"alignnone size-thumbnail wp-image-848\" \/><\/a><\/p>\n<p><a href=\"http:\/\/www.slclub.hu\/wp-content\/uploads\/2014\/10\/DSC036107.jpg\"><img loading=\"lazy\" decoding=\"async\" src=\"http:\/\/www.slclub.hu\/wp-content\/uploads\/2014\/10\/DSC036107-150x150.jpg\" alt=\"DSC036107\" width=\"150\" height=\"150\" class=\"alignnone size-thumbnail wp-image-849\" \/><\/a><\/p>\n<p><a href=\"http:\/\/www.slclub.hu\/wp-content\/uploads\/2014\/10\/DSC036109.jpg\"><img loading=\"lazy\" decoding=\"async\" src=\"http:\/\/www.slclub.hu\/wp-content\/uploads\/2014\/10\/DSC036109-150x150.jpg\" alt=\"DSC036109\" width=\"150\" height=\"150\" class=\"alignnone size-thumbnail wp-image-851\" \/><\/a><\/p>\n<p><a href=\"http:\/\/www.slclub.hu\/wp-content\/uploads\/2014\/10\/DSC036110.jpg\"><img loading=\"lazy\" decoding=\"async\" src=\"http:\/\/www.slclub.hu\/wp-content\/uploads\/2014\/10\/DSC036110-150x150.jpg\" alt=\"DSC036110\" width=\"150\" height=\"150\" class=\"alignnone size-thumbnail wp-image-852\" \/><\/a><\/p>\n<p><a href=\"http:\/\/www.slclub.hu\/wp-content\/uploads\/2014\/10\/DSC036111.jpg\"><img loading=\"lazy\" decoding=\"async\" src=\"http:\/\/www.slclub.hu\/wp-content\/uploads\/2014\/10\/DSC036111-150x150.jpg\" alt=\"DSC036111\" width=\"150\" height=\"150\" class=\"alignnone size-thumbnail wp-image-853\" \/><\/a><\/p>\n<p><a href=\"http:\/\/www.slclub.hu\/wp-content\/uploads\/2014\/10\/DSC036112.jpg\"><img loading=\"lazy\" decoding=\"async\" src=\"http:\/\/www.slclub.hu\/wp-content\/uploads\/2014\/10\/DSC036112-150x150.jpg\" alt=\"DSC036112\" width=\"150\" height=\"150\" class=\"alignnone size-thumbnail wp-image-854\" \/><\/a><\/p>\n<p><a href=\"http:\/\/www.slclub.hu\/wp-content\/uploads\/2014\/10\/DSC036113.jpg\"><img loading=\"lazy\" decoding=\"async\" src=\"http:\/\/www.slclub.hu\/wp-content\/uploads\/2014\/10\/DSC036113-150x150.jpg\" alt=\"DSC036113\" width=\"150\" height=\"150\" class=\"alignnone size-thumbnail wp-image-855\" \/><\/a><\/p>\n<p><a href=\"http:\/\/www.slclub.hu\/wp-content\/uploads\/2014\/10\/DSC036114.jpg\"><img loading=\"lazy\" decoding=\"async\" src=\"http:\/\/www.slclub.hu\/wp-content\/uploads\/2014\/10\/DSC036114-150x150.jpg\" alt=\"DSC036114\" width=\"150\" height=\"150\" class=\"alignnone size-thumbnail wp-image-856\" \/><\/a><\/p>\n<p><a href=\"http:\/\/www.slclub.hu\/wp-content\/uploads\/2014\/10\/DSC036115.jpg\"><img loading=\"lazy\" decoding=\"async\" src=\"http:\/\/www.slclub.hu\/wp-content\/uploads\/2014\/10\/DSC036115-150x150.jpg\" alt=\"DSC036115\" width=\"150\" height=\"150\" class=\"alignnone size-thumbnail wp-image-857\" \/><\/a><\/p>\n<p><a href=\"http:\/\/www.slclub.hu\/wp-content\/uploads\/2014\/10\/DSC036116.jpg\"><img loading=\"lazy\" decoding=\"async\" src=\"http:\/\/www.slclub.hu\/wp-content\/uploads\/2014\/10\/DSC036116-150x150.jpg\" alt=\"DSC036116\" width=\"150\" height=\"150\" class=\"alignnone size-thumbnail wp-image-858\" \/><\/a><\/p>\n<p><a href=\"http:\/\/www.slclub.hu\/wp-content\/uploads\/2014\/10\/DSC036117.jpg\"><img loading=\"lazy\" decoding=\"async\" src=\"http:\/\/www.slclub.hu\/wp-content\/uploads\/2014\/10\/DSC036117-150x150.jpg\" alt=\"DSC036117\" width=\"150\" height=\"150\" class=\"alignnone size-thumbnail wp-image-859\" \/><\/a><\/p>\n<p><a href=\"http:\/\/www.slclub.hu\/wp-content\/uploads\/2014\/10\/DSC036118.jpg\"><img loading=\"lazy\" decoding=\"async\" src=\"http:\/\/www.slclub.hu\/wp-content\/uploads\/2014\/10\/DSC036118-150x150.jpg\" alt=\"DSC036118\" width=\"150\" height=\"150\" class=\"alignnone size-thumbnail wp-image-860\" \/><\/a><\/p>\n<p><a href=\"http:\/\/www.slclub.hu\/wp-content\/uploads\/2014\/10\/DSC036119.jpg\"><img loading=\"lazy\" decoding=\"async\" src=\"http:\/\/www.slclub.hu\/wp-content\/uploads\/2014\/10\/DSC036119-150x150.jpg\" alt=\"DSC036119\" width=\"150\" height=\"150\" class=\"alignnone size-thumbnail wp-image-861\" \/><\/a><\/p>\n<p><a href=\"http:\/\/www.slclub.hu\/wp-content\/uploads\/2014\/10\/DSC036120.jpg\"><img loading=\"lazy\" decoding=\"async\" src=\"http:\/\/www.slclub.hu\/wp-content\/uploads\/2014\/10\/DSC036120-150x150.jpg\" alt=\"DSC036120\" width=\"150\" height=\"150\" class=\"alignnone size-thumbnail wp-image-862\" \/><\/a><\/p>\n","protected":false},"excerpt":{"rendered":"","protected":false},"author":1,"featured_media":0,"parent":0,"menu_order":0,"comment_status":"open","ping_status":"open","template":"","meta":{"footnotes":""},"class_list":["post-828","page","type-page","status-publish","hentry"],"_links":{"self":[{"href":"https:\/\/www.slclub.hu\/index.php?rest_route=\/wp\/v2\/pages\/828","targetHints":{"allow":["GET"]}}],"collection":[{"href":"https:\/\/www.slclub.hu\/index.php?rest_route=\/wp\/v2\/pages"}],"about":[{"href":"https:\/\/www.slclub.hu\/index.php?rest_route=\/wp\/v2\/types\/page"}],"author":[{"embeddable":true,"href":"https:\/\/www.slclub.hu\/index.php?rest_route=\/wp\/v2\/users\/1"}],"replies":[{"embeddable":true,"href":"https:\/\/www.slclub.hu\/index.php?rest_route=%2Fwp%2Fv2%2Fcomments&post=828"}],"version-history":[{"count":2,"href":"https:\/\/www.slclub.hu\/index.php?rest_route=\/wp\/v2\/pages\/828\/revisions"}],"predecessor-version":[{"id":863,"href":"https:\/\/www.slclub.hu\/index.php?rest_route=\/wp\/v2\/pages\/828\/revisions\/863"}],"wp:attachment":[{"href":"https:\/\/www.slclub.hu\/index.php?rest_route=%2Fwp%2Fv2%2Fmedia&parent=828"}],"curies":[{"name":"wp","href":"https:\/\/api.w.org\/{rel}","templated":true}]}}