{"id":864,"date":"2014-10-22T22:07:40","date_gmt":"2014-10-22T20:07:40","guid":{"rendered":"http:\/\/www.slclub.hu\/?page_id=864"},"modified":"2014-10-22T22:19:47","modified_gmt":"2014-10-22T20:19:47","slug":"2013-04-20-pakozdi-kirandulas","status":"publish","type":"page","link":"https:\/\/www.slclub.hu\/?page_id=864","title":{"rendered":"2013.04.20. P\u00e1kozdi kir\u00e1ndul\u00e1s"},"content":{"rendered":"<p><a href=\"http:\/\/www.slclub.hu\/wp-content\/uploads\/2014\/10\/DSC00973-09.jpg\"><img loading=\"lazy\" decoding=\"async\" src=\"http:\/\/www.slclub.hu\/wp-content\/uploads\/2014\/10\/DSC00973-09-150x150.jpg\" alt=\"Digital Camera\" width=\"150\" height=\"150\" class=\"alignnone size-thumbnail wp-image-867\" \/><\/a><\/p>\n<p><a href=\"http:\/\/www.slclub.hu\/wp-content\/uploads\/2014\/10\/DSC00973-13.jpg\"><img loading=\"lazy\" decoding=\"async\" src=\"http:\/\/www.slclub.hu\/wp-content\/uploads\/2014\/10\/DSC00973-13-150x150.jpg\" alt=\"Digital Camera\" width=\"150\" height=\"150\" class=\"alignnone size-thumbnail wp-image-869\" \/><\/a><\/p>\n<p><a href=\"http:\/\/www.slclub.hu\/wp-content\/uploads\/2014\/10\/DSC00974.jpg\"><img loading=\"lazy\" decoding=\"async\" src=\"http:\/\/www.slclub.hu\/wp-content\/uploads\/2014\/10\/DSC00974-150x150.jpg\" alt=\"DSC00974\" width=\"150\" height=\"150\" class=\"alignnone size-thumbnail wp-image-870\" \/><\/a><\/p>\n<p><a href=\"http:\/\/www.slclub.hu\/wp-content\/uploads\/2014\/10\/DSC00981.jpg\"><img loading=\"lazy\" decoding=\"async\" src=\"http:\/\/www.slclub.hu\/wp-content\/uploads\/2014\/10\/DSC00981-150x150.jpg\" alt=\"DSC00981\" width=\"150\" height=\"150\" class=\"alignnone size-thumbnail wp-image-875\" \/><\/a><\/p>\n<p><a href=\"http:\/\/www.slclub.hu\/wp-content\/uploads\/2014\/10\/DSC00982-01.jpg\"><img loading=\"lazy\" decoding=\"async\" src=\"http:\/\/www.slclub.hu\/wp-content\/uploads\/2014\/10\/DSC00982-01-150x150.jpg\" alt=\"DSC00982 01\" width=\"150\" height=\"150\" class=\"alignnone size-thumbnail wp-image-876\" \/><\/a><\/p>\n<p><a href=\"http:\/\/www.slclub.hu\/wp-content\/uploads\/2014\/10\/DSC00982-02.jpg\"><img loading=\"lazy\" decoding=\"async\" src=\"http:\/\/www.slclub.hu\/wp-content\/uploads\/2014\/10\/DSC00982-02-150x150.jpg\" alt=\"Digital Camera\" width=\"150\" height=\"150\" class=\"alignnone size-thumbnail wp-image-877\" \/><\/a><\/p>\n<p><a href=\"http:\/\/www.slclub.hu\/wp-content\/uploads\/2014\/10\/DSC00982-05.jpg\"><img loading=\"lazy\" decoding=\"async\" src=\"http:\/\/www.slclub.hu\/wp-content\/uploads\/2014\/10\/DSC00982-05-150x150.jpg\" alt=\"Digital Camera\" width=\"150\" height=\"150\" class=\"alignnone size-thumbnail wp-image-878\" \/><\/a><\/p>\n<p><a href=\"http:\/\/www.slclub.hu\/wp-content\/uploads\/2014\/10\/DSC00982-06.jpg\"><img loading=\"lazy\" decoding=\"async\" src=\"http:\/\/www.slclub.hu\/wp-content\/uploads\/2014\/10\/DSC00982-06-150x150.jpg\" alt=\"Digital Camera\" width=\"150\" height=\"150\" class=\"alignnone size-thumbnail wp-image-879\" \/><\/a><\/p>\n<p><a href=\"http:\/\/www.slclub.hu\/wp-content\/uploads\/2014\/10\/DSC00983.jpg\"><img loading=\"lazy\" decoding=\"async\" src=\"http:\/\/www.slclub.hu\/wp-content\/uploads\/2014\/10\/DSC00983-150x150.jpg\" alt=\"DSC00983\" width=\"150\" height=\"150\" class=\"alignnone size-thumbnail wp-image-881\" \/><\/a><\/p>\n<p><a href=\"http:\/\/www.slclub.hu\/wp-content\/uploads\/2014\/10\/DSC00987.jpg\"><img loading=\"lazy\" decoding=\"async\" src=\"http:\/\/www.slclub.hu\/wp-content\/uploads\/2014\/10\/DSC00987-150x150.jpg\" alt=\"DSC00987\" width=\"150\" height=\"150\" class=\"alignnone size-thumbnail wp-image-882\" \/><\/a><\/p>\n<p><a href=\"http:\/\/www.slclub.hu\/wp-content\/uploads\/2014\/10\/DSC00988.jpg\"><img loading=\"lazy\" decoding=\"async\" src=\"http:\/\/www.slclub.hu\/wp-content\/uploads\/2014\/10\/DSC00988-150x150.jpg\" alt=\"DSC00988\" width=\"150\" height=\"150\" class=\"alignnone size-thumbnail wp-image-883\" \/><\/a><\/p>\n<p><a href=\"http:\/\/www.slclub.hu\/wp-content\/uploads\/2014\/10\/DSC00990.jpg\"><img loading=\"lazy\" decoding=\"async\" src=\"http:\/\/www.slclub.hu\/wp-content\/uploads\/2014\/10\/DSC00990-150x150.jpg\" alt=\"DSC00990\" width=\"150\" height=\"150\" class=\"alignnone size-thumbnail wp-image-884\" \/><\/a><\/p>\n<p><a href=\"http:\/\/www.slclub.hu\/wp-content\/uploads\/2014\/10\/DSC00991.jpg\"><img loading=\"lazy\" decoding=\"async\" src=\"http:\/\/www.slclub.hu\/wp-content\/uploads\/2014\/10\/DSC00991-150x150.jpg\" alt=\"DSC00991\" width=\"150\" height=\"150\" class=\"alignnone size-thumbnail wp-image-885\" \/><\/a><\/p>\n<p><a href=\"http:\/\/www.slclub.hu\/wp-content\/uploads\/2014\/10\/DSC00992-07.jpg\"><img loading=\"lazy\" decoding=\"async\" src=\"http:\/\/www.slclub.hu\/wp-content\/uploads\/2014\/10\/DSC00992-07-150x150.jpg\" alt=\"Digital Camera\" width=\"150\" height=\"150\" class=\"alignnone size-thumbnail wp-image-886\" \/><\/a><\/p>\n<p><a href=\"http:\/\/www.slclub.hu\/wp-content\/uploads\/2014\/10\/DSC00992-08.jpg\"><img loading=\"lazy\" decoding=\"async\" src=\"http:\/\/www.slclub.hu\/wp-content\/uploads\/2014\/10\/DSC00992-08-150x150.jpg\" alt=\"Digital Camera\" width=\"150\" height=\"150\" class=\"alignnone size-thumbnail wp-image-887\" \/><\/a><\/p>\n<p><a href=\"http:\/\/www.slclub.hu\/wp-content\/uploads\/2014\/10\/DSC00992-10.jpg\"><img loading=\"lazy\" decoding=\"async\" src=\"http:\/\/www.slclub.hu\/wp-content\/uploads\/2014\/10\/DSC00992-10-150x150.jpg\" alt=\"Digital Camera\" width=\"150\" height=\"150\" class=\"alignnone size-thumbnail wp-image-888\" \/><\/a><\/p>\n<p><a href=\"http:\/\/www.slclub.hu\/wp-content\/uploads\/2014\/10\/DSC00993.jpg\"><img loading=\"lazy\" decoding=\"async\" src=\"http:\/\/www.slclub.hu\/wp-content\/uploads\/2014\/10\/DSC00993-150x150.jpg\" alt=\"DSC00993\" width=\"150\" height=\"150\" class=\"alignnone size-thumbnail wp-image-889\" \/><\/a><\/p>\n<p><a href=\"http:\/\/www.slclub.hu\/wp-content\/uploads\/2014\/10\/DSC00995.jpg\"><img loading=\"lazy\" decoding=\"async\" src=\"http:\/\/www.slclub.hu\/wp-content\/uploads\/2014\/10\/DSC00995-150x150.jpg\" alt=\"DSC00995\" width=\"150\" height=\"150\" class=\"alignnone size-thumbnail wp-image-890\" \/><\/a><\/p>\n<p><a href=\"http:\/\/www.slclub.hu\/wp-content\/uploads\/2014\/10\/DSC00998.jpg\"><img loading=\"lazy\" decoding=\"async\" src=\"http:\/\/www.slclub.hu\/wp-content\/uploads\/2014\/10\/DSC00998-150x150.jpg\" alt=\"DSC00998\" width=\"150\" height=\"150\" class=\"alignnone size-thumbnail wp-image-891\" \/><\/a><\/p>\n<p><a href=\"http:\/\/www.slclub.hu\/wp-content\/uploads\/2014\/10\/DSC01004.jpg\"><img loading=\"lazy\" decoding=\"async\" src=\"http:\/\/www.slclub.hu\/wp-content\/uploads\/2014\/10\/DSC01004-150x150.jpg\" alt=\"DSC01004\" width=\"150\" height=\"150\" class=\"alignnone size-thumbnail wp-image-893\" \/><\/a><\/p>\n<p><a href=\"http:\/\/www.slclub.hu\/wp-content\/uploads\/2014\/10\/DSC01006-02.jpg\"><img loading=\"lazy\" decoding=\"async\" src=\"http:\/\/www.slclub.hu\/wp-content\/uploads\/2014\/10\/DSC01006-02-150x150.jpg\" alt=\"Digital Camera\" width=\"150\" height=\"150\" class=\"alignnone size-thumbnail wp-image-894\" \/><\/a><\/p>\n<p><a href=\"http:\/\/www.slclub.hu\/wp-content\/uploads\/2014\/10\/DSC01006-05.jpg\"><img loading=\"lazy\" decoding=\"async\" src=\"http:\/\/www.slclub.hu\/wp-content\/uploads\/2014\/10\/DSC01006-05-150x150.jpg\" alt=\"Digital Camera\" width=\"150\" height=\"150\" class=\"alignnone size-thumbnail wp-image-895\" \/><\/a><\/p>\n<p><a href=\"http:\/\/www.slclub.hu\/wp-content\/uploads\/2014\/10\/DSC01008-01.jpg\"><img loading=\"lazy\" decoding=\"async\" src=\"http:\/\/www.slclub.hu\/wp-content\/uploads\/2014\/10\/DSC01008-01-150x150.jpg\" alt=\"DSC01008 01\" width=\"150\" height=\"150\" class=\"alignnone size-thumbnail wp-image-897\" \/><\/a><\/p>\n<p><a href=\"http:\/\/www.slclub.hu\/wp-content\/uploads\/2014\/10\/DSC01008-02.jpg\"><img loading=\"lazy\" decoding=\"async\" src=\"http:\/\/www.slclub.hu\/wp-content\/uploads\/2014\/10\/DSC01008-02-150x150.jpg\" alt=\"Digital Camera\" width=\"150\" height=\"150\" class=\"alignnone size-thumbnail wp-image-898\" \/><\/a><\/p>\n<p><a href=\"http:\/\/www.slclub.hu\/wp-content\/uploads\/2014\/10\/DSC01010.jpg\"><img loading=\"lazy\" decoding=\"async\" src=\"http:\/\/www.slclub.hu\/wp-content\/uploads\/2014\/10\/DSC01010-150x150.jpg\" alt=\"DSC01010\" width=\"150\" height=\"150\" class=\"alignnone size-thumbnail wp-image-900\" \/><\/a><\/p>\n<p><a href=\"http:\/\/www.slclub.hu\/wp-content\/uploads\/2014\/10\/DSC01014-01.jpg\"><img loading=\"lazy\" decoding=\"async\" src=\"http:\/\/www.slclub.hu\/wp-content\/uploads\/2014\/10\/DSC01014-01-150x150.jpg\" alt=\"DSC01014 01\" width=\"150\" height=\"150\" class=\"alignnone size-thumbnail wp-image-901\" \/><\/a><\/p>\n<p><a href=\"http:\/\/www.slclub.hu\/wp-content\/uploads\/2014\/10\/DSC01014-03.jpg\"><img loading=\"lazy\" decoding=\"async\" src=\"http:\/\/www.slclub.hu\/wp-content\/uploads\/2014\/10\/DSC01014-03-150x150.jpg\" alt=\"Digital Camera\" width=\"150\" height=\"150\" class=\"alignnone size-thumbnail wp-image-902\" \/><\/a><\/p>\n<p><a href=\"http:\/\/www.slclub.hu\/wp-content\/uploads\/2014\/10\/DSC01014-05.jpg\"><img loading=\"lazy\" decoding=\"async\" src=\"http:\/\/www.slclub.hu\/wp-content\/uploads\/2014\/10\/DSC01014-05-150x150.jpg\" alt=\"Digital Camera\" width=\"150\" height=\"150\" class=\"alignnone size-thumbnail wp-image-903\" \/><\/a><\/p>\n<p><a href=\"http:\/\/www.slclub.hu\/wp-content\/uploads\/2014\/10\/DSC01016.jpg\"><img loading=\"lazy\" decoding=\"async\" src=\"http:\/\/www.slclub.hu\/wp-content\/uploads\/2014\/10\/DSC01016-150x150.jpg\" alt=\"DSC01016\" width=\"150\" height=\"150\" class=\"alignnone size-thumbnail wp-image-905\" \/><\/a><\/p>\n<p><a href=\"http:\/\/www.slclub.hu\/wp-content\/uploads\/2014\/10\/DSC01019.jpg\"><img loading=\"lazy\" decoding=\"async\" src=\"http:\/\/www.slclub.hu\/wp-content\/uploads\/2014\/10\/DSC01019-150x150.jpg\" alt=\"DSC01019\" width=\"150\" height=\"150\" class=\"alignnone size-thumbnail wp-image-907\" \/><\/a><\/p>\n<p><a href=\"http:\/\/www.slclub.hu\/wp-content\/uploads\/2014\/10\/DSC01020-01.jpg\"><img loading=\"lazy\" decoding=\"async\" src=\"http:\/\/www.slclub.hu\/wp-content\/uploads\/2014\/10\/DSC01020-01-150x150.jpg\" alt=\"DSC01020 01\" width=\"150\" height=\"150\" class=\"alignnone size-thumbnail wp-image-908\" \/><\/a><\/p>\n<p><a href=\"http:\/\/www.slclub.hu\/wp-content\/uploads\/2014\/10\/DSC01020-02.jpg\"><img loading=\"lazy\" decoding=\"async\" src=\"http:\/\/www.slclub.hu\/wp-content\/uploads\/2014\/10\/DSC01020-02-150x150.jpg\" alt=\"Digital Camera\" width=\"150\" height=\"150\" class=\"alignnone size-thumbnail wp-image-909\" \/><\/a><\/p>\n<p><a href=\"http:\/\/www.slclub.hu\/wp-content\/uploads\/2014\/10\/DSC01021.jpg\"><img loading=\"lazy\" decoding=\"async\" src=\"http:\/\/www.slclub.hu\/wp-content\/uploads\/2014\/10\/DSC01021-150x150.jpg\" alt=\"DSC01021\" width=\"150\" height=\"150\" class=\"alignnone size-thumbnail wp-image-911\" \/><\/a><\/p>\n<p><a href=\"http:\/\/www.slclub.hu\/wp-content\/uploads\/2014\/10\/DSC01023.jpg\"><img loading=\"lazy\" decoding=\"async\" src=\"http:\/\/www.slclub.hu\/wp-content\/uploads\/2014\/10\/DSC01023-150x150.jpg\" alt=\"DSC01023\" width=\"150\" height=\"150\" class=\"alignnone size-thumbnail wp-image-912\" \/><\/a><\/p>\n<p><a href=\"http:\/\/www.slclub.hu\/wp-content\/uploads\/2014\/10\/DSC01024.jpg\"><img loading=\"lazy\" decoding=\"async\" src=\"http:\/\/www.slclub.hu\/wp-content\/uploads\/2014\/10\/DSC01024-150x150.jpg\" alt=\"DSC01024\" width=\"150\" height=\"150\" class=\"alignnone size-thumbnail wp-image-913\" \/><\/a><\/p>\n<p><a href=\"http:\/\/www.slclub.hu\/wp-content\/uploads\/2014\/10\/DSC01026.jpg\"><img loading=\"lazy\" decoding=\"async\" src=\"http:\/\/www.slclub.hu\/wp-content\/uploads\/2014\/10\/DSC01026-150x150.jpg\" alt=\"DSC01026\" width=\"150\" height=\"150\" class=\"alignnone size-thumbnail wp-image-914\" \/><\/a><\/p>\n<p><a href=\"http:\/\/www.slclub.hu\/wp-content\/uploads\/2014\/10\/DSC01027.jpg\"><img loading=\"lazy\" decoding=\"async\" src=\"http:\/\/www.slclub.hu\/wp-content\/uploads\/2014\/10\/DSC01027-150x150.jpg\" alt=\"DSC01027\" width=\"150\" height=\"150\" class=\"alignnone size-thumbnail wp-image-915\" \/><\/a><\/p>\n<p><a href=\"http:\/\/www.slclub.hu\/wp-content\/uploads\/2014\/10\/DSC01028.jpg\"><img loading=\"lazy\" decoding=\"async\" src=\"http:\/\/www.slclub.hu\/wp-content\/uploads\/2014\/10\/DSC01028-150x150.jpg\" alt=\"DSC01028\" width=\"150\" height=\"150\" class=\"alignnone size-thumbnail wp-image-916\" \/><\/a><\/p>\n<p><a href=\"http:\/\/www.slclub.hu\/wp-content\/uploads\/2014\/10\/DSC01030.jpg\"><img loading=\"lazy\" decoding=\"async\" src=\"http:\/\/www.slclub.hu\/wp-content\/uploads\/2014\/10\/DSC01030-150x150.jpg\" alt=\"DSC01030\" width=\"150\" height=\"150\" class=\"alignnone size-thumbnail wp-image-918\" \/><\/a><\/p>\n<p><a href=\"http:\/\/www.slclub.hu\/wp-content\/uploads\/2014\/10\/DSC01037.jpg\"><img loading=\"lazy\" decoding=\"async\" src=\"http:\/\/www.slclub.hu\/wp-content\/uploads\/2014\/10\/DSC01037-150x150.jpg\" alt=\"DSC01037\" width=\"150\" height=\"150\" class=\"alignnone size-thumbnail wp-image-919\" \/><\/a><\/p>\n<p><a href=\"http:\/\/www.slclub.hu\/wp-content\/uploads\/2014\/10\/DSC01038.jpg\"><img loading=\"lazy\" decoding=\"async\" src=\"http:\/\/www.slclub.hu\/wp-content\/uploads\/2014\/10\/DSC01038-150x150.jpg\" alt=\"DSC01038\" width=\"150\" height=\"150\" class=\"alignnone size-thumbnail wp-image-920\" \/><\/a><\/p>\n<p><a href=\"http:\/\/www.slclub.hu\/wp-content\/uploads\/2014\/10\/DSC01041-04.jpg\"><img loading=\"lazy\" decoding=\"async\" src=\"http:\/\/www.slclub.hu\/wp-content\/uploads\/2014\/10\/DSC01041-04-150x150.jpg\" alt=\"Digital Camera\" width=\"150\" height=\"150\" class=\"alignnone size-thumbnail wp-image-921\" \/><\/a><\/p>\n<p><a href=\"http:\/\/www.slclub.hu\/wp-content\/uploads\/2014\/10\/DSC01041-07.jpg\"><img loading=\"lazy\" decoding=\"async\" src=\"http:\/\/www.slclub.hu\/wp-content\/uploads\/2014\/10\/DSC01041-07-150x150.jpg\" alt=\"Digital Camera\" width=\"150\" height=\"150\" class=\"alignnone size-thumbnail wp-image-922\" \/><\/a><\/p>\n<p><a href=\"http:\/\/www.slclub.hu\/wp-content\/uploads\/2014\/10\/DSC01041-14.jpg\"><img loading=\"lazy\" decoding=\"async\" src=\"http:\/\/www.slclub.hu\/wp-content\/uploads\/2014\/10\/DSC01041-14-150x150.jpg\" alt=\"Digital Camera\" width=\"150\" height=\"150\" class=\"alignnone size-thumbnail wp-image-924\" \/><\/a><\/p>\n","protected":false},"excerpt":{"rendered":"","protected":false},"author":1,"featured_media":0,"parent":0,"menu_order":0,"comment_status":"open","ping_status":"open","template":"","meta":{"footnotes":""},"class_list":["post-864","page","type-page","status-publish","hentry"],"_links":{"self":[{"href":"https:\/\/www.slclub.hu\/index.php?rest_route=\/wp\/v2\/pages\/864","targetHints":{"allow":["GET"]}}],"collection":[{"href":"https:\/\/www.slclub.hu\/index.php?rest_route=\/wp\/v2\/pages"}],"about":[{"href":"https:\/\/www.slclub.hu\/index.php?rest_route=\/wp\/v2\/types\/page"}],"author":[{"embeddable":true,"href":"https:\/\/www.slclub.hu\/index.php?rest_route=\/wp\/v2\/users\/1"}],"replies":[{"embeddable":true,"href":"https:\/\/www.slclub.hu\/index.php?rest_route=%2Fwp%2Fv2%2Fcomments&post=864"}],"version-history":[{"count":2,"href":"https:\/\/www.slclub.hu\/index.php?rest_route=\/wp\/v2\/pages\/864\/revisions"}],"predecessor-version":[{"id":925,"href":"https:\/\/www.slclub.hu\/index.php?rest_route=\/wp\/v2\/pages\/864\/revisions\/925"}],"wp:attachment":[{"href":"https:\/\/www.slclub.hu\/index.php?rest_route=%2Fwp%2Fv2%2Fmedia&parent=864"}],"curies":[{"name":"wp","href":"https:\/\/api.w.org\/{rel}","templated":true}]}}