{"id":963,"date":"2014-10-23T08:48:25","date_gmt":"2014-10-23T06:48:25","guid":{"rendered":"http:\/\/www.slclub.hu\/?page_id=963"},"modified":"2014-10-23T08:57:47","modified_gmt":"2014-10-23T06:57:47","slug":"2013-07-13-bory-var-szekesfehervar","status":"publish","type":"page","link":"https:\/\/www.slclub.hu\/?page_id=963","title":{"rendered":"2013.07.13. Bory-V\u00e1r Sz\u00e9kesfeh\u00e9rv\u00e1r"},"content":{"rendered":"<p><a href=\"http:\/\/www.slclub.hu\/wp-content\/uploads\/2014\/10\/DSC01330.jpg\"><img loading=\"lazy\" decoding=\"async\" src=\"http:\/\/www.slclub.hu\/wp-content\/uploads\/2014\/10\/DSC01330-150x150.jpg\" alt=\"DSC01330\" width=\"150\" height=\"150\" class=\"alignnone size-thumbnail wp-image-966\" \/><\/a><\/p>\n<p><a href=\"http:\/\/www.slclub.hu\/wp-content\/uploads\/2014\/10\/DSC01332.jpg\"><img loading=\"lazy\" decoding=\"async\" src=\"http:\/\/www.slclub.hu\/wp-content\/uploads\/2014\/10\/DSC01332-150x150.jpg\" alt=\"DSC01332\" width=\"150\" height=\"150\" class=\"alignnone size-thumbnail wp-image-967\" \/><\/a><\/p>\n<p><a href=\"http:\/\/www.slclub.hu\/wp-content\/uploads\/2014\/10\/DSC01333-01.jpg\"><img loading=\"lazy\" decoding=\"async\" src=\"http:\/\/www.slclub.hu\/wp-content\/uploads\/2014\/10\/DSC01333-01-150x150.jpg\" alt=\"DSC01333 01\" width=\"150\" height=\"150\" class=\"alignnone size-thumbnail wp-image-968\" \/><\/a><\/p>\n<p><a href=\"http:\/\/www.slclub.hu\/wp-content\/uploads\/2014\/10\/DSC01335-01.jpg\"><img loading=\"lazy\" decoding=\"async\" src=\"http:\/\/www.slclub.hu\/wp-content\/uploads\/2014\/10\/DSC01335-01-150x150.jpg\" alt=\"DSC01335 01\" width=\"150\" height=\"150\" class=\"alignnone size-thumbnail wp-image-969\" \/><\/a><\/p>\n<p><a href=\"http:\/\/www.slclub.hu\/wp-content\/uploads\/2014\/10\/DSC01335-02.jpg\"><img loading=\"lazy\" decoding=\"async\" src=\"http:\/\/www.slclub.hu\/wp-content\/uploads\/2014\/10\/DSC01335-02-150x150.jpg\" alt=\"Digital Camera\" width=\"150\" height=\"150\" class=\"alignnone size-thumbnail wp-image-970\" \/><\/a><\/p>\n<p><a href=\"http:\/\/www.slclub.hu\/wp-content\/uploads\/2014\/10\/DSC01335-03.jpg\"><img loading=\"lazy\" decoding=\"async\" src=\"http:\/\/www.slclub.hu\/wp-content\/uploads\/2014\/10\/DSC01335-03-150x150.jpg\" alt=\"Digital Camera\" width=\"150\" height=\"150\" class=\"alignnone size-thumbnail wp-image-971\" \/><\/a><\/p>\n<p><a href=\"http:\/\/www.slclub.hu\/wp-content\/uploads\/2014\/10\/DSC01336-02.jpg\"><img loading=\"lazy\" decoding=\"async\" src=\"http:\/\/www.slclub.hu\/wp-content\/uploads\/2014\/10\/DSC01336-02-150x150.jpg\" alt=\"Digital Camera\" width=\"150\" height=\"150\" class=\"alignnone size-thumbnail wp-image-972\" \/><\/a><\/p>\n<p><a href=\"http:\/\/www.slclub.hu\/wp-content\/uploads\/2014\/10\/DSC01336-04.jpg\"><img loading=\"lazy\" decoding=\"async\" src=\"http:\/\/www.slclub.hu\/wp-content\/uploads\/2014\/10\/DSC01336-04-150x150.jpg\" alt=\"Digital Camera\" width=\"150\" height=\"150\" class=\"alignnone size-thumbnail wp-image-973\" \/><\/a><\/p>\n<p><a href=\"http:\/\/www.slclub.hu\/wp-content\/uploads\/2014\/10\/DSC01336-05.jpg\"><img loading=\"lazy\" decoding=\"async\" src=\"http:\/\/www.slclub.hu\/wp-content\/uploads\/2014\/10\/DSC01336-05-150x150.jpg\" alt=\"Digital Camera\" width=\"150\" height=\"150\" class=\"alignnone size-thumbnail wp-image-974\" \/><\/a><\/p>\n<p><a href=\"http:\/\/www.slclub.hu\/wp-content\/uploads\/2014\/10\/DSC01336-07.jpg\"><img loading=\"lazy\" decoding=\"async\" src=\"http:\/\/www.slclub.hu\/wp-content\/uploads\/2014\/10\/DSC01336-07-150x150.jpg\" alt=\"Digital Camera\" width=\"150\" height=\"150\" class=\"alignnone size-thumbnail wp-image-975\" \/><\/a><\/p>\n<p><a href=\"http:\/\/www.slclub.hu\/wp-content\/uploads\/2014\/10\/DSC01336-08.jpg\"><img loading=\"lazy\" decoding=\"async\" src=\"http:\/\/www.slclub.hu\/wp-content\/uploads\/2014\/10\/DSC01336-08-150x150.jpg\" alt=\"DSC01336 08\" width=\"150\" height=\"150\" class=\"alignnone size-thumbnail wp-image-976\" \/><\/a><\/p>\n<p><a href=\"http:\/\/www.slclub.hu\/wp-content\/uploads\/2014\/10\/DSC01336-10.jpg\"><img loading=\"lazy\" decoding=\"async\" src=\"http:\/\/www.slclub.hu\/wp-content\/uploads\/2014\/10\/DSC01336-10-150x150.jpg\" alt=\"DSC01336 10\" width=\"150\" height=\"150\" class=\"alignnone size-thumbnail wp-image-977\" \/><\/a><\/p>\n<p><a href=\"http:\/\/www.slclub.hu\/wp-content\/uploads\/2014\/10\/DSC01337.jpg\"><img loading=\"lazy\" decoding=\"async\" src=\"http:\/\/www.slclub.hu\/wp-content\/uploads\/2014\/10\/DSC01337-150x150.jpg\" alt=\"DSC01337\" width=\"150\" height=\"150\" class=\"alignnone size-thumbnail wp-image-978\" \/><\/a><\/p>\n<p><a href=\"http:\/\/www.slclub.hu\/wp-content\/uploads\/2014\/10\/DSC01350.jpg\"><img loading=\"lazy\" decoding=\"async\" src=\"http:\/\/www.slclub.hu\/wp-content\/uploads\/2014\/10\/DSC01350-150x150.jpg\" alt=\"DSC01350\" width=\"150\" height=\"150\" class=\"alignnone size-thumbnail wp-image-979\" \/><\/a><\/p>\n<p><a href=\"http:\/\/www.slclub.hu\/wp-content\/uploads\/2014\/10\/DSC01352.jpg\"><img loading=\"lazy\" decoding=\"async\" src=\"http:\/\/www.slclub.hu\/wp-content\/uploads\/2014\/10\/DSC01352-150x150.jpg\" alt=\"DSC01352\" width=\"150\" height=\"150\" class=\"alignnone size-thumbnail wp-image-980\" \/><\/a><\/p>\n<p><a href=\"http:\/\/www.slclub.hu\/wp-content\/uploads\/2014\/10\/DSC01354-05.jpg\"><img loading=\"lazy\" decoding=\"async\" src=\"http:\/\/www.slclub.hu\/wp-content\/uploads\/2014\/10\/DSC01354-05-150x150.jpg\" alt=\"Digital Camera\" width=\"150\" height=\"150\" class=\"alignnone size-thumbnail wp-image-981\" \/><\/a><\/p>\n<p><a href=\"http:\/\/www.slclub.hu\/wp-content\/uploads\/2014\/10\/DSC01354-06.jpg\"><img loading=\"lazy\" decoding=\"async\" src=\"http:\/\/www.slclub.hu\/wp-content\/uploads\/2014\/10\/DSC01354-06-150x150.jpg\" alt=\"Digital Camera\" width=\"150\" height=\"150\" class=\"alignnone size-thumbnail wp-image-982\" \/><\/a><\/p>\n<p><a href=\"http:\/\/www.slclub.hu\/wp-content\/uploads\/2014\/10\/DSC01354-07.jpg\"><img loading=\"lazy\" decoding=\"async\" src=\"http:\/\/www.slclub.hu\/wp-content\/uploads\/2014\/10\/DSC01354-07-150x150.jpg\" alt=\"Digital Camera\" width=\"150\" height=\"150\" class=\"alignnone size-thumbnail wp-image-983\" \/><\/a><\/p>\n<p><a href=\"http:\/\/www.slclub.hu\/wp-content\/uploads\/2014\/10\/DSC01354-12.jpg\"><img loading=\"lazy\" decoding=\"async\" src=\"http:\/\/www.slclub.hu\/wp-content\/uploads\/2014\/10\/DSC01354-12-150x150.jpg\" alt=\"Digital Camera\" width=\"150\" height=\"150\" class=\"alignnone size-thumbnail wp-image-984\" \/><\/a><\/p>\n<p><a href=\"http:\/\/www.slclub.hu\/wp-content\/uploads\/2014\/10\/DSC01354-14.jpg\"><img loading=\"lazy\" decoding=\"async\" src=\"http:\/\/www.slclub.hu\/wp-content\/uploads\/2014\/10\/DSC01354-14-150x150.jpg\" alt=\"Digital Camera\" width=\"150\" height=\"150\" class=\"alignnone size-thumbnail wp-image-985\" \/><\/a><\/p>\n<p><a href=\"http:\/\/www.slclub.hu\/wp-content\/uploads\/2014\/10\/DSC01355-03.jpg\"><img loading=\"lazy\" decoding=\"async\" src=\"http:\/\/www.slclub.hu\/wp-content\/uploads\/2014\/10\/DSC01355-03-150x150.jpg\" alt=\"Digital Camera\" width=\"150\" height=\"150\" class=\"alignnone size-thumbnail wp-image-986\" \/><\/a><\/p>\n<p><a href=\"http:\/\/www.slclub.hu\/wp-content\/uploads\/2014\/10\/DSC01355-05.jpg\"><img loading=\"lazy\" decoding=\"async\" src=\"http:\/\/www.slclub.hu\/wp-content\/uploads\/2014\/10\/DSC01355-05-150x150.jpg\" alt=\"Digital Camera\" width=\"150\" height=\"150\" class=\"alignnone size-thumbnail wp-image-987\" \/><\/a><\/p>\n<p><a href=\"http:\/\/www.slclub.hu\/wp-content\/uploads\/2014\/10\/DSC01356.jpg\"><img loading=\"lazy\" decoding=\"async\" src=\"http:\/\/www.slclub.hu\/wp-content\/uploads\/2014\/10\/DSC01356-150x150.jpg\" alt=\"DSC01356\" width=\"150\" height=\"150\" class=\"alignnone size-thumbnail wp-image-988\" \/><\/a><\/p>\n<p><a href=\"http:\/\/www.slclub.hu\/wp-content\/uploads\/2014\/10\/DSC01358.jpg\"><img loading=\"lazy\" decoding=\"async\" src=\"http:\/\/www.slclub.hu\/wp-content\/uploads\/2014\/10\/DSC01358-150x150.jpg\" alt=\"DSC01358\" width=\"150\" height=\"150\" class=\"alignnone size-thumbnail wp-image-989\" \/><\/a><\/p>\n<p><a href=\"http:\/\/www.slclub.hu\/wp-content\/uploads\/2014\/10\/DSC01363.jpg\"><img loading=\"lazy\" decoding=\"async\" src=\"http:\/\/www.slclub.hu\/wp-content\/uploads\/2014\/10\/DSC01363-150x150.jpg\" alt=\"DSC01363\" width=\"150\" height=\"150\" class=\"alignnone size-thumbnail wp-image-990\" \/><\/a><\/p>\n<p><a href=\"http:\/\/www.slclub.hu\/wp-content\/uploads\/2014\/10\/DSC01367.jpg\"><img loading=\"lazy\" decoding=\"async\" src=\"http:\/\/www.slclub.hu\/wp-content\/uploads\/2014\/10\/DSC01367-150x150.jpg\" alt=\"DSC01367\" width=\"150\" height=\"150\" class=\"alignnone size-thumbnail wp-image-991\" \/><\/a><\/p>\n<p><a href=\"http:\/\/www.slclub.hu\/wp-content\/uploads\/2014\/10\/DSC01368.jpg\"><img loading=\"lazy\" decoding=\"async\" src=\"http:\/\/www.slclub.hu\/wp-content\/uploads\/2014\/10\/DSC01368-150x150.jpg\" alt=\"DSC01368\" width=\"150\" height=\"150\" class=\"alignnone size-thumbnail wp-image-992\" \/><\/a><\/p>\n<p><a href=\"http:\/\/www.slclub.hu\/wp-content\/uploads\/2014\/10\/DSC01377-02.jpg\"><img loading=\"lazy\" decoding=\"async\" src=\"http:\/\/www.slclub.hu\/wp-content\/uploads\/2014\/10\/DSC01377-02-150x150.jpg\" alt=\"Digital Camera\" width=\"150\" height=\"150\" class=\"alignnone size-thumbnail wp-image-993\" \/><\/a><\/p>\n<p><a href=\"http:\/\/www.slclub.hu\/wp-content\/uploads\/2014\/10\/DSC01381-01.jpg\"><img loading=\"lazy\" decoding=\"async\" src=\"http:\/\/www.slclub.hu\/wp-content\/uploads\/2014\/10\/DSC01381-01-150x150.jpg\" alt=\"DSC01381 01\" width=\"150\" height=\"150\" class=\"alignnone size-thumbnail wp-image-994\" \/><\/a><\/p>\n<p><a href=\"http:\/\/www.slclub.hu\/wp-content\/uploads\/2014\/10\/DSC01381-08.jpg\"><img loading=\"lazy\" decoding=\"async\" src=\"http:\/\/www.slclub.hu\/wp-content\/uploads\/2014\/10\/DSC01381-08-150x150.jpg\" alt=\"Digital Camera\" width=\"150\" height=\"150\" class=\"alignnone size-thumbnail wp-image-995\" \/><\/a><\/p>\n<p><a href=\"http:\/\/www.slclub.hu\/wp-content\/uploads\/2014\/10\/DSC01383.jpg\"><img loading=\"lazy\" decoding=\"async\" src=\"http:\/\/www.slclub.hu\/wp-content\/uploads\/2014\/10\/DSC01383-150x150.jpg\" alt=\"DSC01383\" width=\"150\" height=\"150\" class=\"alignnone size-thumbnail wp-image-996\" \/><\/a><\/p>\n<p><a href=\"http:\/\/www.slclub.hu\/wp-content\/uploads\/2014\/10\/DSC01387-04.jpg\"><img loading=\"lazy\" decoding=\"async\" src=\"http:\/\/www.slclub.hu\/wp-content\/uploads\/2014\/10\/DSC01387-04-150x150.jpg\" alt=\"Digital Camera\" width=\"150\" height=\"150\" class=\"alignnone size-thumbnail wp-image-997\" \/><\/a><\/p>\n<p><a href=\"http:\/\/www.slclub.hu\/wp-content\/uploads\/2014\/10\/DSC01388.jpg\"><img loading=\"lazy\" decoding=\"async\" src=\"http:\/\/www.slclub.hu\/wp-content\/uploads\/2014\/10\/DSC01388-150x150.jpg\" alt=\"DSC01388\" width=\"150\" height=\"150\" class=\"alignnone size-thumbnail wp-image-998\" \/><\/a><\/p>\n<p><a href=\"http:\/\/www.slclub.hu\/wp-content\/uploads\/2014\/10\/DSC01390.jpg\"><img loading=\"lazy\" decoding=\"async\" src=\"http:\/\/www.slclub.hu\/wp-content\/uploads\/2014\/10\/DSC01390-150x150.jpg\" alt=\"DSC01390\" width=\"150\" height=\"150\" class=\"alignnone size-thumbnail wp-image-999\" \/><\/a><\/p>\n<p><a href=\"http:\/\/www.slclub.hu\/wp-content\/uploads\/2014\/10\/DSC01396-01.jpg\"><img loading=\"lazy\" decoding=\"async\" src=\"http:\/\/www.slclub.hu\/wp-content\/uploads\/2014\/10\/DSC01396-01-150x150.jpg\" alt=\"DSC01396 01\" width=\"150\" height=\"150\" class=\"alignnone size-thumbnail wp-image-1000\" \/><\/a><\/p>\n","protected":false},"excerpt":{"rendered":"","protected":false},"author":1,"featured_media":0,"parent":0,"menu_order":0,"comment_status":"open","ping_status":"open","template":"","meta":{"footnotes":""},"class_list":["post-963","page","type-page","status-publish","hentry"],"_links":{"self":[{"href":"https:\/\/www.slclub.hu\/index.php?rest_route=\/wp\/v2\/pages\/963","targetHints":{"allow":["GET"]}}],"collection":[{"href":"https:\/\/www.slclub.hu\/index.php?rest_route=\/wp\/v2\/pages"}],"about":[{"href":"https:\/\/www.slclub.hu\/index.php?rest_route=\/wp\/v2\/types\/page"}],"author":[{"embeddable":true,"href":"https:\/\/www.slclub.hu\/index.php?rest_route=\/wp\/v2\/users\/1"}],"replies":[{"embeddable":true,"href":"https:\/\/www.slclub.hu\/index.php?rest_route=%2Fwp%2Fv2%2Fcomments&post=963"}],"version-history":[{"count":2,"href":"https:\/\/www.slclub.hu\/index.php?rest_route=\/wp\/v2\/pages\/963\/revisions"}],"predecessor-version":[{"id":1001,"href":"https:\/\/www.slclub.hu\/index.php?rest_route=\/wp\/v2\/pages\/963\/revisions\/1001"}],"wp:attachment":[{"href":"https:\/\/www.slclub.hu\/index.php?rest_route=%2Fwp%2Fv2%2Fmedia&parent=963"}],"curies":[{"name":"wp","href":"https:\/\/api.w.org\/{rel}","templated":true}]}}